{"id":10739,"date":"2020-06-30T13:12:17","date_gmt":"2020-06-30T13:12:17","guid":{"rendered":"https:\/\/irangashttour.com\/die-freitagsmoschee-von-isfahan\/"},"modified":"2022-08-03T05:56:17","modified_gmt":"2022-08-03T05:56:17","slug":"die-freitagsmoschee-von-isfahan","status":"publish","type":"page","link":"https:\/\/irangashttour.com\/de\/die-freitagsmoschee-von-isfahan\/","title":{"rendered":"DIE FREITAGSMOSCHEE VON ISFAHAN"},"content":{"rendered":"\n<style type=\"text\/css\" data-created_by=\"avia_inline_auto\" id=\"style-css-av-3anthh-f1c9b430afeda6f77fa77b2b4497097e\">\n.flex_column.av-3anthh-f1c9b430afeda6f77fa77b2b4497097e{\nborder-radius:0px 0px 0px 0px;\n-webkit-border-radius:0px 0px 0px 0px;\n-moz-border-radius:0px 0px 0px 0px;\n}\n<\/style>\n<div class='flex_column av-3anthh-f1c9b430afeda6f77fa77b2b4497097e av_one_full  avia-builder-el-0  avia-builder-el-no-sibling  first flex_column_div av-zero-column-padding '   ><section  class='av_textblock_section av-jw4r7sez-5624f393174efe30f5323867c2f33db6'  itemscope=\"itemscope\" itemtype=\"https:\/\/schema.org\/CreativeWork\" ><div class='avia_textblock'  itemprop=\"text\" ><h2>DIE FREITAGSMOSCHEE VON ISFAHAN<\/h2>\n<p>Ob <a href=\"https:\/\/irangashttour.com\/de\/isfahan\/\">Isfahan<\/a> tats\u00e4chlich \u201cdie H\u00e4lfte der Welt\u201d ist\u2013wie es von vielen Iranern gerne behauptet wird-l\u00e4sst sich streiten. Unstreitig ist es jedoch eine sehenswerte Stadt. Zu den Sehensw\u00fcrdigkeiten geh\u00f6rt auch die im Jahre 2012 zum Weltkulturerbe ernannte Freitagsmoschee von Isfahan. Errichtet wurde der Geb\u00e4udekomplex im Jahr 841.<\/p>\n<\/div><\/section><br \/>\n\n<style type=\"text\/css\" data-created_by=\"avia_inline_auto\" id=\"style-css-av-l6d71nzx-0e64a422939d77216e4413b4b0a8c0ea\">\n.avia-image-container.av-l6d71nzx-0e64a422939d77216e4413b4b0a8c0ea .av-image-caption-overlay-center{\ncolor:#ffffff;\n}\n<\/style>\n<div  class='avia-image-container av-l6d71nzx-0e64a422939d77216e4413b4b0a8c0ea av-styling- avia-align-center  avia-builder-el-2  el_after_av_textblock  el_before_av_image '  itemprop=\"image\" itemscope=\"itemscope\" itemtype=\"https:\/\/schema.org\/ImageObject\" ><div class=\"avia-image-container-inner\"><div class=\"avia-image-overlay-wrap\"><img fetchpriority=\"high\" fetchpriority=\"high\" decoding=\"async\" class='wp-image-12725 avia-img-lazy-loading-not-12725 avia_image' src=\"https:\/\/irangashttour.com\/wp-content\/uploads\/2020\/10\/Jameh-Mosque-1.jpg\" alt='Jameh Mosque' title='Jameh Mosque 1'  height=\"500\" width=\"800\"  itemprop=\"thumbnailUrl\" srcset=\"https:\/\/irangashttour.com\/wp-content\/uploads\/2020\/10\/Jameh-Mosque-1.jpg 800w, https:\/\/irangashttour.com\/wp-content\/uploads\/2020\/10\/Jameh-Mosque-1-300x188.jpg 300w, https:\/\/irangashttour.com\/wp-content\/uploads\/2020\/10\/Jameh-Mosque-1-768x480.jpg 768w, https:\/\/irangashttour.com\/wp-content\/uploads\/2020\/10\/Jameh-Mosque-1-705x441.jpg 705w, https:\/\/irangashttour.com\/wp-content\/uploads\/2020\/10\/Jameh-Mosque-1-400x250.jpg 400w\" sizes=\"(max-width: 800px) 100vw, 800px\" \/><\/div><\/div><\/div><br \/>\n\n<style type=\"text\/css\" data-created_by=\"avia_inline_auto\" id=\"style-css-av-l6d72719-756b4618cfb38390391ab818921c4941\">\n.avia-image-container.av-l6d72719-756b4618cfb38390391ab818921c4941 .av-image-caption-overlay-center{\ncolor:#ffffff;\n}\n<\/style>\n<div  class='avia-image-container av-l6d72719-756b4618cfb38390391ab818921c4941 av-styling- avia-align-center  avia-builder-el-3  el_after_av_image  avia-builder-el-last '  itemprop=\"image\" itemscope=\"itemscope\" itemtype=\"https:\/\/schema.org\/ImageObject\" ><div class=\"avia-image-container-inner\"><div class=\"avia-image-overlay-wrap\"><img decoding=\"async\" class='wp-image-12728 avia-img-lazy-loading-not-12728 avia_image' src=\"https:\/\/irangashttour.com\/wp-content\/uploads\/2020\/10\/Jameh-Mosque-2.jpg\" alt='Jameh Mosque' title='Jameh Mosque 2'  height=\"500\" width=\"800\"  itemprop=\"thumbnailUrl\" srcset=\"https:\/\/irangashttour.com\/wp-content\/uploads\/2020\/10\/Jameh-Mosque-2.jpg 800w, https:\/\/irangashttour.com\/wp-content\/uploads\/2020\/10\/Jameh-Mosque-2-300x188.jpg 300w, https:\/\/irangashttour.com\/wp-content\/uploads\/2020\/10\/Jameh-Mosque-2-768x480.jpg 768w, https:\/\/irangashttour.com\/wp-content\/uploads\/2020\/10\/Jameh-Mosque-2-705x441.jpg 705w, https:\/\/irangashttour.com\/wp-content\/uploads\/2020\/10\/Jameh-Mosque-2-400x250.jpg 400w\" sizes=\"(max-width: 800px) 100vw, 800px\" \/><\/div><\/div><\/div><\/p><\/div>\n","protected":false},"excerpt":{"rendered":"","protected":false},"author":1,"featured_media":0,"parent":0,"menu_order":0,"comment_status":"closed","ping_status":"closed","template":"","meta":{"ngg_post_thumbnail":0,"footnotes":""},"yoast_head":"<!-- This site is optimized with the Yoast SEO Premium plugin v22.0 (Yoast SEO v22.0) - https:\/\/yoast.com\/wordpress\/plugins\/seo\/ -->\n<title>DIE FREITAGSMOSCHEE VON ISFAHAN - Best Iran Tours &amp; Travel Packages 2026\/2027<\/title>\n<meta name=\"robots\" content=\"index, follow, max-snippet:-1, max-image-preview:large, max-video-preview:-1\" \/>\n<link rel=\"canonical\" href=\"https:\/\/irangashttour.com\/jameh-mosque-of-isfahan\/\" \/>\n<meta property=\"og:locale\" content=\"de_DE\" \/>\n<meta property=\"og:type\" content=\"article\" \/>\n<meta property=\"og:title\" content=\"DIE FREITAGSMOSCHEE VON ISFAHAN\" \/>\n<meta property=\"og:url\" content=\"https:\/\/irangashttour.com\/jameh-mosque-of-isfahan\/\" \/>\n<meta property=\"og:site_name\" content=\"Best Iran Tours &amp; Travel Packages 2026\/2027\" \/>\n<meta property=\"article:publisher\" content=\"https:\/\/www.facebook.com\/gashttour.shiraz.5\" \/>\n<meta property=\"article:modified_time\" content=\"2022-08-03T05:56:17+00:00\" \/>\n<meta name=\"twitter:card\" content=\"summary_large_image\" \/>\n<meta name=\"twitter:site\" content=\"@irangashttour\" \/>\n<meta name=\"twitter:label1\" content=\"Gesch\u00e4tzte Lesezeit\" \/>\n\t<meta name=\"twitter:data1\" content=\"2\u00a0Minuten\" \/>\n<script type=\"application\/ld+json\" class=\"yoast-schema-graph\">{\"@context\":\"https:\/\/schema.org\",\"@graph\":[{\"@type\":\"WebPage\",\"@id\":\"https:\/\/irangashttour.com\/jameh-mosque-of-isfahan\/\",\"url\":\"https:\/\/irangashttour.com\/jameh-mosque-of-isfahan\/\",\"name\":\"DIE FREITAGSMOSCHEE VON ISFAHAN - Best Iran Tours &amp; Travel Packages 2026\/2027\",\"isPartOf\":{\"@id\":\"https:\/\/irangashttour.com\/#website\"},\"datePublished\":\"2020-06-30T13:12:17+00:00\",\"dateModified\":\"2022-08-03T05:56:17+00:00\",\"breadcrumb\":{\"@id\":\"https:\/\/irangashttour.com\/jameh-mosque-of-isfahan\/#breadcrumb\"},\"inLanguage\":\"de\",\"potentialAction\":[{\"@type\":\"ReadAction\",\"target\":[\"https:\/\/irangashttour.com\/jameh-mosque-of-isfahan\/\"]}]},{\"@type\":\"BreadcrumbList\",\"@id\":\"https:\/\/irangashttour.com\/jameh-mosque-of-isfahan\/#breadcrumb\",\"itemListElement\":[{\"@type\":\"ListItem\",\"position\":1,\"name\":\"Home\",\"item\":\"https:\/\/irangashttour.com\/de\/iran-reisen\/\"},{\"@type\":\"ListItem\",\"position\":2,\"name\":\"DIE FREITAGSMOSCHEE VON ISFAHAN\"}]},{\"@type\":\"WebSite\",\"@id\":\"https:\/\/irangashttour.com\/#website\",\"url\":\"https:\/\/irangashttour.com\/\",\"name\":\"Best Iran Tour Packages 2025\",\"description\":\"Discover Iran with Gashttour Travel Agency\",\"publisher\":{\"@id\":\"https:\/\/irangashttour.com\/#organization\"},\"potentialAction\":[{\"@type\":\"SearchAction\",\"target\":{\"@type\":\"EntryPoint\",\"urlTemplate\":\"https:\/\/irangashttour.com\/?s={search_term_string}\"},\"query-input\":\"required name=search_term_string\"}],\"inLanguage\":\"de\"},{\"@type\":\"Organization\",\"@id\":\"https:\/\/irangashttour.com\/#organization\",\"name\":\"GASHTTOUR TRAVEL & TOUR AGENCY\",\"url\":\"https:\/\/irangashttour.com\/\",\"logo\":{\"@type\":\"ImageObject\",\"inLanguage\":\"de\",\"@id\":\"https:\/\/irangashttour.com\/#\/schema\/logo\/image\/\",\"url\":\"https:\/\/irangashttour.com\/wp-content\/uploads\/2020\/03\/irangashttour.jpg\",\"contentUrl\":\"https:\/\/irangashttour.com\/wp-content\/uploads\/2020\/03\/irangashttour.jpg\",\"width\":230,\"height\":230,\"caption\":\"GASHTTOUR TRAVEL & TOUR AGENCY\"},\"image\":{\"@id\":\"https:\/\/irangashttour.com\/#\/schema\/logo\/image\/\"},\"sameAs\":[\"https:\/\/www.facebook.com\/gashttour.shiraz.5\",\"https:\/\/twitter.com\/irangashttour\",\"https:\/\/www.instagram.com\/irangashttour\/\",\"https:\/\/www.linkedin.com\/in\/irangashttour\/\"]}]}<\/script>\n<!-- \/ Yoast SEO Premium plugin. -->","yoast_head_json":{"title":"DIE FREITAGSMOSCHEE VON ISFAHAN - Best Iran Tours &amp; Travel Packages 2026\/2027","robots":{"index":"index","follow":"follow","max-snippet":"max-snippet:-1","max-image-preview":"max-image-preview:large","max-video-preview":"max-video-preview:-1"},"canonical":"https:\/\/irangashttour.com\/jameh-mosque-of-isfahan\/","og_locale":"de_DE","og_type":"article","og_title":"DIE FREITAGSMOSCHEE VON ISFAHAN","og_url":"https:\/\/irangashttour.com\/jameh-mosque-of-isfahan\/","og_site_name":"Best Iran Tours &amp; Travel Packages 2026\/2027","article_publisher":"https:\/\/www.facebook.com\/gashttour.shiraz.5","article_modified_time":"2022-08-03T05:56:17+00:00","twitter_card":"summary_large_image","twitter_site":"@irangashttour","twitter_misc":{"Gesch\u00e4tzte Lesezeit":"2\u00a0Minuten"},"schema":{"@context":"https:\/\/schema.org","@graph":[{"@type":"WebPage","@id":"https:\/\/irangashttour.com\/jameh-mosque-of-isfahan\/","url":"https:\/\/irangashttour.com\/jameh-mosque-of-isfahan\/","name":"DIE FREITAGSMOSCHEE VON ISFAHAN - Best Iran Tours &amp; Travel Packages 2026\/2027","isPartOf":{"@id":"https:\/\/irangashttour.com\/#website"},"datePublished":"2020-06-30T13:12:17+00:00","dateModified":"2022-08-03T05:56:17+00:00","breadcrumb":{"@id":"https:\/\/irangashttour.com\/jameh-mosque-of-isfahan\/#breadcrumb"},"inLanguage":"de","potentialAction":[{"@type":"ReadAction","target":["https:\/\/irangashttour.com\/jameh-mosque-of-isfahan\/"]}]},{"@type":"BreadcrumbList","@id":"https:\/\/irangashttour.com\/jameh-mosque-of-isfahan\/#breadcrumb","itemListElement":[{"@type":"ListItem","position":1,"name":"Home","item":"https:\/\/irangashttour.com\/de\/iran-reisen\/"},{"@type":"ListItem","position":2,"name":"DIE FREITAGSMOSCHEE VON ISFAHAN"}]},{"@type":"WebSite","@id":"https:\/\/irangashttour.com\/#website","url":"https:\/\/irangashttour.com\/","name":"Best Iran Tour Packages 2025","description":"Discover Iran with Gashttour Travel Agency","publisher":{"@id":"https:\/\/irangashttour.com\/#organization"},"potentialAction":[{"@type":"SearchAction","target":{"@type":"EntryPoint","urlTemplate":"https:\/\/irangashttour.com\/?s={search_term_string}"},"query-input":"required name=search_term_string"}],"inLanguage":"de"},{"@type":"Organization","@id":"https:\/\/irangashttour.com\/#organization","name":"GASHTTOUR TRAVEL & TOUR AGENCY","url":"https:\/\/irangashttour.com\/","logo":{"@type":"ImageObject","inLanguage":"de","@id":"https:\/\/irangashttour.com\/#\/schema\/logo\/image\/","url":"https:\/\/irangashttour.com\/wp-content\/uploads\/2020\/03\/irangashttour.jpg","contentUrl":"https:\/\/irangashttour.com\/wp-content\/uploads\/2020\/03\/irangashttour.jpg","width":230,"height":230,"caption":"GASHTTOUR TRAVEL & TOUR AGENCY"},"image":{"@id":"https:\/\/irangashttour.com\/#\/schema\/logo\/image\/"},"sameAs":["https:\/\/www.facebook.com\/gashttour.shiraz.5","https:\/\/twitter.com\/irangashttour","https:\/\/www.instagram.com\/irangashttour\/","https:\/\/www.linkedin.com\/in\/irangashttour\/"]}]}},"_links":{"self":[{"href":"https:\/\/irangashttour.com\/de\/wp-json\/wp\/v2\/pages\/10739"}],"collection":[{"href":"https:\/\/irangashttour.com\/de\/wp-json\/wp\/v2\/pages"}],"about":[{"href":"https:\/\/irangashttour.com\/de\/wp-json\/wp\/v2\/types\/page"}],"author":[{"embeddable":true,"href":"https:\/\/irangashttour.com\/de\/wp-json\/wp\/v2\/users\/1"}],"replies":[{"embeddable":true,"href":"https:\/\/irangashttour.com\/de\/wp-json\/wp\/v2\/comments?post=10739"}],"version-history":[{"count":3,"href":"https:\/\/irangashttour.com\/de\/wp-json\/wp\/v2\/pages\/10739\/revisions"}],"predecessor-version":[{"id":28056,"href":"https:\/\/irangashttour.com\/de\/wp-json\/wp\/v2\/pages\/10739\/revisions\/28056"}],"wp:attachment":[{"href":"https:\/\/irangashttour.com\/de\/wp-json\/wp\/v2\/media?parent=10739"}],"curies":[{"name":"wp","href":"https:\/\/api.w.org\/{rel}","templated":true}]}}