{"id":10742,"date":"2020-06-30T13:24:18","date_gmt":"2020-06-30T13:24:18","guid":{"rendered":"https:\/\/irangashttour.com\/meidane-imam-in-isfahan-imam-platz-auch-naghsche-jahan-genannt\/"},"modified":"2022-08-03T08:38:44","modified_gmt":"2022-08-03T08:38:44","slug":"meidane-imam-in-isfahan-imam-platz-auch-naghsche-jahan-genannt","status":"publish","type":"page","link":"https:\/\/irangashttour.com\/de\/meidane-imam-in-isfahan-imam-platz-auch-naghsche-jahan-genannt\/","title":{"rendered":"Meidane Imam in Isfahan\/Imam Platz (auch Naghsche Jahan genannt)"},"content":{"rendered":"\n<style type=\"text\/css\" data-created_by=\"avia_inline_auto\" id=\"style-css-av-2ka3id-05252686bcbe36df134c90ceb816b604\">\n.flex_column.av-2ka3id-05252686bcbe36df134c90ceb816b604{\nborder-radius:0px 0px 0px 0px;\n-webkit-border-radius:0px 0px 0px 0px;\n-moz-border-radius:0px 0px 0px 0px;\n}\n<\/style>\n<div class='flex_column av-2ka3id-05252686bcbe36df134c90ceb816b604 av_one_full  avia-builder-el-0  avia-builder-el-no-sibling  first flex_column_div av-zero-column-padding '   ><section  class='av_textblock_section av-jw4rfspa-0d63a569c57c11f64c2417d3302c75b6'  itemscope=\"itemscope\" itemtype=\"https:\/\/schema.org\/CreativeWork\" ><div class='avia_textblock'  itemprop=\"text\" ><h2>Meidane Imam in Isfahan\/Imam Platz (auch Naghsche Jahan genannt)<\/h2>\n<p>Viele kennen den heutigen Imam Platz noch unter seinem alten Namen \u201cNaghsche Jahan\u201d. Das Areal liegt im Herzen der Stadt Isfahan und deutet auf den einstigen Prung, den Isfahan als Landeshauptstadt unter der Safavidenherrschaft genoss. Der Platz ist umgeben mit verschiedenen Geb\u00e4uden, Basar, Ali-Qapu Palast, K\u00f6nigs-Moschee, Scheikh-Lotfollah Moschee. Der Platz wurde auf Befehl des Safavidenk\u00f6nigs Schah Abbas I. errichtet. Seit 1979 steht der Imam Platz auf der Liste des Weltkulturerbes. Man k\u00f6nnte meinen, wenn nicht jetzt, aber einst mag Isfahan \u201edie H\u00e4lfte der Welt\u201c gewesen sein.<\/p>\n<\/div><\/section><br \/>\n\n<style type=\"text\/css\" data-created_by=\"avia_inline_auto\" id=\"style-css-av-l6dclu4j-8be409a5c7ebe1bd39f32d2bb960ccad\">\n.avia-image-container.av-l6dclu4j-8be409a5c7ebe1bd39f32d2bb960ccad .av-image-caption-overlay-center{\ncolor:#ffffff;\n}\n<\/style>\n<div  class='avia-image-container av-l6dclu4j-8be409a5c7ebe1bd39f32d2bb960ccad av-styling- avia-align-center  avia-builder-el-2  el_after_av_textblock  el_before_av_image '  itemprop=\"image\" itemscope=\"itemscope\" itemtype=\"https:\/\/schema.org\/ImageObject\" ><div class=\"avia-image-container-inner\"><div class=\"avia-image-overlay-wrap\"><img fetchpriority=\"high\" fetchpriority=\"high\" decoding=\"async\" class='wp-image-28094 avia-img-lazy-loading-not-28094 avia_image' src=\"https:\/\/irangashttour.com\/wp-content\/uploads\/2022\/08\/Imam-Platz-01.jpg\" alt='Imam Platz' title='Imam Platz 01'  height=\"550\" width=\"850\"  itemprop=\"thumbnailUrl\" srcset=\"https:\/\/irangashttour.com\/wp-content\/uploads\/2022\/08\/Imam-Platz-01.jpg 850w, https:\/\/irangashttour.com\/wp-content\/uploads\/2022\/08\/Imam-Platz-01-300x194.jpg 300w, https:\/\/irangashttour.com\/wp-content\/uploads\/2022\/08\/Imam-Platz-01-768x497.jpg 768w, https:\/\/irangashttour.com\/wp-content\/uploads\/2022\/08\/Imam-Platz-01-705x456.jpg 705w\" sizes=\"(max-width: 850px) 100vw, 850px\" \/><\/div><\/div><\/div><br \/>\n\n<style type=\"text\/css\" data-created_by=\"avia_inline_auto\" id=\"style-css-av-l6dcr4op-7b86ffcaa25e33417da922aca0cf6f4d\">\n.avia-image-container.av-l6dcr4op-7b86ffcaa25e33417da922aca0cf6f4d .av-image-caption-overlay-center{\ncolor:#ffffff;\n}\n<\/style>\n<div  class='avia-image-container av-l6dcr4op-7b86ffcaa25e33417da922aca0cf6f4d av-styling- avia-align-center  avia-builder-el-3  el_after_av_image  el_before_av_image '  itemprop=\"image\" itemscope=\"itemscope\" itemtype=\"https:\/\/schema.org\/ImageObject\" ><div class=\"avia-image-container-inner\"><div class=\"avia-image-overlay-wrap\"><img decoding=\"async\" class='wp-image-28098 avia-img-lazy-loading-not-28098 avia_image' src=\"https:\/\/irangashttour.com\/wp-content\/uploads\/2022\/08\/Imam-Platz-02.jpg\" alt='' title='Imam Platz 02'  height=\"550\" width=\"850\"  itemprop=\"thumbnailUrl\" srcset=\"https:\/\/irangashttour.com\/wp-content\/uploads\/2022\/08\/Imam-Platz-02.jpg 850w, https:\/\/irangashttour.com\/wp-content\/uploads\/2022\/08\/Imam-Platz-02-300x194.jpg 300w, https:\/\/irangashttour.com\/wp-content\/uploads\/2022\/08\/Imam-Platz-02-768x497.jpg 768w, https:\/\/irangashttour.com\/wp-content\/uploads\/2022\/08\/Imam-Platz-02-705x456.jpg 705w\" sizes=\"(max-width: 850px) 100vw, 850px\" \/><\/div><\/div><\/div><br \/>\n\n<style type=\"text\/css\" data-created_by=\"avia_inline_auto\" id=\"style-css-av-l6dcrr00-292eedc7fcc063a98c64463d20895226\">\n.avia-image-container.av-l6dcrr00-292eedc7fcc063a98c64463d20895226 .av-image-caption-overlay-center{\ncolor:#ffffff;\n}\n<\/style>\n<div  class='avia-image-container av-l6dcrr00-292eedc7fcc063a98c64463d20895226 av-styling- avia-align-center  avia-builder-el-4  el_after_av_image  avia-builder-el-last '  itemprop=\"image\" itemscope=\"itemscope\" itemtype=\"https:\/\/schema.org\/ImageObject\" ><div class=\"avia-image-container-inner\"><div class=\"avia-image-overlay-wrap\"><img decoding=\"async\" class='wp-image-28101 avia-img-lazy-loading-not-28101 avia_image' src=\"https:\/\/irangashttour.com\/wp-content\/uploads\/2022\/08\/Imam-Platz-03.jpg\" alt='Imam Platz' title='Imam Platz 03'  height=\"550\" width=\"850\"  itemprop=\"thumbnailUrl\" srcset=\"https:\/\/irangashttour.com\/wp-content\/uploads\/2022\/08\/Imam-Platz-03.jpg 850w, https:\/\/irangashttour.com\/wp-content\/uploads\/2022\/08\/Imam-Platz-03-300x194.jpg 300w, https:\/\/irangashttour.com\/wp-content\/uploads\/2022\/08\/Imam-Platz-03-768x497.jpg 768w, https:\/\/irangashttour.com\/wp-content\/uploads\/2022\/08\/Imam-Platz-03-705x456.jpg 705w\" sizes=\"(max-width: 850px) 100vw, 850px\" \/><\/div><\/div><\/div><\/p><\/div>\n","protected":false},"excerpt":{"rendered":"","protected":false},"author":1,"featured_media":0,"parent":0,"menu_order":0,"comment_status":"closed","ping_status":"closed","template":"","meta":{"ngg_post_thumbnail":0,"footnotes":""},"yoast_head":"<!-- This site is optimized with the Yoast SEO Premium plugin v22.0 (Yoast SEO v22.0) - https:\/\/yoast.com\/wordpress\/plugins\/seo\/ -->\n<title>Meidane Imam in Isfahan\/Imam Platz (auch Naghsche Jahan genannt) - Best Iran Tours &amp; Travel Packages 2026\/2027<\/title>\n<meta name=\"description\" content=\"Viele kennen den heutigen Imam Platz noch unter seinem alten Namen \u201cNaghsche Jahan\u201d. Das Areal liegt im Herzen der Stadt Isfahan und deutet auf den einstigen Prung, den Isfahan als Landeshauptstadt unter der Safavidenherrschaft genoss.\" \/>\n<meta name=\"robots\" content=\"index, follow, max-snippet:-1, max-image-preview:large, max-video-preview:-1\" \/>\n<link rel=\"canonical\" href=\"https:\/\/irangashttour.com\/naqsh-e-jahan-square\/\" \/>\n<meta property=\"og:locale\" content=\"de_DE\" \/>\n<meta property=\"og:type\" content=\"article\" \/>\n<meta property=\"og:title\" content=\"Meidane Imam in Isfahan\/Imam Platz (auch Naghsche Jahan genannt)\" \/>\n<meta property=\"og:description\" content=\"Viele kennen den heutigen Imam Platz noch unter seinem alten Namen \u201cNaghsche Jahan\u201d. Das Areal liegt im Herzen der Stadt Isfahan und deutet auf den einstigen Prung, den Isfahan als Landeshauptstadt unter der Safavidenherrschaft genoss.\" \/>\n<meta property=\"og:url\" content=\"https:\/\/irangashttour.com\/naqsh-e-jahan-square\/\" \/>\n<meta property=\"og:site_name\" content=\"Best Iran Tours &amp; Travel Packages 2026\/2027\" \/>\n<meta property=\"article:publisher\" content=\"https:\/\/www.facebook.com\/gashttour.shiraz.5\" \/>\n<meta property=\"article:modified_time\" content=\"2022-08-03T08:38:44+00:00\" \/>\n<meta name=\"twitter:card\" content=\"summary_large_image\" \/>\n<meta name=\"twitter:site\" content=\"@irangashttour\" \/>\n<meta name=\"twitter:label1\" content=\"Gesch\u00e4tzte Lesezeit\" \/>\n\t<meta name=\"twitter:data1\" content=\"3\u00a0Minuten\" \/>\n<script type=\"application\/ld+json\" class=\"yoast-schema-graph\">{\"@context\":\"https:\/\/schema.org\",\"@graph\":[{\"@type\":\"WebPage\",\"@id\":\"https:\/\/irangashttour.com\/naqsh-e-jahan-square\/\",\"url\":\"https:\/\/irangashttour.com\/naqsh-e-jahan-square\/\",\"name\":\"Meidane Imam in Isfahan\/Imam Platz (auch Naghsche Jahan genannt) - Best Iran Tours &amp; Travel Packages 2026\/2027\",\"isPartOf\":{\"@id\":\"https:\/\/irangashttour.com\/#website\"},\"datePublished\":\"2020-06-30T13:24:18+00:00\",\"dateModified\":\"2022-08-03T08:38:44+00:00\",\"description\":\"Viele kennen den heutigen Imam Platz noch unter seinem alten Namen \u201cNaghsche Jahan\u201d. Das Areal liegt im Herzen der Stadt Isfahan und deutet auf den einstigen Prung, den Isfahan als Landeshauptstadt unter der Safavidenherrschaft genoss.\",\"breadcrumb\":{\"@id\":\"https:\/\/irangashttour.com\/naqsh-e-jahan-square\/#breadcrumb\"},\"inLanguage\":\"de\",\"potentialAction\":[{\"@type\":\"ReadAction\",\"target\":[\"https:\/\/irangashttour.com\/naqsh-e-jahan-square\/\"]}]},{\"@type\":\"BreadcrumbList\",\"@id\":\"https:\/\/irangashttour.com\/naqsh-e-jahan-square\/#breadcrumb\",\"itemListElement\":[{\"@type\":\"ListItem\",\"position\":1,\"name\":\"Home\",\"item\":\"https:\/\/irangashttour.com\/de\/iran-reisen\/\"},{\"@type\":\"ListItem\",\"position\":2,\"name\":\"Meidane Imam in Isfahan\/Imam Platz (auch Naghsche Jahan genannt)\"}]},{\"@type\":\"WebSite\",\"@id\":\"https:\/\/irangashttour.com\/#website\",\"url\":\"https:\/\/irangashttour.com\/\",\"name\":\"Best Iran Tour Packages 2025\",\"description\":\"Discover Iran with Gashttour Travel Agency\",\"publisher\":{\"@id\":\"https:\/\/irangashttour.com\/#organization\"},\"potentialAction\":[{\"@type\":\"SearchAction\",\"target\":{\"@type\":\"EntryPoint\",\"urlTemplate\":\"https:\/\/irangashttour.com\/?s={search_term_string}\"},\"query-input\":\"required name=search_term_string\"}],\"inLanguage\":\"de\"},{\"@type\":\"Organization\",\"@id\":\"https:\/\/irangashttour.com\/#organization\",\"name\":\"GASHTTOUR TRAVEL & TOUR AGENCY\",\"url\":\"https:\/\/irangashttour.com\/\",\"logo\":{\"@type\":\"ImageObject\",\"inLanguage\":\"de\",\"@id\":\"https:\/\/irangashttour.com\/#\/schema\/logo\/image\/\",\"url\":\"https:\/\/irangashttour.com\/wp-content\/uploads\/2020\/03\/irangashttour.jpg\",\"contentUrl\":\"https:\/\/irangashttour.com\/wp-content\/uploads\/2020\/03\/irangashttour.jpg\",\"width\":230,\"height\":230,\"caption\":\"GASHTTOUR TRAVEL & TOUR AGENCY\"},\"image\":{\"@id\":\"https:\/\/irangashttour.com\/#\/schema\/logo\/image\/\"},\"sameAs\":[\"https:\/\/www.facebook.com\/gashttour.shiraz.5\",\"https:\/\/twitter.com\/irangashttour\",\"https:\/\/www.instagram.com\/irangashttour\/\",\"https:\/\/www.linkedin.com\/in\/irangashttour\/\"]}]}<\/script>\n<!-- \/ Yoast SEO Premium plugin. -->","yoast_head_json":{"title":"Meidane Imam in Isfahan\/Imam Platz (auch Naghsche Jahan genannt) - Best Iran Tours &amp; Travel Packages 2026\/2027","description":"Viele kennen den heutigen Imam Platz noch unter seinem alten Namen \u201cNaghsche Jahan\u201d. Das Areal liegt im Herzen der Stadt Isfahan und deutet auf den einstigen Prung, den Isfahan als Landeshauptstadt unter der Safavidenherrschaft genoss.","robots":{"index":"index","follow":"follow","max-snippet":"max-snippet:-1","max-image-preview":"max-image-preview:large","max-video-preview":"max-video-preview:-1"},"canonical":"https:\/\/irangashttour.com\/naqsh-e-jahan-square\/","og_locale":"de_DE","og_type":"article","og_title":"Meidane Imam in Isfahan\/Imam Platz (auch Naghsche Jahan genannt)","og_description":"Viele kennen den heutigen Imam Platz noch unter seinem alten Namen \u201cNaghsche Jahan\u201d. Das Areal liegt im Herzen der Stadt Isfahan und deutet auf den einstigen Prung, den Isfahan als Landeshauptstadt unter der Safavidenherrschaft genoss.","og_url":"https:\/\/irangashttour.com\/naqsh-e-jahan-square\/","og_site_name":"Best Iran Tours &amp; Travel Packages 2026\/2027","article_publisher":"https:\/\/www.facebook.com\/gashttour.shiraz.5","article_modified_time":"2022-08-03T08:38:44+00:00","twitter_card":"summary_large_image","twitter_site":"@irangashttour","twitter_misc":{"Gesch\u00e4tzte Lesezeit":"3\u00a0Minuten"},"schema":{"@context":"https:\/\/schema.org","@graph":[{"@type":"WebPage","@id":"https:\/\/irangashttour.com\/naqsh-e-jahan-square\/","url":"https:\/\/irangashttour.com\/naqsh-e-jahan-square\/","name":"Meidane Imam in Isfahan\/Imam Platz (auch Naghsche Jahan genannt) - Best Iran Tours &amp; Travel Packages 2026\/2027","isPartOf":{"@id":"https:\/\/irangashttour.com\/#website"},"datePublished":"2020-06-30T13:24:18+00:00","dateModified":"2022-08-03T08:38:44+00:00","description":"Viele kennen den heutigen Imam Platz noch unter seinem alten Namen \u201cNaghsche Jahan\u201d. Das Areal liegt im Herzen der Stadt Isfahan und deutet auf den einstigen Prung, den Isfahan als Landeshauptstadt unter der Safavidenherrschaft genoss.","breadcrumb":{"@id":"https:\/\/irangashttour.com\/naqsh-e-jahan-square\/#breadcrumb"},"inLanguage":"de","potentialAction":[{"@type":"ReadAction","target":["https:\/\/irangashttour.com\/naqsh-e-jahan-square\/"]}]},{"@type":"BreadcrumbList","@id":"https:\/\/irangashttour.com\/naqsh-e-jahan-square\/#breadcrumb","itemListElement":[{"@type":"ListItem","position":1,"name":"Home","item":"https:\/\/irangashttour.com\/de\/iran-reisen\/"},{"@type":"ListItem","position":2,"name":"Meidane Imam in Isfahan\/Imam Platz (auch Naghsche Jahan genannt)"}]},{"@type":"WebSite","@id":"https:\/\/irangashttour.com\/#website","url":"https:\/\/irangashttour.com\/","name":"Best Iran Tour Packages 2025","description":"Discover Iran with Gashttour Travel Agency","publisher":{"@id":"https:\/\/irangashttour.com\/#organization"},"potentialAction":[{"@type":"SearchAction","target":{"@type":"EntryPoint","urlTemplate":"https:\/\/irangashttour.com\/?s={search_term_string}"},"query-input":"required name=search_term_string"}],"inLanguage":"de"},{"@type":"Organization","@id":"https:\/\/irangashttour.com\/#organization","name":"GASHTTOUR TRAVEL & TOUR AGENCY","url":"https:\/\/irangashttour.com\/","logo":{"@type":"ImageObject","inLanguage":"de","@id":"https:\/\/irangashttour.com\/#\/schema\/logo\/image\/","url":"https:\/\/irangashttour.com\/wp-content\/uploads\/2020\/03\/irangashttour.jpg","contentUrl":"https:\/\/irangashttour.com\/wp-content\/uploads\/2020\/03\/irangashttour.jpg","width":230,"height":230,"caption":"GASHTTOUR TRAVEL & TOUR AGENCY"},"image":{"@id":"https:\/\/irangashttour.com\/#\/schema\/logo\/image\/"},"sameAs":["https:\/\/www.facebook.com\/gashttour.shiraz.5","https:\/\/twitter.com\/irangashttour","https:\/\/www.instagram.com\/irangashttour\/","https:\/\/www.linkedin.com\/in\/irangashttour\/"]}]}},"_links":{"self":[{"href":"https:\/\/irangashttour.com\/de\/wp-json\/wp\/v2\/pages\/10742"}],"collection":[{"href":"https:\/\/irangashttour.com\/de\/wp-json\/wp\/v2\/pages"}],"about":[{"href":"https:\/\/irangashttour.com\/de\/wp-json\/wp\/v2\/types\/page"}],"author":[{"embeddable":true,"href":"https:\/\/irangashttour.com\/de\/wp-json\/wp\/v2\/users\/1"}],"replies":[{"embeddable":true,"href":"https:\/\/irangashttour.com\/de\/wp-json\/wp\/v2\/comments?post=10742"}],"version-history":[{"count":2,"href":"https:\/\/irangashttour.com\/de\/wp-json\/wp\/v2\/pages\/10742\/revisions"}],"predecessor-version":[{"id":28104,"href":"https:\/\/irangashttour.com\/de\/wp-json\/wp\/v2\/pages\/10742\/revisions\/28104"}],"wp:attachment":[{"href":"https:\/\/irangashttour.com\/de\/wp-json\/wp\/v2\/media?parent=10742"}],"curies":[{"name":"wp","href":"https:\/\/api.w.org\/{rel}","templated":true}]}}