{"id":10746,"date":"2020-06-30T13:31:12","date_gmt":"2020-06-30T13:31:12","guid":{"rendered":"https:\/\/irangashttour.com\/pasargadae\/"},"modified":"2022-08-04T05:24:23","modified_gmt":"2022-08-04T05:24:23","slug":"pasargadae","status":"publish","type":"page","link":"https:\/\/irangashttour.com\/de\/pasargadae\/","title":{"rendered":"PASARGADAE"},"content":{"rendered":"\n<style type=\"text\/css\" data-created_by=\"avia_inline_auto\" id=\"style-css-av-9cf38-02f8f82b6c96c94f13230cf845d653e7\">\n.flex_column.av-9cf38-02f8f82b6c96c94f13230cf845d653e7{\nborder-radius:0px 0px 0px 0px;\n-webkit-border-radius:0px 0px 0px 0px;\n-moz-border-radius:0px 0px 0px 0px;\n}\n<\/style>\n<div class='flex_column av-9cf38-02f8f82b6c96c94f13230cf845d653e7 av_one_full  avia-builder-el-0  avia-builder-el-no-sibling  first flex_column_div av-zero-column-padding '   ><section  class='av_textblock_section av-jw3dbdwt-c6269a6bbdcb84591d055076ca174102'  itemscope=\"itemscope\" itemtype=\"https:\/\/schema.org\/CreativeWork\" ><div class='avia_textblock'  itemprop=\"text\" ><h2>PASARGADAE<\/h2>\n<p style=\"text-align: justify;\">Pasargadae war die erste Residenzstadt des ach\u00e4menidischen Dynastie. Gegr\u00fcndet wurde die Stadt durch den ach\u00e4menidischen Gro\u00dfk\u00f6nig Cyrus II. knapp 600 Jahre vor Christus. Heute sind nur noch \u00dcberreste von Palastanlagen und G\u00e4rten zu sehen. Doch das wichtigste Monument ist wohl das Grab des Gro\u00dfk\u00f6nigs Cyrus.<\/p>\n<p style=\"text-align: justify;\">Pasargadae steht seit 2004 auf der Liste des Weltkulturerbes.<\/p>\n<p style=\"text-align: center;\"><img fetchpriority=\"high\" decoding=\"async\" class=\"alignnone size-full wp-image-28123\" src=\"https:\/\/irangashttour.com\/wp-content\/uploads\/2022\/08\/Pasargadae-1.jpg\" alt=\"Pasargadae\" width=\"800\" height=\"500\" srcset=\"https:\/\/irangashttour.com\/wp-content\/uploads\/2022\/08\/Pasargadae-1.jpg 800w, https:\/\/irangashttour.com\/wp-content\/uploads\/2022\/08\/Pasargadae-1-300x188.jpg 300w, https:\/\/irangashttour.com\/wp-content\/uploads\/2022\/08\/Pasargadae-1-768x480.jpg 768w, https:\/\/irangashttour.com\/wp-content\/uploads\/2022\/08\/Pasargadae-1-705x441.jpg 705w, https:\/\/irangashttour.com\/wp-content\/uploads\/2022\/08\/Pasargadae-1-400x250.jpg 400w\" sizes=\"(max-width: 800px) 100vw, 800px\" \/><\/p>\n<p style=\"text-align: center;\"><img decoding=\"async\" class=\"alignnone size-full wp-image-28126\" src=\"https:\/\/irangashttour.com\/wp-content\/uploads\/2022\/08\/Pasargadae-2.jpg\" alt=\"Pasargadae\" width=\"800\" height=\"500\" srcset=\"https:\/\/irangashttour.com\/wp-content\/uploads\/2022\/08\/Pasargadae-2.jpg 800w, https:\/\/irangashttour.com\/wp-content\/uploads\/2022\/08\/Pasargadae-2-300x188.jpg 300w, https:\/\/irangashttour.com\/wp-content\/uploads\/2022\/08\/Pasargadae-2-768x480.jpg 768w, https:\/\/irangashttour.com\/wp-content\/uploads\/2022\/08\/Pasargadae-2-705x441.jpg 705w, https:\/\/irangashttour.com\/wp-content\/uploads\/2022\/08\/Pasargadae-2-400x250.jpg 400w\" sizes=\"(max-width: 800px) 100vw, 800px\" \/><\/p>\n<\/div><\/section><\/div>\n","protected":false},"excerpt":{"rendered":"","protected":false},"author":1,"featured_media":0,"parent":0,"menu_order":0,"comment_status":"closed","ping_status":"closed","template":"","meta":{"ngg_post_thumbnail":0,"footnotes":""},"yoast_head":"<!-- This site is optimized with the Yoast SEO Premium plugin v22.0 (Yoast SEO v22.0) - https:\/\/yoast.com\/wordpress\/plugins\/seo\/ -->\n<title>PASARGADAE - Best Iran Tours &amp; Travel Packages 2026\/2027<\/title>\n<meta name=\"description\" content=\"Pasargadae war die erste Residenzstadt des ach\u00e4menidischen Dynastie. Gegr\u00fcndet wurde die Stadt durch den ach\u00e4menidischen Gro\u00dfk\u00f6nig Cyrus II. knapp 600 Jahre vor Christus.\" \/>\n<meta name=\"robots\" content=\"index, follow, max-snippet:-1, max-image-preview:large, max-video-preview:-1\" \/>\n<link rel=\"canonical\" href=\"https:\/\/irangashttour.com\/pasargadae\/\" \/>\n<meta property=\"og:locale\" content=\"de_DE\" \/>\n<meta property=\"og:type\" content=\"article\" \/>\n<meta property=\"og:title\" content=\"PASARGADAE\" \/>\n<meta property=\"og:description\" content=\"Pasargadae war die erste Residenzstadt des ach\u00e4menidischen Dynastie. Gegr\u00fcndet wurde die Stadt durch den ach\u00e4menidischen Gro\u00dfk\u00f6nig Cyrus II. knapp 600 Jahre vor Christus.\" \/>\n<meta property=\"og:url\" content=\"https:\/\/irangashttour.com\/pasargadae\/\" \/>\n<meta property=\"og:site_name\" content=\"Best Iran Tours &amp; Travel Packages 2026\/2027\" \/>\n<meta property=\"article:publisher\" content=\"https:\/\/www.facebook.com\/gashttour.shiraz.5\" \/>\n<meta property=\"article:modified_time\" content=\"2022-08-04T05:24:23+00:00\" \/>\n<meta property=\"og:image\" content=\"https:\/\/irangashttour.com\/wp-content\/uploads\/2022\/08\/Pasargadae-1.jpg\" \/>\n<meta name=\"twitter:card\" content=\"summary_large_image\" \/>\n<meta name=\"twitter:site\" content=\"@irangashttour\" \/>\n<meta name=\"twitter:label1\" content=\"Gesch\u00e4tzte Lesezeit\" \/>\n\t<meta name=\"twitter:data1\" content=\"1\u00a0Minute\" \/>\n<script type=\"application\/ld+json\" class=\"yoast-schema-graph\">{\"@context\":\"https:\/\/schema.org\",\"@graph\":[{\"@type\":\"WebPage\",\"@id\":\"https:\/\/irangashttour.com\/pasargadae\/\",\"url\":\"https:\/\/irangashttour.com\/pasargadae\/\",\"name\":\"PASARGADAE - Best Iran Tours &amp; Travel Packages 2026\/2027\",\"isPartOf\":{\"@id\":\"https:\/\/irangashttour.com\/#website\"},\"datePublished\":\"2020-06-30T13:31:12+00:00\",\"dateModified\":\"2022-08-04T05:24:23+00:00\",\"description\":\"Pasargadae war die erste Residenzstadt des ach\u00e4menidischen Dynastie. Gegr\u00fcndet wurde die Stadt durch den ach\u00e4menidischen Gro\u00dfk\u00f6nig Cyrus II. knapp 600 Jahre vor Christus.\",\"breadcrumb\":{\"@id\":\"https:\/\/irangashttour.com\/pasargadae\/#breadcrumb\"},\"inLanguage\":\"de\",\"potentialAction\":[{\"@type\":\"ReadAction\",\"target\":[\"https:\/\/irangashttour.com\/pasargadae\/\"]}]},{\"@type\":\"BreadcrumbList\",\"@id\":\"https:\/\/irangashttour.com\/pasargadae\/#breadcrumb\",\"itemListElement\":[{\"@type\":\"ListItem\",\"position\":1,\"name\":\"Home\",\"item\":\"https:\/\/irangashttour.com\/de\/iran-reisen\/\"},{\"@type\":\"ListItem\",\"position\":2,\"name\":\"PASARGADAE\"}]},{\"@type\":\"WebSite\",\"@id\":\"https:\/\/irangashttour.com\/#website\",\"url\":\"https:\/\/irangashttour.com\/\",\"name\":\"Best Iran Tour Packages 2025\",\"description\":\"Discover Iran with Gashttour Travel Agency\",\"publisher\":{\"@id\":\"https:\/\/irangashttour.com\/#organization\"},\"potentialAction\":[{\"@type\":\"SearchAction\",\"target\":{\"@type\":\"EntryPoint\",\"urlTemplate\":\"https:\/\/irangashttour.com\/?s={search_term_string}\"},\"query-input\":\"required name=search_term_string\"}],\"inLanguage\":\"de\"},{\"@type\":\"Organization\",\"@id\":\"https:\/\/irangashttour.com\/#organization\",\"name\":\"GASHTTOUR TRAVEL & TOUR AGENCY\",\"url\":\"https:\/\/irangashttour.com\/\",\"logo\":{\"@type\":\"ImageObject\",\"inLanguage\":\"de\",\"@id\":\"https:\/\/irangashttour.com\/#\/schema\/logo\/image\/\",\"url\":\"https:\/\/irangashttour.com\/wp-content\/uploads\/2020\/03\/irangashttour.jpg\",\"contentUrl\":\"https:\/\/irangashttour.com\/wp-content\/uploads\/2020\/03\/irangashttour.jpg\",\"width\":230,\"height\":230,\"caption\":\"GASHTTOUR TRAVEL & TOUR AGENCY\"},\"image\":{\"@id\":\"https:\/\/irangashttour.com\/#\/schema\/logo\/image\/\"},\"sameAs\":[\"https:\/\/www.facebook.com\/gashttour.shiraz.5\",\"https:\/\/twitter.com\/irangashttour\",\"https:\/\/www.instagram.com\/irangashttour\/\",\"https:\/\/www.linkedin.com\/in\/irangashttour\/\"]}]}<\/script>\n<!-- \/ Yoast SEO Premium plugin. -->","yoast_head_json":{"title":"PASARGADAE - Best Iran Tours &amp; Travel Packages 2026\/2027","description":"Pasargadae war die erste Residenzstadt des ach\u00e4menidischen Dynastie. Gegr\u00fcndet wurde die Stadt durch den ach\u00e4menidischen Gro\u00dfk\u00f6nig Cyrus II. knapp 600 Jahre vor Christus.","robots":{"index":"index","follow":"follow","max-snippet":"max-snippet:-1","max-image-preview":"max-image-preview:large","max-video-preview":"max-video-preview:-1"},"canonical":"https:\/\/irangashttour.com\/pasargadae\/","og_locale":"de_DE","og_type":"article","og_title":"PASARGADAE","og_description":"Pasargadae war die erste Residenzstadt des ach\u00e4menidischen Dynastie. Gegr\u00fcndet wurde die Stadt durch den ach\u00e4menidischen Gro\u00dfk\u00f6nig Cyrus II. knapp 600 Jahre vor Christus.","og_url":"https:\/\/irangashttour.com\/pasargadae\/","og_site_name":"Best Iran Tours &amp; Travel Packages 2026\/2027","article_publisher":"https:\/\/www.facebook.com\/gashttour.shiraz.5","article_modified_time":"2022-08-04T05:24:23+00:00","og_image":[{"url":"https:\/\/irangashttour.com\/wp-content\/uploads\/2022\/08\/Pasargadae-1.jpg"}],"twitter_card":"summary_large_image","twitter_site":"@irangashttour","twitter_misc":{"Gesch\u00e4tzte Lesezeit":"1\u00a0Minute"},"schema":{"@context":"https:\/\/schema.org","@graph":[{"@type":"WebPage","@id":"https:\/\/irangashttour.com\/pasargadae\/","url":"https:\/\/irangashttour.com\/pasargadae\/","name":"PASARGADAE - Best Iran Tours &amp; Travel Packages 2026\/2027","isPartOf":{"@id":"https:\/\/irangashttour.com\/#website"},"datePublished":"2020-06-30T13:31:12+00:00","dateModified":"2022-08-04T05:24:23+00:00","description":"Pasargadae war die erste Residenzstadt des ach\u00e4menidischen Dynastie. Gegr\u00fcndet wurde die Stadt durch den ach\u00e4menidischen Gro\u00dfk\u00f6nig Cyrus II. knapp 600 Jahre vor Christus.","breadcrumb":{"@id":"https:\/\/irangashttour.com\/pasargadae\/#breadcrumb"},"inLanguage":"de","potentialAction":[{"@type":"ReadAction","target":["https:\/\/irangashttour.com\/pasargadae\/"]}]},{"@type":"BreadcrumbList","@id":"https:\/\/irangashttour.com\/pasargadae\/#breadcrumb","itemListElement":[{"@type":"ListItem","position":1,"name":"Home","item":"https:\/\/irangashttour.com\/de\/iran-reisen\/"},{"@type":"ListItem","position":2,"name":"PASARGADAE"}]},{"@type":"WebSite","@id":"https:\/\/irangashttour.com\/#website","url":"https:\/\/irangashttour.com\/","name":"Best Iran Tour Packages 2025","description":"Discover Iran with Gashttour Travel Agency","publisher":{"@id":"https:\/\/irangashttour.com\/#organization"},"potentialAction":[{"@type":"SearchAction","target":{"@type":"EntryPoint","urlTemplate":"https:\/\/irangashttour.com\/?s={search_term_string}"},"query-input":"required name=search_term_string"}],"inLanguage":"de"},{"@type":"Organization","@id":"https:\/\/irangashttour.com\/#organization","name":"GASHTTOUR TRAVEL & TOUR AGENCY","url":"https:\/\/irangashttour.com\/","logo":{"@type":"ImageObject","inLanguage":"de","@id":"https:\/\/irangashttour.com\/#\/schema\/logo\/image\/","url":"https:\/\/irangashttour.com\/wp-content\/uploads\/2020\/03\/irangashttour.jpg","contentUrl":"https:\/\/irangashttour.com\/wp-content\/uploads\/2020\/03\/irangashttour.jpg","width":230,"height":230,"caption":"GASHTTOUR TRAVEL & TOUR AGENCY"},"image":{"@id":"https:\/\/irangashttour.com\/#\/schema\/logo\/image\/"},"sameAs":["https:\/\/www.facebook.com\/gashttour.shiraz.5","https:\/\/twitter.com\/irangashttour","https:\/\/www.instagram.com\/irangashttour\/","https:\/\/www.linkedin.com\/in\/irangashttour\/"]}]}},"_links":{"self":[{"href":"https:\/\/irangashttour.com\/de\/wp-json\/wp\/v2\/pages\/10746"}],"collection":[{"href":"https:\/\/irangashttour.com\/de\/wp-json\/wp\/v2\/pages"}],"about":[{"href":"https:\/\/irangashttour.com\/de\/wp-json\/wp\/v2\/types\/page"}],"author":[{"embeddable":true,"href":"https:\/\/irangashttour.com\/de\/wp-json\/wp\/v2\/users\/1"}],"replies":[{"embeddable":true,"href":"https:\/\/irangashttour.com\/de\/wp-json\/wp\/v2\/comments?post=10746"}],"version-history":[{"count":3,"href":"https:\/\/irangashttour.com\/de\/wp-json\/wp\/v2\/pages\/10746\/revisions"}],"predecessor-version":[{"id":28132,"href":"https:\/\/irangashttour.com\/de\/wp-json\/wp\/v2\/pages\/10746\/revisions\/28132"}],"wp:attachment":[{"href":"https:\/\/irangashttour.com\/de\/wp-json\/wp\/v2\/media?parent=10746"}],"curies":[{"name":"wp","href":"https:\/\/api.w.org\/{rel}","templated":true}]}}