{"id":10753,"date":"2020-06-30T13:52:38","date_gmt":"2020-06-30T13:52:38","guid":{"rendered":"https:\/\/irangashttour.com\/die-archaeologische-landschaft-der-sassaniden-in-der-region-fast\/"},"modified":"2022-08-06T09:35:51","modified_gmt":"2022-08-06T09:35:51","slug":"die-archaeologische-landschaft-der-sassaniden-in-der-region-fast","status":"publish","type":"page","link":"https:\/\/irangashttour.com\/de\/die-archaeologische-landschaft-der-sassaniden-in-der-region-fast\/","title":{"rendered":"DIE ARCH\u00c4OLOGISCHE LANDSCHAFT DER SASSANIDEN IN DER REGION FAST"},"content":{"rendered":"\n<style type=\"text\/css\" data-created_by=\"avia_inline_auto\" id=\"style-css-av-2du6rh-e7701e623030e228bc25f4027bb48373\">\n.flex_column.av-2du6rh-e7701e623030e228bc25f4027bb48373{\nborder-radius:0px 0px 0px 0px;\n-webkit-border-radius:0px 0px 0px 0px;\n-moz-border-radius:0px 0px 0px 0px;\n}\n<\/style>\n<div class='flex_column av-2du6rh-e7701e623030e228bc25f4027bb48373 av_one_full  avia-builder-el-0  avia-builder-el-no-sibling  first flex_column_div av-zero-column-padding '   ><section  class='av_textblock_section av-jw4s5cfh-b7f9ebf1c70c98a3db0cea0803e517ac'  itemscope=\"itemscope\" itemtype=\"https:\/\/schema.org\/CreativeWork\" ><div class='avia_textblock'  itemprop=\"text\" ><h2>DIE ARCH\u00c4OLOGISCHE LANDSCHAFT DER SASSANIDEN IN DER REGION FAST<\/h2>\n<p>Im Jahr 2018 wurde die arch\u00e4ologische Landschaft der Sassaniden in der Region Fars zum UNESCO-Weltkulturerbe ernannt. Die heutige Provinz Fars war -wie auch schon der Name darauf hindeutet, Fars\/Pars\u201c- die Hochburg der antiken persischen Dynastien der Ach\u00e4meniden und der Sassaniden. Die Sassaniden sahen sich als die legitimen Nachfolger. Die arch\u00e4ologische Landschaft umfasst acht St\u00e4tten, darunter Bischapur, Firuzabad und Sarvestan.<\/p>\n<\/div><\/section><br \/>\n\n<style type=\"text\/css\" data-created_by=\"avia_inline_auto\" id=\"style-css-av-l6hoxs1p-6c4362dc3c1b344b281e6b308fa64268\">\n.avia-image-container.av-l6hoxs1p-6c4362dc3c1b344b281e6b308fa64268 .av-image-caption-overlay-center{\ncolor:#ffffff;\n}\n<\/style>\n<div  class='avia-image-container av-l6hoxs1p-6c4362dc3c1b344b281e6b308fa64268 av-styling- avia-align-center  avia-builder-el-2  el_after_av_textblock  el_before_av_image '  itemprop=\"image\" itemscope=\"itemscope\" itemtype=\"https:\/\/schema.org\/ImageObject\" ><div class=\"avia-image-container-inner\"><div class=\"avia-image-overlay-wrap\"><img fetchpriority=\"high\" fetchpriority=\"high\" decoding=\"async\" class='wp-image-13003 avia-img-lazy-loading-not-13003 avia_image' src=\"https:\/\/irangashttour.com\/wp-content\/uploads\/2020\/11\/Sassanid-Archaeological.jpg\" alt='Sassanid Archaeological' title='Sassanid Archaeological'  height=\"450\" width=\"800\"  itemprop=\"thumbnailUrl\" srcset=\"https:\/\/irangashttour.com\/wp-content\/uploads\/2020\/11\/Sassanid-Archaeological.jpg 800w, https:\/\/irangashttour.com\/wp-content\/uploads\/2020\/11\/Sassanid-Archaeological-300x169.jpg 300w, https:\/\/irangashttour.com\/wp-content\/uploads\/2020\/11\/Sassanid-Archaeological-768x432.jpg 768w, https:\/\/irangashttour.com\/wp-content\/uploads\/2020\/11\/Sassanid-Archaeological-705x397.jpg 705w\" sizes=\"(max-width: 800px) 100vw, 800px\" \/><\/div><\/div><\/div><br \/>\n\n<style type=\"text\/css\" data-created_by=\"avia_inline_auto\" id=\"style-css-av-l6hozebu-f004e45f6ca4cf99be5f2d4dd6b840c5\">\n.avia-image-container.av-l6hozebu-f004e45f6ca4cf99be5f2d4dd6b840c5 .av-image-caption-overlay-center{\ncolor:#ffffff;\n}\n<\/style>\n<div  class='avia-image-container av-l6hozebu-f004e45f6ca4cf99be5f2d4dd6b840c5 av-styling- avia-align-center  avia-builder-el-3  el_after_av_image  avia-builder-el-last '  itemprop=\"image\" itemscope=\"itemscope\" itemtype=\"https:\/\/schema.org\/ImageObject\" ><div class=\"avia-image-container-inner\"><div class=\"avia-image-overlay-wrap\"><img decoding=\"async\" class='wp-image-13006 avia-img-lazy-loading-not-13006 avia_image' src=\"https:\/\/irangashttour.com\/wp-content\/uploads\/2020\/11\/Sassanid-Archaeological-2.jpg\" alt='Sassanid Archaeological' title='Sassanid Archaeological 2'  height=\"450\" width=\"800\"  itemprop=\"thumbnailUrl\" srcset=\"https:\/\/irangashttour.com\/wp-content\/uploads\/2020\/11\/Sassanid-Archaeological-2.jpg 800w, https:\/\/irangashttour.com\/wp-content\/uploads\/2020\/11\/Sassanid-Archaeological-2-300x169.jpg 300w, https:\/\/irangashttour.com\/wp-content\/uploads\/2020\/11\/Sassanid-Archaeological-2-768x432.jpg 768w, https:\/\/irangashttour.com\/wp-content\/uploads\/2020\/11\/Sassanid-Archaeological-2-705x397.jpg 705w\" sizes=\"(max-width: 800px) 100vw, 800px\" \/><\/div><\/div><\/div><\/p><\/div>\n","protected":false},"excerpt":{"rendered":"","protected":false},"author":1,"featured_media":0,"parent":0,"menu_order":0,"comment_status":"closed","ping_status":"closed","template":"","meta":{"ngg_post_thumbnail":0,"footnotes":""},"yoast_head":"<!-- This site is optimized with the Yoast SEO Premium plugin v22.0 (Yoast SEO v22.0) - https:\/\/yoast.com\/wordpress\/plugins\/seo\/ -->\n<title>DIE ARCH\u00c4OLOGISCHE LANDSCHAFT DER SASSANIDEN IN DER REGION FAST - Best Iran Tours &amp; Travel Packages 2026\/2027<\/title>\n<meta name=\"description\" content=\"Im Jahr 2018 wurde die arch\u00e4ologische Landschaft der Sassaniden in der Region Fars zum UNESCO-Weltkulturerbe ernannt.\" \/>\n<meta name=\"robots\" content=\"index, follow, max-snippet:-1, max-image-preview:large, max-video-preview:-1\" \/>\n<link rel=\"canonical\" href=\"https:\/\/irangashttour.com\/sassanid-archaeological-landscape-of-fars-region\/\" \/>\n<meta property=\"og:locale\" content=\"de_DE\" \/>\n<meta property=\"og:type\" content=\"article\" \/>\n<meta property=\"og:title\" content=\"DIE ARCH\u00c4OLOGISCHE LANDSCHAFT DER SASSANIDEN IN DER REGION FAST\" \/>\n<meta property=\"og:description\" content=\"Im Jahr 2018 wurde die arch\u00e4ologische Landschaft der Sassaniden in der Region Fars zum UNESCO-Weltkulturerbe ernannt.\" \/>\n<meta property=\"og:url\" content=\"https:\/\/irangashttour.com\/sassanid-archaeological-landscape-of-fars-region\/\" \/>\n<meta property=\"og:site_name\" content=\"Best Iran Tours &amp; Travel Packages 2026\/2027\" \/>\n<meta property=\"article:publisher\" content=\"https:\/\/www.facebook.com\/gashttour.shiraz.5\" \/>\n<meta property=\"article:modified_time\" content=\"2022-08-06T09:35:51+00:00\" \/>\n<meta name=\"twitter:card\" content=\"summary_large_image\" \/>\n<meta name=\"twitter:site\" content=\"@irangashttour\" \/>\n<meta name=\"twitter:label1\" content=\"Gesch\u00e4tzte Lesezeit\" \/>\n\t<meta name=\"twitter:data1\" content=\"2\u00a0Minuten\" \/>\n<script type=\"application\/ld+json\" class=\"yoast-schema-graph\">{\"@context\":\"https:\/\/schema.org\",\"@graph\":[{\"@type\":\"WebPage\",\"@id\":\"https:\/\/irangashttour.com\/sassanid-archaeological-landscape-of-fars-region\/\",\"url\":\"https:\/\/irangashttour.com\/sassanid-archaeological-landscape-of-fars-region\/\",\"name\":\"DIE ARCH\u00c4OLOGISCHE LANDSCHAFT DER SASSANIDEN IN DER REGION FAST - Best Iran Tours &amp; Travel Packages 2026\/2027\",\"isPartOf\":{\"@id\":\"https:\/\/irangashttour.com\/#website\"},\"datePublished\":\"2020-06-30T13:52:38+00:00\",\"dateModified\":\"2022-08-06T09:35:51+00:00\",\"description\":\"Im Jahr 2018 wurde die arch\u00e4ologische Landschaft der Sassaniden in der Region Fars zum UNESCO-Weltkulturerbe ernannt.\",\"breadcrumb\":{\"@id\":\"https:\/\/irangashttour.com\/sassanid-archaeological-landscape-of-fars-region\/#breadcrumb\"},\"inLanguage\":\"de\",\"potentialAction\":[{\"@type\":\"ReadAction\",\"target\":[\"https:\/\/irangashttour.com\/sassanid-archaeological-landscape-of-fars-region\/\"]}]},{\"@type\":\"BreadcrumbList\",\"@id\":\"https:\/\/irangashttour.com\/sassanid-archaeological-landscape-of-fars-region\/#breadcrumb\",\"itemListElement\":[{\"@type\":\"ListItem\",\"position\":1,\"name\":\"Home\",\"item\":\"https:\/\/irangashttour.com\/de\/iran-reisen\/\"},{\"@type\":\"ListItem\",\"position\":2,\"name\":\"DIE ARCH\u00c4OLOGISCHE LANDSCHAFT DER SASSANIDEN IN DER REGION FAST\"}]},{\"@type\":\"WebSite\",\"@id\":\"https:\/\/irangashttour.com\/#website\",\"url\":\"https:\/\/irangashttour.com\/\",\"name\":\"Best Iran Tour Packages 2025\",\"description\":\"Discover Iran with Gashttour Travel Agency\",\"publisher\":{\"@id\":\"https:\/\/irangashttour.com\/#organization\"},\"potentialAction\":[{\"@type\":\"SearchAction\",\"target\":{\"@type\":\"EntryPoint\",\"urlTemplate\":\"https:\/\/irangashttour.com\/?s={search_term_string}\"},\"query-input\":\"required name=search_term_string\"}],\"inLanguage\":\"de\"},{\"@type\":\"Organization\",\"@id\":\"https:\/\/irangashttour.com\/#organization\",\"name\":\"GASHTTOUR TRAVEL & TOUR AGENCY\",\"url\":\"https:\/\/irangashttour.com\/\",\"logo\":{\"@type\":\"ImageObject\",\"inLanguage\":\"de\",\"@id\":\"https:\/\/irangashttour.com\/#\/schema\/logo\/image\/\",\"url\":\"https:\/\/irangashttour.com\/wp-content\/uploads\/2020\/03\/irangashttour.jpg\",\"contentUrl\":\"https:\/\/irangashttour.com\/wp-content\/uploads\/2020\/03\/irangashttour.jpg\",\"width\":230,\"height\":230,\"caption\":\"GASHTTOUR TRAVEL & TOUR AGENCY\"},\"image\":{\"@id\":\"https:\/\/irangashttour.com\/#\/schema\/logo\/image\/\"},\"sameAs\":[\"https:\/\/www.facebook.com\/gashttour.shiraz.5\",\"https:\/\/twitter.com\/irangashttour\",\"https:\/\/www.instagram.com\/irangashttour\/\",\"https:\/\/www.linkedin.com\/in\/irangashttour\/\"]}]}<\/script>\n<!-- \/ Yoast SEO Premium plugin. -->","yoast_head_json":{"title":"DIE ARCH\u00c4OLOGISCHE LANDSCHAFT DER SASSANIDEN IN DER REGION FAST - Best Iran Tours &amp; Travel Packages 2026\/2027","description":"Im Jahr 2018 wurde die arch\u00e4ologische Landschaft der Sassaniden in der Region Fars zum UNESCO-Weltkulturerbe ernannt.","robots":{"index":"index","follow":"follow","max-snippet":"max-snippet:-1","max-image-preview":"max-image-preview:large","max-video-preview":"max-video-preview:-1"},"canonical":"https:\/\/irangashttour.com\/sassanid-archaeological-landscape-of-fars-region\/","og_locale":"de_DE","og_type":"article","og_title":"DIE ARCH\u00c4OLOGISCHE LANDSCHAFT DER SASSANIDEN IN DER REGION FAST","og_description":"Im Jahr 2018 wurde die arch\u00e4ologische Landschaft der Sassaniden in der Region Fars zum UNESCO-Weltkulturerbe ernannt.","og_url":"https:\/\/irangashttour.com\/sassanid-archaeological-landscape-of-fars-region\/","og_site_name":"Best Iran Tours &amp; Travel Packages 2026\/2027","article_publisher":"https:\/\/www.facebook.com\/gashttour.shiraz.5","article_modified_time":"2022-08-06T09:35:51+00:00","twitter_card":"summary_large_image","twitter_site":"@irangashttour","twitter_misc":{"Gesch\u00e4tzte Lesezeit":"2\u00a0Minuten"},"schema":{"@context":"https:\/\/schema.org","@graph":[{"@type":"WebPage","@id":"https:\/\/irangashttour.com\/sassanid-archaeological-landscape-of-fars-region\/","url":"https:\/\/irangashttour.com\/sassanid-archaeological-landscape-of-fars-region\/","name":"DIE ARCH\u00c4OLOGISCHE LANDSCHAFT DER SASSANIDEN IN DER REGION FAST - Best Iran Tours &amp; Travel Packages 2026\/2027","isPartOf":{"@id":"https:\/\/irangashttour.com\/#website"},"datePublished":"2020-06-30T13:52:38+00:00","dateModified":"2022-08-06T09:35:51+00:00","description":"Im Jahr 2018 wurde die arch\u00e4ologische Landschaft der Sassaniden in der Region Fars zum UNESCO-Weltkulturerbe ernannt.","breadcrumb":{"@id":"https:\/\/irangashttour.com\/sassanid-archaeological-landscape-of-fars-region\/#breadcrumb"},"inLanguage":"de","potentialAction":[{"@type":"ReadAction","target":["https:\/\/irangashttour.com\/sassanid-archaeological-landscape-of-fars-region\/"]}]},{"@type":"BreadcrumbList","@id":"https:\/\/irangashttour.com\/sassanid-archaeological-landscape-of-fars-region\/#breadcrumb","itemListElement":[{"@type":"ListItem","position":1,"name":"Home","item":"https:\/\/irangashttour.com\/de\/iran-reisen\/"},{"@type":"ListItem","position":2,"name":"DIE ARCH\u00c4OLOGISCHE LANDSCHAFT DER SASSANIDEN IN DER REGION FAST"}]},{"@type":"WebSite","@id":"https:\/\/irangashttour.com\/#website","url":"https:\/\/irangashttour.com\/","name":"Best Iran Tour Packages 2025","description":"Discover Iran with Gashttour Travel Agency","publisher":{"@id":"https:\/\/irangashttour.com\/#organization"},"potentialAction":[{"@type":"SearchAction","target":{"@type":"EntryPoint","urlTemplate":"https:\/\/irangashttour.com\/?s={search_term_string}"},"query-input":"required name=search_term_string"}],"inLanguage":"de"},{"@type":"Organization","@id":"https:\/\/irangashttour.com\/#organization","name":"GASHTTOUR TRAVEL & TOUR AGENCY","url":"https:\/\/irangashttour.com\/","logo":{"@type":"ImageObject","inLanguage":"de","@id":"https:\/\/irangashttour.com\/#\/schema\/logo\/image\/","url":"https:\/\/irangashttour.com\/wp-content\/uploads\/2020\/03\/irangashttour.jpg","contentUrl":"https:\/\/irangashttour.com\/wp-content\/uploads\/2020\/03\/irangashttour.jpg","width":230,"height":230,"caption":"GASHTTOUR TRAVEL & TOUR AGENCY"},"image":{"@id":"https:\/\/irangashttour.com\/#\/schema\/logo\/image\/"},"sameAs":["https:\/\/www.facebook.com\/gashttour.shiraz.5","https:\/\/twitter.com\/irangashttour","https:\/\/www.instagram.com\/irangashttour\/","https:\/\/www.linkedin.com\/in\/irangashttour\/"]}]}},"_links":{"self":[{"href":"https:\/\/irangashttour.com\/de\/wp-json\/wp\/v2\/pages\/10753"}],"collection":[{"href":"https:\/\/irangashttour.com\/de\/wp-json\/wp\/v2\/pages"}],"about":[{"href":"https:\/\/irangashttour.com\/de\/wp-json\/wp\/v2\/types\/page"}],"author":[{"embeddable":true,"href":"https:\/\/irangashttour.com\/de\/wp-json\/wp\/v2\/users\/1"}],"replies":[{"embeddable":true,"href":"https:\/\/irangashttour.com\/de\/wp-json\/wp\/v2\/comments?post=10753"}],"version-history":[{"count":4,"href":"https:\/\/irangashttour.com\/de\/wp-json\/wp\/v2\/pages\/10753\/revisions"}],"predecessor-version":[{"id":28153,"href":"https:\/\/irangashttour.com\/de\/wp-json\/wp\/v2\/pages\/10753\/revisions\/28153"}],"wp:attachment":[{"href":"https:\/\/irangashttour.com\/de\/wp-json\/wp\/v2\/media?parent=10753"}],"curies":[{"name":"wp","href":"https:\/\/api.w.org\/{rel}","templated":true}]}}