{"id":10763,"date":"2020-06-30T14:25:30","date_gmt":"2020-06-30T14:25:30","guid":{"rendered":"https:\/\/irangashttour.com\/die-historische-wasseranlage-von-schuschtar\/"},"modified":"2022-08-09T04:38:47","modified_gmt":"2022-08-09T04:38:47","slug":"die-historische-wasseranlage-von-schuschtar","status":"publish","type":"page","link":"https:\/\/irangashttour.com\/de\/die-historische-wasseranlage-von-schuschtar\/","title":{"rendered":"DIE HISTORISCHE WASSERANLAGE VON SCHUSCHTAR"},"content":{"rendered":"<section  class='av_textblock_section av-k83edgx2-ced58c4440968231be196780ecc7f18a'  itemscope=\"itemscope\" itemtype=\"https:\/\/schema.org\/CreativeWork\" ><div class='avia_textblock'  itemprop=\"text\" ><h2><strong>DIE HISTORISCHE WASSERANLAGE VON SCHUSCHTAR<\/strong><\/h2>\n<p style=\"text-align: justify;\">Eine Zivilisation ist ohne Wasser kaum denkbar. So deuten auch die Wasseranlagen von Schuschtar am Karun Fluss, im S\u00fcden Irans, auf eine einst prachtvolle antiken Zivilisation der Elamiten.<\/p>\n<p style=\"text-align: justify;\">Die historische Wasseranlage von Schuschtar beinhaltet Br\u00fccken, D\u00e4mme, Kan\u00e4le, Geb\u00e4ude und &nbsp;Wasserm\u00fchlen. Sie wurde 2009 zum UNESCO-Weltkulturerbe erkl\u00e4rt.<\/p>\n<\/div><\/section>\n\n<style type=\"text\/css\" data-created_by=\"avia_inline_auto\" id=\"style-css-av-l6lourls-5d0b3345ed9a243eafbe4446298e6dc8\">\n.avia-image-container.av-l6lourls-5d0b3345ed9a243eafbe4446298e6dc8 .av-image-caption-overlay-center{\ncolor:#ffffff;\n}\n<\/style>\n<div  class='avia-image-container av-l6lourls-5d0b3345ed9a243eafbe4446298e6dc8 av-styling- avia-align-center  avia-builder-el-1  el_after_av_textblock  el_before_av_image '  itemprop=\"image\" itemscope=\"itemscope\" itemtype=\"https:\/\/schema.org\/ImageObject\" ><div class=\"avia-image-container-inner\"><div class=\"avia-image-overlay-wrap\"><img fetchpriority=\"high\" fetchpriority=\"high\" decoding=\"async\" class='wp-image-8852 avia-img-lazy-loading-not-8852 avia_image' src=\"https:\/\/irangashttour.com\/wp-content\/uploads\/2020\/03\/Shushtar-Historical-Hydraulic-System.jpg\" alt='Shushtar Historical Hydraulic System' title='Shushtar Historical Hydraulic System'  height=\"416\" width=\"1500\"  itemprop=\"thumbnailUrl\" srcset=\"https:\/\/irangashttour.com\/wp-content\/uploads\/2020\/03\/Shushtar-Historical-Hydraulic-System.jpg 1500w, https:\/\/irangashttour.com\/wp-content\/uploads\/2020\/03\/Shushtar-Historical-Hydraulic-System-300x83.jpg 300w, https:\/\/irangashttour.com\/wp-content\/uploads\/2020\/03\/Shushtar-Historical-Hydraulic-System-1030x286.jpg 1030w, https:\/\/irangashttour.com\/wp-content\/uploads\/2020\/03\/Shushtar-Historical-Hydraulic-System-768x213.jpg 768w, https:\/\/irangashttour.com\/wp-content\/uploads\/2020\/03\/Shushtar-Historical-Hydraulic-System-705x196.jpg 705w\" sizes=\"(max-width: 1500px) 100vw, 1500px\" \/><\/div><\/div><\/div>\n\n<style type=\"text\/css\" data-created_by=\"avia_inline_auto\" id=\"style-css-av-l6lov9x3-552ae90bcbd0b4a7d6d7bf8f3e791ef4\">\n.avia-image-container.av-l6lov9x3-552ae90bcbd0b4a7d6d7bf8f3e791ef4 .av-image-caption-overlay-center{\ncolor:#ffffff;\n}\n<\/style>\n<div  class='avia-image-container av-l6lov9x3-552ae90bcbd0b4a7d6d7bf8f3e791ef4 av-styling- avia-align-center  avia-builder-el-2  el_after_av_image  avia-builder-el-last '  itemprop=\"image\" itemscope=\"itemscope\" itemtype=\"https:\/\/schema.org\/ImageObject\" ><div class=\"avia-image-container-inner\"><div class=\"avia-image-overlay-wrap\"><img decoding=\"async\" class='wp-image-13127 avia-img-lazy-loading-not-13127 avia_image' src=\"https:\/\/irangashttour.com\/wp-content\/uploads\/2020\/11\/Shushtar-Historical-Hydraulic-System.jpg\" alt='Shushtar Historical Hydraulic System' title='Shushtar Historical Hydraulic System'  height=\"420\" width=\"800\"  itemprop=\"thumbnailUrl\" srcset=\"https:\/\/irangashttour.com\/wp-content\/uploads\/2020\/11\/Shushtar-Historical-Hydraulic-System.jpg 800w, https:\/\/irangashttour.com\/wp-content\/uploads\/2020\/11\/Shushtar-Historical-Hydraulic-System-300x158.jpg 300w, https:\/\/irangashttour.com\/wp-content\/uploads\/2020\/11\/Shushtar-Historical-Hydraulic-System-768x403.jpg 768w, https:\/\/irangashttour.com\/wp-content\/uploads\/2020\/11\/Shushtar-Historical-Hydraulic-System-705x370.jpg 705w\" sizes=\"(max-width: 800px) 100vw, 800px\" \/><\/div><\/div><\/div>\n","protected":false},"excerpt":{"rendered":"","protected":false},"author":1,"featured_media":0,"parent":0,"menu_order":0,"comment_status":"closed","ping_status":"closed","template":"","meta":{"ngg_post_thumbnail":0,"footnotes":""},"yoast_head":"<!-- This site is optimized with the Yoast SEO Premium plugin v22.0 (Yoast SEO v22.0) - https:\/\/yoast.com\/wordpress\/plugins\/seo\/ -->\n<title>DIE HISTORISCHE WASSERANLAGE VON SCHUSCHTAR - Best Iran Tours &amp; Travel Packages 2026\/2027<\/title>\n<meta name=\"description\" content=\"Eine Zivilisation ist ohne Wasser kaum denkbar. So deuten auch die Wasseranlagen von Schuschtar am Karun Fluss, im S\u00fcden Irans, auf eine einst prachtvolle antiken Zivilisation der Elamiten. Die historische Wasseranlage von Schuschtar beinhaltet Br\u00fccken, D\u00e4mme, Kan\u00e4le, Geb\u00e4ude und Wasserm\u00fchlen. Sie wurde 2009 zum UNESCO-Weltkulturerbe erkl\u00e4rt.\" \/>\n<meta name=\"robots\" content=\"index, follow, max-snippet:-1, max-image-preview:large, max-video-preview:-1\" \/>\n<link rel=\"canonical\" href=\"https:\/\/irangashttour.com\/shushtar-historical-hydraulic-system\/\" \/>\n<meta property=\"og:locale\" content=\"de_DE\" \/>\n<meta property=\"og:type\" content=\"article\" \/>\n<meta property=\"og:title\" content=\"DIE HISTORISCHE WASSERANLAGE VON SCHUSCHTAR\" \/>\n<meta property=\"og:description\" content=\"Eine Zivilisation ist ohne Wasser kaum denkbar. So deuten auch die Wasseranlagen von Schuschtar am Karun Fluss, im S\u00fcden Irans, auf eine einst prachtvolle antiken Zivilisation der Elamiten. Die historische Wasseranlage von Schuschtar beinhaltet Br\u00fccken, D\u00e4mme, Kan\u00e4le, Geb\u00e4ude und Wasserm\u00fchlen. Sie wurde 2009 zum UNESCO-Weltkulturerbe erkl\u00e4rt.\" \/>\n<meta property=\"og:url\" content=\"https:\/\/irangashttour.com\/shushtar-historical-hydraulic-system\/\" \/>\n<meta property=\"og:site_name\" content=\"Best Iran Tours &amp; Travel Packages 2026\/2027\" \/>\n<meta property=\"article:publisher\" content=\"https:\/\/www.facebook.com\/gashttour.shiraz.5\" \/>\n<meta property=\"article:modified_time\" content=\"2022-08-09T04:38:47+00:00\" \/>\n<meta name=\"twitter:card\" content=\"summary_large_image\" \/>\n<meta name=\"twitter:site\" content=\"@irangashttour\" \/>\n<meta name=\"twitter:label1\" content=\"Gesch\u00e4tzte Lesezeit\" \/>\n\t<meta name=\"twitter:data1\" content=\"2\u00a0Minuten\" \/>\n<script type=\"application\/ld+json\" class=\"yoast-schema-graph\">{\"@context\":\"https:\/\/schema.org\",\"@graph\":[{\"@type\":\"WebPage\",\"@id\":\"https:\/\/irangashttour.com\/shushtar-historical-hydraulic-system\/\",\"url\":\"https:\/\/irangashttour.com\/shushtar-historical-hydraulic-system\/\",\"name\":\"DIE HISTORISCHE WASSERANLAGE VON SCHUSCHTAR - Best Iran Tours &amp; Travel Packages 2026\/2027\",\"isPartOf\":{\"@id\":\"https:\/\/irangashttour.com\/#website\"},\"datePublished\":\"2020-06-30T14:25:30+00:00\",\"dateModified\":\"2022-08-09T04:38:47+00:00\",\"description\":\"Eine Zivilisation ist ohne Wasser kaum denkbar. So deuten auch die Wasseranlagen von Schuschtar am Karun Fluss, im S\u00fcden Irans, auf eine einst prachtvolle antiken Zivilisation der Elamiten. Die historische Wasseranlage von Schuschtar beinhaltet Br\u00fccken, D\u00e4mme, Kan\u00e4le, Geb\u00e4ude und Wasserm\u00fchlen. Sie wurde 2009 zum UNESCO-Weltkulturerbe erkl\u00e4rt.\",\"breadcrumb\":{\"@id\":\"https:\/\/irangashttour.com\/shushtar-historical-hydraulic-system\/#breadcrumb\"},\"inLanguage\":\"de\",\"potentialAction\":[{\"@type\":\"ReadAction\",\"target\":[\"https:\/\/irangashttour.com\/shushtar-historical-hydraulic-system\/\"]}]},{\"@type\":\"BreadcrumbList\",\"@id\":\"https:\/\/irangashttour.com\/shushtar-historical-hydraulic-system\/#breadcrumb\",\"itemListElement\":[{\"@type\":\"ListItem\",\"position\":1,\"name\":\"Home\",\"item\":\"https:\/\/irangashttour.com\/de\/iran-reisen\/\"},{\"@type\":\"ListItem\",\"position\":2,\"name\":\"DIE HISTORISCHE WASSERANLAGE VON SCHUSCHTAR\"}]},{\"@type\":\"WebSite\",\"@id\":\"https:\/\/irangashttour.com\/#website\",\"url\":\"https:\/\/irangashttour.com\/\",\"name\":\"Best Iran Tour Packages 2025\",\"description\":\"Discover Iran with Gashttour Travel Agency\",\"publisher\":{\"@id\":\"https:\/\/irangashttour.com\/#organization\"},\"potentialAction\":[{\"@type\":\"SearchAction\",\"target\":{\"@type\":\"EntryPoint\",\"urlTemplate\":\"https:\/\/irangashttour.com\/?s={search_term_string}\"},\"query-input\":\"required name=search_term_string\"}],\"inLanguage\":\"de\"},{\"@type\":\"Organization\",\"@id\":\"https:\/\/irangashttour.com\/#organization\",\"name\":\"GASHTTOUR TRAVEL & TOUR AGENCY\",\"url\":\"https:\/\/irangashttour.com\/\",\"logo\":{\"@type\":\"ImageObject\",\"inLanguage\":\"de\",\"@id\":\"https:\/\/irangashttour.com\/#\/schema\/logo\/image\/\",\"url\":\"https:\/\/irangashttour.com\/wp-content\/uploads\/2020\/03\/irangashttour.jpg\",\"contentUrl\":\"https:\/\/irangashttour.com\/wp-content\/uploads\/2020\/03\/irangashttour.jpg\",\"width\":230,\"height\":230,\"caption\":\"GASHTTOUR TRAVEL & TOUR AGENCY\"},\"image\":{\"@id\":\"https:\/\/irangashttour.com\/#\/schema\/logo\/image\/\"},\"sameAs\":[\"https:\/\/www.facebook.com\/gashttour.shiraz.5\",\"https:\/\/twitter.com\/irangashttour\",\"https:\/\/www.instagram.com\/irangashttour\/\",\"https:\/\/www.linkedin.com\/in\/irangashttour\/\"]}]}<\/script>\n<!-- \/ Yoast SEO Premium plugin. -->","yoast_head_json":{"title":"DIE HISTORISCHE WASSERANLAGE VON SCHUSCHTAR - Best Iran Tours &amp; Travel Packages 2026\/2027","description":"Eine Zivilisation ist ohne Wasser kaum denkbar. So deuten auch die Wasseranlagen von Schuschtar am Karun Fluss, im S\u00fcden Irans, auf eine einst prachtvolle antiken Zivilisation der Elamiten. Die historische Wasseranlage von Schuschtar beinhaltet Br\u00fccken, D\u00e4mme, Kan\u00e4le, Geb\u00e4ude und Wasserm\u00fchlen. Sie wurde 2009 zum UNESCO-Weltkulturerbe erkl\u00e4rt.","robots":{"index":"index","follow":"follow","max-snippet":"max-snippet:-1","max-image-preview":"max-image-preview:large","max-video-preview":"max-video-preview:-1"},"canonical":"https:\/\/irangashttour.com\/shushtar-historical-hydraulic-system\/","og_locale":"de_DE","og_type":"article","og_title":"DIE HISTORISCHE WASSERANLAGE VON SCHUSCHTAR","og_description":"Eine Zivilisation ist ohne Wasser kaum denkbar. So deuten auch die Wasseranlagen von Schuschtar am Karun Fluss, im S\u00fcden Irans, auf eine einst prachtvolle antiken Zivilisation der Elamiten. Die historische Wasseranlage von Schuschtar beinhaltet Br\u00fccken, D\u00e4mme, Kan\u00e4le, Geb\u00e4ude und Wasserm\u00fchlen. Sie wurde 2009 zum UNESCO-Weltkulturerbe erkl\u00e4rt.","og_url":"https:\/\/irangashttour.com\/shushtar-historical-hydraulic-system\/","og_site_name":"Best Iran Tours &amp; Travel Packages 2026\/2027","article_publisher":"https:\/\/www.facebook.com\/gashttour.shiraz.5","article_modified_time":"2022-08-09T04:38:47+00:00","twitter_card":"summary_large_image","twitter_site":"@irangashttour","twitter_misc":{"Gesch\u00e4tzte Lesezeit":"2\u00a0Minuten"},"schema":{"@context":"https:\/\/schema.org","@graph":[{"@type":"WebPage","@id":"https:\/\/irangashttour.com\/shushtar-historical-hydraulic-system\/","url":"https:\/\/irangashttour.com\/shushtar-historical-hydraulic-system\/","name":"DIE HISTORISCHE WASSERANLAGE VON SCHUSCHTAR - Best Iran Tours &amp; Travel Packages 2026\/2027","isPartOf":{"@id":"https:\/\/irangashttour.com\/#website"},"datePublished":"2020-06-30T14:25:30+00:00","dateModified":"2022-08-09T04:38:47+00:00","description":"Eine Zivilisation ist ohne Wasser kaum denkbar. So deuten auch die Wasseranlagen von Schuschtar am Karun Fluss, im S\u00fcden Irans, auf eine einst prachtvolle antiken Zivilisation der Elamiten. Die historische Wasseranlage von Schuschtar beinhaltet Br\u00fccken, D\u00e4mme, Kan\u00e4le, Geb\u00e4ude und Wasserm\u00fchlen. Sie wurde 2009 zum UNESCO-Weltkulturerbe erkl\u00e4rt.","breadcrumb":{"@id":"https:\/\/irangashttour.com\/shushtar-historical-hydraulic-system\/#breadcrumb"},"inLanguage":"de","potentialAction":[{"@type":"ReadAction","target":["https:\/\/irangashttour.com\/shushtar-historical-hydraulic-system\/"]}]},{"@type":"BreadcrumbList","@id":"https:\/\/irangashttour.com\/shushtar-historical-hydraulic-system\/#breadcrumb","itemListElement":[{"@type":"ListItem","position":1,"name":"Home","item":"https:\/\/irangashttour.com\/de\/iran-reisen\/"},{"@type":"ListItem","position":2,"name":"DIE HISTORISCHE WASSERANLAGE VON SCHUSCHTAR"}]},{"@type":"WebSite","@id":"https:\/\/irangashttour.com\/#website","url":"https:\/\/irangashttour.com\/","name":"Best Iran Tour Packages 2025","description":"Discover Iran with Gashttour Travel Agency","publisher":{"@id":"https:\/\/irangashttour.com\/#organization"},"potentialAction":[{"@type":"SearchAction","target":{"@type":"EntryPoint","urlTemplate":"https:\/\/irangashttour.com\/?s={search_term_string}"},"query-input":"required name=search_term_string"}],"inLanguage":"de"},{"@type":"Organization","@id":"https:\/\/irangashttour.com\/#organization","name":"GASHTTOUR TRAVEL & TOUR AGENCY","url":"https:\/\/irangashttour.com\/","logo":{"@type":"ImageObject","inLanguage":"de","@id":"https:\/\/irangashttour.com\/#\/schema\/logo\/image\/","url":"https:\/\/irangashttour.com\/wp-content\/uploads\/2020\/03\/irangashttour.jpg","contentUrl":"https:\/\/irangashttour.com\/wp-content\/uploads\/2020\/03\/irangashttour.jpg","width":230,"height":230,"caption":"GASHTTOUR TRAVEL & TOUR AGENCY"},"image":{"@id":"https:\/\/irangashttour.com\/#\/schema\/logo\/image\/"},"sameAs":["https:\/\/www.facebook.com\/gashttour.shiraz.5","https:\/\/twitter.com\/irangashttour","https:\/\/www.instagram.com\/irangashttour\/","https:\/\/www.linkedin.com\/in\/irangashttour\/"]}]}},"_links":{"self":[{"href":"https:\/\/irangashttour.com\/de\/wp-json\/wp\/v2\/pages\/10763"}],"collection":[{"href":"https:\/\/irangashttour.com\/de\/wp-json\/wp\/v2\/pages"}],"about":[{"href":"https:\/\/irangashttour.com\/de\/wp-json\/wp\/v2\/types\/page"}],"author":[{"embeddable":true,"href":"https:\/\/irangashttour.com\/de\/wp-json\/wp\/v2\/users\/1"}],"replies":[{"embeddable":true,"href":"https:\/\/irangashttour.com\/de\/wp-json\/wp\/v2\/comments?post=10763"}],"version-history":[{"count":4,"href":"https:\/\/irangashttour.com\/de\/wp-json\/wp\/v2\/pages\/10763\/revisions"}],"predecessor-version":[{"id":28195,"href":"https:\/\/irangashttour.com\/de\/wp-json\/wp\/v2\/pages\/10763\/revisions\/28195"}],"wp:attachment":[{"href":"https:\/\/irangashttour.com\/de\/wp-json\/wp\/v2\/media?parent=10763"}],"curies":[{"name":"wp","href":"https:\/\/api.w.org\/{rel}","templated":true}]}}