{"id":10796,"date":"2020-06-30T17:30:10","date_gmt":"2020-06-30T17:30:10","guid":{"rendered":"https:\/\/irangashttour.com\/iran-currency\/"},"modified":"2020-06-30T17:47:40","modified_gmt":"2020-06-30T17:47:40","slug":"iran-currency","status":"publish","type":"page","link":"https:\/\/irangashttour.com\/de\/iran-currency\/","title":{"rendered":"GELDWECHSEL UND W\u00c4HRUNG"},"content":{"rendered":"<section  class='av_textblock_section av-jwnai03n-0df2cf9585ed5c8c7138cf3474c8fd9c'  itemscope=\"itemscope\" itemtype=\"https:\/\/schema.org\/CreativeWork\" ><div class='avia_textblock'  itemprop=\"text\" ><p style=\"text-align: justify;\">Die offizielle iranische W\u00e4hrung hei\u00dft \u201eRial\u201c. In der Umgangssprache wird jedoch der Begriff \u201eToman\u201c verwendet, wobei eine \u201e0\u201c von der Zahl abgezogen wird. Die Preisschilder richten sich \u00fcberwiegend nach \u201eToman\u201c.<\/p>\n<p style=\"text-align: justify;\">Derzeit gibt es bis zu 1.000.000 Rial Scheine, also 100.000 Toman Scheine.<\/p>\n<p style=\"text-align: justify;\">Nebenbei gibt es noch Travelschecks in H\u00f6he von 500.000 Rials und 1.000.000 Rials.<\/p>\n<p style=\"text-align: justify;\">Aufgrund der US-Sanktionen und des Embargos gibt es im Iran kein Kreditkartensystem. Urlauber sind auf Bargeld angewiesen. S\u00e4mtliche Zahlungen m\u00fcssen in bar erfolgen.<\/p>\n<p style=\"text-align: justify;\">Auf den internationalen Flugh\u00e4fen in Tehran und Schiraz gibt es Wechselstuben. Ebenso befinden sich in den Gro\u00dfst\u00e4dten Wechselstuben. Euro und US-Dollar sind leicht zu wechseln.<\/p>\n<p style=\"text-align: justify;\">Von den Stra\u00dfenh\u00e4ndlern, die Devisen auf der Stra\u00dfe wechseln, ist dringend abzuraten. Der Geldwechsel sollte in einer offiziellen Wechselstube erfolgen und quittiert werden.<\/p>\n<p style=\"text-align: justify;\">Der Wechselkurs schwankt derzeit.<\/p>\n<p style=\"text-align: justify;\"><strong>Einschr\u00e4nkungen bei der Einfuhr von Geld und Devisen:<\/strong> Pro Person d\u00fcrfen derzeit nicht mehr als 5.000 Euro ein- der ausgef\u00fchrt werden.*<\/p>\n<p style=\"text-align: justify;\"><em>* Angaben sind ohne Gew\u00e4hr. Aktualisierung Juli 2019.<\/em><\/p>\n<\/div><\/section>\n\n<style type=\"text\/css\" data-created_by=\"avia_inline_auto\" id=\"style-css-av-js8tvw66-3a74d00b5f73c6cab54985f9ccd2d93b\">\n.flex_column.av-js8tvw66-3a74d00b5f73c6cab54985f9ccd2d93b{\nborder-radius:0px 0px 0px 0px;\n-webkit-border-radius:0px 0px 0px 0px;\n-moz-border-radius:0px 0px 0px 0px;\npadding:10px 10px 10px 10px;\nbackground-color:#f9f9f9;\n}\n<\/style>\n<div class='flex_column av-js8tvw66-3a74d00b5f73c6cab54985f9ccd2d93b av_one_third  avia-builder-el-1  el_after_av_textblock  el_before_av_one_third  first flex_column_div column-top-margin'   ><section  class='av_textblock_section av-js8tuss8-25d6e879c7a848d1be169cda210542f9'  itemscope=\"itemscope\" itemtype=\"https:\/\/schema.org\/CreativeWork\" ><div class='avia_textblock'  itemprop=\"text\" ><p style=\"text-align: center;\"><span style=\"color: #000000;\">Denomination:500,000 Rial<\/span><br \/>\n<span style=\"color: #000000;\">Demensions: 160x75mm<\/span><\/p>\n<\/div><\/section><br \/>\n\n<style type=\"text\/css\" data-created_by=\"avia_inline_auto\" id=\"style-css-av-js8t6tl0-2425ea7a1654a747730c2136e7784cfd\">\n.avia-image-container.av-js8t6tl0-2425ea7a1654a747730c2136e7784cfd .av-image-caption-overlay-center{\ncolor:#ffffff;\n}\n<\/style>\n<div  class='avia-image-container av-js8t6tl0-2425ea7a1654a747730c2136e7784cfd av-styling- avia_animated_image avia_animate_when_almost_visible fade-in avia-align-center  avia-builder-el-3  el_after_av_textblock  avia-builder-el-last '  itemprop=\"image\" itemscope=\"itemscope\" itemtype=\"https:\/\/schema.org\/ImageObject\" ><div class=\"avia-image-container-inner\"><div class=\"avia-image-overlay-wrap\"><img fetchpriority=\"high\" fetchpriority=\"high\" decoding=\"async\" class='wp-image-6873 avia-img-lazy-loading-not-6873 avia_image' src=\"https:\/\/irangashttour.com\/wp-content\/uploads\/2019\/07\/5000000-1.png\" alt='' title='5000000'  height=\"432\" width=\"450\"  itemprop=\"thumbnailUrl\" srcset=\"https:\/\/irangashttour.com\/wp-content\/uploads\/2019\/07\/5000000-1.png 450w, https:\/\/irangashttour.com\/wp-content\/uploads\/2019\/07\/5000000-1-300x288.png 300w, https:\/\/irangashttour.com\/wp-content\/uploads\/2019\/07\/5000000-1-36x36.png 36w\" sizes=\"(max-width: 450px) 100vw, 450px\" \/><\/div><\/div><\/div><\/p><\/div>\n\n<style type=\"text\/css\" data-created_by=\"avia_inline_auto\" id=\"style-css-av-js8tvw66-3b786dd8fe1794d1563a65d441be126a\">\n.flex_column.av-js8tvw66-3b786dd8fe1794d1563a65d441be126a{\nborder-radius:0px 0px 0px 0px;\n-webkit-border-radius:0px 0px 0px 0px;\n-moz-border-radius:0px 0px 0px 0px;\npadding:10px 10px 10px 10px;\nbackground-color:#f9f9f9;\n}\n<\/style>\n<div class='flex_column av-js8tvw66-3b786dd8fe1794d1563a65d441be126a av_one_third  avia-builder-el-4  el_after_av_one_third  el_before_av_one_third  flex_column_div column-top-margin'   ><section  class='av_textblock_section av-js8tuss8-25d6e879c7a848d1be169cda210542f9'  itemscope=\"itemscope\" itemtype=\"https:\/\/schema.org\/CreativeWork\" ><div class='avia_textblock'  itemprop=\"text\" ><p style=\"text-align: center;\"><span style=\"color: #000000;\">Denomination:100,000 Rial<\/span><br \/>\n<span style=\"color: #000000;\">Demensions: 166x79mm<\/span><\/p>\n<\/div><\/section><br \/>\n\n<style type=\"text\/css\" data-created_by=\"avia_inline_auto\" id=\"style-css-av-js8t6tl0-17fc60bde28a7befcfdd527e695d1baf\">\n.avia-image-container.av-js8t6tl0-17fc60bde28a7befcfdd527e695d1baf .av-image-caption-overlay-center{\ncolor:#ffffff;\n}\n<\/style>\n<div  class='avia-image-container av-js8t6tl0-17fc60bde28a7befcfdd527e695d1baf av-styling- avia_animated_image avia_animate_when_almost_visible fade-in avia-align-center  avia-builder-el-6  el_after_av_textblock  avia-builder-el-last '  itemprop=\"image\" itemscope=\"itemscope\" itemtype=\"https:\/\/schema.org\/ImageObject\" ><div class=\"avia-image-container-inner\"><div class=\"avia-image-overlay-wrap\"><img decoding=\"async\" class='wp-image-1749 avia-img-lazy-loading-not-1749 avia_image' src=\"https:\/\/irangashttour.com\/wp-content\/uploads\/2019\/02\/100000.png\" alt='' title='100000'  height=\"432\" width=\"450\"  itemprop=\"thumbnailUrl\" srcset=\"https:\/\/irangashttour.com\/wp-content\/uploads\/2019\/02\/100000.png 450w, https:\/\/irangashttour.com\/wp-content\/uploads\/2019\/02\/100000-300x288.png 300w, https:\/\/irangashttour.com\/wp-content\/uploads\/2019\/02\/100000-36x36.png 36w\" sizes=\"(max-width: 450px) 100vw, 450px\" \/><\/div><\/div><\/div><\/p><\/div>\n\n<style type=\"text\/css\" data-created_by=\"avia_inline_auto\" id=\"style-css-av-js8twynu-9c0abec195dd5e32172be9d898b1efd9\">\n.flex_column.av-js8twynu-9c0abec195dd5e32172be9d898b1efd9{\nborder-radius:0px 0px 0px 0px;\n-webkit-border-radius:0px 0px 0px 0px;\n-moz-border-radius:0px 0px 0px 0px;\npadding:10px 10px 10px 10px;\nbackground-color:#f9f9f9;\n}\n<\/style>\n<div class='flex_column av-js8twynu-9c0abec195dd5e32172be9d898b1efd9 av_one_third  avia-builder-el-7  el_after_av_one_third  el_before_av_one_third  flex_column_div column-top-margin'   ><section  class='av_textblock_section av-js8tu31h-f079f4a1d239111d1c5c1480acceb3d4'  itemscope=\"itemscope\" itemtype=\"https:\/\/schema.org\/CreativeWork\" ><div class='avia_textblock'  itemprop=\"text\" ><p style=\"text-align: center;\"><span style=\"color: #000000;\">Denomination: 50,000 Rial<\/span><br \/>\n<span style=\"color: #000000;\">Demensions: 166x79mm<\/span><\/p>\n<\/div><\/section><br \/>\n\n<style type=\"text\/css\" data-created_by=\"avia_inline_auto\" id=\"style-css-av-js8t6tl0-6a86b6f9df1c7a0fdd7bb46cdba07d35\">\n.avia-image-container.av-js8t6tl0-6a86b6f9df1c7a0fdd7bb46cdba07d35 .av-image-caption-overlay-center{\ncolor:#ffffff;\n}\n<\/style>\n<div  class='avia-image-container av-js8t6tl0-6a86b6f9df1c7a0fdd7bb46cdba07d35 av-styling- avia_animated_image avia_animate_when_almost_visible fade-in avia-align-center  avia-builder-el-9  el_after_av_textblock  avia-builder-el-last '  itemprop=\"image\" itemscope=\"itemscope\" itemtype=\"https:\/\/schema.org\/ImageObject\" ><div class=\"avia-image-container-inner\"><div class=\"avia-image-overlay-wrap\"><img decoding=\"async\" class='wp-image-1750 avia-img-lazy-loading-not-1750 avia_image' src=\"https:\/\/irangashttour.com\/wp-content\/uploads\/2019\/02\/50000.png\" alt='' title='50000'  height=\"432\" width=\"450\"  itemprop=\"thumbnailUrl\" srcset=\"https:\/\/irangashttour.com\/wp-content\/uploads\/2019\/02\/50000.png 450w, https:\/\/irangashttour.com\/wp-content\/uploads\/2019\/02\/50000-300x288.png 300w, https:\/\/irangashttour.com\/wp-content\/uploads\/2019\/02\/50000-36x36.png 36w\" sizes=\"(max-width: 450px) 100vw, 450px\" \/><\/div><\/div><\/div><\/p><\/div>\n\n<style type=\"text\/css\" data-created_by=\"avia_inline_auto\" id=\"style-css-av-js8tx5ha-9af4549db3fa7507ecd9d3ec27f3b513\">\n.flex_column.av-js8tx5ha-9af4549db3fa7507ecd9d3ec27f3b513{\nborder-radius:0px 0px 0px 0px;\n-webkit-border-radius:0px 0px 0px 0px;\n-moz-border-radius:0px 0px 0px 0px;\npadding:10px 10px 10px 10px;\nbackground-color:#f9f9f9;\n}\n<\/style>\n<div class='flex_column av-js8tx5ha-9af4549db3fa7507ecd9d3ec27f3b513 av_one_third  avia-builder-el-10  el_after_av_one_third  el_before_av_one_third  first flex_column_div column-top-margin'   ><section  class='av_textblock_section av-js8ttahs-7d01d5af3f2e793a2b65e33e8e3c946a'  itemscope=\"itemscope\" itemtype=\"https:\/\/schema.org\/CreativeWork\" ><div class='avia_textblock'  itemprop=\"text\" ><p style=\"text-align: center;\"><span style=\"color: #000000;\">Denomination: 20,000Rial<\/span><br \/>\n<span style=\"color: #000000;\">Demensions: 163x78mm<\/span><\/p>\n<\/div><\/section><br \/>\n\n<style type=\"text\/css\" data-created_by=\"avia_inline_auto\" id=\"style-css-av-js8t6tl0-6c29053507daae466a1a770ed1994098\">\n.avia-image-container.av-js8t6tl0-6c29053507daae466a1a770ed1994098 .av-image-caption-overlay-center{\ncolor:#ffffff;\n}\n<\/style>\n<div  class='avia-image-container av-js8t6tl0-6c29053507daae466a1a770ed1994098 av-styling- avia_animated_image avia_animate_when_almost_visible fade-in avia-align-center  avia-builder-el-12  el_after_av_textblock  avia-builder-el-last '  itemprop=\"image\" itemscope=\"itemscope\" itemtype=\"https:\/\/schema.org\/ImageObject\" ><div class=\"avia-image-container-inner\"><div class=\"avia-image-overlay-wrap\"><img loading=\"lazy\" loading=\"lazy\" decoding=\"async\" class='wp-image-1751 avia-img-lazy-loading-not-1751 avia_image' src=\"https:\/\/irangashttour.com\/wp-content\/uploads\/2019\/02\/20000.png\" alt='' title='20000'  height=\"432\" width=\"450\"  itemprop=\"thumbnailUrl\" srcset=\"https:\/\/irangashttour.com\/wp-content\/uploads\/2019\/02\/20000.png 450w, https:\/\/irangashttour.com\/wp-content\/uploads\/2019\/02\/20000-300x288.png 300w, https:\/\/irangashttour.com\/wp-content\/uploads\/2019\/02\/20000-36x36.png 36w\" sizes=\"(max-width: 450px) 100vw, 450px\" \/><\/div><\/div><\/div><\/p><\/div>\n\n<style type=\"text\/css\" data-created_by=\"avia_inline_auto\" id=\"style-css-av-js8txdra-7704af870ef92ab7c6651a5301659a5f\">\n.flex_column.av-js8txdra-7704af870ef92ab7c6651a5301659a5f{\nborder-radius:0px 0px 0px 0px;\n-webkit-border-radius:0px 0px 0px 0px;\n-moz-border-radius:0px 0px 0px 0px;\npadding:10px 10px 10px 10px;\nbackground-color:#f9f9f9;\n}\n<\/style>\n<div class='flex_column av-js8txdra-7704af870ef92ab7c6651a5301659a5f av_one_third  avia-builder-el-13  el_after_av_one_third  el_before_av_one_third  flex_column_div column-top-margin'   ><section  class='av_textblock_section av-js8tscg9-305f1348d44c33188020e77be24268a7'  itemscope=\"itemscope\" itemtype=\"https:\/\/schema.org\/CreativeWork\" ><div class='avia_textblock'  itemprop=\"text\" ><p style=\"text-align: center;\"><span style=\"color: #000000;\">Denomination: 10,000 Rial<\/span><br \/>\n<span style=\"color: #000000;\">Demensions: 160x77mm<\/span><\/p>\n<\/div><\/section><br \/>\n\n<style type=\"text\/css\" data-created_by=\"avia_inline_auto\" id=\"style-css-av-js8t6tl0-67ab4311e0fc5a42788f86f97aa70f8d\">\n.avia-image-container.av-js8t6tl0-67ab4311e0fc5a42788f86f97aa70f8d .av-image-caption-overlay-center{\ncolor:#ffffff;\n}\n<\/style>\n<div  class='avia-image-container av-js8t6tl0-67ab4311e0fc5a42788f86f97aa70f8d av-styling- avia_animated_image avia_animate_when_almost_visible fade-in avia-align-center  avia-builder-el-15  el_after_av_textblock  avia-builder-el-last '  itemprop=\"image\" itemscope=\"itemscope\" itemtype=\"https:\/\/schema.org\/ImageObject\" ><div class=\"avia-image-container-inner\"><div class=\"avia-image-overlay-wrap\"><img loading=\"lazy\" loading=\"lazy\" decoding=\"async\" class='wp-image-1752 avia-img-lazy-loading-not-1752 avia_image' src=\"https:\/\/irangashttour.com\/wp-content\/uploads\/2019\/02\/10000.png\" alt='' title='10000'  height=\"432\" width=\"450\"  itemprop=\"thumbnailUrl\" srcset=\"https:\/\/irangashttour.com\/wp-content\/uploads\/2019\/02\/10000.png 450w, https:\/\/irangashttour.com\/wp-content\/uploads\/2019\/02\/10000-300x288.png 300w, https:\/\/irangashttour.com\/wp-content\/uploads\/2019\/02\/10000-36x36.png 36w\" sizes=\"(max-width: 450px) 100vw, 450px\" \/><\/div><\/div><\/div><\/p><\/div>\n\n<style type=\"text\/css\" data-created_by=\"avia_inline_auto\" id=\"style-css-av-js8txdra-7704af870ef92ab7c6651a5301659a5f\">\n.flex_column.av-js8txdra-7704af870ef92ab7c6651a5301659a5f{\nborder-radius:0px 0px 0px 0px;\n-webkit-border-radius:0px 0px 0px 0px;\n-moz-border-radius:0px 0px 0px 0px;\npadding:10px 10px 10px 10px;\nbackground-color:#f9f9f9;\n}\n<\/style>\n<div class='flex_column av-js8txdra-7704af870ef92ab7c6651a5301659a5f av_one_third  avia-builder-el-16  el_after_av_one_third  avia-builder-el-last  flex_column_div column-top-margin'   ><section  class='av_textblock_section av-js8tscg9-305f1348d44c33188020e77be24268a7'  itemscope=\"itemscope\" itemtype=\"https:\/\/schema.org\/CreativeWork\" ><div class='avia_textblock'  itemprop=\"text\" ><p style=\"text-align: center;\"><span style=\"color: #000000;\">Denomination: 5,000 Rial<\/span><br \/>\n<span style=\"color: #000000;\">Demensions: 160x77mm<\/span><\/p>\n<\/div><\/section><br \/>\n\n<style type=\"text\/css\" data-created_by=\"avia_inline_auto\" id=\"style-css-av-js8t6tl0-e1999403ca42c4ccfc4e2689a5b80ef7\">\n.avia-image-container.av-js8t6tl0-e1999403ca42c4ccfc4e2689a5b80ef7 .av-image-caption-overlay-center{\ncolor:#ffffff;\n}\n<\/style>\n<div  class='avia-image-container av-js8t6tl0-e1999403ca42c4ccfc4e2689a5b80ef7 av-styling- avia_animated_image avia_animate_when_almost_visible fade-in avia-align-center  avia-builder-el-18  el_after_av_textblock  avia-builder-el-last '  itemprop=\"image\" itemscope=\"itemscope\" itemtype=\"https:\/\/schema.org\/ImageObject\" ><div class=\"avia-image-container-inner\"><div class=\"avia-image-overlay-wrap\"><img loading=\"lazy\" loading=\"lazy\" decoding=\"async\" class='wp-image-6875 avia-img-lazy-loading-not-6875 avia_image' src=\"https:\/\/irangashttour.com\/wp-content\/uploads\/2019\/07\/50000.png\" alt='' title='50000'  height=\"432\" width=\"450\"  itemprop=\"thumbnailUrl\" srcset=\"https:\/\/irangashttour.com\/wp-content\/uploads\/2019\/07\/50000.png 450w, https:\/\/irangashttour.com\/wp-content\/uploads\/2019\/07\/50000-300x288.png 300w, https:\/\/irangashttour.com\/wp-content\/uploads\/2019\/07\/50000-36x36.png 36w\" sizes=\"(max-width: 450px) 100vw, 450px\" \/><\/div><\/div><\/div><\/p><\/div>\n","protected":false},"excerpt":{"rendered":"","protected":false},"author":1,"featured_media":0,"parent":0,"menu_order":0,"comment_status":"closed","ping_status":"closed","template":"","meta":{"ngg_post_thumbnail":0,"footnotes":""},"yoast_head":"<!-- This site is optimized with the Yoast SEO Premium plugin v22.0 (Yoast SEO v22.0) - https:\/\/yoast.com\/wordpress\/plugins\/seo\/ -->\n<title>GELDWECHSEL UND W\u00c4HRUNG - Best Iran Tours &amp; Travel Packages 2026\/2027<\/title>\n<meta name=\"robots\" content=\"index, follow, max-snippet:-1, max-image-preview:large, max-video-preview:-1\" \/>\n<link rel=\"canonical\" href=\"https:\/\/irangashttour.com\/de\/iran-currency\/\" \/>\n<meta property=\"og:locale\" content=\"de_DE\" \/>\n<meta property=\"og:type\" content=\"article\" \/>\n<meta property=\"og:title\" content=\"GELDWECHSEL UND W\u00c4HRUNG\" \/>\n<meta property=\"og:url\" content=\"https:\/\/irangashttour.com\/de\/iran-currency\/\" \/>\n<meta property=\"og:site_name\" content=\"Best Iran Tours &amp; Travel Packages 2026\/2027\" \/>\n<meta property=\"article:publisher\" content=\"https:\/\/www.facebook.com\/gashttour.shiraz.5\" \/>\n<meta property=\"article:modified_time\" content=\"2020-06-30T17:47:40+00:00\" \/>\n<meta name=\"twitter:card\" content=\"summary_large_image\" \/>\n<meta name=\"twitter:site\" content=\"@irangashttour\" \/>\n<meta name=\"twitter:label1\" content=\"Gesch\u00e4tzte Lesezeit\" \/>\n\t<meta name=\"twitter:data1\" content=\"7\u00a0Minuten\" \/>\n<script type=\"application\/ld+json\" class=\"yoast-schema-graph\">{\"@context\":\"https:\/\/schema.org\",\"@graph\":[{\"@type\":\"WebPage\",\"@id\":\"https:\/\/irangashttour.com\/de\/iran-currency\/\",\"url\":\"https:\/\/irangashttour.com\/de\/iran-currency\/\",\"name\":\"GELDWECHSEL UND W\u00c4HRUNG - Best Iran Tours &amp; Travel Packages 2026\/2027\",\"isPartOf\":{\"@id\":\"https:\/\/irangashttour.com\/#website\"},\"datePublished\":\"2020-06-30T17:30:10+00:00\",\"dateModified\":\"2020-06-30T17:47:40+00:00\",\"breadcrumb\":{\"@id\":\"https:\/\/irangashttour.com\/de\/iran-currency\/#breadcrumb\"},\"inLanguage\":\"de\",\"potentialAction\":[{\"@type\":\"ReadAction\",\"target\":[\"https:\/\/irangashttour.com\/de\/iran-currency\/\"]}]},{\"@type\":\"BreadcrumbList\",\"@id\":\"https:\/\/irangashttour.com\/de\/iran-currency\/#breadcrumb\",\"itemListElement\":[{\"@type\":\"ListItem\",\"position\":1,\"name\":\"Home\",\"item\":\"https:\/\/irangashttour.com\/de\/iran-reisen\/\"},{\"@type\":\"ListItem\",\"position\":2,\"name\":\"GELDWECHSEL UND W\u00c4HRUNG\"}]},{\"@type\":\"WebSite\",\"@id\":\"https:\/\/irangashttour.com\/#website\",\"url\":\"https:\/\/irangashttour.com\/\",\"name\":\"Best Iran Tour Packages 2025\",\"description\":\"Discover Iran with Gashttour Travel Agency\",\"publisher\":{\"@id\":\"https:\/\/irangashttour.com\/#organization\"},\"potentialAction\":[{\"@type\":\"SearchAction\",\"target\":{\"@type\":\"EntryPoint\",\"urlTemplate\":\"https:\/\/irangashttour.com\/?s={search_term_string}\"},\"query-input\":\"required name=search_term_string\"}],\"inLanguage\":\"de\"},{\"@type\":\"Organization\",\"@id\":\"https:\/\/irangashttour.com\/#organization\",\"name\":\"GASHTTOUR TRAVEL & TOUR AGENCY\",\"url\":\"https:\/\/irangashttour.com\/\",\"logo\":{\"@type\":\"ImageObject\",\"inLanguage\":\"de\",\"@id\":\"https:\/\/irangashttour.com\/#\/schema\/logo\/image\/\",\"url\":\"https:\/\/irangashttour.com\/wp-content\/uploads\/2020\/03\/irangashttour.jpg\",\"contentUrl\":\"https:\/\/irangashttour.com\/wp-content\/uploads\/2020\/03\/irangashttour.jpg\",\"width\":230,\"height\":230,\"caption\":\"GASHTTOUR TRAVEL & TOUR AGENCY\"},\"image\":{\"@id\":\"https:\/\/irangashttour.com\/#\/schema\/logo\/image\/\"},\"sameAs\":[\"https:\/\/www.facebook.com\/gashttour.shiraz.5\",\"https:\/\/twitter.com\/irangashttour\",\"https:\/\/www.instagram.com\/irangashttour\/\",\"https:\/\/www.linkedin.com\/in\/irangashttour\/\"]}]}<\/script>\n<!-- \/ Yoast SEO Premium plugin. -->","yoast_head_json":{"title":"GELDWECHSEL UND W\u00c4HRUNG - Best Iran Tours &amp; Travel Packages 2026\/2027","robots":{"index":"index","follow":"follow","max-snippet":"max-snippet:-1","max-image-preview":"max-image-preview:large","max-video-preview":"max-video-preview:-1"},"canonical":"https:\/\/irangashttour.com\/de\/iran-currency\/","og_locale":"de_DE","og_type":"article","og_title":"GELDWECHSEL UND W\u00c4HRUNG","og_url":"https:\/\/irangashttour.com\/de\/iran-currency\/","og_site_name":"Best Iran Tours &amp; Travel Packages 2026\/2027","article_publisher":"https:\/\/www.facebook.com\/gashttour.shiraz.5","article_modified_time":"2020-06-30T17:47:40+00:00","twitter_card":"summary_large_image","twitter_site":"@irangashttour","twitter_misc":{"Gesch\u00e4tzte Lesezeit":"7\u00a0Minuten"},"schema":{"@context":"https:\/\/schema.org","@graph":[{"@type":"WebPage","@id":"https:\/\/irangashttour.com\/de\/iran-currency\/","url":"https:\/\/irangashttour.com\/de\/iran-currency\/","name":"GELDWECHSEL UND W\u00c4HRUNG - Best Iran Tours &amp; Travel Packages 2026\/2027","isPartOf":{"@id":"https:\/\/irangashttour.com\/#website"},"datePublished":"2020-06-30T17:30:10+00:00","dateModified":"2020-06-30T17:47:40+00:00","breadcrumb":{"@id":"https:\/\/irangashttour.com\/de\/iran-currency\/#breadcrumb"},"inLanguage":"de","potentialAction":[{"@type":"ReadAction","target":["https:\/\/irangashttour.com\/de\/iran-currency\/"]}]},{"@type":"BreadcrumbList","@id":"https:\/\/irangashttour.com\/de\/iran-currency\/#breadcrumb","itemListElement":[{"@type":"ListItem","position":1,"name":"Home","item":"https:\/\/irangashttour.com\/de\/iran-reisen\/"},{"@type":"ListItem","position":2,"name":"GELDWECHSEL UND W\u00c4HRUNG"}]},{"@type":"WebSite","@id":"https:\/\/irangashttour.com\/#website","url":"https:\/\/irangashttour.com\/","name":"Best Iran Tour Packages 2025","description":"Discover Iran with Gashttour Travel Agency","publisher":{"@id":"https:\/\/irangashttour.com\/#organization"},"potentialAction":[{"@type":"SearchAction","target":{"@type":"EntryPoint","urlTemplate":"https:\/\/irangashttour.com\/?s={search_term_string}"},"query-input":"required name=search_term_string"}],"inLanguage":"de"},{"@type":"Organization","@id":"https:\/\/irangashttour.com\/#organization","name":"GASHTTOUR TRAVEL & TOUR AGENCY","url":"https:\/\/irangashttour.com\/","logo":{"@type":"ImageObject","inLanguage":"de","@id":"https:\/\/irangashttour.com\/#\/schema\/logo\/image\/","url":"https:\/\/irangashttour.com\/wp-content\/uploads\/2020\/03\/irangashttour.jpg","contentUrl":"https:\/\/irangashttour.com\/wp-content\/uploads\/2020\/03\/irangashttour.jpg","width":230,"height":230,"caption":"GASHTTOUR TRAVEL & TOUR AGENCY"},"image":{"@id":"https:\/\/irangashttour.com\/#\/schema\/logo\/image\/"},"sameAs":["https:\/\/www.facebook.com\/gashttour.shiraz.5","https:\/\/twitter.com\/irangashttour","https:\/\/www.instagram.com\/irangashttour\/","https:\/\/www.linkedin.com\/in\/irangashttour\/"]}]}},"_links":{"self":[{"href":"https:\/\/irangashttour.com\/de\/wp-json\/wp\/v2\/pages\/10796"}],"collection":[{"href":"https:\/\/irangashttour.com\/de\/wp-json\/wp\/v2\/pages"}],"about":[{"href":"https:\/\/irangashttour.com\/de\/wp-json\/wp\/v2\/types\/page"}],"author":[{"embeddable":true,"href":"https:\/\/irangashttour.com\/de\/wp-json\/wp\/v2\/users\/1"}],"replies":[{"embeddable":true,"href":"https:\/\/irangashttour.com\/de\/wp-json\/wp\/v2\/comments?post=10796"}],"version-history":[{"count":4,"href":"https:\/\/irangashttour.com\/de\/wp-json\/wp\/v2\/pages\/10796\/revisions"}],"predecessor-version":[{"id":10803,"href":"https:\/\/irangashttour.com\/de\/wp-json\/wp\/v2\/pages\/10796\/revisions\/10803"}],"wp:attachment":[{"href":"https:\/\/irangashttour.com\/de\/wp-json\/wp\/v2\/media?parent=10796"}],"curies":[{"name":"wp","href":"https:\/\/api.w.org\/{rel}","templated":true}]}}