{"id":10801,"date":"2020-06-30T17:38:41","date_gmt":"2020-06-30T17:38:41","guid":{"rendered":"https:\/\/irangashttour.com\/iran-dress-code\/"},"modified":"2020-06-30T17:52:59","modified_gmt":"2020-06-30T17:52:59","slug":"iran-dress-code","status":"publish","type":"page","link":"https:\/\/irangashttour.com\/de\/iran-dress-code\/","title":{"rendered":"IRAN DRESS CODE"},"content":{"rendered":"\n<style type=\"text\/css\" data-created_by=\"avia_inline_auto\" id=\"style-css-av-etpvy-1b62c445e5cfe9da6582ec137f6cd3d0\">\n.flex_column.av-etpvy-1b62c445e5cfe9da6582ec137f6cd3d0{\nborder-radius:0px 0px 0px 0px;\n-webkit-border-radius:0px 0px 0px 0px;\n-moz-border-radius:0px 0px 0px 0px;\n}\n<\/style>\n<div class='flex_column av-etpvy-1b62c445e5cfe9da6582ec137f6cd3d0 av_one_half  avia-builder-el-0  el_before_av_one_half  avia-builder-el-first  first flex_column_div av-zero-column-padding '   ><section  class='av_textblock_section av-jryhbfjm-42b50fc8196a124168e5536dbfec5dec'  itemscope=\"itemscope\" itemtype=\"https:\/\/schema.org\/CreativeWork\" ><div class='avia_textblock'  itemprop=\"text\" ><p style=\"text-align: justify;\">In der islamischen Republik Iran gelten gesetzliche Kleidervorschriften f\u00fcr Frauen unabh\u00e4ngig von ihrer Nationalit\u00e4t.<\/p>\n<p style=\"text-align: justify;\">&nbsp;<\/p>\n<h4 style=\"text-align: justify;\">Kleiderordnung f\u00fcr Frauen:<\/h4>\n<p style=\"text-align: justify;\">Der weibliche K\u00f6rper muss bedeckt sein, sodass die weiblichen Konturen nicht sichtbar sind. Dies ist gesetzlich verankert. Zudem m\u00fcssen die Haare von Frauen durch ein Kopftuch bedeckt sein und das in allen \u00f6ffentlichen R\u00e4umen, das hei\u00dft auch im Fr\u00fchst\u00fcckssaal im Hotel. Der Hals muss ebenfalls bedeckt sein. Der Haaransatz kann sichtbar sein.<\/p>\n<p style=\"text-align: justify;\">\u00c4rmel und Beine m\u00fcssen bedeckt sein. Dazu wird ein langer hemd\u00e4hnlicher Mantel getragen, der mindestens knielang ist und auf jeden Fall die H\u00fcften bedeckt.<\/p>\n<p style=\"text-align: justify;\">Das Tragen eines Tschadors ist nicht Pflicht, jedoch bei Besichtigungen von bestimmten Moscheen und Schreinen obligatorisch.<\/p>\n<p style=\"text-align: justify;\">Wie genau m\u00fcssen meine Beine und mein K\u00f6rper bedeck sein?<\/p>\n<p style=\"text-align: justify;\">Der Mantel muss mindestens knielang sein und die H\u00fcften bedecken. Die \u00c4rmell\u00e4nge muss bis zur Handwurzel reichen. Das Tragen von T-shirts ist untersagt.<\/p>\n<p style=\"text-align: justify;\">Unter dem Mantel muss eine Hose getragen werden. Der Hosenstoff ist irrelevant, es kann auch eine Jeans getragen werden.<\/p>\n<p style=\"text-align: justify;\">Bei Sandalen sollten die F\u00fc\u00dfe mit Socken bedeckt sein.<\/p>\n<p style=\"text-align: justify;\">&nbsp;<\/p>\n<h4 style=\"text-align: justify;\">Kleiderordnung f\u00fcr M\u00e4nner<\/h4>\n<p style=\"text-align: justify;\">F\u00fcr die Herren der Sch\u00f6pfung gibt es keine spezifische Kleiderornung, bis auf das Verbot von Shorts und T-Shirts mit einer \u00c4rmell\u00e4nge \u00fcber die Ellenbogen.<\/p>\n<\/div><\/section><\/div>\n<style type=\"text\/css\" data-created_by=\"avia_inline_auto\" id=\"style-css-av-2a09se-5d589beb56407fdd131e20bd66dd0ef2\">\n.flex_column.av-2a09se-5d589beb56407fdd131e20bd66dd0ef2{\nborder-radius:0px 0px 0px 0px;\n-webkit-border-radius:0px 0px 0px 0px;\n-moz-border-radius:0px 0px 0px 0px;\n}\n<\/style>\n<div class='flex_column av-2a09se-5d589beb56407fdd131e20bd66dd0ef2 av_one_half  avia-builder-el-2  el_after_av_one_half  el_before_av_textblock  flex_column_div av-zero-column-padding '   ><style type=\"text\/css\" data-created_by=\"avia_inline_auto\" id=\"style-css-av-jscui9ru-2b1073b331a0b3309ebd566d1e48fe51\">\n.avia-image-container.av-jscui9ru-2b1073b331a0b3309ebd566d1e48fe51 .av-image-caption-overlay-center{\ncolor:#ffffff;\n}\n<\/style>\n<div  class='avia-image-container av-jscui9ru-2b1073b331a0b3309ebd566d1e48fe51 av-styling- avia-align-center  avia-builder-el-3  avia-builder-el-no-sibling '  itemprop=\"image\" itemscope=\"itemscope\" itemtype=\"https:\/\/schema.org\/ImageObject\" ><div class=\"avia-image-container-inner\"><div class=\"avia-image-overlay-wrap\"><img fetchpriority=\"high\" fetchpriority=\"high\" decoding=\"async\" class='wp-image-1768 avia-img-lazy-loading-not-1768 avia_image' src=\"https:\/\/irangashttour.com\/wp-content\/uploads\/2019\/02\/dress-3.jpg\" alt='IRAN DRESS CODE' title='IRAN DRESS CODE'  height=\"417\" width=\"600\"  itemprop=\"thumbnailUrl\" srcset=\"https:\/\/irangashttour.com\/wp-content\/uploads\/2019\/02\/dress-3.jpg 600w, https:\/\/irangashttour.com\/wp-content\/uploads\/2019\/02\/dress-3-300x209.jpg 300w, https:\/\/irangashttour.com\/wp-content\/uploads\/2019\/02\/dress-3-450x313.jpg 450w\" sizes=\"(max-width: 600px) 100vw, 600px\" \/><\/div><\/div><\/div><\/div><\/p>\n<section  class='av_textblock_section av-jryhbfjm-42b50fc8196a124168e5536dbfec5dec'  itemscope=\"itemscope\" itemtype=\"https:\/\/schema.org\/CreativeWork\" ><div class='avia_textblock'  itemprop=\"text\" ><section class=\"av_textblock_section \">\n<h4 style=\"text-align: justify;\">Was Tragen die Einheimischen?<\/h4>\n<p style=\"text-align: justify;\">Auch im Iran zeigt die Kleidung, wo man hingeh\u00f6rt.<\/p>\n<p style=\"text-align: justify;\">Je nach beruflichem und sozialen Status tragen die Frauen eher den traditionellen schwarzen Tschador oder einen nicht-schwarzen Mantel. Vor allem Staatsbedienstete bekleiden sich berufsbedingt konservativ.<\/p>\n<p style=\"text-align: justify;\">M\u00e4nner tragen in der Regel Hose und Hemd oder Tshirt. Einige M\u00e4nner tragen einen Sakko. Das Tragen von Schlipsen und Krawatte steht nicht im Einklang mit der Politik und sollte m\u00f6glichst vermieden werden. Es gilt eher eine gepflegte Ungepflegtheit.<\/p>\n<p style=\"text-align: justify;\">&nbsp;<\/p>\n<\/section>\n<\/div><\/section>\n","protected":false},"excerpt":{"rendered":"","protected":false},"author":1,"featured_media":0,"parent":0,"menu_order":0,"comment_status":"closed","ping_status":"closed","template":"","meta":{"ngg_post_thumbnail":0,"footnotes":""},"yoast_head":"<!-- This site is optimized with the Yoast SEO Premium plugin v22.0 (Yoast SEO v22.0) - https:\/\/yoast.com\/wordpress\/plugins\/seo\/ -->\n<title>IRAN DRESS CODE - Best Iran Tours &amp; Travel Packages 2026\/2027<\/title>\n<meta name=\"description\" content=\"If you want travel to abroad each country has particular regulation and when you want travel to Iran definitely there are some rules regarding to dress code which should take to consideration and you need to follow.\" \/>\n<meta name=\"robots\" content=\"index, follow, max-snippet:-1, max-image-preview:large, max-video-preview:-1\" \/>\n<link rel=\"canonical\" href=\"https:\/\/irangashttour.com\/iran-dress-code\/\" \/>\n<meta property=\"og:locale\" content=\"de_DE\" \/>\n<meta property=\"og:type\" content=\"article\" \/>\n<meta property=\"og:title\" content=\"IRAN DRESS CODE\" \/>\n<meta property=\"og:description\" content=\"If you want travel to abroad each country has particular regulation and when you want travel to Iran definitely there are some rules regarding to dress code which should take to consideration and you need to follow.\" \/>\n<meta property=\"og:url\" content=\"https:\/\/irangashttour.com\/iran-dress-code\/\" \/>\n<meta property=\"og:site_name\" content=\"Best Iran Tours &amp; Travel Packages 2026\/2027\" \/>\n<meta property=\"article:publisher\" content=\"https:\/\/www.facebook.com\/gashttour.shiraz.5\" \/>\n<meta property=\"article:modified_time\" content=\"2020-06-30T17:52:59+00:00\" \/>\n<meta name=\"twitter:card\" content=\"summary_large_image\" \/>\n<meta name=\"twitter:site\" content=\"@irangashttour\" \/>\n<meta name=\"twitter:label1\" content=\"Gesch\u00e4tzte Lesezeit\" \/>\n\t<meta name=\"twitter:data1\" content=\"3\u00a0Minuten\" \/>\n<script type=\"application\/ld+json\" class=\"yoast-schema-graph\">{\"@context\":\"https:\/\/schema.org\",\"@graph\":[{\"@type\":\"WebPage\",\"@id\":\"https:\/\/irangashttour.com\/iran-dress-code\/\",\"url\":\"https:\/\/irangashttour.com\/iran-dress-code\/\",\"name\":\"IRAN DRESS CODE - Best Iran Tours &amp; Travel Packages 2026\/2027\",\"isPartOf\":{\"@id\":\"https:\/\/irangashttour.com\/#website\"},\"datePublished\":\"2020-06-30T17:38:41+00:00\",\"dateModified\":\"2020-06-30T17:52:59+00:00\",\"description\":\"If you want travel to abroad each country has particular regulation and when you want travel to Iran definitely there are some rules regarding to dress code which should take to consideration and you need to follow.\",\"breadcrumb\":{\"@id\":\"https:\/\/irangashttour.com\/iran-dress-code\/#breadcrumb\"},\"inLanguage\":\"de\",\"potentialAction\":[{\"@type\":\"ReadAction\",\"target\":[\"https:\/\/irangashttour.com\/iran-dress-code\/\"]}]},{\"@type\":\"BreadcrumbList\",\"@id\":\"https:\/\/irangashttour.com\/iran-dress-code\/#breadcrumb\",\"itemListElement\":[{\"@type\":\"ListItem\",\"position\":1,\"name\":\"Home\",\"item\":\"https:\/\/irangashttour.com\/de\/iran-reisen\/\"},{\"@type\":\"ListItem\",\"position\":2,\"name\":\"IRAN DRESS CODE\"}]},{\"@type\":\"WebSite\",\"@id\":\"https:\/\/irangashttour.com\/#website\",\"url\":\"https:\/\/irangashttour.com\/\",\"name\":\"Best Iran Tour Packages 2025\",\"description\":\"Discover Iran with Gashttour Travel Agency\",\"publisher\":{\"@id\":\"https:\/\/irangashttour.com\/#organization\"},\"potentialAction\":[{\"@type\":\"SearchAction\",\"target\":{\"@type\":\"EntryPoint\",\"urlTemplate\":\"https:\/\/irangashttour.com\/?s={search_term_string}\"},\"query-input\":\"required name=search_term_string\"}],\"inLanguage\":\"de\"},{\"@type\":\"Organization\",\"@id\":\"https:\/\/irangashttour.com\/#organization\",\"name\":\"GASHTTOUR TRAVEL & TOUR AGENCY\",\"url\":\"https:\/\/irangashttour.com\/\",\"logo\":{\"@type\":\"ImageObject\",\"inLanguage\":\"de\",\"@id\":\"https:\/\/irangashttour.com\/#\/schema\/logo\/image\/\",\"url\":\"https:\/\/irangashttour.com\/wp-content\/uploads\/2020\/03\/irangashttour.jpg\",\"contentUrl\":\"https:\/\/irangashttour.com\/wp-content\/uploads\/2020\/03\/irangashttour.jpg\",\"width\":230,\"height\":230,\"caption\":\"GASHTTOUR TRAVEL & TOUR AGENCY\"},\"image\":{\"@id\":\"https:\/\/irangashttour.com\/#\/schema\/logo\/image\/\"},\"sameAs\":[\"https:\/\/www.facebook.com\/gashttour.shiraz.5\",\"https:\/\/twitter.com\/irangashttour\",\"https:\/\/www.instagram.com\/irangashttour\/\",\"https:\/\/www.linkedin.com\/in\/irangashttour\/\"]}]}<\/script>\n<!-- \/ Yoast SEO Premium plugin. -->","yoast_head_json":{"title":"IRAN DRESS CODE - Best Iran Tours &amp; Travel Packages 2026\/2027","description":"If you want travel to abroad each country has particular regulation and when you want travel to Iran definitely there are some rules regarding to dress code which should take to consideration and you need to follow.","robots":{"index":"index","follow":"follow","max-snippet":"max-snippet:-1","max-image-preview":"max-image-preview:large","max-video-preview":"max-video-preview:-1"},"canonical":"https:\/\/irangashttour.com\/iran-dress-code\/","og_locale":"de_DE","og_type":"article","og_title":"IRAN DRESS CODE","og_description":"If you want travel to abroad each country has particular regulation and when you want travel to Iran definitely there are some rules regarding to dress code which should take to consideration and you need to follow.","og_url":"https:\/\/irangashttour.com\/iran-dress-code\/","og_site_name":"Best Iran Tours &amp; Travel Packages 2026\/2027","article_publisher":"https:\/\/www.facebook.com\/gashttour.shiraz.5","article_modified_time":"2020-06-30T17:52:59+00:00","twitter_card":"summary_large_image","twitter_site":"@irangashttour","twitter_misc":{"Gesch\u00e4tzte Lesezeit":"3\u00a0Minuten"},"schema":{"@context":"https:\/\/schema.org","@graph":[{"@type":"WebPage","@id":"https:\/\/irangashttour.com\/iran-dress-code\/","url":"https:\/\/irangashttour.com\/iran-dress-code\/","name":"IRAN DRESS CODE - Best Iran Tours &amp; Travel Packages 2026\/2027","isPartOf":{"@id":"https:\/\/irangashttour.com\/#website"},"datePublished":"2020-06-30T17:38:41+00:00","dateModified":"2020-06-30T17:52:59+00:00","description":"If you want travel to abroad each country has particular regulation and when you want travel to Iran definitely there are some rules regarding to dress code which should take to consideration and you need to follow.","breadcrumb":{"@id":"https:\/\/irangashttour.com\/iran-dress-code\/#breadcrumb"},"inLanguage":"de","potentialAction":[{"@type":"ReadAction","target":["https:\/\/irangashttour.com\/iran-dress-code\/"]}]},{"@type":"BreadcrumbList","@id":"https:\/\/irangashttour.com\/iran-dress-code\/#breadcrumb","itemListElement":[{"@type":"ListItem","position":1,"name":"Home","item":"https:\/\/irangashttour.com\/de\/iran-reisen\/"},{"@type":"ListItem","position":2,"name":"IRAN DRESS CODE"}]},{"@type":"WebSite","@id":"https:\/\/irangashttour.com\/#website","url":"https:\/\/irangashttour.com\/","name":"Best Iran Tour Packages 2025","description":"Discover Iran with Gashttour Travel Agency","publisher":{"@id":"https:\/\/irangashttour.com\/#organization"},"potentialAction":[{"@type":"SearchAction","target":{"@type":"EntryPoint","urlTemplate":"https:\/\/irangashttour.com\/?s={search_term_string}"},"query-input":"required name=search_term_string"}],"inLanguage":"de"},{"@type":"Organization","@id":"https:\/\/irangashttour.com\/#organization","name":"GASHTTOUR TRAVEL & TOUR AGENCY","url":"https:\/\/irangashttour.com\/","logo":{"@type":"ImageObject","inLanguage":"de","@id":"https:\/\/irangashttour.com\/#\/schema\/logo\/image\/","url":"https:\/\/irangashttour.com\/wp-content\/uploads\/2020\/03\/irangashttour.jpg","contentUrl":"https:\/\/irangashttour.com\/wp-content\/uploads\/2020\/03\/irangashttour.jpg","width":230,"height":230,"caption":"GASHTTOUR TRAVEL & TOUR AGENCY"},"image":{"@id":"https:\/\/irangashttour.com\/#\/schema\/logo\/image\/"},"sameAs":["https:\/\/www.facebook.com\/gashttour.shiraz.5","https:\/\/twitter.com\/irangashttour","https:\/\/www.instagram.com\/irangashttour\/","https:\/\/www.linkedin.com\/in\/irangashttour\/"]}]}},"_links":{"self":[{"href":"https:\/\/irangashttour.com\/de\/wp-json\/wp\/v2\/pages\/10801"}],"collection":[{"href":"https:\/\/irangashttour.com\/de\/wp-json\/wp\/v2\/pages"}],"about":[{"href":"https:\/\/irangashttour.com\/de\/wp-json\/wp\/v2\/types\/page"}],"author":[{"embeddable":true,"href":"https:\/\/irangashttour.com\/de\/wp-json\/wp\/v2\/users\/1"}],"replies":[{"embeddable":true,"href":"https:\/\/irangashttour.com\/de\/wp-json\/wp\/v2\/comments?post=10801"}],"version-history":[{"count":2,"href":"https:\/\/irangashttour.com\/de\/wp-json\/wp\/v2\/pages\/10801\/revisions"}],"predecessor-version":[{"id":10805,"href":"https:\/\/irangashttour.com\/de\/wp-json\/wp\/v2\/pages\/10801\/revisions\/10805"}],"wp:attachment":[{"href":"https:\/\/irangashttour.com\/de\/wp-json\/wp\/v2\/media?parent=10801"}],"curies":[{"name":"wp","href":"https:\/\/api.w.org\/{rel}","templated":true}]}}