{"id":10807,"date":"2020-06-30T18:02:45","date_gmt":"2020-06-30T18:02:45","guid":{"rendered":"https:\/\/irangashttour.com\/hochsaison-und-nebensaison-fuer-eine-iranreise\/"},"modified":"2020-06-30T18:04:43","modified_gmt":"2020-06-30T18:04:43","slug":"hochsaison-und-nebensaison-fuer-eine-iranreise","status":"publish","type":"page","link":"https:\/\/irangashttour.com\/de\/hochsaison-und-nebensaison-fuer-eine-iranreise\/","title":{"rendered":"HOCHSAISON UND NEBENSAISON F\u00dcR EINE IRANREISE"},"content":{"rendered":"\n<style type=\"text\/css\" data-created_by=\"avia_inline_auto\" id=\"style-css-av-6t1x7-c4d3cefa021e083765df8260b4225a20\">\n.flex_column.av-6t1x7-c4d3cefa021e083765df8260b4225a20{\nborder-radius:0px 0px 0px 0px;\n-webkit-border-radius:0px 0px 0px 0px;\n-moz-border-radius:0px 0px 0px 0px;\n}\n<\/style>\n<div class='flex_column av-6t1x7-c4d3cefa021e083765df8260b4225a20 av_one_full  avia-builder-el-0  avia-builder-el-no-sibling  first flex_column_div av-zero-column-padding '   ><section  class='av_textblock_section av-jwnayh0k-bb3f59a341f2e4066e92fd76418cef85'  itemscope=\"itemscope\" itemtype=\"https:\/\/schema.org\/CreativeWork\" ><div class='avia_textblock'  itemprop=\"text\" ><p style=\"text-align: justify;\">Die beste Zeit, um in den Iran zu reisen ist Fr\u00fchling (M\u00e4rz, April, Mai) und Herbst (Ende September, Oktober und November). Das Wetter ist in diesen Monaten in den meisten Regionen angenehm und mild, weder kalt noch zu warm. Diese Zeit entspricht auch der Hochsaison.<\/p>\n<p style=\"text-align: justify;\">Die Nebensaison dagegen ist von Juni bis Mitte&nbsp; September und in den Wintermonaten. In den Monaten Juni bis Mitte September herrschen in den meisten Regionen&nbsp; hohe Temperaturen. Entsprechend fallen in der Nebensaison die \u00dcbernachtungskosten in den Hotels geringer aus.<\/p>\n<p style=\"text-align: justify;\">Bei der Planung des Urlaubs sind die iranischen Feiertage insbesondere die Neujahrsferien (21. M\u00e4rz bis 4. April) sowie die religi\u00f6sen Anl\u00e4sse zu beachten und mit einzuplanen. &nbsp;W\u00e4hrend des Ramadans ist das Essen und Trinken tags\u00fcber in der \u00d6ffentlichkeit streng verboten. Restaurants und Gastst\u00e4tte d\u00fcrfen dementsprechend kein Essen ausgeben. Bei Hotels gibt es Ausnahmen. Zudem gibt es weitere religi\u00f6se Feiertage und Anl\u00e4sse wie zum Beispiel die Trauertage im Moharram-Monat, an denen Museen und Besichtigungsorte geschlossen sind. Die religi\u00f6sen Feiertage und Anl\u00e4sse richten sich nach dem arabischen Mondkalender und variieren von Jahr zu Jahr.<\/p>\n<p style=\"text-align: justify;\">Der Basar ist an allen offiziellen Feiertagen sowie freitags geschlossen.<\/p>\n<p style=\"text-align: justify;\">F\u00fcr das Jahr 2019 haben wir einige der wichtigsten Feiertage aufgelistet.<\/p>\n<table>\n<tbody>\n<tr>\n<td width=\"263\">Bemerkungen<\/td>\n<td width=\"176\">Anlass<\/td>\n<td width=\"172\">Datum<\/td>\n<\/tr>\n<tr>\n<td width=\"263\">Besichtigungen sind nicht m\u00f6glich<\/td>\n<td width=\"176\">Todestag von Imam Ali<\/td>\n<td width=\"172\">26.05.2019<\/td>\n<\/tr>\n<tr>\n<td width=\"263\">Besichtigungen nicht m\u00f6glich<\/td>\n<td width=\"176\">Dahinscheiden des Revolutionsf\u00fchrers Imam Khomeini<\/td>\n<td width=\"172\">04.06.2019<\/td>\n<\/tr>\n<tr>\n<td width=\"263\">Besichtigungen nicht m\u00f6glich<\/td>\n<td width=\"176\">Revolution des 15. Khordad<\/td>\n<td width=\"172\">05.06.2019<\/td>\n<\/tr>\n<tr>\n<td width=\"263\">Museen und&nbsp; Besichtigungen sind wom\u00f6glich eingeschr\u00e4nkt ge\u00f6ffnet<\/td>\n<td width=\"176\">Zuckerfest<\/td>\n<td width=\"172\">06.-07.06.2019<\/td>\n<\/tr>\n<tr>\n<td width=\"263\">Besichtigungen nicht m\u00f6glich<\/td>\n<td width=\"176\">Todestag von Imam Sadegh<\/td>\n<td width=\"172\">29.06.2019<\/td>\n<\/tr>\n<tr>\n<td width=\"263\">Museen und&nbsp; Besichtigungen sind wom\u00f6glich eingeschr\u00e4nkt ge\u00f6ffnet<\/td>\n<td width=\"176\">Opferfest<\/td>\n<td width=\"172\">12.08.2019<\/td>\n<\/tr>\n<tr>\n<td width=\"263\">Museen und&nbsp; Besichtigungen sind wom\u00f6glich eingeschr\u00e4nkt ge\u00f6ffnet<\/td>\n<td width=\"176\">Ghadir-Fest<\/td>\n<td width=\"172\">20.08.2019<\/td>\n<\/tr>\n<tr>\n<td width=\"263\">Besichtigungen nicht m\u00f6glich. Auf den Stra\u00dfen gibt es Prozessionen<\/td>\n<td width=\"176\">Tassua Trauertag<\/td>\n<td width=\"172\">09.09.2019<\/td>\n<\/tr>\n<tr>\n<td width=\"263\">Besichtigungen nicht m\u00f6glich. Auf den Stra\u00dfen gibt es Prozessionen<\/td>\n<td width=\"176\">Aschura Trauertag<\/td>\n<td width=\"172\">10.09.2019<\/td>\n<\/tr>\n<tr>\n<td width=\"263\">Besichtigungen sind nicht m\u00f6glich.<\/td>\n<td width=\"176\">40. Todestag von Imam Hossein<\/td>\n<td width=\"172\">19.10.2019<\/td>\n<\/tr>\n<tr>\n<td width=\"263\">Besichtigungen nicht m\u00f6glich<\/td>\n<td width=\"176\">Todestag des Propheten<\/td>\n<td width=\"172\">27.10.2019<\/td>\n<\/tr>\n<tr>\n<td width=\"263\">Besichtigungen nicht m\u00f6glich<\/td>\n<td width=\"176\">Todestag von Imam Reza<\/td>\n<td width=\"172\">29.10.2019<\/td>\n<\/tr>\n<tr>\n<td width=\"263\">Besichtigungen nicht m\u00f6glich<\/td>\n<td width=\"176\">Todestag von Imam Hassan<\/td>\n<td width=\"172\">06.11.2019<\/td>\n<\/tr>\n<tr>\n<td width=\"263\">Museen und&nbsp; Besichtigungen sind wom\u00f6glich eingeschr\u00e4nkt ge\u00f6ffnet<\/td>\n<td width=\"176\">Geburtstag des Propheten&nbsp; und von Imam&nbsp; Sadegh<\/td>\n<td width=\"172\">15.11.2019<\/td>\n<\/tr>\n<tr>\n<td width=\"263\">Besichtigungen nicht m\u00f6glich<\/td>\n<td width=\"176\">Todestag der heiligen Fatemeh<\/td>\n<td width=\"172\">29.01.2020<\/td>\n<\/tr>\n<tr>\n<td width=\"263\">Besichtiungen nicht m\u00f6glich. Es finden Demonstrationen statt.<\/td>\n<td width=\"176\">Tag der islamischen Revolution<\/td>\n<td width=\"172\">11.02.2020<\/td>\n<\/tr>\n<tr>\n<td width=\"263\">Museen und Besichtigungsorte werden wohl eingeschr\u00e4nkt ge\u00f6ffnet sein.<\/td>\n<td width=\"176\">Geburtstag von Imam Ali<\/td>\n<td width=\"172\">08.03.2020<\/td>\n<\/tr>\n<tr>\n<td width=\"263\">Museen und Besichtigungsorte werden wohl eingeschr\u00e4nkt ge\u00f6ffnet sein.<\/td>\n<td width=\"176\">Nationalisierung der \u00d6lindustrie<\/td>\n<td width=\"172\">19.03.2020<\/td>\n<\/tr>\n<\/tbody>\n<\/table>\n<p style=\"text-align: justify;\">&nbsp;<\/p>\n<\/div><\/section><\/div>\n","protected":false},"excerpt":{"rendered":"","protected":false},"author":1,"featured_media":0,"parent":0,"menu_order":0,"comment_status":"closed","ping_status":"closed","template":"","meta":{"ngg_post_thumbnail":0,"footnotes":""},"yoast_head":"<!-- This site is optimized with the Yoast SEO Premium plugin v22.0 (Yoast SEO v22.0) - https:\/\/yoast.com\/wordpress\/plugins\/seo\/ -->\n<title>HOCHSAISON UND NEBENSAISON F\u00dcR EINE IRANREISE - Best Iran Tours &amp; Travel Packages 2026\/2027<\/title>\n<meta name=\"robots\" content=\"index, follow, max-snippet:-1, max-image-preview:large, max-video-preview:-1\" \/>\n<link rel=\"canonical\" href=\"https:\/\/irangashttour.com\/iran-tourist-high-season-and-low-season\/\" \/>\n<meta property=\"og:locale\" content=\"de_DE\" \/>\n<meta property=\"og:type\" content=\"article\" \/>\n<meta property=\"og:title\" content=\"HOCHSAISON UND NEBENSAISON F\u00dcR EINE IRANREISE\" \/>\n<meta property=\"og:url\" content=\"https:\/\/irangashttour.com\/iran-tourist-high-season-and-low-season\/\" \/>\n<meta property=\"og:site_name\" content=\"Best Iran Tours &amp; Travel Packages 2026\/2027\" \/>\n<meta property=\"article:publisher\" content=\"https:\/\/www.facebook.com\/gashttour.shiraz.5\" \/>\n<meta property=\"article:modified_time\" content=\"2020-06-30T18:04:43+00:00\" \/>\n<meta name=\"twitter:card\" content=\"summary_large_image\" \/>\n<meta name=\"twitter:site\" content=\"@irangashttour\" \/>\n<meta name=\"twitter:label1\" content=\"Gesch\u00e4tzte Lesezeit\" \/>\n\t<meta name=\"twitter:data1\" content=\"3\u00a0Minuten\" \/>\n<script type=\"application\/ld+json\" class=\"yoast-schema-graph\">{\"@context\":\"https:\/\/schema.org\",\"@graph\":[{\"@type\":\"WebPage\",\"@id\":\"https:\/\/irangashttour.com\/iran-tourist-high-season-and-low-season\/\",\"url\":\"https:\/\/irangashttour.com\/iran-tourist-high-season-and-low-season\/\",\"name\":\"HOCHSAISON UND NEBENSAISON F\u00dcR EINE IRANREISE - Best Iran Tours &amp; Travel Packages 2026\/2027\",\"isPartOf\":{\"@id\":\"https:\/\/irangashttour.com\/#website\"},\"datePublished\":\"2020-06-30T18:02:45+00:00\",\"dateModified\":\"2020-06-30T18:04:43+00:00\",\"breadcrumb\":{\"@id\":\"https:\/\/irangashttour.com\/iran-tourist-high-season-and-low-season\/#breadcrumb\"},\"inLanguage\":\"de\",\"potentialAction\":[{\"@type\":\"ReadAction\",\"target\":[\"https:\/\/irangashttour.com\/iran-tourist-high-season-and-low-season\/\"]}]},{\"@type\":\"BreadcrumbList\",\"@id\":\"https:\/\/irangashttour.com\/iran-tourist-high-season-and-low-season\/#breadcrumb\",\"itemListElement\":[{\"@type\":\"ListItem\",\"position\":1,\"name\":\"Home\",\"item\":\"https:\/\/irangashttour.com\/de\/iran-reisen\/\"},{\"@type\":\"ListItem\",\"position\":2,\"name\":\"HOCHSAISON UND NEBENSAISON F\u00dcR EINE IRANREISE\"}]},{\"@type\":\"WebSite\",\"@id\":\"https:\/\/irangashttour.com\/#website\",\"url\":\"https:\/\/irangashttour.com\/\",\"name\":\"Best Iran Tour Packages 2025\",\"description\":\"Discover Iran with Gashttour Travel Agency\",\"publisher\":{\"@id\":\"https:\/\/irangashttour.com\/#organization\"},\"potentialAction\":[{\"@type\":\"SearchAction\",\"target\":{\"@type\":\"EntryPoint\",\"urlTemplate\":\"https:\/\/irangashttour.com\/?s={search_term_string}\"},\"query-input\":\"required name=search_term_string\"}],\"inLanguage\":\"de\"},{\"@type\":\"Organization\",\"@id\":\"https:\/\/irangashttour.com\/#organization\",\"name\":\"GASHTTOUR TRAVEL & TOUR AGENCY\",\"url\":\"https:\/\/irangashttour.com\/\",\"logo\":{\"@type\":\"ImageObject\",\"inLanguage\":\"de\",\"@id\":\"https:\/\/irangashttour.com\/#\/schema\/logo\/image\/\",\"url\":\"https:\/\/irangashttour.com\/wp-content\/uploads\/2020\/03\/irangashttour.jpg\",\"contentUrl\":\"https:\/\/irangashttour.com\/wp-content\/uploads\/2020\/03\/irangashttour.jpg\",\"width\":230,\"height\":230,\"caption\":\"GASHTTOUR TRAVEL & TOUR AGENCY\"},\"image\":{\"@id\":\"https:\/\/irangashttour.com\/#\/schema\/logo\/image\/\"},\"sameAs\":[\"https:\/\/www.facebook.com\/gashttour.shiraz.5\",\"https:\/\/twitter.com\/irangashttour\",\"https:\/\/www.instagram.com\/irangashttour\/\",\"https:\/\/www.linkedin.com\/in\/irangashttour\/\"]}]}<\/script>\n<!-- \/ Yoast SEO Premium plugin. -->","yoast_head_json":{"title":"HOCHSAISON UND NEBENSAISON F\u00dcR EINE IRANREISE - Best Iran Tours &amp; Travel Packages 2026\/2027","robots":{"index":"index","follow":"follow","max-snippet":"max-snippet:-1","max-image-preview":"max-image-preview:large","max-video-preview":"max-video-preview:-1"},"canonical":"https:\/\/irangashttour.com\/iran-tourist-high-season-and-low-season\/","og_locale":"de_DE","og_type":"article","og_title":"HOCHSAISON UND NEBENSAISON F\u00dcR EINE IRANREISE","og_url":"https:\/\/irangashttour.com\/iran-tourist-high-season-and-low-season\/","og_site_name":"Best Iran Tours &amp; Travel Packages 2026\/2027","article_publisher":"https:\/\/www.facebook.com\/gashttour.shiraz.5","article_modified_time":"2020-06-30T18:04:43+00:00","twitter_card":"summary_large_image","twitter_site":"@irangashttour","twitter_misc":{"Gesch\u00e4tzte Lesezeit":"3\u00a0Minuten"},"schema":{"@context":"https:\/\/schema.org","@graph":[{"@type":"WebPage","@id":"https:\/\/irangashttour.com\/iran-tourist-high-season-and-low-season\/","url":"https:\/\/irangashttour.com\/iran-tourist-high-season-and-low-season\/","name":"HOCHSAISON UND NEBENSAISON F\u00dcR EINE IRANREISE - Best Iran Tours &amp; Travel Packages 2026\/2027","isPartOf":{"@id":"https:\/\/irangashttour.com\/#website"},"datePublished":"2020-06-30T18:02:45+00:00","dateModified":"2020-06-30T18:04:43+00:00","breadcrumb":{"@id":"https:\/\/irangashttour.com\/iran-tourist-high-season-and-low-season\/#breadcrumb"},"inLanguage":"de","potentialAction":[{"@type":"ReadAction","target":["https:\/\/irangashttour.com\/iran-tourist-high-season-and-low-season\/"]}]},{"@type":"BreadcrumbList","@id":"https:\/\/irangashttour.com\/iran-tourist-high-season-and-low-season\/#breadcrumb","itemListElement":[{"@type":"ListItem","position":1,"name":"Home","item":"https:\/\/irangashttour.com\/de\/iran-reisen\/"},{"@type":"ListItem","position":2,"name":"HOCHSAISON UND NEBENSAISON F\u00dcR EINE IRANREISE"}]},{"@type":"WebSite","@id":"https:\/\/irangashttour.com\/#website","url":"https:\/\/irangashttour.com\/","name":"Best Iran Tour Packages 2025","description":"Discover Iran with Gashttour Travel Agency","publisher":{"@id":"https:\/\/irangashttour.com\/#organization"},"potentialAction":[{"@type":"SearchAction","target":{"@type":"EntryPoint","urlTemplate":"https:\/\/irangashttour.com\/?s={search_term_string}"},"query-input":"required name=search_term_string"}],"inLanguage":"de"},{"@type":"Organization","@id":"https:\/\/irangashttour.com\/#organization","name":"GASHTTOUR TRAVEL & TOUR AGENCY","url":"https:\/\/irangashttour.com\/","logo":{"@type":"ImageObject","inLanguage":"de","@id":"https:\/\/irangashttour.com\/#\/schema\/logo\/image\/","url":"https:\/\/irangashttour.com\/wp-content\/uploads\/2020\/03\/irangashttour.jpg","contentUrl":"https:\/\/irangashttour.com\/wp-content\/uploads\/2020\/03\/irangashttour.jpg","width":230,"height":230,"caption":"GASHTTOUR TRAVEL & TOUR AGENCY"},"image":{"@id":"https:\/\/irangashttour.com\/#\/schema\/logo\/image\/"},"sameAs":["https:\/\/www.facebook.com\/gashttour.shiraz.5","https:\/\/twitter.com\/irangashttour","https:\/\/www.instagram.com\/irangashttour\/","https:\/\/www.linkedin.com\/in\/irangashttour\/"]}]}},"_links":{"self":[{"href":"https:\/\/irangashttour.com\/de\/wp-json\/wp\/v2\/pages\/10807"}],"collection":[{"href":"https:\/\/irangashttour.com\/de\/wp-json\/wp\/v2\/pages"}],"about":[{"href":"https:\/\/irangashttour.com\/de\/wp-json\/wp\/v2\/types\/page"}],"author":[{"embeddable":true,"href":"https:\/\/irangashttour.com\/de\/wp-json\/wp\/v2\/users\/1"}],"replies":[{"embeddable":true,"href":"https:\/\/irangashttour.com\/de\/wp-json\/wp\/v2\/comments?post=10807"}],"version-history":[{"count":2,"href":"https:\/\/irangashttour.com\/de\/wp-json\/wp\/v2\/pages\/10807\/revisions"}],"predecessor-version":[{"id":10809,"href":"https:\/\/irangashttour.com\/de\/wp-json\/wp\/v2\/pages\/10807\/revisions\/10809"}],"wp:attachment":[{"href":"https:\/\/irangashttour.com\/de\/wp-json\/wp\/v2\/media?parent=10807"}],"curies":[{"name":"wp","href":"https:\/\/api.w.org\/{rel}","templated":true}]}}