{"id":10815,"date":"2020-06-30T18:11:54","date_gmt":"2020-06-30T18:11:54","guid":{"rendered":"https:\/\/irangashttour.com\/transport-information\/"},"modified":"2020-06-30T18:20:03","modified_gmt":"2020-06-30T18:20:03","slug":"transport-information","status":"publish","type":"page","link":"https:\/\/irangashttour.com\/de\/transport-information\/","title":{"rendered":"TRANSPORT INFORMATION"},"content":{"rendered":"\n<style type=\"text\/css\" data-created_by=\"avia_inline_auto\" id=\"style-css-av-31dcqm-c65bc92d82afffebf8de89e6e86ff995\">\n.flex_column.av-31dcqm-c65bc92d82afffebf8de89e6e86ff995{\nborder-radius:0px 0px 0px 0px;\n-webkit-border-radius:0px 0px 0px 0px;\n-moz-border-radius:0px 0px 0px 0px;\n}\n<\/style>\n<div class='flex_column av-31dcqm-c65bc92d82afffebf8de89e6e86ff995 av_one_full  avia-builder-el-0  avia-builder-el-no-sibling  first flex_column_div av-zero-column-padding '   ><section  class='av_textblock_section av-jrv5lyu3-791bfea3b315666c4adafa103694f558'  itemscope=\"itemscope\" itemtype=\"https:\/\/schema.org\/CreativeWork\" ><div class='avia_textblock'  itemprop=\"text\" ><p style=\"text-align: justify;\">Eine Individualreise die auf eigene Faust, ohne die Hinzuziehung eines Reiseleiters, durchgef\u00fchrt wird, er\u00f6ffnet dem Urlauber die T\u00fcr das&nbsp; Land anders kennenzulernen und mit den Menschen mehr in Kontakt zu kommen. F\u00fcr den besseren Ablauf ist es sinnvoll sich Vorfeld einige Informationen \u00fcber die Bef\u00f6rderungsmittel einzuholen.<\/p>\n<p style=\"text-align: justify;\">Folgend finden Sie einige n\u00fctzliche Information zu den Bef\u00f6rderungsmitteln und \u00f6ffentlichen Verkehrsmitteln in den Gro\u00dfst\u00e4dten.<\/p>\n<p style=\"text-align: justify;\">Beachte: Aufgrund der internationalen Sanktionen gegen Iran besteht im Land kein Kreditkartensystem. Die Bezahlungen erfolgen in bar.<\/p>\n<p style=\"text-align: justify;\">&nbsp;<\/p>\n<h4 style=\"text-align: justify;\"><strong>I. Taxis<\/strong><\/h4>\n<ol style=\"text-align: justify;\">\n<li>Sammeltaxi<\/li>\n<\/ol>\n<p style=\"text-align: justify;\">Innerhalb der St\u00e4dte z\u00e4hlt das Taxi zu den wichtigsten \u00f6ffentlichen Verkehrsmitteln. Die Taxis sind mit entsprechendem Taxischild gekennzeichnet und befinden sich auf den Stra\u00dfen an den Taxistandpl\u00e4tzen oder k\u00f6nnen auf der Stra\u00dfen herbeigewinkt werden. Es empfiehlt sich, bei der Wahl des Taxis auf das Taxischild zu achten, denn auch viele Private bieten Transportdienstleistungen an. In Tehran und weiteren Gro\u00dfst\u00e4dten sind die Taxis Sammeltaxis. Diese fahren nur eine bestimmte Strecke. Soweit eine Individualfahrt erw\u00fcnscht ist, muss dies im Vorfeld mit dem Fahrer ausgehandelt werden. Um den Fahrer zu verdeutlichen, dass eine Individualfahrt gew\u00fcnscht wird, sollte das Wort \u201eDar-Bast\u201c erw\u00e4hnt werden und der Preis bis zum Zielort ausgehandelt werden.<\/p>\n<ol style=\"text-align: justify;\" start=\"2\">\n<li>Taxi per Telefon bestellen<\/li>\n<\/ol>\n<p style=\"text-align: justify;\">In Hotels oder Restaurants, k\u00f6nnen sie Taxis auch per Anruf bestellen. Die jeweilige Hotel- oder Restaurantbedienung wird Ihnen beim Anruf behilflich sein. Das \u201eTaxi-Telefonie\u201c ist etwas teurer als die \u00fcblichen Sammeltaxis, daf\u00fcr bef\u00f6rdern Sie den Fahrgast jedoch individuell ohne die Aufnahme weiterer G\u00e4ste zum gew\u00fcnschten Zielort. Achten Sie darauf bei der Bezahlung eine Quittung zu verlangen.<\/p>\n<ol style=\"text-align: justify;\" start=\"3\">\n<li>Fahrtkosten<\/li>\n<\/ol>\n<p style=\"text-align: justify;\">Zu Jahresbeginn werden die Fahrtarife f\u00fcr die Taxis in den jeweiligen Gro\u00dfst\u00e4dten festgelegt, doch kaum ein Taxifahrer mag sich daran halten, sei es auch unter dem Vorwand kein Wechselgeld zu haben. Die Tarife werden je nach bestimmter Strecke bei Streckensammeltaxis oder pro Stra\u00dfe berechnet. Bei l\u00e4ngeren Strecken wird in der Regel ein Pauschalbetrag berechnet.<\/p>\n<p style=\"text-align: justify;\">Bei bestellten Telefontaxis wird zuz\u00fcglich ein Grundpreis f\u00fcr die Anfahrt berechnet. Telefontaxis sind verpflichtet, eine Quittung auszustellen.<\/p>\n<p style=\"text-align: justify;\">\u00dcber Wechselgeld verf\u00fcgen die Taxifahrer so gut wie nie, also sollten Sie den Betrag m\u00f6glichst passend dabei haben oder im Vorfeld mit einer Aufrundung seitens des Fahrers rechnen. Trinkgeld ist insoweit auch un\u00fcblich, da die Fahrer ohnehin das Wechselgeld vereinnahmen.<\/p>\n<p style=\"text-align: justify;\">&nbsp;<\/p>\n<p style=\"text-align: justify;\"><strong>II. Stadtbus<\/strong><\/p>\n<p style=\"text-align: justify;\">In allen Gro\u00dfst\u00e4dten Irans gibt es ein Stadtbusnetz. Eingestiegen wird an den vorgesehenen Haltestellen. Die Liniennummern der Busse sind meist mit persischen Zahlen gekennzeichnet, insoweit m\u00fcssten Sie sich im Vorfeld \u00fcber den Linienbus erkundigen. Eine Stationsansage gibt es selten, auch gibt es selten einen Stoppknopf. Jedoch halten die Busse meist an allen Stationen.<\/p>\n<p style=\"text-align: justify;\">In \u00f6ffentlichen Verkehrsmitteln gilt die Geschlechtertrennung. W\u00e4hrend der hintere Busbereich ab der Mitte den Frauen vorbehalten ist, haben M\u00e4nner im vorderen Bereich ihren Platz und m\u00fcssen vorne einsteigen.<\/p>\n<p style=\"text-align: justify;\">Zahlungsmethode: Bezahlt wird mit einer Buskarte, die sich regelm\u00e4\u00dfig mit neuem Guthaben aufladen l\u00e4sst. Soweit keine Buskarte vorhanden sein sollte, muss in bar an den Fahrer bezahlt werden. Die Fahrtkosten sind vergleichsweise zu Taxis relativ preiswert.<\/p>\n<p style=\"text-align: justify;\">&nbsp;<\/p>\n<p style=\"text-align: justify;\"><strong>III. U-Bahn\/Metro<\/strong><\/p>\n<p style=\"text-align: justify;\">Mittlerweile verf\u00fcgen die meisten Grost\u00dfd\u00e4te des Landes wie Tehran, Schiraz und Isfahan \u00fcber einen U-Bahn-Netz, die \u201eMetro\u201c genannt wird. Die jeweiligen Stationen und Zielorte werden auf Farsi angegeben. Manchmal gibt es auch eine Durchsage auf Englisch.<\/p>\n<p style=\"text-align: justify;\">Zu den Sto\u00dfzeiten, 07:00-09:00 Uhr und 15:00-17:00 Uhr, wird es insbesondere in Tehran sehr eng und voll in der U-Bahn.<\/p>\n<p style=\"text-align: justify;\">Auch hier gilt die Geschlechtertrennung je nach Waggon.<\/p>\n<p style=\"text-align: justify;\">Anders als in Deutschland muss die Fahrkarte vorher eingel\u00f6st werden, erst dann kann man durch die Schranken. Das macht die U-bahn auch sicherer und sauberer.<\/p>\n<p style=\"text-align: justify;\">Die Fahrkarten k\u00f6nnen an den jeweiligen Ubahstationen am Verkaufsschalter erworben werden.<\/p>\n<p style=\"text-align: justify;\">&nbsp;<\/p>\n<p style=\"text-align: justify;\"><strong>IV. \u00dcberlandverkehr zwischen den St\u00e4dten (Landweg)<\/strong><\/p>\n<p style=\"text-align: justify;\">Soweit Sie von einer Stadt zur anderen Stadt reisen wollen, gibt es neben dem Flugstreckenverkehr auch die M\u00f6glichkeit auf Fernbus oder Bahn &#8211; je nach Strecke \u2013 zur\u00fcckzugreifen. Dies kann mit Blick auf m\u00f6gliche kurzfristige Flugannullierungen und die Wartezeit auf dem Flughafen und Abfertigung der Formalien sogar angenehmer sein.<\/p>\n<ol style=\"text-align: justify;\">\n<li>Fernbus<\/li>\n<\/ol>\n<p style=\"text-align: justify;\">Zwischen den St\u00e4dten gibt es Busverbindungen. Mit dem Fernbus kommen Sie von A nach B. Die Preise variieren je nach Strecke und Busklasse und Anbieter. In der Regel m\u00fcssen Sie mit Fahrtkosten von ca. 10,00 Euro pro Fahrt rechnen. Die Fahrkarten m\u00fcssen an den jeweiligen zentralen Fernbusstationen erworben werden.<\/p>\n<p style=\"text-align: justify;\"><strong>Beachte:<\/strong> Toiletten gibt es in den Fernbussen nicht. Bei l\u00e4ngeren strecken wird der Fahrer zu gegegebenen Zeit an einer Rastst\u00e4tte halten. Die Rastst\u00e4tten verf\u00fcgen \u00fcber iranische Toilette, insoweit ist es ratsam Toilettenpapier dabei zu haben.<\/p>\n<ol style=\"text-align: justify;\" start=\"2\">\n<li>Schienenverkehr<\/li>\n<\/ol>\n<p style=\"text-align: justify;\">Das Schienennetz ist nicht weit ausgebaut. Die Hauptstadt Tehran ist die Achse des Schienennetzes. Von dort verkehren t\u00e4glich Z\u00fcge nach Maschhad und Isfahan und anderen St\u00e4dten. Die Nachtz\u00fcge verf\u00fcgen meisten \u00fcber einen Speisewagen und \u00fcber Schlafabteile. Die Fernz\u00fcge sind meist mit Klimaanlage ausgestaltet.<\/p>\n<p style=\"text-align: justify;\">Die Preise variieren je nach&nbsp; Anbieter und Fahrklasse (Normalzug, Luxuszug etc.).<\/p>\n<p style=\"text-align: justify;\">Zwischen den St\u00e4dten verkehren t\u00e4glich Fernbusse.<\/p>\n<p style=\"text-align: justify;\">Die Fahrkarten m\u00fcssen vor Ort am Bahnhof gekauft werden. Beim Kauf muss der Ausweis vorgelegt werden. Die Tickets gelten f\u00fcr den jeweiligen Streckenabschnitt und f\u00fcr den vorgesehenen Zug. Begriffe wie Tages- oder Wochenkarte gibt es nicht.<\/p>\n<p style=\"text-align: justify;\">&nbsp;<\/p>\n<p style=\"text-align: justify;\"><strong>V. Flugverkehr<\/strong><\/p>\n<p style=\"text-align: justify;\">Zwischen den Grost\u00e4dten gibt es unterschiedliche Flugverbindungen. Diese Flugkosten variieren je nach Anbieter, Strecke und Buchungszeitraum. Kurzfristige Flugannullierungen sind m\u00f6glich. Passagiere m\u00fcssen mindestens eineinhalb Stunden vor Abflug auf dem Flughafen sein. Die Flugtickets k\u00f6nnen in lokalen Reiseb\u00fcros sowie auch auf dem Flughafen erworben werden. Der Verkauf von Flugtickets erfolgt nur unter Vorlage eines g\u00fcltigen amtlichen Ausweises (Reisepass).<\/p>\n<p style=\"text-align: justify;\">&nbsp;<\/p>\n<p style=\"text-align: justify;\">&nbsp;<\/p>\n<p style=\"text-align: justify;\">&nbsp;<\/p>\n<\/div><\/section><\/div>\n","protected":false},"excerpt":{"rendered":"","protected":false},"author":1,"featured_media":0,"parent":0,"menu_order":0,"comment_status":"closed","ping_status":"closed","template":"","meta":{"ngg_post_thumbnail":0,"footnotes":""},"yoast_head":"<!-- This site is optimized with the Yoast SEO Premium plugin v22.0 (Yoast SEO v22.0) - https:\/\/yoast.com\/wordpress\/plugins\/seo\/ -->\n<title>TRANSPORT INFORMATION - Best Iran Tours &amp; Travel Packages 2026\/2027<\/title>\n<meta name=\"robots\" content=\"index, follow, max-snippet:-1, max-image-preview:large, max-video-preview:-1\" \/>\n<link rel=\"canonical\" href=\"https:\/\/irangashttour.com\/transport-information\/\" \/>\n<meta property=\"og:locale\" content=\"de_DE\" \/>\n<meta property=\"og:type\" content=\"article\" \/>\n<meta property=\"og:title\" content=\"TRANSPORT INFORMATION\" \/>\n<meta property=\"og:url\" content=\"https:\/\/irangashttour.com\/transport-information\/\" \/>\n<meta property=\"og:site_name\" content=\"Best Iran Tours &amp; Travel Packages 2026\/2027\" \/>\n<meta property=\"article:publisher\" content=\"https:\/\/www.facebook.com\/gashttour.shiraz.5\" \/>\n<meta property=\"article:modified_time\" content=\"2020-06-30T18:20:03+00:00\" \/>\n<meta name=\"twitter:card\" content=\"summary_large_image\" \/>\n<meta name=\"twitter:site\" content=\"@irangashttour\" \/>\n<meta name=\"twitter:label1\" content=\"Gesch\u00e4tzte Lesezeit\" \/>\n\t<meta name=\"twitter:data1\" content=\"6\u00a0Minuten\" \/>\n<script type=\"application\/ld+json\" class=\"yoast-schema-graph\">{\"@context\":\"https:\/\/schema.org\",\"@graph\":[{\"@type\":\"WebPage\",\"@id\":\"https:\/\/irangashttour.com\/transport-information\/\",\"url\":\"https:\/\/irangashttour.com\/transport-information\/\",\"name\":\"TRANSPORT INFORMATION - Best Iran Tours &amp; Travel Packages 2026\/2027\",\"isPartOf\":{\"@id\":\"https:\/\/irangashttour.com\/#website\"},\"datePublished\":\"2020-06-30T18:11:54+00:00\",\"dateModified\":\"2020-06-30T18:20:03+00:00\",\"breadcrumb\":{\"@id\":\"https:\/\/irangashttour.com\/transport-information\/#breadcrumb\"},\"inLanguage\":\"de\",\"potentialAction\":[{\"@type\":\"ReadAction\",\"target\":[\"https:\/\/irangashttour.com\/transport-information\/\"]}]},{\"@type\":\"BreadcrumbList\",\"@id\":\"https:\/\/irangashttour.com\/transport-information\/#breadcrumb\",\"itemListElement\":[{\"@type\":\"ListItem\",\"position\":1,\"name\":\"Home\",\"item\":\"https:\/\/irangashttour.com\/de\/iran-reisen\/\"},{\"@type\":\"ListItem\",\"position\":2,\"name\":\"TRANSPORT INFORMATION\"}]},{\"@type\":\"WebSite\",\"@id\":\"https:\/\/irangashttour.com\/#website\",\"url\":\"https:\/\/irangashttour.com\/\",\"name\":\"Best Iran Tour Packages 2025\",\"description\":\"Discover Iran with Gashttour Travel Agency\",\"publisher\":{\"@id\":\"https:\/\/irangashttour.com\/#organization\"},\"potentialAction\":[{\"@type\":\"SearchAction\",\"target\":{\"@type\":\"EntryPoint\",\"urlTemplate\":\"https:\/\/irangashttour.com\/?s={search_term_string}\"},\"query-input\":\"required name=search_term_string\"}],\"inLanguage\":\"de\"},{\"@type\":\"Organization\",\"@id\":\"https:\/\/irangashttour.com\/#organization\",\"name\":\"GASHTTOUR TRAVEL & TOUR AGENCY\",\"url\":\"https:\/\/irangashttour.com\/\",\"logo\":{\"@type\":\"ImageObject\",\"inLanguage\":\"de\",\"@id\":\"https:\/\/irangashttour.com\/#\/schema\/logo\/image\/\",\"url\":\"https:\/\/irangashttour.com\/wp-content\/uploads\/2020\/03\/irangashttour.jpg\",\"contentUrl\":\"https:\/\/irangashttour.com\/wp-content\/uploads\/2020\/03\/irangashttour.jpg\",\"width\":230,\"height\":230,\"caption\":\"GASHTTOUR TRAVEL & TOUR AGENCY\"},\"image\":{\"@id\":\"https:\/\/irangashttour.com\/#\/schema\/logo\/image\/\"},\"sameAs\":[\"https:\/\/www.facebook.com\/gashttour.shiraz.5\",\"https:\/\/twitter.com\/irangashttour\",\"https:\/\/www.instagram.com\/irangashttour\/\",\"https:\/\/www.linkedin.com\/in\/irangashttour\/\"]}]}<\/script>\n<!-- \/ Yoast SEO Premium plugin. -->","yoast_head_json":{"title":"TRANSPORT INFORMATION - Best Iran Tours &amp; Travel Packages 2026\/2027","robots":{"index":"index","follow":"follow","max-snippet":"max-snippet:-1","max-image-preview":"max-image-preview:large","max-video-preview":"max-video-preview:-1"},"canonical":"https:\/\/irangashttour.com\/transport-information\/","og_locale":"de_DE","og_type":"article","og_title":"TRANSPORT INFORMATION","og_url":"https:\/\/irangashttour.com\/transport-information\/","og_site_name":"Best Iran Tours &amp; Travel Packages 2026\/2027","article_publisher":"https:\/\/www.facebook.com\/gashttour.shiraz.5","article_modified_time":"2020-06-30T18:20:03+00:00","twitter_card":"summary_large_image","twitter_site":"@irangashttour","twitter_misc":{"Gesch\u00e4tzte Lesezeit":"6\u00a0Minuten"},"schema":{"@context":"https:\/\/schema.org","@graph":[{"@type":"WebPage","@id":"https:\/\/irangashttour.com\/transport-information\/","url":"https:\/\/irangashttour.com\/transport-information\/","name":"TRANSPORT INFORMATION - Best Iran Tours &amp; Travel Packages 2026\/2027","isPartOf":{"@id":"https:\/\/irangashttour.com\/#website"},"datePublished":"2020-06-30T18:11:54+00:00","dateModified":"2020-06-30T18:20:03+00:00","breadcrumb":{"@id":"https:\/\/irangashttour.com\/transport-information\/#breadcrumb"},"inLanguage":"de","potentialAction":[{"@type":"ReadAction","target":["https:\/\/irangashttour.com\/transport-information\/"]}]},{"@type":"BreadcrumbList","@id":"https:\/\/irangashttour.com\/transport-information\/#breadcrumb","itemListElement":[{"@type":"ListItem","position":1,"name":"Home","item":"https:\/\/irangashttour.com\/de\/iran-reisen\/"},{"@type":"ListItem","position":2,"name":"TRANSPORT INFORMATION"}]},{"@type":"WebSite","@id":"https:\/\/irangashttour.com\/#website","url":"https:\/\/irangashttour.com\/","name":"Best Iran Tour Packages 2025","description":"Discover Iran with Gashttour Travel Agency","publisher":{"@id":"https:\/\/irangashttour.com\/#organization"},"potentialAction":[{"@type":"SearchAction","target":{"@type":"EntryPoint","urlTemplate":"https:\/\/irangashttour.com\/?s={search_term_string}"},"query-input":"required name=search_term_string"}],"inLanguage":"de"},{"@type":"Organization","@id":"https:\/\/irangashttour.com\/#organization","name":"GASHTTOUR TRAVEL & TOUR AGENCY","url":"https:\/\/irangashttour.com\/","logo":{"@type":"ImageObject","inLanguage":"de","@id":"https:\/\/irangashttour.com\/#\/schema\/logo\/image\/","url":"https:\/\/irangashttour.com\/wp-content\/uploads\/2020\/03\/irangashttour.jpg","contentUrl":"https:\/\/irangashttour.com\/wp-content\/uploads\/2020\/03\/irangashttour.jpg","width":230,"height":230,"caption":"GASHTTOUR TRAVEL & TOUR AGENCY"},"image":{"@id":"https:\/\/irangashttour.com\/#\/schema\/logo\/image\/"},"sameAs":["https:\/\/www.facebook.com\/gashttour.shiraz.5","https:\/\/twitter.com\/irangashttour","https:\/\/www.instagram.com\/irangashttour\/","https:\/\/www.linkedin.com\/in\/irangashttour\/"]}]}},"_links":{"self":[{"href":"https:\/\/irangashttour.com\/de\/wp-json\/wp\/v2\/pages\/10815"}],"collection":[{"href":"https:\/\/irangashttour.com\/de\/wp-json\/wp\/v2\/pages"}],"about":[{"href":"https:\/\/irangashttour.com\/de\/wp-json\/wp\/v2\/types\/page"}],"author":[{"embeddable":true,"href":"https:\/\/irangashttour.com\/de\/wp-json\/wp\/v2\/users\/1"}],"replies":[{"embeddable":true,"href":"https:\/\/irangashttour.com\/de\/wp-json\/wp\/v2\/comments?post=10815"}],"version-history":[{"count":3,"href":"https:\/\/irangashttour.com\/de\/wp-json\/wp\/v2\/pages\/10815\/revisions"}],"predecessor-version":[{"id":10818,"href":"https:\/\/irangashttour.com\/de\/wp-json\/wp\/v2\/pages\/10815\/revisions\/10818"}],"wp:attachment":[{"href":"https:\/\/irangashttour.com\/de\/wp-json\/wp\/v2\/media?parent=10815"}],"curies":[{"name":"wp","href":"https:\/\/api.w.org\/{rel}","templated":true}]}}