{"id":10829,"date":"2020-07-01T08:26:13","date_gmt":"2020-07-01T08:26:13","guid":{"rendered":"https:\/\/irangashttour.com\/famous-iranian-scientists\/"},"modified":"2020-07-01T08:44:23","modified_gmt":"2020-07-01T08:44:23","slug":"famous-iranian-scientists","status":"publish","type":"page","link":"https:\/\/irangashttour.com\/de\/famous-iranian-scientists\/","title":{"rendered":"FAMOUS IRANIAN SCIENTISTS"},"content":{"rendered":"<section  class='av_textblock_section av-jvajqaol-4a769021f1ca5bf56cfb1077f932d128'  itemscope=\"itemscope\" itemtype=\"https:\/\/schema.org\/CreativeWork\" ><div class='avia_textblock'  itemprop=\"text\" ><h4 style=\"text-align: justify;\"><strong>Omar Khayyam<\/strong><\/h4>\n<p style=\"text-align: justify;\"><em>Von jenem Kreise &nbsp;unseres &nbsp;Kommen und Gehens,<br \/>\nist weder Anfang noch Ende sichtbar.<br \/>\nNiemand in dieser Welt tut richtig kund,<br \/>\nwoher dies Kommen und wohin das Gehen ist.<\/em><\/p>\n<p style=\"text-align: justify;\">\u062f\u0631 \u062f\u0627\u06cc\u0631\u0647\u200c\u0627\u06cc \u06a9\u0647 \u0622\u0645\u062f \u0648 \u0631\u0641\u062a\u0646 \u0645\u0627\u0633\u062a<\/p>\n<p style=\"text-align: justify;\">\u0627\u0648 \u0631\u0627 \u0646\u0647 \u0628\u062f\u0627\u06cc\u062a \u0646\u0647 \u0646\u0647\u0627\u06cc\u062a \u067e\u06cc\u062f\u0627\u0633\u062a<\/p>\n<p style=\"text-align: justify;\">\u06a9\u0633 \u0645\u06cc \u0646\u0632\u0646\u062f \u062f\u0645\u06cc \u062f\u0631 \u0627\u06cc\u0646 \u0645\u0639\u0646\u06cc \u0631\u0627\u0633\u062a<\/p>\n<p style=\"text-align: justify;\">\u06a9\u0627\u06cc\u0646 \u0622\u0645\u062f\u0646 \u0627\u0632 \u06a9\u062c\u0627 \u0648 \u0631\u0641\u062a\u0646 \u0628\u06a9\u062c\u0627\u0633\u062a<\/p>\n<p style=\"text-align: justify;\">&nbsp;<\/p>\n<p style=\"text-align: justify;\">Der Name Omar wurde Mitte des 11. Jahrhunderts &nbsp;in Neischapur \u2013in der N\u00e4he von Maschhad- geboren. Bekannt ist er nicht nur f\u00fcr seine Vierzeiler (Gedichte, Robayiat) , sondern f\u00fcr seine mathematischen und geometrischen Darstellungen.<\/p>\n<p style=\"text-align: justify;\">Seiner Zeit galt er zudem als Philosoph und sogar als Mediziner. Er behandelte den Sultan Sanjar als dieser im Kindesalter an Windpocken erkrankte.<\/p>\n<p style=\"text-align: justify;\">Die Vierzeilergedichte von Khayyam sind auf Persisch und Arabisch. Zudem hat er mehrere wissenschaftliche B\u00fccher hinterlassen. Khayyam hatte zu Lebzeiten gro\u00dfes Ansehen erlangt, vor allem f\u00fcr seine philosophischen Schriften. Zu Lebzeiten trug er den Titel \u201eImam\u201c und \u201eHajjat Al-Hagh\u201c. Er lebte w\u00e4hrend der Seldschuken-Herrschaft, deren Reich sich \u00fcber Persien, Irak und Jemen erstreckte bis hin in den Westen nach Azerbaijan und den Grenzen des R\u00f6mischen Reiches.<\/p>\n<p style=\"text-align: justify;\">Insbesondere wird Khayyam als der Gr\u00fcnder des heutigen persischen Sonnenkalenders gesch\u00e4tzt. Er war als Astrologe und Astronom bei dem Seldschukenherrscher Jalal-O-Din-Malek Schah am Hofe t\u00e4tig. Dieser beauftragte Khayyam mit dem Bau eines Observatoriums und die Erstellung eines Sonnenkalenders. Dieser Kalender wird auch heute der \u201eJalali Kalender\u201c genannt.<\/p>\n<p style=\"text-align: justify;\">Khayyam hat zahlreiche Schritst\u00fccke \u00fcber die Astrologie und mathmatische Berechnungen verfasst. Er war einer der gr\u00f6\u00dften Philosophen und Denker und Gelehrter seiner Zeit, der auch mit der griechischen Philosophie bekannt. Khayyam repr\u00e4sentierte eine offene und nahezu materialistische Weltanschauung. Viele Sufis seiner Zeit f\u00fchlten sich ihm nahe.<\/p>\n<p style=\"text-align: justify;\">&nbsp;<\/p>\n<h4 style=\"text-align: justify;\"><strong>Mohammad ibn Zakariya al-Razi (Rasis)<\/strong><\/h4>\n<p style=\"text-align: justify;\">Mohammad ibn Zakariy Razi, der&nbsp; im Westen unter dem Namen Rasis bekannt ist, kam Mitte des 9. Jahrhunderts in der Stadt Ray \u2013s\u00fcdlich des heutigen Tehrans- zur Welt. Er geh\u00f6rt zu den wichtigsten Philosophen, Naturwissenschaftlern und Alchemisten seiner Zeit und hat eine Vielzahl von B\u00fcchern und Manuskripten hinterlassen, unter anderem das Buch \u201eKetabol-Teb-Al-Manssuri\u201c, ein Medizinbuch das er dem Manssur ibn Ishagh, dem damaligen Herrscher &nbsp;von Ray gewidmet hatte. Einiger B\u00e4nder dieses Buches sind sp\u00e4ter in Europa gedruckt und gelehrt worden.<\/p>\n<p style=\"text-align: justify;\">Er studierte in Bagdad Medizin und kehrte nach dem Studium zur\u00fcck in seine Geburtsstadt Ray, wo er auch den Rest seines Lebens verbrachte.<\/p>\n<p style=\"text-align: justify;\">Ber\u00fchmt ist er jedoch f\u00fcr die Gewinnung reinen Alkohols. In seinen Forschungen f\u00fcr die Sterilisation von Leichnamen ist ihm durch die Destillation von Wein die Gewinnung von Alkohol gelungen. Er nannte die verbliebene Substanz \u201eAlkol\u201c, was im Arabischen \u201edie Gesamtheit\u201c bedeutet.<\/p>\n<p style=\"text-align: justify;\">&nbsp;<\/p>\n<h4 style=\"text-align: justify;\">Firouz Naderi<\/h4>\n<p style=\"text-align: justify;\">Firouz Naderi wurde am 25. M\u00e4rz 1946 in Schiraz geboren. Seine Kindheit verbrachte er in Schiraz und zog nach der Grundschule mit seiner Familie nach Tehran, wo er das Abitur absolvierte.<\/p>\n<p style=\"text-align: justify;\">Naderi begann das Studium der Elektrotechnik an der Universit\u00e4t in Schiraz. Seinen Bachelorgrad absolvierte er an der Iowa State University in den USA. Sp\u00e4ter erlangte er den Master- und Doktortitel an der University of Southern California.<\/p>\n<p style=\"text-align: justify;\">Nach seinem Studium kehrte er in den Iran zur\u00fcck, absolvierte seinen Wehrdienst und arbeitete eine Zeit lang an dem Iranischen Fernerkundungsinstitut. Nach drei Jahren verlie\u00df er jedoch Iran Richtung USA.<\/p>\n<p style=\"text-align: justify;\">In seiner 37-j\u00e4hrigen Karriere war Dr. Naderi f\u00fcr unterschiedliche Projekte der NASA verantwortlich.<\/p>\n<p style=\"text-align: justify;\">1979 trat er dem Programm zur Erforschung des Sonnensystems der NASA \u201eJet Propulsion Laboratory\u201c (JPL) bei und war von 2011 bis 2016 Leiter des Programmes.<\/p>\n<p style=\"text-align: justify;\">In den Jahren 1996 bis 2000 war er Leiter des Nasa-Programms \u201eOrigins\u201c, zur Suche von erd\u00e4hnlichen Planeten im Sonnensystem.<\/p>\n<p style=\"text-align: justify;\">Von 2000 bis 2005 war er Leiter des Programms zur Mars Erforschung (Mars Exploration Programm). Dabei trug er zur Neuaufstellung des Programmes bei und war an der Entwicklung einer Missionen zur Erfoschung des Marses und Raketenabsch\u00fcssen zum Mars beteiligt. Das Programm erzielte gro\u00dfe Erfolge, es gab mehrere Landungen unter anderem die Landung der Marssonden Spirit und Opportunity. Vor seiner Leitung waren mehrere Missionen zum Mars gescheitert.<\/p>\n<p style=\"text-align: justify;\">Von 2005 bis 2001 war er stellvertretender der Abteilungsleiter der \u201eProject Formulation and Strategy\u201c.<\/p>\n<p style=\"text-align: justify;\">Zwischen 2005 und 2011 war er als Leiter der Abteilung &#8222;Project Formulation and Strategy&#8220; verantwortlich f\u00fcr das Anwerben neuer Gesch\u00e4ftsfelder und der strategischen Planung zust\u00e4ndig.<\/p>\n<p style=\"text-align: justify;\">2011 erreichte er den H\u00f6hepunkt seiner Karriere und wurde Leiter des Programms zur Erforschung des Sonnensystems. Bis 2016 blieb er in der Leitungsposition.<\/p>\n<p style=\"text-align: justify;\">Auszeichnungen und Ehrungen:<\/p>\n<p style=\"text-align: justify;\">2010 Wiliam Randolf Lawlis Preis von der AAS<\/p>\n<p style=\"text-align: justify;\">2005 Ellis Island Medal of Honor<\/p>\n<p style=\"text-align: justify;\">2004 Liberal Prize<\/p>\n<p style=\"text-align: justify;\">NASA Outstanding Leadership Medal<\/p>\n<p style=\"text-align: justify;\">2016 benannte die NASA einen Asteroiden 5515 EL 1 1989 nach ihm.<\/p>\n<p style=\"text-align: justify;\">&nbsp;<\/p>\n<h4 style=\"text-align: justify;\">Dr. Mahmoud Hessabi<\/h4>\n<p style=\"text-align: justify;\">Der Physiker Mahmoud Hessabi kam am 23. Februar 1903 in Tehran zur Welt.&nbsp; Sein Studium im Stra\u00dfenbauwesen und Raumplanung absolvierte an der franz\u00f6sischen Universit\u00e4t von Beirut. Nach dem er sein Studium mit einem Diplom im Bauingenieurwesen abgeschlossen hatte, nahm er eine Arbeit bei einem franz\u00f6sischen Unternehmen auf. Ein Jahr sp\u00e4ter (1924) im Alter von 21 Jahren, entschloss er sich f\u00fcr ein Studium der Elektrotechnik an der Universit\u00e4t in Paris. Er studierte ein Jahr und nahm ein weiteres Studium im Fach Mineralogie auf. Gleichzeitig arbeitete er bei der franz\u00f6sischen Bahn und auch f\u00fcr kurze Zeit in einem Kohlekraftwerk. Doch sein Interesse an die Wissenschaft brachte ihn zur\u00fcck ins Studium. Mit gerade mal 25 Jahren erhielt er seinen Doktortitel.<\/p>\n<p style=\"text-align: justify;\">Im Jahr 1929, mit 26 Jahren, kehrte er in seine Heimat Iran zur\u00fcck und gr\u00fcndete in der Stadt Buschehr das erste Zentrum f\u00fcr Vermessung und Geomatik.<\/p>\n<p style=\"text-align: justify;\">1930 gr\u00fcndete er die Hochschule f\u00fcr Bauingenieurwesen. Er gr\u00fcndete die radiologische Klinik des Landes und baute das erste iranische Radio. Es folgten mehre Projekte unter anderem, die Gr\u00fcndung des ersten metereologischen Zentrums und des ersten Privatkrankenhauses, das er nach seiner Mutter \u201eGoharschad\u201c benannte.<\/p>\n<p style=\"text-align: justify;\">Dr. Hessabi verstarb am 03. August 1992 im Alter von 90 Jahren in Genf. Er wurde in Tafresch (Iran), die Heimatstadt seiner Eltern, beigesetzt.<\/p>\n<p style=\"text-align: justify;\"><strong>Politische \u00c4mter:<\/strong><\/p>\n<p style=\"text-align: justify;\">Mit Gr\u00fcndung des Senats, der zweiten Kammer des iranischen Parlaments, im Jahr 1949, wurde er seitens des Schahs Mohammad-Reza Pahlavi zu einer der 30 Senatoren gew\u00e4hlt.<\/p>\n<p style=\"text-align: justify;\">1951-1952 war er Kulturminister im Kabinett von Dr. Mosadegh.<\/p>\n<p style=\"text-align: justify;\">&nbsp;<\/p>\n<h4 style=\"text-align: justify;\"><strong>Abu Ali Sina (Avicenna)<\/strong><\/h4>\n<p style=\"text-align: justify;\">Abu Ali Sina ist einer der gr\u00f6\u00dften Wissenschaftler des Mittelalters. Mit seinem Buch \u201eKanon der Medizin\u201c hat er sich verewigt.<\/p>\n<p style=\"text-align: justify;\">Latinisiert heisst er Avicenna, sein voller Name lautet jedoch Abu Ali al-Husain ibn Abd Allah ibn Sana. Er lebte im 10. Jahrhundert. Er war nicht nur Naturwissenschaftler, sondern auch Philosoph und Dichter und ein Universalgelehrter. Insgesamt hat er 450 Werke verfasst, von denen 240 heute noch bestehen, darunter 150 B\u00fccher \u00fcber Philosophie und 40 B\u00fccher \u00fcber die Medizin. Neben dem Kanon der Medizin, der seinerzeit als Enzyklop\u00e4die der Medizin galt, hat er mit seinem Buch \u201eSchafa\u201c (Genesung) ein gro\u00dfartiges philosophisches Werk geschaffen, das einst als Nachschlagwerk und Lexika galt. Das Werk \u201eKanon der Medizin\u201c wurde bis 1650 gelehrt. In seinem Werk beschreibt er die Bedingungen des Auftretens von Krankheiten und befasst sich auch mit der Humoralpathologie.<\/p>\n<p style=\"text-align: justify;\">Neben der Naturwissenschaft befasst er sich auch mit der Astronomie.<\/p>\n<p style=\"text-align: justify;\">Seine Werke hat er in der damaligen Verkehrs- und Wissenschaftssprache verfasst. Seine Muttersprache war jedoch Persisch.<\/p>\n<p style=\"text-align: justify;\">Sein Grab liegt in Hamadan.<\/p>\n<p style=\"text-align: justify;\">&nbsp;<\/p>\n<h4 style=\"text-align: justify;\"><strong>Professor Madjid Samii<\/strong><\/h4>\n<p style=\"text-align: justify;\">Professor Madjid Samiie (geboren am 19. Juni 1937 in Tehran) ist &nbsp;derzeit einer der weltweit besten und bekanntesten Neurochirurgen.<\/p>\n<p style=\"text-align: justify;\">Er absolvierte sein Abitur im Iran, danach zog er nach Deutschland und studierte an der Universit\u00e4t Mainz Medizin.<\/p>\n<p style=\"text-align: justify;\">1963 schloss er sein Medizinstudium erfolgreich ab. Ein Jahr sp\u00e4ter promovierte er. 1965, mit gerade Mal 32 Jahren, wurde er wissenschaftlicher Assistent an der Neurochirurgischen Universit\u00e4tsklinik in Mainz. Kurze Zeit sp\u00e4ter wurde er zum Facharzt f\u00fcr Neurochirurgie. Zeitgleich war er stellvertretender Klinikdirektor und Facharzt. Er habilitierte und wurde zum Professor ernannt.<\/p>\n<p style=\"text-align: justify;\">Den Posten als Direktor der medizinischen Fakult\u00e4t f\u00fcr Neurochirurgie an der iranischen Staatsuniversit\u00e4t (Schahid Beheschti) lehnte er ab. 1977 erhielt er den Direktorenposten an der Neurochirurgischen Klinik im <a href=\"https:\/\/de.wikipedia.org\/wiki\/Klinikum_Nordstadt\">Nordstadtkrankenhaus<\/a> in <a href=\"https:\/\/de.wikipedia.org\/wiki\/Hannover\">Hannover<\/a>. Diesen Posten hatte er bis 2003 inne.<\/p>\n<p style=\"text-align: justify;\">1979 leitete er die erste Ausbildung zur Sch\u00e4delbasischirurgie in Hannover. Er lehnte die Rufe mehrer Universit\u00e4ten unter anderem ab und entschied sich f\u00fcr den Standort Hannover.<\/p>\n<p style=\"text-align: justify;\">2004 wurde er zum Pr\u00e4sident der INI in China (International Neuroscience Institut) und f\u00fchrte die chirurgischen Kurse. Im selben Jahr erhielt er eine Berufung der Sozialen Sicherheitsorganisation auf einen Direktorenposten an dem Neurochururgischen Milad-Krankenhaus in Tehran, den er annahm.<\/p>\n<p style=\"text-align: justify;\">Im Laufe seiner Karriere hat er eine Vielzahl von Studenten ausgebildet. Eine Gruppe seiner Stundenten gr\u00fcndete den Zusammenschluss der Sch\u00fcler, Freunde und Weggef\u00e4hrten von Madjid Samii (MASCIN, Madjid Samii Congress of International Neurosurgeons), der sp\u00e4ter zu MASSIN unbenannt wurde (Madjid Samii Society of interantional Neurosurgery).<\/p>\n<p style=\"text-align: justify;\">2011 stiftete die Weltorganisation der Neurochirurgen (World Federation of Neurosurgical Societies, WFNS) einen mit 10.000&nbsp;Euro dotierten Preis f\u00fcr den weltweit besten Neurochirurgen mit dem Namen Madjid-Samii-Medaille.<\/p>\n<p style=\"text-align: justify;\">Im Rahmen einer Bildungsoffensive ernannte ihn die Weltorganisation der Neurochirurgen zum ihrem Botschafter in Afrika. In dem Rahmen leitete Samii das Projekt \u201eAfrika 100\u201c. 100 afrikanischen \u00c4rzte wurde eine sechsj\u00e4hrige Fortbildung zum Neurochirurgen erm\u00f6glicht &nbsp;&nbsp;Das Afrika-Engagement hat viele Unterst\u00fctzer gefunden, daraufhin ehrte ihn der Presseclub Hannover mit dem Leibniz-Ring-Hannover.<\/p>\n<p style=\"text-align: justify;\">Madjid Samii hat bis jetzt 17 Fachb\u00fccher verfasst und \u00fcber 500 wissenschaftliche Artikel ver\u00f6ffentlicht.<\/p>\n<p style=\"text-align: justify;\">&nbsp;<\/p>\n<h4 style=\"text-align: justify;\"><strong>Maryam Mirzakhani<\/strong><\/h4>\n<p style=\"text-align: justify;\">Maryam Mirzakhani, geboren am 12. Mai 1977 in Tehran, ist bis jetzt die einzige Frau, die mit der Fields Medaille ausgezeichnet wurde. Sie absolvierte ihr Abitur an dem Elitegymnasium f\u00fcr besonders Begabte \u201eFarzanegan\u201c in Tehran. Bei einem landesweiten mathematischen Talentwettbewerb erhielt sie eine Goldmedaille. Kurze Zeit sp\u00e4ter erlangte sie bei der internationalen Mathematik Olympiade in Hong Kong mit 41 Punkten die Goldmedaille. Ein Jahr sp\u00e4ter erlangte sie bei der Internationalen Mathematik Olympiade&nbsp; in Kanada die h\u00f6chste Punktezahl, n\u00e4mlich 42 Punkte, &nbsp;und erhielt die Goldmedaille. Sie war die erste Person, die es geschafft hat, die volle Punktezahl in der Mathematik Olympiade zu erreichen. Nach dem Abitur studierte sie an der Eliteuniversit\u00e4t \u201eScharif\u201c in Tehran. Wider Erwarten entschied sie sich nicht f\u00fcr ein Studium der Elektrotechnik und entschloss sich f\u00fcr ihre Leidenschaft Mathematik. 1999 absolvierte sie ihren Bachlor in Mathematik. Danach zog sie in die USA und studierte an der Harvard Universit\u00e4t. 2004 promovierte sie bei Curtis McMullen. Sie erhielt einen Ruf als Assistant Professor an der <a href=\"https:\/\/de.wikipedia.org\/wiki\/Princeton_University\">Princeton University<\/a>. 2008 wurde sie zu einer Professur an die Universit\u00e4t in Stanford berufen.<\/p>\n<p style=\"text-align: justify;\">Sie befasste sich mit der \u201eHyperbolischen Geometrie\u201c, die bereits seit Langem durch etliche Mathematiker erforscht wurde und wird. Es gelang ihr, eine pr\u00e4zise Berechnungsmethode f\u00fcr die Messung der Entfernungen in der hyperbolischen Welt zu Geod\u00e4ten und Kurven zu entwickeln und er\u00f6ffnete einen neuen Beweis auf die l\u00f6chrigen Fl\u00e4chen.<\/p>\n<p style=\"text-align: justify;\">Das US-Magazin Popular Science w\u00e4hlte sie unter den 10 brillantesten K\u00f6pfen bzw. Genies.<\/p>\n<p style=\"text-align: justify;\">Die American Mathematical Society verlieh ihr 2009 Blumenthal-Preis.<\/p>\n<p style=\"text-align: justify;\">2010 gelang ihr der Beweis der Geometisierungsvermutungen von William Thursston hinsichtlich des von Thurston eingef\u00fchrte Erdbeben-Fluss.<\/p>\n<p style=\"text-align: justify;\">Gemeinsam mit den Mathematikern&nbsp; Amir Mohammadi&nbsp; und Alex Eskin erforschte sie die die Bewegungsbahn einer Billardkugel auf einem polygonalen Spieltisch und wendete dabei ihre Erkenntnisse Struktur der Riemannschen Fl\u00e4chen an.<\/p>\n<p style=\"text-align: justify;\">2014 erhielt sie als erste Frau die Fields Medaille. Diese Medaille, \u201eInternationale Medaille f\u00fcr herausragende Entdeckungen in der Mathematik\u201c, wird alle vier Jahre vergeben.<\/p>\n<p style=\"text-align: justify;\">Maryam Mirzakhani verstarb 2017 infolge einer Brustkrebserkrankung.<\/p>\n<\/div><\/section>\n","protected":false},"excerpt":{"rendered":"","protected":false},"author":1,"featured_media":0,"parent":0,"menu_order":0,"comment_status":"closed","ping_status":"closed","template":"","meta":{"ngg_post_thumbnail":0,"footnotes":""},"yoast_head":"<!-- This site is optimized with the Yoast SEO Premium plugin v22.0 (Yoast SEO v22.0) - https:\/\/yoast.com\/wordpress\/plugins\/seo\/ -->\n<title>FAMOUS IRANIAN SCIENTISTS - Best Iran Tours &amp; Travel Packages 2026\/2027<\/title>\n<meta name=\"robots\" content=\"index, follow, max-snippet:-1, max-image-preview:large, max-video-preview:-1\" \/>\n<link rel=\"canonical\" href=\"https:\/\/irangashttour.com\/famous-iranian-scientists\/\" \/>\n<meta property=\"og:locale\" content=\"de_DE\" \/>\n<meta property=\"og:type\" content=\"article\" \/>\n<meta property=\"og:title\" content=\"FAMOUS IRANIAN SCIENTISTS\" \/>\n<meta property=\"og:url\" content=\"https:\/\/irangashttour.com\/famous-iranian-scientists\/\" \/>\n<meta property=\"og:site_name\" content=\"Best Iran Tours &amp; Travel Packages 2026\/2027\" \/>\n<meta property=\"article:publisher\" content=\"https:\/\/www.facebook.com\/gashttour.shiraz.5\" \/>\n<meta property=\"article:modified_time\" content=\"2020-07-01T08:44:23+00:00\" \/>\n<meta name=\"twitter:card\" content=\"summary_large_image\" \/>\n<meta name=\"twitter:site\" content=\"@irangashttour\" \/>\n<meta name=\"twitter:label1\" content=\"Gesch\u00e4tzte Lesezeit\" \/>\n\t<meta name=\"twitter:data1\" content=\"9\u00a0Minuten\" \/>\n<script type=\"application\/ld+json\" class=\"yoast-schema-graph\">{\"@context\":\"https:\/\/schema.org\",\"@graph\":[{\"@type\":\"WebPage\",\"@id\":\"https:\/\/irangashttour.com\/famous-iranian-scientists\/\",\"url\":\"https:\/\/irangashttour.com\/famous-iranian-scientists\/\",\"name\":\"FAMOUS IRANIAN SCIENTISTS - Best Iran Tours &amp; Travel Packages 2026\/2027\",\"isPartOf\":{\"@id\":\"https:\/\/irangashttour.com\/#website\"},\"datePublished\":\"2020-07-01T08:26:13+00:00\",\"dateModified\":\"2020-07-01T08:44:23+00:00\",\"breadcrumb\":{\"@id\":\"https:\/\/irangashttour.com\/famous-iranian-scientists\/#breadcrumb\"},\"inLanguage\":\"de\",\"potentialAction\":[{\"@type\":\"ReadAction\",\"target\":[\"https:\/\/irangashttour.com\/famous-iranian-scientists\/\"]}]},{\"@type\":\"BreadcrumbList\",\"@id\":\"https:\/\/irangashttour.com\/famous-iranian-scientists\/#breadcrumb\",\"itemListElement\":[{\"@type\":\"ListItem\",\"position\":1,\"name\":\"Home\",\"item\":\"https:\/\/irangashttour.com\/de\/iran-reisen\/\"},{\"@type\":\"ListItem\",\"position\":2,\"name\":\"FAMOUS IRANIAN SCIENTISTS\"}]},{\"@type\":\"WebSite\",\"@id\":\"https:\/\/irangashttour.com\/#website\",\"url\":\"https:\/\/irangashttour.com\/\",\"name\":\"Best Iran Tour Packages 2025\",\"description\":\"Discover Iran with Gashttour Travel Agency\",\"publisher\":{\"@id\":\"https:\/\/irangashttour.com\/#organization\"},\"potentialAction\":[{\"@type\":\"SearchAction\",\"target\":{\"@type\":\"EntryPoint\",\"urlTemplate\":\"https:\/\/irangashttour.com\/?s={search_term_string}\"},\"query-input\":\"required name=search_term_string\"}],\"inLanguage\":\"de\"},{\"@type\":\"Organization\",\"@id\":\"https:\/\/irangashttour.com\/#organization\",\"name\":\"GASHTTOUR TRAVEL & TOUR AGENCY\",\"url\":\"https:\/\/irangashttour.com\/\",\"logo\":{\"@type\":\"ImageObject\",\"inLanguage\":\"de\",\"@id\":\"https:\/\/irangashttour.com\/#\/schema\/logo\/image\/\",\"url\":\"https:\/\/irangashttour.com\/wp-content\/uploads\/2020\/03\/irangashttour.jpg\",\"contentUrl\":\"https:\/\/irangashttour.com\/wp-content\/uploads\/2020\/03\/irangashttour.jpg\",\"width\":230,\"height\":230,\"caption\":\"GASHTTOUR TRAVEL & TOUR AGENCY\"},\"image\":{\"@id\":\"https:\/\/irangashttour.com\/#\/schema\/logo\/image\/\"},\"sameAs\":[\"https:\/\/www.facebook.com\/gashttour.shiraz.5\",\"https:\/\/twitter.com\/irangashttour\",\"https:\/\/www.instagram.com\/irangashttour\/\",\"https:\/\/www.linkedin.com\/in\/irangashttour\/\"]}]}<\/script>\n<!-- \/ Yoast SEO Premium plugin. -->","yoast_head_json":{"title":"FAMOUS IRANIAN SCIENTISTS - Best Iran Tours &amp; Travel Packages 2026\/2027","robots":{"index":"index","follow":"follow","max-snippet":"max-snippet:-1","max-image-preview":"max-image-preview:large","max-video-preview":"max-video-preview:-1"},"canonical":"https:\/\/irangashttour.com\/famous-iranian-scientists\/","og_locale":"de_DE","og_type":"article","og_title":"FAMOUS IRANIAN SCIENTISTS","og_url":"https:\/\/irangashttour.com\/famous-iranian-scientists\/","og_site_name":"Best Iran Tours &amp; Travel Packages 2026\/2027","article_publisher":"https:\/\/www.facebook.com\/gashttour.shiraz.5","article_modified_time":"2020-07-01T08:44:23+00:00","twitter_card":"summary_large_image","twitter_site":"@irangashttour","twitter_misc":{"Gesch\u00e4tzte Lesezeit":"9\u00a0Minuten"},"schema":{"@context":"https:\/\/schema.org","@graph":[{"@type":"WebPage","@id":"https:\/\/irangashttour.com\/famous-iranian-scientists\/","url":"https:\/\/irangashttour.com\/famous-iranian-scientists\/","name":"FAMOUS IRANIAN SCIENTISTS - Best Iran Tours &amp; Travel Packages 2026\/2027","isPartOf":{"@id":"https:\/\/irangashttour.com\/#website"},"datePublished":"2020-07-01T08:26:13+00:00","dateModified":"2020-07-01T08:44:23+00:00","breadcrumb":{"@id":"https:\/\/irangashttour.com\/famous-iranian-scientists\/#breadcrumb"},"inLanguage":"de","potentialAction":[{"@type":"ReadAction","target":["https:\/\/irangashttour.com\/famous-iranian-scientists\/"]}]},{"@type":"BreadcrumbList","@id":"https:\/\/irangashttour.com\/famous-iranian-scientists\/#breadcrumb","itemListElement":[{"@type":"ListItem","position":1,"name":"Home","item":"https:\/\/irangashttour.com\/de\/iran-reisen\/"},{"@type":"ListItem","position":2,"name":"FAMOUS IRANIAN SCIENTISTS"}]},{"@type":"WebSite","@id":"https:\/\/irangashttour.com\/#website","url":"https:\/\/irangashttour.com\/","name":"Best Iran Tour Packages 2025","description":"Discover Iran with Gashttour Travel Agency","publisher":{"@id":"https:\/\/irangashttour.com\/#organization"},"potentialAction":[{"@type":"SearchAction","target":{"@type":"EntryPoint","urlTemplate":"https:\/\/irangashttour.com\/?s={search_term_string}"},"query-input":"required name=search_term_string"}],"inLanguage":"de"},{"@type":"Organization","@id":"https:\/\/irangashttour.com\/#organization","name":"GASHTTOUR TRAVEL & TOUR AGENCY","url":"https:\/\/irangashttour.com\/","logo":{"@type":"ImageObject","inLanguage":"de","@id":"https:\/\/irangashttour.com\/#\/schema\/logo\/image\/","url":"https:\/\/irangashttour.com\/wp-content\/uploads\/2020\/03\/irangashttour.jpg","contentUrl":"https:\/\/irangashttour.com\/wp-content\/uploads\/2020\/03\/irangashttour.jpg","width":230,"height":230,"caption":"GASHTTOUR TRAVEL & TOUR AGENCY"},"image":{"@id":"https:\/\/irangashttour.com\/#\/schema\/logo\/image\/"},"sameAs":["https:\/\/www.facebook.com\/gashttour.shiraz.5","https:\/\/twitter.com\/irangashttour","https:\/\/www.instagram.com\/irangashttour\/","https:\/\/www.linkedin.com\/in\/irangashttour\/"]}]}},"_links":{"self":[{"href":"https:\/\/irangashttour.com\/de\/wp-json\/wp\/v2\/pages\/10829"}],"collection":[{"href":"https:\/\/irangashttour.com\/de\/wp-json\/wp\/v2\/pages"}],"about":[{"href":"https:\/\/irangashttour.com\/de\/wp-json\/wp\/v2\/types\/page"}],"author":[{"embeddable":true,"href":"https:\/\/irangashttour.com\/de\/wp-json\/wp\/v2\/users\/1"}],"replies":[{"embeddable":true,"href":"https:\/\/irangashttour.com\/de\/wp-json\/wp\/v2\/comments?post=10829"}],"version-history":[{"count":3,"href":"https:\/\/irangashttour.com\/de\/wp-json\/wp\/v2\/pages\/10829\/revisions"}],"predecessor-version":[{"id":10832,"href":"https:\/\/irangashttour.com\/de\/wp-json\/wp\/v2\/pages\/10829\/revisions\/10832"}],"wp:attachment":[{"href":"https:\/\/irangashttour.com\/de\/wp-json\/wp\/v2\/media?parent=10829"}],"curies":[{"name":"wp","href":"https:\/\/api.w.org\/{rel}","templated":true}]}}