{"id":11589,"date":"2020-08-12T10:49:40","date_gmt":"2020-08-12T10:49:40","guid":{"rendered":"https:\/\/irangashttour.com\/visa-for-u-s-u-k-canadian-citizens\/"},"modified":"2020-08-12T10:53:48","modified_gmt":"2020-08-12T10:53:48","slug":"visa-for-u-s-u-k-canadian-citizens","status":"publish","type":"page","link":"https:\/\/irangashttour.com\/de\/visa-for-u-s-u-k-canadian-citizens\/","title":{"rendered":"Visabedingungen f\u00fcr Staatsangeh\u00f6rige der USA, Gro\u00dfbritanniens und Kanadas"},"content":{"rendered":"\n<style type=\"text\/css\" data-created_by=\"avia_inline_auto\" id=\"style-css-av-fzd0m-9776a0ab53802c821a1c95661344590a\">\n.flex_column.av-fzd0m-9776a0ab53802c821a1c95661344590a{\nborder-radius:0px 0px 0px 0px;\n-webkit-border-radius:0px 0px 0px 0px;\n-moz-border-radius:0px 0px 0px 0px;\n}\n<\/style>\n<div class='flex_column av-fzd0m-9776a0ab53802c821a1c95661344590a av_one_full  avia-builder-el-0  el_before_av_one_full  avia-builder-el-first  first flex_column_div av-zero-column-padding '   ><section  class='av_textblock_section av-2qqedy-c5d4d497ec294d46ea6085deafc27b7c'  itemscope=\"itemscope\" itemtype=\"https:\/\/schema.org\/CreativeWork\" ><div class='avia_textblock'  itemprop=\"text\" ><p style=\"text-align: justify;\">Staatsangeh\u00f6rige der USA, Gro\u00dfbritannien und Kanada unterliegen speziellen Visabedingungen f\u00fcr die Einreise in den Iran. Sp\u00e4testens 80 Tage im Voraus, sollten die erforderlichen Ma\u00dfnahmen f\u00fcr den Antrag auf eine Visareferenznummer getroffen werden. F\u00fcr den Visaantrag bedarf es der Vorlage eines konkreten Reiseprogrammes, bzw. wird die Visareferenznummer und das sp\u00e4tere Visum nur im Zusammenhang mit einer gebuchten Reise bei einem iranischen Reiseveranstalter erteilt werden.<\/p>\n<p style=\"text-align: justify;\">Neben der Vorlage einer gebuchten Reise m\u00fcssen weitere Dokumente f\u00fcr den Antrag auf eine Visareferenznummer vorliegen:<\/p>\n<ol style=\"text-align: justify;\">\n<li>Ein Scan von der Hauptseite des g\u00fcltigen Reisepasses. Der Reisepass muss \u00fcber das Anreisedatum hinaus mindestens 6 Monate g\u00fcltig sen.<\/li>\n<li>Biometrische Passfotos (6&#215;4 cm), wei\u00dfer Hintergrund, ohne Brille und Hut oder M\u00fctze.<\/li>\n<li>Das korrekt ausgef\u00fcllte Formular f\u00fcr den Antrag auf eine Visareferenznummer.<\/li>\n<\/ol>\n<p style=\"text-align: justify;\">Des Weiteren werden zus\u00e4tzlich verlangt:<\/p>\n<ol style=\"text-align: justify;\">\n<li>Lebenslauf\/ beruflicher Werdegang<\/li>\n<li>Nachweis hinsichtlich der beruflichen T\u00e4tigkeit. Der Nachweis muss seitens des Arbeitgebers erstellt und abgestempelt werden.<\/li>\n<li>Angaben zur Mitgliedschaft in den sozialen Netzwerken.<\/li>\n<\/ol>\n<p style=\"text-align: justify;\">Beachte: Staatsangeh\u00f6rige der USA, Gro\u00dfbritanniens und Kanadas k\u00f6nnen das Land ausschlie\u00dflich im Zusammenhang mit einer gebuchten Reise und Vorlage eines Reiseprogramms bereisen. Ab Anreise bis zur Abreise ist eine Begleitung durch einen Reiseleiter vorgesehen.<\/p>\n<p style=\"text-align: justify;\">Soweit ein israelischer Einreisestempel im Reisepass eingetragen ist und der Aufenthalt nicht l\u00e4nger als ein Jahr zur\u00fcckliegt, wird die Visaerteilung f\u00fcr den Iran verwehrt.<\/p>\n<p style=\"text-align: justify;\">Klicken Sie hier um zum Antragsformular (Visareferenznummer) zu gelangen:<\/p>\n<\/div><\/section><\/div>\n<style type=\"text\/css\" data-created_by=\"avia_inline_auto\" id=\"style-css-av-8u5ra-68ca3678c3077819bac2decfad5a41e6\">\n.flex_column.av-8u5ra-68ca3678c3077819bac2decfad5a41e6{\nborder-width:20px;\nborder-color:#ededed;\nborder-style:solid;\nborder-radius:0px 0px 0px 0px;\n-webkit-border-radius:0px 0px 0px 0px;\n-moz-border-radius:0px 0px 0px 0px;\nbackground-color:#ededed;\n}\n<\/style>\n<div class='flex_column av-8u5ra-68ca3678c3077819bac2decfad5a41e6 av_one_full  avia-builder-el-2  el_after_av_one_full  avia-builder-el-last  first flex_column_div av-zero-column-padding column-top-margin'   ><\/div><\/p>\n","protected":false},"excerpt":{"rendered":"","protected":false},"author":1,"featured_media":0,"parent":0,"menu_order":0,"comment_status":"closed","ping_status":"closed","template":"","meta":{"ngg_post_thumbnail":0,"footnotes":""},"yoast_head":"<!-- This site is optimized with the Yoast SEO Premium plugin v22.0 (Yoast SEO v22.0) - https:\/\/yoast.com\/wordpress\/plugins\/seo\/ -->\n<title>Visabedingungen f\u00fcr Staatsangeh\u00f6rige der USA, Gro\u00dfbritanniens und Kanadas - Best Iran Tours &amp; Travel Packages 2026\/2027<\/title>\n<meta name=\"robots\" content=\"index, follow, max-snippet:-1, max-image-preview:large, max-video-preview:-1\" \/>\n<link rel=\"canonical\" href=\"https:\/\/irangashttour.com\/visa-for-u-s-u-k-canadian-citizens\/\" \/>\n<meta property=\"og:locale\" content=\"de_DE\" \/>\n<meta property=\"og:type\" content=\"article\" \/>\n<meta property=\"og:title\" content=\"Visabedingungen f\u00fcr Staatsangeh\u00f6rige der USA, Gro\u00dfbritanniens und Kanadas\" \/>\n<meta property=\"og:url\" content=\"https:\/\/irangashttour.com\/visa-for-u-s-u-k-canadian-citizens\/\" \/>\n<meta property=\"og:site_name\" content=\"Best Iran Tours &amp; Travel Packages 2026\/2027\" \/>\n<meta property=\"article:publisher\" content=\"https:\/\/www.facebook.com\/gashttour.shiraz.5\" \/>\n<meta property=\"article:modified_time\" content=\"2020-08-12T10:53:48+00:00\" \/>\n<meta name=\"twitter:card\" content=\"summary_large_image\" \/>\n<meta name=\"twitter:site\" content=\"@irangashttour\" \/>\n<meta name=\"twitter:label1\" content=\"Gesch\u00e4tzte Lesezeit\" \/>\n\t<meta name=\"twitter:data1\" content=\"3\u00a0Minuten\" \/>\n<script type=\"application\/ld+json\" class=\"yoast-schema-graph\">{\"@context\":\"https:\/\/schema.org\",\"@graph\":[{\"@type\":\"WebPage\",\"@id\":\"https:\/\/irangashttour.com\/visa-for-u-s-u-k-canadian-citizens\/\",\"url\":\"https:\/\/irangashttour.com\/visa-for-u-s-u-k-canadian-citizens\/\",\"name\":\"Visabedingungen f\u00fcr Staatsangeh\u00f6rige der USA, Gro\u00dfbritanniens und Kanadas - Best Iran Tours &amp; Travel Packages 2026\/2027\",\"isPartOf\":{\"@id\":\"https:\/\/irangashttour.com\/#website\"},\"datePublished\":\"2020-08-12T10:49:40+00:00\",\"dateModified\":\"2020-08-12T10:53:48+00:00\",\"breadcrumb\":{\"@id\":\"https:\/\/irangashttour.com\/visa-for-u-s-u-k-canadian-citizens\/#breadcrumb\"},\"inLanguage\":\"de\",\"potentialAction\":[{\"@type\":\"ReadAction\",\"target\":[\"https:\/\/irangashttour.com\/visa-for-u-s-u-k-canadian-citizens\/\"]}]},{\"@type\":\"BreadcrumbList\",\"@id\":\"https:\/\/irangashttour.com\/visa-for-u-s-u-k-canadian-citizens\/#breadcrumb\",\"itemListElement\":[{\"@type\":\"ListItem\",\"position\":1,\"name\":\"Home\",\"item\":\"https:\/\/irangashttour.com\/de\/iran-reisen\/\"},{\"@type\":\"ListItem\",\"position\":2,\"name\":\"Visabedingungen f\u00fcr Staatsangeh\u00f6rige der USA, Gro\u00dfbritanniens und Kanadas\"}]},{\"@type\":\"WebSite\",\"@id\":\"https:\/\/irangashttour.com\/#website\",\"url\":\"https:\/\/irangashttour.com\/\",\"name\":\"Best Iran Tour Packages 2025\",\"description\":\"Discover Iran with Gashttour Travel Agency\",\"publisher\":{\"@id\":\"https:\/\/irangashttour.com\/#organization\"},\"potentialAction\":[{\"@type\":\"SearchAction\",\"target\":{\"@type\":\"EntryPoint\",\"urlTemplate\":\"https:\/\/irangashttour.com\/?s={search_term_string}\"},\"query-input\":\"required name=search_term_string\"}],\"inLanguage\":\"de\"},{\"@type\":\"Organization\",\"@id\":\"https:\/\/irangashttour.com\/#organization\",\"name\":\"GASHTTOUR TRAVEL & TOUR AGENCY\",\"url\":\"https:\/\/irangashttour.com\/\",\"logo\":{\"@type\":\"ImageObject\",\"inLanguage\":\"de\",\"@id\":\"https:\/\/irangashttour.com\/#\/schema\/logo\/image\/\",\"url\":\"https:\/\/irangashttour.com\/wp-content\/uploads\/2020\/03\/irangashttour.jpg\",\"contentUrl\":\"https:\/\/irangashttour.com\/wp-content\/uploads\/2020\/03\/irangashttour.jpg\",\"width\":230,\"height\":230,\"caption\":\"GASHTTOUR TRAVEL & TOUR AGENCY\"},\"image\":{\"@id\":\"https:\/\/irangashttour.com\/#\/schema\/logo\/image\/\"},\"sameAs\":[\"https:\/\/www.facebook.com\/gashttour.shiraz.5\",\"https:\/\/twitter.com\/irangashttour\",\"https:\/\/www.instagram.com\/irangashttour\/\",\"https:\/\/www.linkedin.com\/in\/irangashttour\/\"]}]}<\/script>\n<!-- \/ Yoast SEO Premium plugin. -->","yoast_head_json":{"title":"Visabedingungen f\u00fcr Staatsangeh\u00f6rige der USA, Gro\u00dfbritanniens und Kanadas - Best Iran Tours &amp; Travel Packages 2026\/2027","robots":{"index":"index","follow":"follow","max-snippet":"max-snippet:-1","max-image-preview":"max-image-preview:large","max-video-preview":"max-video-preview:-1"},"canonical":"https:\/\/irangashttour.com\/visa-for-u-s-u-k-canadian-citizens\/","og_locale":"de_DE","og_type":"article","og_title":"Visabedingungen f\u00fcr Staatsangeh\u00f6rige der USA, Gro\u00dfbritanniens und Kanadas","og_url":"https:\/\/irangashttour.com\/visa-for-u-s-u-k-canadian-citizens\/","og_site_name":"Best Iran Tours &amp; Travel Packages 2026\/2027","article_publisher":"https:\/\/www.facebook.com\/gashttour.shiraz.5","article_modified_time":"2020-08-12T10:53:48+00:00","twitter_card":"summary_large_image","twitter_site":"@irangashttour","twitter_misc":{"Gesch\u00e4tzte Lesezeit":"3\u00a0Minuten"},"schema":{"@context":"https:\/\/schema.org","@graph":[{"@type":"WebPage","@id":"https:\/\/irangashttour.com\/visa-for-u-s-u-k-canadian-citizens\/","url":"https:\/\/irangashttour.com\/visa-for-u-s-u-k-canadian-citizens\/","name":"Visabedingungen f\u00fcr Staatsangeh\u00f6rige der USA, Gro\u00dfbritanniens und Kanadas - Best Iran Tours &amp; Travel Packages 2026\/2027","isPartOf":{"@id":"https:\/\/irangashttour.com\/#website"},"datePublished":"2020-08-12T10:49:40+00:00","dateModified":"2020-08-12T10:53:48+00:00","breadcrumb":{"@id":"https:\/\/irangashttour.com\/visa-for-u-s-u-k-canadian-citizens\/#breadcrumb"},"inLanguage":"de","potentialAction":[{"@type":"ReadAction","target":["https:\/\/irangashttour.com\/visa-for-u-s-u-k-canadian-citizens\/"]}]},{"@type":"BreadcrumbList","@id":"https:\/\/irangashttour.com\/visa-for-u-s-u-k-canadian-citizens\/#breadcrumb","itemListElement":[{"@type":"ListItem","position":1,"name":"Home","item":"https:\/\/irangashttour.com\/de\/iran-reisen\/"},{"@type":"ListItem","position":2,"name":"Visabedingungen f\u00fcr Staatsangeh\u00f6rige der USA, Gro\u00dfbritanniens und Kanadas"}]},{"@type":"WebSite","@id":"https:\/\/irangashttour.com\/#website","url":"https:\/\/irangashttour.com\/","name":"Best Iran Tour Packages 2025","description":"Discover Iran with Gashttour Travel Agency","publisher":{"@id":"https:\/\/irangashttour.com\/#organization"},"potentialAction":[{"@type":"SearchAction","target":{"@type":"EntryPoint","urlTemplate":"https:\/\/irangashttour.com\/?s={search_term_string}"},"query-input":"required name=search_term_string"}],"inLanguage":"de"},{"@type":"Organization","@id":"https:\/\/irangashttour.com\/#organization","name":"GASHTTOUR TRAVEL & TOUR AGENCY","url":"https:\/\/irangashttour.com\/","logo":{"@type":"ImageObject","inLanguage":"de","@id":"https:\/\/irangashttour.com\/#\/schema\/logo\/image\/","url":"https:\/\/irangashttour.com\/wp-content\/uploads\/2020\/03\/irangashttour.jpg","contentUrl":"https:\/\/irangashttour.com\/wp-content\/uploads\/2020\/03\/irangashttour.jpg","width":230,"height":230,"caption":"GASHTTOUR TRAVEL & TOUR AGENCY"},"image":{"@id":"https:\/\/irangashttour.com\/#\/schema\/logo\/image\/"},"sameAs":["https:\/\/www.facebook.com\/gashttour.shiraz.5","https:\/\/twitter.com\/irangashttour","https:\/\/www.instagram.com\/irangashttour\/","https:\/\/www.linkedin.com\/in\/irangashttour\/"]}]}},"_links":{"self":[{"href":"https:\/\/irangashttour.com\/de\/wp-json\/wp\/v2\/pages\/11589"}],"collection":[{"href":"https:\/\/irangashttour.com\/de\/wp-json\/wp\/v2\/pages"}],"about":[{"href":"https:\/\/irangashttour.com\/de\/wp-json\/wp\/v2\/types\/page"}],"author":[{"embeddable":true,"href":"https:\/\/irangashttour.com\/de\/wp-json\/wp\/v2\/users\/1"}],"replies":[{"embeddable":true,"href":"https:\/\/irangashttour.com\/de\/wp-json\/wp\/v2\/comments?post=11589"}],"version-history":[{"count":2,"href":"https:\/\/irangashttour.com\/de\/wp-json\/wp\/v2\/pages\/11589\/revisions"}],"predecessor-version":[{"id":11592,"href":"https:\/\/irangashttour.com\/de\/wp-json\/wp\/v2\/pages\/11589\/revisions\/11592"}],"wp:attachment":[{"href":"https:\/\/irangashttour.com\/de\/wp-json\/wp\/v2\/media?parent=11589"}],"curies":[{"name":"wp","href":"https:\/\/api.w.org\/{rel}","templated":true}]}}