{"id":11593,"date":"2020-08-12T11:03:22","date_gmt":"2020-08-12T11:03:22","guid":{"rendered":"https:\/\/irangashttour.com\/visa-services\/"},"modified":"2020-08-12T11:07:36","modified_gmt":"2020-08-12T11:07:36","slug":"visa-services","status":"publish","type":"page","link":"https:\/\/irangashttour.com\/de\/visa-services\/","title":{"rendered":"VISA SERVICES"},"content":{"rendered":"\n<style type=\"text\/css\" data-created_by=\"avia_inline_auto\" id=\"style-css-av-fzd0m-9776a0ab53802c821a1c95661344590a\">\n.flex_column.av-fzd0m-9776a0ab53802c821a1c95661344590a{\nborder-radius:0px 0px 0px 0px;\n-webkit-border-radius:0px 0px 0px 0px;\n-moz-border-radius:0px 0px 0px 0px;\n}\n<\/style>\n<div class='flex_column av-fzd0m-9776a0ab53802c821a1c95661344590a av_one_full  avia-builder-el-0  el_before_av_one_full  avia-builder-el-first  first flex_column_div av-zero-column-padding '   ><section  class='av_textblock_section av-2qqedy-c5d4d497ec294d46ea6085deafc27b7c'  itemscope=\"itemscope\" itemtype=\"https:\/\/schema.org\/CreativeWork\" ><div class='avia_textblock'  itemprop=\"text\" ><p style=\"text-align: justify;\">Antrag auf Visareferenznummer f\u00fcr den Iran\/ Visaantrag<\/p>\n<p style=\"text-align: justify;\">F\u00fcr die Einreise in den Iran wird ein Visum ben\u00f6tigt. Das Visum wird je nach Wohnort durch die jeweiligen iranischen Vertreteungen ausgestellt. F\u00fcr den Antrag auf ein Visum ben\u00f6tigen Sie jedoch zun\u00e4chst eine Authorisierungsnummer (Visareferenznummer). Diese Authorisierungsnummer kann Gashttour als Ihr iranischer Reiseveranstalte&nbsp; f\u00fcr Sie beantagen.<\/p>\n<p style=\"text-align: justify;\">Beachte: Der Antrag auf eine Authorisierungsnummer durch Gashttour erfolgt nur im Zusammenhang mit der Buchung einer&nbsp; Iranreise oder der Buchung von mindestens drei Hotel\u00fcbernachtungen im Iran \u00fcber Gashttour. Einzelantr\u00e4ge werden nicht bearbeitet.<\/p>\n<p style=\"text-align: justify;\"><img fetchpriority=\"high\" decoding=\"async\" class=\"alignnone size-full wp-image-8892\" src=\"https:\/\/irangashttour.com\/wp-content\/uploads\/2020\/03\/VISA-SERVICES.jpg\" alt=\"IRAN VISA\" width=\"1000\" height=\"547\" srcset=\"https:\/\/irangashttour.com\/wp-content\/uploads\/2020\/03\/VISA-SERVICES.jpg 1000w, https:\/\/irangashttour.com\/wp-content\/uploads\/2020\/03\/VISA-SERVICES-300x164.jpg 300w, https:\/\/irangashttour.com\/wp-content\/uploads\/2020\/03\/VISA-SERVICES-768x420.jpg 768w, https:\/\/irangashttour.com\/wp-content\/uploads\/2020\/03\/VISA-SERVICES-705x386.jpg 705w\" sizes=\"(max-width: 1000px) 100vw, 1000px\" \/><\/p>\n<p style=\"text-align: justify;\">Notwendige Unterlagen f\u00fcr den Antrag auf eine Visareferenznummer:<\/p>\n<ol style=\"text-align: justify;\">\n<li>Ein Farbscan von der Hauptseite des g\u00fcltigen Reisepasses. Der Reisepass muss \u00fcber das Anreisedatum hinaus mindestens 6 Monate g\u00fcltig sein.<\/li>\n<\/ol>\n<p style=\"text-align: justify;\"><em>Beachte: Bei einem eingetragenen israelischen Einreisestempel wird die Visaerteilung verwehrt, wenn der Aufenthalt in Israel nicht mindestend ein Jahr zur\u00fcckliegt.<\/em><\/p>\n<ol style=\"text-align: justify;\" start=\"2\">\n<li>Das komplett ausgef\u00fcllte Visaformular mit Angaben zum Antragssteller, Telefonnummer und Email jeder Person.&nbsp;<\/li>\n<\/ol>\n<p style=\"text-align: justify;\">Pauschale berufliche Bezeichnungen wie&nbsp; \u201eAgestellter\u201c oder \u201eArbeiter\u201c sind zu konkretisieren.<\/p>\n<ol style=\"text-align: justify;\" start=\"3\">\n<li>Ein biometrisches Passfoto, ohne Brille (auch wenn die Person Brillentr\u00e4gerin ist, muss das Foto ohne Brille sein), eingescannt an Gashttour per Email schicken.<\/li>\n<\/ol>\n<p style=\"text-align: justify;\">Dateigr\u00f6\u00dfe: ab 500Kb<\/p>\n<p style=\"text-align: justify;\">Das biometrische Foto darf nicht \u00e4lter als 6 Monate sein.<\/p>\n<p style=\"text-align: justify;\">Die Bearbeitungszeit f\u00fcr die Erteilung der Visareferenznummer dauert 7 bis 10 Werktage*.<\/p>\n<p style=\"text-align: justify;\">Zu Werktagen z\u00e4hlen nicht:&nbsp; Donnerstag und Freitag sowie offizielle Feiertage nach iranischem Kalender.<\/p>\n<p style=\"text-align: justify;\">Sobald die Visareferenznummer\/Authorisierungsnummer durch das iranische Au\u00dfenministerium erteilt worden ist, erh\u00e4lt der Antragssteller diese per Email von Gashttour zugeschickt.<\/p>\n<p style=\"text-align: justify;\">Nach Erhalt der Visareferenznummer kann der Antragssteller das Visum bei der iranischen Vertretung beantragen. Die Bearbeitungszeit f\u00fcr die Visaerteilung ist abh\u00e4ngig vom Arbeitspensum der jeweiligen iranischen Vertretung und sollte im Voraus erfragt werden. In der Regel betr\u00e4gt die Arbeistzeit 14 bis 20 Tage.<\/p>\n<p style=\"text-align: justify;\"><em><u>Link zum Visaformular<\/u><\/em><\/p>\n<p style=\"text-align: justify;\">* Beachte: Im Zeitraum 05 M\u00e4rz-02 April, kommt es aufgrund des iranischen Neujahrsfeste, zu l\u00e4ngeren Bearbeitungszeiten.<\/p>\n<p style=\"text-align: justify;\">Iranische Vertretungen in Deutschland:<\/p>\n<table width=\"595\">\n<tbody>\n<tr>\n<td width=\"149\"><strong>Vertretung<\/strong><\/td>\n<td width=\"198\"><strong>Postleitzahl<\/strong><\/td>\n<td width=\"248\"><strong>Webseite<\/strong><\/td>\n<\/tr>\n<tr>\n<td width=\"149\">Iranisches Konsulat in Hamburg<\/td>\n<td width=\"198\"><strong>20xxx bis 33xxx , 37xxx , 38xxx , 48xxx , 49xxx<\/strong><\/td>\n<td width=\"248\"><a href=\"http:\/\/www.iranhamburg.de\/deutsch\">www.iranhamburg.de\/deutsch<\/a><\/td>\n<\/tr>\n<tr>\n<td width=\"149\">Iranisches Konsulat in Frankfurt<\/td>\n<td width=\"198\"><strong>34000-37000<\/strong><strong>\u060c <\/strong><strong>40000-48000<\/strong><strong>\u060c <\/strong><strong>50000-68000<\/strong><\/p>\n<p><strong>Hessen, Saarland, Rheinland-Pfalz, Nordrhein-Westfalen<\/strong><strong><br \/>\n(Ausgenommen M\u00fcnster und Detmold)<\/strong><\/td>\n<td width=\"248\"><a href=\"http:\/\/www.irangk.de\/deutsch\/index_d.html\">http:\/\/www.irangk.de\/deutsch\/index_d.html<\/a><\/td>\n<\/tr>\n<tr>\n<td width=\"149\">Iranisches Konsulat in M\u00fcnchen<\/td>\n<td width=\"198\"><strong>Freistaat Bayern<\/strong><\/p>\n<p><strong>Bundesland Baden-W\u00fcrttemberg<\/strong><\/p>\n<p><strong>&nbsp;<\/strong><\/td>\n<td width=\"248\"><a href=\"http:\/\/munich.mfa.ir\/\">http:\/\/munich.mfa.ir<\/a><\/td>\n<\/tr>\n<tr>\n<td width=\"149\">Iranische Botschaft in Berlin<\/td>\n<td width=\"198\"><strong>Keine Angaben auf der Webseite, es ist davon auszugehen, dass die Bundesl\u00e4nder Berlin und Brandenburg umfasst sind.<\/strong><\/td>\n<td width=\"248\">http:\/\/de.berlin.mfa.ir\/<\/td>\n<\/tr>\n<\/tbody>\n<\/table>\n<p style=\"text-align: justify;\"><strong>&nbsp;<\/strong><\/p>\n<p style=\"text-align: justify;\"><strong>Visaerteilung bei Anreise auf dem Flughafen:<\/strong><\/p>\n<p style=\"text-align: justify;\">F\u00fcr die meisten Staatsb\u00fcrger der Europ\u00e4ischen Union, darunter auch Staatsb\u00fcrger der L\u00e4nder Deutschland, \u00d6sterreich und Schweiz, besteht die M\u00f6glichkeit bei einem Aufenthalt von bis zu &nbsp;14 Tagen, das Visum direkt auf dem Flughafen von Tehran, Schiraz, Tabriz oder Isfahan zu beantragen.<\/p>\n<p style=\"text-align: justify;\">Hinweis: Ein Anspruch auf die Visaerteilung bei Anreise besteht nicht. Es ist eine Ermessensentscheidung, in dem Sinne kann&nbsp; das Visum auch verwehrt werden, mit der Folge einer sofortigen Ausreise.<\/p>\n<p style=\"text-align: justify;\">Vorteil: Die Kosten und Bedingungen bei&nbsp; Antrag auf eine Visareferenznummer bleiben erspart.<\/p>\n<p style=\"text-align: justify;\">F\u00fcr ein Visum auf dem Flughafen werden folgende Unterlagen ben\u00f6tigt:<\/p>\n<ol style=\"text-align: justify;\">\n<li>Reisepass, der \u00fcber das Reisedatum hinaus eine Mindestfrist von 6 Monaten hat.<\/li>\n<\/ol>\n<p style=\"text-align: justify;\">&nbsp;&nbsp;&nbsp;&nbsp;&nbsp; Der Reisepass muss freie Seiten f\u00fcr den Visastempel haben. Bei einem eingetragenen&nbsp; israelischen &nbsp;Einreisestempel, muss der Aufenthalt mindestend ein Jahr zur\u00fcckliegen.<\/p>\n<ol style=\"text-align: justify;\" start=\"2\">\n<li>Zwei aktuelle biometrische Pass-Photos.<\/li>\n<li>Ca. 80,-\u20ac Bargeld pro Person f\u00fcr die Visageb\u00fchren; Nur in USD oder Euro zu zahlen.<\/li>\n<li>R\u00fcckflugticket als&nbsp; Nachweis eines Aufenthalts bis zu 14 Tagen.<\/li>\n<\/ol>\n<p style=\"text-align: justify;\">* Diese Angaben sind OHNE GEW\u00c4HR! F\u00fcr ausf\u00fchrliche Informationen erkundigen Sie sich bitte bei der jeweiligen iranischen Auslandsvertretung.<\/p>\n<p style=\"text-align: justify;\">&nbsp;<\/p>\n<\/div><\/section><\/div>\n<style type=\"text\/css\" data-created_by=\"avia_inline_auto\" id=\"style-css-av-8u5ra-68ca3678c3077819bac2decfad5a41e6\">\n.flex_column.av-8u5ra-68ca3678c3077819bac2decfad5a41e6{\nborder-width:20px;\nborder-color:#ededed;\nborder-style:solid;\nborder-radius:0px 0px 0px 0px;\n-webkit-border-radius:0px 0px 0px 0px;\n-moz-border-radius:0px 0px 0px 0px;\nbackground-color:#ededed;\n}\n<\/style>\n<div class='flex_column av-8u5ra-68ca3678c3077819bac2decfad5a41e6 av_one_full  avia-builder-el-2  el_after_av_one_full  avia-builder-el-last  first flex_column_div av-zero-column-padding column-top-margin'   ><\/div><\/p>\n","protected":false},"excerpt":{"rendered":"","protected":false},"author":1,"featured_media":0,"parent":0,"menu_order":0,"comment_status":"closed","ping_status":"closed","template":"","meta":{"ngg_post_thumbnail":0,"footnotes":""},"yoast_head":"<!-- This site is optimized with the Yoast SEO Premium plugin v22.0 (Yoast SEO v22.0) - https:\/\/yoast.com\/wordpress\/plugins\/seo\/ -->\n<title>VISA SERVICES - Best Iran Tours &amp; Travel Packages 2026\/2027<\/title>\n<meta name=\"description\" content=\"Almost most of nationalities require a visa to visit Iran; Gashttour Agency will apply for the visa which will be issued by the relevant Iranian Embassies\/Consulates.\" \/>\n<meta name=\"robots\" content=\"index, follow, max-snippet:-1, max-image-preview:large, max-video-preview:-1\" \/>\n<link rel=\"canonical\" href=\"https:\/\/irangashttour.com\/visa-services\/\" \/>\n<meta property=\"og:locale\" content=\"de_DE\" \/>\n<meta property=\"og:type\" content=\"article\" \/>\n<meta property=\"og:title\" content=\"VISA SERVICES\" \/>\n<meta property=\"og:description\" content=\"Almost most of nationalities require a visa to visit Iran; Gashttour Agency will apply for the visa which will be issued by the relevant Iranian Embassies\/Consulates.\" \/>\n<meta property=\"og:url\" content=\"https:\/\/irangashttour.com\/visa-services\/\" \/>\n<meta property=\"og:site_name\" content=\"Best Iran Tours &amp; Travel Packages 2026\/2027\" \/>\n<meta property=\"article:publisher\" content=\"https:\/\/www.facebook.com\/gashttour.shiraz.5\" \/>\n<meta property=\"article:modified_time\" content=\"2020-08-12T11:07:36+00:00\" \/>\n<meta property=\"og:image\" content=\"https:\/\/irangashttour.com\/wp-content\/uploads\/2020\/03\/VISA-SERVICES.jpg\" \/>\n<meta name=\"twitter:card\" content=\"summary_large_image\" \/>\n<meta name=\"twitter:site\" content=\"@irangashttour\" \/>\n<meta name=\"twitter:label1\" content=\"Gesch\u00e4tzte Lesezeit\" \/>\n\t<meta name=\"twitter:data1\" content=\"5\u00a0Minuten\" \/>\n<script type=\"application\/ld+json\" class=\"yoast-schema-graph\">{\"@context\":\"https:\/\/schema.org\",\"@graph\":[{\"@type\":\"WebPage\",\"@id\":\"https:\/\/irangashttour.com\/visa-services\/\",\"url\":\"https:\/\/irangashttour.com\/visa-services\/\",\"name\":\"VISA SERVICES - Best Iran Tours &amp; Travel Packages 2026\/2027\",\"isPartOf\":{\"@id\":\"https:\/\/irangashttour.com\/#website\"},\"datePublished\":\"2020-08-12T11:03:22+00:00\",\"dateModified\":\"2020-08-12T11:07:36+00:00\",\"description\":\"Almost most of nationalities require a visa to visit Iran; Gashttour Agency will apply for the visa which will be issued by the relevant Iranian Embassies\/Consulates.\",\"breadcrumb\":{\"@id\":\"https:\/\/irangashttour.com\/visa-services\/#breadcrumb\"},\"inLanguage\":\"de\",\"potentialAction\":[{\"@type\":\"ReadAction\",\"target\":[\"https:\/\/irangashttour.com\/visa-services\/\"]}]},{\"@type\":\"BreadcrumbList\",\"@id\":\"https:\/\/irangashttour.com\/visa-services\/#breadcrumb\",\"itemListElement\":[{\"@type\":\"ListItem\",\"position\":1,\"name\":\"Home\",\"item\":\"https:\/\/irangashttour.com\/de\/iran-reisen\/\"},{\"@type\":\"ListItem\",\"position\":2,\"name\":\"VISA SERVICES\"}]},{\"@type\":\"WebSite\",\"@id\":\"https:\/\/irangashttour.com\/#website\",\"url\":\"https:\/\/irangashttour.com\/\",\"name\":\"Best Iran Tour Packages 2025\",\"description\":\"Discover Iran with Gashttour Travel Agency\",\"publisher\":{\"@id\":\"https:\/\/irangashttour.com\/#organization\"},\"potentialAction\":[{\"@type\":\"SearchAction\",\"target\":{\"@type\":\"EntryPoint\",\"urlTemplate\":\"https:\/\/irangashttour.com\/?s={search_term_string}\"},\"query-input\":\"required name=search_term_string\"}],\"inLanguage\":\"de\"},{\"@type\":\"Organization\",\"@id\":\"https:\/\/irangashttour.com\/#organization\",\"name\":\"GASHTTOUR TRAVEL & TOUR AGENCY\",\"url\":\"https:\/\/irangashttour.com\/\",\"logo\":{\"@type\":\"ImageObject\",\"inLanguage\":\"de\",\"@id\":\"https:\/\/irangashttour.com\/#\/schema\/logo\/image\/\",\"url\":\"https:\/\/irangashttour.com\/wp-content\/uploads\/2020\/03\/irangashttour.jpg\",\"contentUrl\":\"https:\/\/irangashttour.com\/wp-content\/uploads\/2020\/03\/irangashttour.jpg\",\"width\":230,\"height\":230,\"caption\":\"GASHTTOUR TRAVEL & TOUR AGENCY\"},\"image\":{\"@id\":\"https:\/\/irangashttour.com\/#\/schema\/logo\/image\/\"},\"sameAs\":[\"https:\/\/www.facebook.com\/gashttour.shiraz.5\",\"https:\/\/twitter.com\/irangashttour\",\"https:\/\/www.instagram.com\/irangashttour\/\",\"https:\/\/www.linkedin.com\/in\/irangashttour\/\"]}]}<\/script>\n<!-- \/ Yoast SEO Premium plugin. -->","yoast_head_json":{"title":"VISA SERVICES - Best Iran Tours &amp; Travel Packages 2026\/2027","description":"Almost most of nationalities require a visa to visit Iran; Gashttour Agency will apply for the visa which will be issued by the relevant Iranian Embassies\/Consulates.","robots":{"index":"index","follow":"follow","max-snippet":"max-snippet:-1","max-image-preview":"max-image-preview:large","max-video-preview":"max-video-preview:-1"},"canonical":"https:\/\/irangashttour.com\/visa-services\/","og_locale":"de_DE","og_type":"article","og_title":"VISA SERVICES","og_description":"Almost most of nationalities require a visa to visit Iran; Gashttour Agency will apply for the visa which will be issued by the relevant Iranian Embassies\/Consulates.","og_url":"https:\/\/irangashttour.com\/visa-services\/","og_site_name":"Best Iran Tours &amp; Travel Packages 2026\/2027","article_publisher":"https:\/\/www.facebook.com\/gashttour.shiraz.5","article_modified_time":"2020-08-12T11:07:36+00:00","og_image":[{"url":"https:\/\/irangashttour.com\/wp-content\/uploads\/2020\/03\/VISA-SERVICES.jpg"}],"twitter_card":"summary_large_image","twitter_site":"@irangashttour","twitter_misc":{"Gesch\u00e4tzte Lesezeit":"5\u00a0Minuten"},"schema":{"@context":"https:\/\/schema.org","@graph":[{"@type":"WebPage","@id":"https:\/\/irangashttour.com\/visa-services\/","url":"https:\/\/irangashttour.com\/visa-services\/","name":"VISA SERVICES - Best Iran Tours &amp; Travel Packages 2026\/2027","isPartOf":{"@id":"https:\/\/irangashttour.com\/#website"},"datePublished":"2020-08-12T11:03:22+00:00","dateModified":"2020-08-12T11:07:36+00:00","description":"Almost most of nationalities require a visa to visit Iran; Gashttour Agency will apply for the visa which will be issued by the relevant Iranian Embassies\/Consulates.","breadcrumb":{"@id":"https:\/\/irangashttour.com\/visa-services\/#breadcrumb"},"inLanguage":"de","potentialAction":[{"@type":"ReadAction","target":["https:\/\/irangashttour.com\/visa-services\/"]}]},{"@type":"BreadcrumbList","@id":"https:\/\/irangashttour.com\/visa-services\/#breadcrumb","itemListElement":[{"@type":"ListItem","position":1,"name":"Home","item":"https:\/\/irangashttour.com\/de\/iran-reisen\/"},{"@type":"ListItem","position":2,"name":"VISA SERVICES"}]},{"@type":"WebSite","@id":"https:\/\/irangashttour.com\/#website","url":"https:\/\/irangashttour.com\/","name":"Best Iran Tour Packages 2025","description":"Discover Iran with Gashttour Travel Agency","publisher":{"@id":"https:\/\/irangashttour.com\/#organization"},"potentialAction":[{"@type":"SearchAction","target":{"@type":"EntryPoint","urlTemplate":"https:\/\/irangashttour.com\/?s={search_term_string}"},"query-input":"required name=search_term_string"}],"inLanguage":"de"},{"@type":"Organization","@id":"https:\/\/irangashttour.com\/#organization","name":"GASHTTOUR TRAVEL & TOUR AGENCY","url":"https:\/\/irangashttour.com\/","logo":{"@type":"ImageObject","inLanguage":"de","@id":"https:\/\/irangashttour.com\/#\/schema\/logo\/image\/","url":"https:\/\/irangashttour.com\/wp-content\/uploads\/2020\/03\/irangashttour.jpg","contentUrl":"https:\/\/irangashttour.com\/wp-content\/uploads\/2020\/03\/irangashttour.jpg","width":230,"height":230,"caption":"GASHTTOUR TRAVEL & TOUR AGENCY"},"image":{"@id":"https:\/\/irangashttour.com\/#\/schema\/logo\/image\/"},"sameAs":["https:\/\/www.facebook.com\/gashttour.shiraz.5","https:\/\/twitter.com\/irangashttour","https:\/\/www.instagram.com\/irangashttour\/","https:\/\/www.linkedin.com\/in\/irangashttour\/"]}]}},"_links":{"self":[{"href":"https:\/\/irangashttour.com\/de\/wp-json\/wp\/v2\/pages\/11593"}],"collection":[{"href":"https:\/\/irangashttour.com\/de\/wp-json\/wp\/v2\/pages"}],"about":[{"href":"https:\/\/irangashttour.com\/de\/wp-json\/wp\/v2\/types\/page"}],"author":[{"embeddable":true,"href":"https:\/\/irangashttour.com\/de\/wp-json\/wp\/v2\/users\/1"}],"replies":[{"embeddable":true,"href":"https:\/\/irangashttour.com\/de\/wp-json\/wp\/v2\/comments?post=11593"}],"version-history":[{"count":3,"href":"https:\/\/irangashttour.com\/de\/wp-json\/wp\/v2\/pages\/11593\/revisions"}],"predecessor-version":[{"id":11596,"href":"https:\/\/irangashttour.com\/de\/wp-json\/wp\/v2\/pages\/11593\/revisions\/11596"}],"wp:attachment":[{"href":"https:\/\/irangashttour.com\/de\/wp-json\/wp\/v2\/media?parent=11593"}],"curies":[{"name":"wp","href":"https:\/\/api.w.org\/{rel}","templated":true}]}}