{"id":8146,"date":"2020-02-08T05:35:09","date_gmt":"2020-02-08T05:35:09","guid":{"rendered":"https:\/\/irangashttour.com\/ueber-uns\/"},"modified":"2023-11-30T06:47:47","modified_gmt":"2023-11-30T06:47:47","slug":"ueber-uns","status":"publish","type":"page","link":"https:\/\/irangashttour.com\/de\/ueber-uns\/","title":{"rendered":"\u00dcBER GASHTTOUR"},"content":{"rendered":"\n<style type=\"text\/css\" data-created_by=\"avia_inline_auto\" id=\"style-css-av-jr4r6uom-22519bb873583c92f6181ecb57717a2e\">\n#top .av_textblock_section.av-jr4r6uom-22519bb873583c92f6181ecb57717a2e .avia_textblock{\nfont-size:14px;\ncolor:#000000;\n}\n<\/style>\n<section  class='av_textblock_section av-jr4r6uom-22519bb873583c92f6181ecb57717a2e'  itemscope=\"itemscope\" itemtype=\"https:\/\/schema.org\/CreativeWork\" ><div class='avia_textblock av_inherit_color'  itemprop=\"text\" ><p>&nbsp;<\/p>\n<section class=\"av_textblock_section \">\n<div style=\"text-align: justify;\">\n<p>Gashttour ist ein privater iranischer Reiseveranstalter und wurde 1989 gegr\u00fcndet. Das Unternehmen ist bei der iranischen Reise- und Tourismusorganisation (ITTO) unter der Registrierungsnummer 45\/458 eingetragen. Zudem ist Gashttour Mitglied des iranischen Tourismuskomitees f\u00fcr grenz\u00fcberschreitenden Reiseverkehr aus dem Ausland (Iranian Inbound Tourism Commitee, IITC).<\/p>\n<p>Wir verf\u00fcgen \u00fcber ein hochqualifiziertes Team, das mit den unterschiedlichen herrschenden Regelungen und Veranstaltungsformalien im Lande bestens vertraut ist.<\/p>\n<p>Wir veransalten landesweit verschiedene Reisen, von Individualreisen bis hin zu Gruppenreisen. Dabei gehen wir, soweit wie m\u00f6glich unabh\u00e4ngig von der Reisepreisklasse, auf die indivuduellen W\u00fcnsche unserer G\u00e4ste ein. Die Liste unserer Dienstleistungen umfasst alle Aspekte des Tourismus, von der Beantragung der Visareferenznummer bis hin zur Buchung von Hotel\u00fcbernachtungen, Flug, Zug- und Busfahrkarten, sowie Flughafentransfer. Unsere Reiseleiter verf\u00fcgen ausschlie\u00dflich \u00fcber die entsprechende Ausbildung und haben ein profundes Wissen \u00fcber die persische Geschichte, Kultur und Arch\u00e4ologie. Nebenbei bieten wir auch spezielle Reiseleiter f\u00fcr Bergsteiger-, Wander- , Arch\u00e4ologie und Geologiereisen an. Unsere Reiseleiter beherrschen verschiedene Sprachen, chineisch, englisch, franz\u00f6sisch, deutsch, italienisch, russisch, arabisch, japanisch, hindi und spranisch.<\/p>\n<\/div>\n<div class=\"avia_textblock \" style=\"text-align: justify;\">\n<p style=\"text-align: center;\"><img fetchpriority=\"high\" decoding=\"async\" class=\"aligncenter wp-image-706 size-full\" title=\"Gashttour\" src=\"https:\/\/irangashttour.com\/wp-content\/uploads\/2019\/01\/gashttour.jpg\" alt=\"Gashttour\" width=\"698\" height=\"438\" srcset=\"https:\/\/irangashttour.com\/wp-content\/uploads\/2019\/01\/gashttour.jpg 698w, https:\/\/irangashttour.com\/wp-content\/uploads\/2019\/01\/gashttour-300x188.jpg 300w, https:\/\/irangashttour.com\/wp-content\/uploads\/2019\/01\/gashttour-450x282.jpg 450w\" sizes=\"(max-width: 698px) 100vw, 698px\" \/><\/p>\n<\/div>\n<p style=\"text-align: justify;\">&nbsp;<\/p>\n<p style=\"text-align: justify;\">Sie erhalten hier einen kurzen \u00dcberblick zu unseren verschiedenen Reisearten:<\/p>\n<p style=\"text-align: justify;\"><strong>Kulturreise:<\/strong> In einem vielf\u00e4ltigen Reiseprogramm lernen die Reisenden verschiedene Facetten der persischen Kultur- und Tradition kennen.<\/p>\n<p style=\"text-align: justify;\"><strong>Nomaden-Tour:<\/strong>&nbsp; Eine \u00dcbernachtung bei den \u201eGefolgen des Windes\u201c und den Nomaden des Bakhtiarie oder Quaschghaie Stammes im Zagrosgebirge wird sicherlich unvergesslich sein.<\/p>\n<p style=\"text-align: justify;\"><strong>Wander-, Bergsteiger- und Schitouren:<\/strong> Gashttour verf\u00fcgt \u00fcber ein erfahrenes Bergsteigerteam, das Sie bis zu den Gipfeln des Landes begleitet, sei es im Zagros- oder Elbursgebirge.<\/p>\n<p style=\"text-align: justify;\"><strong>Geologiereise:<\/strong> &nbsp;Auf unseren geologischen Exkursionen erfahren Sie mehr \u00fcber die geomorphologischen Merkmale des Zagrosgebirges, die den Schwerpunkt der Reise bilden. Unser langj\u00e4hriger Freund und Kollege Dr. Harry McQuillan aus Neuseeland kartierte \u00fcber einen Zeitraum von 20 Jahren gro\u00dfe Gebiete des Zagros f\u00fcr die \u00d6lexploration und war zeitweise Professor f\u00fcr Geologie in Shiraz. Er organisiert in Zusammenarbeit mit Gashttour Geologiereisen im Iran.<\/p>\n<p style=\"text-align: justify;\">Neben Dientleistungen zu verschiedenen Iranreisen, bieten wir Ihnen auch Unterst\u00fctzung f\u00fcr die Organisierung von Seminaren, Veranstaltungen, Sitzungen und Teilnahme an Messen im Iran an.<\/p>\n<p style=\"text-align: justify;\">Wir sind sehr stolz auf unsere weltweite Kundschaft. Zu unseren Kunden z\u00e4hlen unter anderem die Britisch Petroleum Gesellschaft, Shell Company, South Asia Tours, sowie viele Individualreisende aus der Welt. Unser Ziel ist es nicht nur ein einzigartiges Erlebnis zu schaffen, sondern die Sehnsucht zu wecken &nbsp;den Iran nochmal zu bereisen. Um dieses Ziel zu erreichen, gehen wir &nbsp;auf die Bed\u00fcrfnisse und Anfoderungen unserer Kunden auf verschiedenen Ebenen ein.<\/p>\n<p style=\"text-align: justify;\">&nbsp;<\/p>\n<p style=\"text-align: justify;\">A.Ghajar<\/p>\n<p style=\"text-align: justify;\">Gesch\u00e4ftsf\u00fchrer<\/p>\n<\/section>\n<p>&nbsp;<\/p>\n<\/div><\/section>\n","protected":false},"excerpt":{"rendered":"","protected":false},"author":1,"featured_media":0,"parent":0,"menu_order":0,"comment_status":"closed","ping_status":"closed","template":"","meta":{"ngg_post_thumbnail":0,"footnotes":""},"yoast_head":"<!-- This site is optimized with the Yoast SEO Premium plugin v22.0 (Yoast SEO v22.0) - https:\/\/yoast.com\/wordpress\/plugins\/seo\/ -->\n<title>\u00dcBER GASHTTOUR - Best Iran Tours &amp; Travel Packages 2026\/2027<\/title>\n<meta name=\"description\" content=\"Gashttour ist ein privater iranischer Reiseveranstalter und wurde 1989 gegr\u00fcndet. Das Unternehmen ist bei der iranischen Reise- und Tourismusorganisation (ITTO) unter der Registrierungsnummer 45\/458 eingetragen.\" \/>\n<meta name=\"robots\" content=\"index, follow, max-snippet:-1, max-image-preview:large, max-video-preview:-1\" \/>\n<link rel=\"canonical\" href=\"https:\/\/irangashttour.com\/about-gashttour\/\" \/>\n<meta property=\"og:locale\" content=\"de_DE\" \/>\n<meta property=\"og:type\" content=\"article\" \/>\n<meta property=\"og:title\" content=\"\u00dcBER GASHTTOUR\" \/>\n<meta property=\"og:description\" content=\"Gashttour ist ein privater iranischer Reiseveranstalter und wurde 1989 gegr\u00fcndet. Das Unternehmen ist bei der iranischen Reise- und Tourismusorganisation (ITTO) unter der Registrierungsnummer 45\/458 eingetragen.\" \/>\n<meta property=\"og:url\" content=\"https:\/\/irangashttour.com\/about-gashttour\/\" \/>\n<meta property=\"og:site_name\" content=\"Best Iran Tours &amp; Travel Packages 2026\/2027\" \/>\n<meta property=\"article:publisher\" content=\"https:\/\/www.facebook.com\/gashttour.shiraz.5\" \/>\n<meta property=\"article:modified_time\" content=\"2023-11-30T06:47:47+00:00\" \/>\n<meta property=\"og:image\" content=\"https:\/\/irangashttour.com\/wp-content\/uploads\/2019\/01\/gashttour.jpg\" \/>\n<meta name=\"twitter:card\" content=\"summary_large_image\" \/>\n<meta name=\"twitter:site\" content=\"@irangashttour\" \/>\n<meta name=\"twitter:label1\" content=\"Gesch\u00e4tzte Lesezeit\" \/>\n\t<meta name=\"twitter:data1\" content=\"2\u00a0Minuten\" \/>\n<script type=\"application\/ld+json\" class=\"yoast-schema-graph\">{\"@context\":\"https:\/\/schema.org\",\"@graph\":[{\"@type\":\"WebPage\",\"@id\":\"https:\/\/irangashttour.com\/about-gashttour\/\",\"url\":\"https:\/\/irangashttour.com\/about-gashttour\/\",\"name\":\"\u00dcBER GASHTTOUR - Best Iran Tours &amp; Travel Packages 2026\/2027\",\"isPartOf\":{\"@id\":\"https:\/\/irangashttour.com\/#website\"},\"datePublished\":\"2020-02-08T05:35:09+00:00\",\"dateModified\":\"2023-11-30T06:47:47+00:00\",\"description\":\"Gashttour ist ein privater iranischer Reiseveranstalter und wurde 1989 gegr\u00fcndet. Das Unternehmen ist bei der iranischen Reise- und Tourismusorganisation (ITTO) unter der Registrierungsnummer 45\/458 eingetragen.\",\"breadcrumb\":{\"@id\":\"https:\/\/irangashttour.com\/about-gashttour\/#breadcrumb\"},\"inLanguage\":\"de\",\"potentialAction\":[{\"@type\":\"ReadAction\",\"target\":[\"https:\/\/irangashttour.com\/about-gashttour\/\"]}]},{\"@type\":\"BreadcrumbList\",\"@id\":\"https:\/\/irangashttour.com\/about-gashttour\/#breadcrumb\",\"itemListElement\":[{\"@type\":\"ListItem\",\"position\":1,\"name\":\"Home\",\"item\":\"https:\/\/irangashttour.com\/de\/iran-reisen\/\"},{\"@type\":\"ListItem\",\"position\":2,\"name\":\"\u00dcBER GASHTTOUR\"}]},{\"@type\":\"WebSite\",\"@id\":\"https:\/\/irangashttour.com\/#website\",\"url\":\"https:\/\/irangashttour.com\/\",\"name\":\"Best Iran Tour Packages 2025\",\"description\":\"Discover Iran with Gashttour Travel Agency\",\"publisher\":{\"@id\":\"https:\/\/irangashttour.com\/#organization\"},\"potentialAction\":[{\"@type\":\"SearchAction\",\"target\":{\"@type\":\"EntryPoint\",\"urlTemplate\":\"https:\/\/irangashttour.com\/?s={search_term_string}\"},\"query-input\":\"required name=search_term_string\"}],\"inLanguage\":\"de\"},{\"@type\":\"Organization\",\"@id\":\"https:\/\/irangashttour.com\/#organization\",\"name\":\"GASHTTOUR TRAVEL & TOUR AGENCY\",\"url\":\"https:\/\/irangashttour.com\/\",\"logo\":{\"@type\":\"ImageObject\",\"inLanguage\":\"de\",\"@id\":\"https:\/\/irangashttour.com\/#\/schema\/logo\/image\/\",\"url\":\"https:\/\/irangashttour.com\/wp-content\/uploads\/2020\/03\/irangashttour.jpg\",\"contentUrl\":\"https:\/\/irangashttour.com\/wp-content\/uploads\/2020\/03\/irangashttour.jpg\",\"width\":230,\"height\":230,\"caption\":\"GASHTTOUR TRAVEL & TOUR AGENCY\"},\"image\":{\"@id\":\"https:\/\/irangashttour.com\/#\/schema\/logo\/image\/\"},\"sameAs\":[\"https:\/\/www.facebook.com\/gashttour.shiraz.5\",\"https:\/\/twitter.com\/irangashttour\",\"https:\/\/www.instagram.com\/irangashttour\/\",\"https:\/\/www.linkedin.com\/in\/irangashttour\/\"]}]}<\/script>\n<!-- \/ Yoast SEO Premium plugin. -->","yoast_head_json":{"title":"\u00dcBER GASHTTOUR - Best Iran Tours &amp; Travel Packages 2026\/2027","description":"Gashttour ist ein privater iranischer Reiseveranstalter und wurde 1989 gegr\u00fcndet. Das Unternehmen ist bei der iranischen Reise- und Tourismusorganisation (ITTO) unter der Registrierungsnummer 45\/458 eingetragen.","robots":{"index":"index","follow":"follow","max-snippet":"max-snippet:-1","max-image-preview":"max-image-preview:large","max-video-preview":"max-video-preview:-1"},"canonical":"https:\/\/irangashttour.com\/about-gashttour\/","og_locale":"de_DE","og_type":"article","og_title":"\u00dcBER GASHTTOUR","og_description":"Gashttour ist ein privater iranischer Reiseveranstalter und wurde 1989 gegr\u00fcndet. Das Unternehmen ist bei der iranischen Reise- und Tourismusorganisation (ITTO) unter der Registrierungsnummer 45\/458 eingetragen.","og_url":"https:\/\/irangashttour.com\/about-gashttour\/","og_site_name":"Best Iran Tours &amp; Travel Packages 2026\/2027","article_publisher":"https:\/\/www.facebook.com\/gashttour.shiraz.5","article_modified_time":"2023-11-30T06:47:47+00:00","og_image":[{"url":"https:\/\/irangashttour.com\/wp-content\/uploads\/2019\/01\/gashttour.jpg"}],"twitter_card":"summary_large_image","twitter_site":"@irangashttour","twitter_misc":{"Gesch\u00e4tzte Lesezeit":"2\u00a0Minuten"},"schema":{"@context":"https:\/\/schema.org","@graph":[{"@type":"WebPage","@id":"https:\/\/irangashttour.com\/about-gashttour\/","url":"https:\/\/irangashttour.com\/about-gashttour\/","name":"\u00dcBER GASHTTOUR - Best Iran Tours &amp; Travel Packages 2026\/2027","isPartOf":{"@id":"https:\/\/irangashttour.com\/#website"},"datePublished":"2020-02-08T05:35:09+00:00","dateModified":"2023-11-30T06:47:47+00:00","description":"Gashttour ist ein privater iranischer Reiseveranstalter und wurde 1989 gegr\u00fcndet. Das Unternehmen ist bei der iranischen Reise- und Tourismusorganisation (ITTO) unter der Registrierungsnummer 45\/458 eingetragen.","breadcrumb":{"@id":"https:\/\/irangashttour.com\/about-gashttour\/#breadcrumb"},"inLanguage":"de","potentialAction":[{"@type":"ReadAction","target":["https:\/\/irangashttour.com\/about-gashttour\/"]}]},{"@type":"BreadcrumbList","@id":"https:\/\/irangashttour.com\/about-gashttour\/#breadcrumb","itemListElement":[{"@type":"ListItem","position":1,"name":"Home","item":"https:\/\/irangashttour.com\/de\/iran-reisen\/"},{"@type":"ListItem","position":2,"name":"\u00dcBER GASHTTOUR"}]},{"@type":"WebSite","@id":"https:\/\/irangashttour.com\/#website","url":"https:\/\/irangashttour.com\/","name":"Best Iran Tour Packages 2025","description":"Discover Iran with Gashttour Travel Agency","publisher":{"@id":"https:\/\/irangashttour.com\/#organization"},"potentialAction":[{"@type":"SearchAction","target":{"@type":"EntryPoint","urlTemplate":"https:\/\/irangashttour.com\/?s={search_term_string}"},"query-input":"required name=search_term_string"}],"inLanguage":"de"},{"@type":"Organization","@id":"https:\/\/irangashttour.com\/#organization","name":"GASHTTOUR TRAVEL & TOUR AGENCY","url":"https:\/\/irangashttour.com\/","logo":{"@type":"ImageObject","inLanguage":"de","@id":"https:\/\/irangashttour.com\/#\/schema\/logo\/image\/","url":"https:\/\/irangashttour.com\/wp-content\/uploads\/2020\/03\/irangashttour.jpg","contentUrl":"https:\/\/irangashttour.com\/wp-content\/uploads\/2020\/03\/irangashttour.jpg","width":230,"height":230,"caption":"GASHTTOUR TRAVEL & TOUR AGENCY"},"image":{"@id":"https:\/\/irangashttour.com\/#\/schema\/logo\/image\/"},"sameAs":["https:\/\/www.facebook.com\/gashttour.shiraz.5","https:\/\/twitter.com\/irangashttour","https:\/\/www.instagram.com\/irangashttour\/","https:\/\/www.linkedin.com\/in\/irangashttour\/"]}]}},"_links":{"self":[{"href":"https:\/\/irangashttour.com\/de\/wp-json\/wp\/v2\/pages\/8146"}],"collection":[{"href":"https:\/\/irangashttour.com\/de\/wp-json\/wp\/v2\/pages"}],"about":[{"href":"https:\/\/irangashttour.com\/de\/wp-json\/wp\/v2\/types\/page"}],"author":[{"embeddable":true,"href":"https:\/\/irangashttour.com\/de\/wp-json\/wp\/v2\/users\/1"}],"replies":[{"embeddable":true,"href":"https:\/\/irangashttour.com\/de\/wp-json\/wp\/v2\/comments?post=8146"}],"version-history":[{"count":6,"href":"https:\/\/irangashttour.com\/de\/wp-json\/wp\/v2\/pages\/8146\/revisions"}],"predecessor-version":[{"id":36801,"href":"https:\/\/irangashttour.com\/de\/wp-json\/wp\/v2\/pages\/8146\/revisions\/36801"}],"wp:attachment":[{"href":"https:\/\/irangashttour.com\/de\/wp-json\/wp\/v2\/media?parent=8146"}],"curies":[{"name":"wp","href":"https:\/\/api.w.org\/{rel}","templated":true}]}}