{"id":8153,"date":"2020-02-08T06:43:45","date_gmt":"2020-02-08T06:43:45","guid":{"rendered":"https:\/\/irangashttour.com\/ceo-botschaft\/"},"modified":"2022-07-19T04:50:43","modified_gmt":"2022-07-19T04:50:43","slug":"ceo-botschaft","status":"publish","type":"page","link":"https:\/\/irangashttour.com\/de\/ceo-botschaft\/","title":{"rendered":"CEO BOTSCHAFT"},"content":{"rendered":"\n<style type=\"text\/css\" data-created_by=\"avia_inline_auto\" id=\"style-css-av-33h20l-82ff89bf0ee3c4f5e87f82c751e7f08e\">\n.flex_column.av-33h20l-82ff89bf0ee3c4f5e87f82c751e7f08e{\nborder-radius:0px 0px 0px 0px;\n-webkit-border-radius:0px 0px 0px 0px;\n-moz-border-radius:0px 0px 0px 0px;\n}\n<\/style>\n<div class='flex_column av-33h20l-82ff89bf0ee3c4f5e87f82c751e7f08e av_one_full  avia-builder-el-0  avia-builder-el-no-sibling  first flex_column_div av-zero-column-padding '   ><section  class='av_textblock_section av-ju6kb35s-57fb09975937c80e5ac9133403369298'  itemscope=\"itemscope\" itemtype=\"https:\/\/schema.org\/CreativeWork\" ><div class='avia_textblock'  itemprop=\"text\" ><section class=\"av_textblock_section \">\n<div class=\"avia_textblock av_inherit_color \" style=\"text-align: justify;\">\n<p style=\"text-align: center;\"><img fetchpriority=\"high\" decoding=\"async\" class=\"alignnone wp-image-3479 size-full\" src=\"https:\/\/irangashttour.com\/wp-content\/uploads\/2019\/04\/ghajar.jpg\" alt=\"Iran tour Operator\" width=\"490\" height=\"300\" srcset=\"https:\/\/irangashttour.com\/wp-content\/uploads\/2019\/04\/ghajar.jpg 490w, https:\/\/irangashttour.com\/wp-content\/uploads\/2019\/04\/ghajar-300x184.jpg 300w, https:\/\/irangashttour.com\/wp-content\/uploads\/2019\/04\/ghajar-450x276.jpg 450w\" sizes=\"(max-width: 490px) 100vw, 490px\" \/><\/p>\n<p>Iran-Gashttour ist einer der f\u00fchrenden Iran-Reiseveranstalter, der 1989 durch ein Team von Iran-Liebhabern in Schiraz gegr\u00fcndet wurde. Unser prim\u00e4res Ziel ist es, den wahren Iran zu zeigen, jenseits der Propaganda und den negativen Nachrichten in den Medien. Wir bieten die besten Iranreisen in verschiedenen Reiseprogrammen an.<br \/>\nDas Unternehmen ist von der Iranischen Tour und Tourismus Organisation (ITTO) zugelassen und Mitglied des Iranischen Inbound Tours Commitee (ITTO).<br \/>\nIran war schon immer ein Kreuzungspunkt zwischen Europa und Asien und die Wiege verschiedener Zivilisationen.<br \/>\nDer deutsche Denker und Philosoph Georg Wilhelm Friedrich Hegel bezeichnete die Perser als das erste historische Volk und das Perserreich als das erste Imperium in der Geschichte. Gr\u00fcnder des Perserreiches war Cyrus der Gro\u00dfe (Kyros). Er vereinte verschiedene Nationen in seinem Imperium und pflegte einen respektvollen Umgang zu ihnen und anderen Glaubensangeh\u00f6rigen. Obwohl der Iran in seiner Geschichte mehrfach \u00dcberf\u00e4llen und Pl\u00fcnderungen anderer V\u00f6lker ausgesetzt war, bl\u00fchte es immer wieder auf.<br \/>\nIn den vergangenen Jahren sind wir immer wieder unserem Bestreben nachgekommen und haben attraktive Reiseprogramme gestaltet und die Dienstleistungen m\u00f6glichst an den Bed\u00fcrfnissen der G\u00e4ste angepasst, um ihnen einen angenehmen Aufenthalt zu erm\u00f6glichen und die Menschen anzuregen, das Land zu bereisen. F\u00fcr R\u00fcckmeldungen seitens der Urlauber sind wir immer offen und dankbar.<br \/>\nZu diesem Zweck nimmt unser Unternehmen Gashttour auch an verschiedenen weltweiten Tourismusmessen teil, unter anderem an der ITB Berlin, ITB Schanghai, ITB Singapore, BIT Mailand, COTTM Peking, Sajam Turizma in Serbien, MITT Moskau, TT Warschau und ATM in Dubai.<br \/>\nWir danken unseren G\u00e4sten f\u00fcr konstruktive R\u00fcckmeldungen und sind stets bestrebt die L\u00fccken zu f\u00fcllen.<\/p>\n<\/div>\n<\/section>\n<\/div><\/section><\/div>\n","protected":false},"excerpt":{"rendered":"","protected":false},"author":1,"featured_media":0,"parent":0,"menu_order":0,"comment_status":"closed","ping_status":"closed","template":"","meta":{"ngg_post_thumbnail":0,"footnotes":""},"yoast_head":"<!-- This site is optimized with the Yoast SEO Premium plugin v22.0 (Yoast SEO v22.0) - https:\/\/yoast.com\/wordpress\/plugins\/seo\/ -->\n<title>CEO BOTSCHAFT - Best Iran Tours &amp; Travel Packages 2026\/2027<\/title>\n<meta name=\"description\" content=\"Iran-Gashttour ist einer der f\u00fchrenden Iran-Reiseveranstalter, der 1989 durch ein Team von Iran-Liebhabern in Schiraz gegr\u00fcndet wurde. Unser prim\u00e4res Ziel ist es, den wahren Iran zu zeigen, jenseits der Propaganda und den negativen Nachrichten in den Medien. Wir bieten die besten Iranreisen in verschiedenen Reiseprogrammen an.\" \/>\n<meta name=\"robots\" content=\"index, follow, max-snippet:-1, max-image-preview:large, max-video-preview:-1\" \/>\n<link rel=\"canonical\" href=\"https:\/\/irangashttour.com\/ceo-message\/\" \/>\n<meta property=\"og:locale\" content=\"de_DE\" \/>\n<meta property=\"og:type\" content=\"article\" \/>\n<meta property=\"og:title\" content=\"CEO BOTSCHAFT\" \/>\n<meta property=\"og:description\" content=\"Iran-Gashttour ist einer der f\u00fchrenden Iran-Reiseveranstalter, der 1989 durch ein Team von Iran-Liebhabern in Schiraz gegr\u00fcndet wurde. Unser prim\u00e4res Ziel ist es, den wahren Iran zu zeigen, jenseits der Propaganda und den negativen Nachrichten in den Medien. Wir bieten die besten Iranreisen in verschiedenen Reiseprogrammen an.\" \/>\n<meta property=\"og:url\" content=\"https:\/\/irangashttour.com\/ceo-message\/\" \/>\n<meta property=\"og:site_name\" content=\"Best Iran Tours &amp; Travel Packages 2026\/2027\" \/>\n<meta property=\"article:publisher\" content=\"https:\/\/www.facebook.com\/gashttour.shiraz.5\" \/>\n<meta property=\"article:modified_time\" content=\"2022-07-19T04:50:43+00:00\" \/>\n<meta property=\"og:image\" content=\"https:\/\/irangashttour.com\/wp-content\/uploads\/2019\/04\/ghajar.jpg\" \/>\n<meta name=\"twitter:card\" content=\"summary_large_image\" \/>\n<meta name=\"twitter:site\" content=\"@irangashttour\" \/>\n<meta name=\"twitter:label1\" content=\"Gesch\u00e4tzte Lesezeit\" \/>\n\t<meta name=\"twitter:data1\" content=\"2\u00a0Minuten\" \/>\n<script type=\"application\/ld+json\" class=\"yoast-schema-graph\">{\"@context\":\"https:\/\/schema.org\",\"@graph\":[{\"@type\":\"WebPage\",\"@id\":\"https:\/\/irangashttour.com\/ceo-message\/\",\"url\":\"https:\/\/irangashttour.com\/ceo-message\/\",\"name\":\"CEO BOTSCHAFT - Best Iran Tours &amp; Travel Packages 2026\/2027\",\"isPartOf\":{\"@id\":\"https:\/\/irangashttour.com\/#website\"},\"datePublished\":\"2020-02-08T06:43:45+00:00\",\"dateModified\":\"2022-07-19T04:50:43+00:00\",\"description\":\"Iran-Gashttour ist einer der f\u00fchrenden Iran-Reiseveranstalter, der 1989 durch ein Team von Iran-Liebhabern in Schiraz gegr\u00fcndet wurde. Unser prim\u00e4res Ziel ist es, den wahren Iran zu zeigen, jenseits der Propaganda und den negativen Nachrichten in den Medien. Wir bieten die besten Iranreisen in verschiedenen Reiseprogrammen an.\",\"breadcrumb\":{\"@id\":\"https:\/\/irangashttour.com\/ceo-message\/#breadcrumb\"},\"inLanguage\":\"de\",\"potentialAction\":[{\"@type\":\"ReadAction\",\"target\":[\"https:\/\/irangashttour.com\/ceo-message\/\"]}]},{\"@type\":\"BreadcrumbList\",\"@id\":\"https:\/\/irangashttour.com\/ceo-message\/#breadcrumb\",\"itemListElement\":[{\"@type\":\"ListItem\",\"position\":1,\"name\":\"Home\",\"item\":\"https:\/\/irangashttour.com\/de\/iran-reisen\/\"},{\"@type\":\"ListItem\",\"position\":2,\"name\":\"CEO BOTSCHAFT\"}]},{\"@type\":\"WebSite\",\"@id\":\"https:\/\/irangashttour.com\/#website\",\"url\":\"https:\/\/irangashttour.com\/\",\"name\":\"Best Iran Tour Packages 2025\",\"description\":\"Discover Iran with Gashttour Travel Agency\",\"publisher\":{\"@id\":\"https:\/\/irangashttour.com\/#organization\"},\"potentialAction\":[{\"@type\":\"SearchAction\",\"target\":{\"@type\":\"EntryPoint\",\"urlTemplate\":\"https:\/\/irangashttour.com\/?s={search_term_string}\"},\"query-input\":\"required name=search_term_string\"}],\"inLanguage\":\"de\"},{\"@type\":\"Organization\",\"@id\":\"https:\/\/irangashttour.com\/#organization\",\"name\":\"GASHTTOUR TRAVEL & TOUR AGENCY\",\"url\":\"https:\/\/irangashttour.com\/\",\"logo\":{\"@type\":\"ImageObject\",\"inLanguage\":\"de\",\"@id\":\"https:\/\/irangashttour.com\/#\/schema\/logo\/image\/\",\"url\":\"https:\/\/irangashttour.com\/wp-content\/uploads\/2020\/03\/irangashttour.jpg\",\"contentUrl\":\"https:\/\/irangashttour.com\/wp-content\/uploads\/2020\/03\/irangashttour.jpg\",\"width\":230,\"height\":230,\"caption\":\"GASHTTOUR TRAVEL & TOUR AGENCY\"},\"image\":{\"@id\":\"https:\/\/irangashttour.com\/#\/schema\/logo\/image\/\"},\"sameAs\":[\"https:\/\/www.facebook.com\/gashttour.shiraz.5\",\"https:\/\/twitter.com\/irangashttour\",\"https:\/\/www.instagram.com\/irangashttour\/\",\"https:\/\/www.linkedin.com\/in\/irangashttour\/\"]}]}<\/script>\n<!-- \/ Yoast SEO Premium plugin. -->","yoast_head_json":{"title":"CEO BOTSCHAFT - Best Iran Tours &amp; Travel Packages 2026\/2027","description":"Iran-Gashttour ist einer der f\u00fchrenden Iran-Reiseveranstalter, der 1989 durch ein Team von Iran-Liebhabern in Schiraz gegr\u00fcndet wurde. Unser prim\u00e4res Ziel ist es, den wahren Iran zu zeigen, jenseits der Propaganda und den negativen Nachrichten in den Medien. Wir bieten die besten Iranreisen in verschiedenen Reiseprogrammen an.","robots":{"index":"index","follow":"follow","max-snippet":"max-snippet:-1","max-image-preview":"max-image-preview:large","max-video-preview":"max-video-preview:-1"},"canonical":"https:\/\/irangashttour.com\/ceo-message\/","og_locale":"de_DE","og_type":"article","og_title":"CEO BOTSCHAFT","og_description":"Iran-Gashttour ist einer der f\u00fchrenden Iran-Reiseveranstalter, der 1989 durch ein Team von Iran-Liebhabern in Schiraz gegr\u00fcndet wurde. Unser prim\u00e4res Ziel ist es, den wahren Iran zu zeigen, jenseits der Propaganda und den negativen Nachrichten in den Medien. Wir bieten die besten Iranreisen in verschiedenen Reiseprogrammen an.","og_url":"https:\/\/irangashttour.com\/ceo-message\/","og_site_name":"Best Iran Tours &amp; Travel Packages 2026\/2027","article_publisher":"https:\/\/www.facebook.com\/gashttour.shiraz.5","article_modified_time":"2022-07-19T04:50:43+00:00","og_image":[{"url":"https:\/\/irangashttour.com\/wp-content\/uploads\/2019\/04\/ghajar.jpg"}],"twitter_card":"summary_large_image","twitter_site":"@irangashttour","twitter_misc":{"Gesch\u00e4tzte Lesezeit":"2\u00a0Minuten"},"schema":{"@context":"https:\/\/schema.org","@graph":[{"@type":"WebPage","@id":"https:\/\/irangashttour.com\/ceo-message\/","url":"https:\/\/irangashttour.com\/ceo-message\/","name":"CEO BOTSCHAFT - Best Iran Tours &amp; Travel Packages 2026\/2027","isPartOf":{"@id":"https:\/\/irangashttour.com\/#website"},"datePublished":"2020-02-08T06:43:45+00:00","dateModified":"2022-07-19T04:50:43+00:00","description":"Iran-Gashttour ist einer der f\u00fchrenden Iran-Reiseveranstalter, der 1989 durch ein Team von Iran-Liebhabern in Schiraz gegr\u00fcndet wurde. Unser prim\u00e4res Ziel ist es, den wahren Iran zu zeigen, jenseits der Propaganda und den negativen Nachrichten in den Medien. Wir bieten die besten Iranreisen in verschiedenen Reiseprogrammen an.","breadcrumb":{"@id":"https:\/\/irangashttour.com\/ceo-message\/#breadcrumb"},"inLanguage":"de","potentialAction":[{"@type":"ReadAction","target":["https:\/\/irangashttour.com\/ceo-message\/"]}]},{"@type":"BreadcrumbList","@id":"https:\/\/irangashttour.com\/ceo-message\/#breadcrumb","itemListElement":[{"@type":"ListItem","position":1,"name":"Home","item":"https:\/\/irangashttour.com\/de\/iran-reisen\/"},{"@type":"ListItem","position":2,"name":"CEO BOTSCHAFT"}]},{"@type":"WebSite","@id":"https:\/\/irangashttour.com\/#website","url":"https:\/\/irangashttour.com\/","name":"Best Iran Tour Packages 2025","description":"Discover Iran with Gashttour Travel Agency","publisher":{"@id":"https:\/\/irangashttour.com\/#organization"},"potentialAction":[{"@type":"SearchAction","target":{"@type":"EntryPoint","urlTemplate":"https:\/\/irangashttour.com\/?s={search_term_string}"},"query-input":"required name=search_term_string"}],"inLanguage":"de"},{"@type":"Organization","@id":"https:\/\/irangashttour.com\/#organization","name":"GASHTTOUR TRAVEL & TOUR AGENCY","url":"https:\/\/irangashttour.com\/","logo":{"@type":"ImageObject","inLanguage":"de","@id":"https:\/\/irangashttour.com\/#\/schema\/logo\/image\/","url":"https:\/\/irangashttour.com\/wp-content\/uploads\/2020\/03\/irangashttour.jpg","contentUrl":"https:\/\/irangashttour.com\/wp-content\/uploads\/2020\/03\/irangashttour.jpg","width":230,"height":230,"caption":"GASHTTOUR TRAVEL & TOUR AGENCY"},"image":{"@id":"https:\/\/irangashttour.com\/#\/schema\/logo\/image\/"},"sameAs":["https:\/\/www.facebook.com\/gashttour.shiraz.5","https:\/\/twitter.com\/irangashttour","https:\/\/www.instagram.com\/irangashttour\/","https:\/\/www.linkedin.com\/in\/irangashttour\/"]}]}},"_links":{"self":[{"href":"https:\/\/irangashttour.com\/de\/wp-json\/wp\/v2\/pages\/8153"}],"collection":[{"href":"https:\/\/irangashttour.com\/de\/wp-json\/wp\/v2\/pages"}],"about":[{"href":"https:\/\/irangashttour.com\/de\/wp-json\/wp\/v2\/types\/page"}],"author":[{"embeddable":true,"href":"https:\/\/irangashttour.com\/de\/wp-json\/wp\/v2\/users\/1"}],"replies":[{"embeddable":true,"href":"https:\/\/irangashttour.com\/de\/wp-json\/wp\/v2\/comments?post=8153"}],"version-history":[{"count":5,"href":"https:\/\/irangashttour.com\/de\/wp-json\/wp\/v2\/pages\/8153\/revisions"}],"predecessor-version":[{"id":27584,"href":"https:\/\/irangashttour.com\/de\/wp-json\/wp\/v2\/pages\/8153\/revisions\/27584"}],"wp:attachment":[{"href":"https:\/\/irangashttour.com\/de\/wp-json\/wp\/v2\/media?parent=8153"}],"curies":[{"name":"wp","href":"https:\/\/api.w.org\/{rel}","templated":true}]}}