{"id":8328,"date":"2020-02-15T09:00:22","date_gmt":"2020-02-15T09:00:22","guid":{"rendered":"https:\/\/irangashttour.com\/dizin-kish\/"},"modified":"2020-03-04T10:07:01","modified_gmt":"2020-03-04T10:07:01","slug":"dizin-kish","status":"publish","type":"page","link":"https:\/\/irangashttour.com\/de\/dizin-kish\/","title":{"rendered":"DIZIN \u2013 KISH"},"content":{"rendered":"\n<style type=\"text\/css\" data-created_by=\"avia_inline_auto\" id=\"style-css-av-dty4em-bf0c1258497916ef8c4efe7deb676eea\">\n.flex_column.av-dty4em-bf0c1258497916ef8c4efe7deb676eea{\nborder-radius:0px 0px 0px 0px;\n-webkit-border-radius:0px 0px 0px 0px;\n-moz-border-radius:0px 0px 0px 0px;\n}\n<\/style>\n<div class='flex_column av-dty4em-bf0c1258497916ef8c4efe7deb676eea av_three_fifth  avia-builder-el-0  el_before_av_two_fifth  avia-builder-el-first  first flex_column_div av-zero-column-padding '   ><section  class='av_textblock_section av-jruzkii5-f2c09176d2eaf2bfbd340baec6877d4f'  itemscope=\"itemscope\" itemtype=\"https:\/\/schema.org\/CreativeWork\" ><div class='avia_textblock'  itemprop=\"text\" ><h3 style=\"text-align: justify;\"><span style=\"color: #03cdd4;\">DIZIN \u2013 KISH 7 Tage \u2013 6 N\u00e4chte Code: GA.18<br \/>\n<\/span><\/h3>\n<p style=\"text-align: justify;\">Das vielf\u00e4ltige Klima Irans wird einem auf dieser Route bestens veranschaulicht. Zur Winterzeit, bietet der Schiort \u201eDizin\u201c n\u00f6rdlich Tehrans, einen himmlischen Schiurlaub an. Zudem kann man mit einem Flug in den S\u00fcden, nach Kish, die Insel im Persischen Golf, die w\u00e4rme der Sonne mit milden Temperaturen um die 20 Grad, mitten in der Winterzeit, genie\u00dfen. <em><br \/>\n<\/em><\/p>\n<p><span style=\"color: #000000;\"><strong>Tag 01: Ankunft in Teheran<\/strong><\/span><br \/>\nAnkunft im Flughafen. Begr\u00fc\u00dfung und Abholung. Transfer zum Hotel. \u00dcbernachtung in Teheran.<\/p>\n<\/div><\/section><\/div>\n<style type=\"text\/css\" data-created_by=\"avia_inline_auto\" id=\"style-css-av-c8kd4e-e721727017b05d025f5904c10c998c62\">\n.flex_column.av-c8kd4e-e721727017b05d025f5904c10c998c62{\nborder-radius:0px 0px 0px 0px;\n-webkit-border-radius:0px 0px 0px 0px;\n-moz-border-radius:0px 0px 0px 0px;\n}\n<\/style>\n<div class='flex_column av-c8kd4e-e721727017b05d025f5904c10c998c62 av_two_fifth  avia-builder-el-2  el_after_av_three_fifth  el_before_av_one_half  flex_column_div av-zero-column-padding '   ><style type=\"text\/css\" data-created_by=\"avia_inline_auto\" id=\"style-css-av-juf5cvt4-93713dcffcfbd3aa7505a89ae7d78a6f\">\n.avia-image-container.av-juf5cvt4-93713dcffcfbd3aa7505a89ae7d78a6f .av-image-caption-overlay-center{\ncolor:#ffffff;\n}\n<\/style>\n<div  class='avia-image-container av-juf5cvt4-93713dcffcfbd3aa7505a89ae7d78a6f av-styling- avia_animated_image avia_animate_when_almost_visible fade-in avia-align-right  avia-builder-el-3  avia-builder-el-no-sibling '  itemprop=\"image\" itemscope=\"itemscope\" itemtype=\"https:\/\/schema.org\/ImageObject\" ><div class=\"avia-image-container-inner\"><div class=\"avia-image-overlay-wrap\"><img fetchpriority=\"high\" fetchpriority=\"high\" decoding=\"async\" class='wp-image-4490 avia-img-lazy-loading-not-4490 avia_image' src=\"https:\/\/irangashttour.com\/wp-content\/uploads\/2019\/04\/kishdizin.gif\" alt='' title='kishdizin'  height=\"350\" width=\"350\"  itemprop=\"thumbnailUrl\"  \/><\/div><\/div><\/div><\/div><\/p>\n\n<style type=\"text\/css\" data-created_by=\"avia_inline_auto\" id=\"style-css-av-bhdhxa-10565749f3913db606aea496995b22fd\">\n.flex_column.av-bhdhxa-10565749f3913db606aea496995b22fd{\nborder-radius:0px 0px 0px 0px;\n-webkit-border-radius:0px 0px 0px 0px;\n-moz-border-radius:0px 0px 0px 0px;\n}\n<\/style>\n<div class='flex_column av-bhdhxa-10565749f3913db606aea496995b22fd av_one_half  avia-builder-el-4  el_after_av_two_fifth  el_before_av_one_half  first flex_column_div av-zero-column-padding '   ><style type=\"text\/css\" data-created_by=\"avia_inline_auto\" id=\"style-css-av-juf5dt7m-950fd7baed191278a7bc3e66433ffa72\">\n.avia-image-container.av-juf5dt7m-950fd7baed191278a7bc3e66433ffa72 .av-image-caption-overlay-center{\ncolor:#ffffff;\n}\n<\/style>\n<div  class='avia-image-container av-juf5dt7m-950fd7baed191278a7bc3e66433ffa72 av-styling- avia_animated_image avia_animate_when_almost_visible fade-in avia-align-left  avia-builder-el-5  avia-builder-el-no-sibling '  itemprop=\"image\" itemscope=\"itemscope\" itemtype=\"https:\/\/schema.org\/ImageObject\" ><div class=\"avia-image-container-inner\"><div class=\"avia-image-overlay-wrap\"><img decoding=\"async\" class='wp-image-3881 avia-img-lazy-loading-not-3881 avia_image' src=\"https:\/\/irangashttour.com\/wp-content\/uploads\/2019\/04\/dizin03.jpg\" alt='' title='dizin03'  height=\"406\" width=\"700\"  itemprop=\"thumbnailUrl\" srcset=\"https:\/\/irangashttour.com\/wp-content\/uploads\/2019\/04\/dizin03.jpg 700w, https:\/\/irangashttour.com\/wp-content\/uploads\/2019\/04\/dizin03-300x174.jpg 300w, https:\/\/irangashttour.com\/wp-content\/uploads\/2019\/04\/dizin03-450x261.jpg 450w\" sizes=\"(max-width: 700px) 100vw, 700px\" \/><\/div><\/div><\/div><\/div>\n\n<style type=\"text\/css\" data-created_by=\"avia_inline_auto\" id=\"style-css-av-8ylyr2-8de39b20fb2c786c23292cbd76ff271c\">\n.flex_column.av-8ylyr2-8de39b20fb2c786c23292cbd76ff271c{\nborder-radius:0px 0px 0px 0px;\n-webkit-border-radius:0px 0px 0px 0px;\n-moz-border-radius:0px 0px 0px 0px;\n}\n<\/style>\n<div class='flex_column av-8ylyr2-8de39b20fb2c786c23292cbd76ff271c av_one_half  avia-builder-el-6  el_after_av_one_half  el_before_av_one_half  flex_column_div av-zero-column-padding '   ><section  class='av_textblock_section av-jruzkwqz-5a6581dc0bf03aef190ca231321a6cc5'  itemscope=\"itemscope\" itemtype=\"https:\/\/schema.org\/CreativeWork\" ><div class='avia_textblock'  itemprop=\"text\" ><p style=\"text-align: justify;\"><strong>Tag 02: Teheran &#8211; Dizin.<\/strong><br \/>\nNach dem Fr\u00fchst\u00fcck erfolgt eine Stadtrundfahrt in Tehran: Besichtigung des Saadabad Palastes anschlie\u00dfend Besichtigung der Museen von \u00c4rch\u00e4ologie und Islamische Kunst. Das Arch\u00e4ologie-Museum beinhaltet Kunstwerke aus dem vorislamischen Zeitalter bis ins 5 Jh. n. Chr.. Besichtigung des Golestan Palastes aus dem 18. Jh.. Anschlie\u00dfend besichtigen wir das Kronjuwelenmuseum. Nachmittags Fahrt zum Schiort Dizin und \u00dcbernachtung.<\/p>\n<p style=\"text-align: justify;\"><strong>Tag 03: Dizin<\/strong><br \/>\nFreier Aufenthalt in Dizin ohne Reiseleiter und Fahrer. Vor Ort in Dizin k\u00f6nnen Sie n\u00f6tige Sachen wie Schier mieten. \u00dcbernachtung in Dizin.<\/p>\n<\/div><\/section><\/div>\n<style type=\"text\/css\" data-created_by=\"avia_inline_auto\" id=\"style-css-av-siory-c30f5a59e5785a30bc7e6e6f69594f30\">\n.flex_column.av-siory-c30f5a59e5785a30bc7e6e6f69594f30{\nborder-radius:0px 0px 0px 0px;\n-webkit-border-radius:0px 0px 0px 0px;\n-moz-border-radius:0px 0px 0px 0px;\n}\n<\/style>\n<div class='flex_column av-siory-c30f5a59e5785a30bc7e6e6f69594f30 av_one_half  avia-builder-el-8  el_after_av_one_half  el_before_av_one_half  first flex_column_div av-zero-column-padding column-top-margin'   ><section  class='av_textblock_section av-jruzm0jf-a5c33dd60fd3c34b2a684a25a9e5025b'  itemscope=\"itemscope\" itemtype=\"https:\/\/schema.org\/CreativeWork\" ><div class='avia_textblock'  itemprop=\"text\" ><p><strong>Tag 04: Dizin &#8211; Tehran<\/strong><br \/>\nVormittags Aufenthalt in Dizin. Nachmittags Abholung und R\u00fcckfahrt nach Tehran. \u00dcbernachtung in Tehran.<\/p>\n<p><strong>Tag 05: Tehran &#8211; Kisch<\/strong><br \/>\nTransfer zum Mehrabad Flughafen in Tehran. Flug nach Kisch (Dauer ca. 1:40 Std.).<br \/>\nDer Aufenthalt auf der Insel Kisch. \u00dcbernachtung auf Kisch.<br \/>\nJe nach Flugplan, kann es Abweichungen geben, und der Flug eventuell am Folgetag vorgesehen werden.<\/p>\n<\/div><\/section><\/div>\n<style type=\"text\/css\" data-created_by=\"avia_inline_auto\" id=\"style-css-av-57o2hq-7f075c8ef9214f920a35407972a4e186\">\n.flex_column.av-57o2hq-7f075c8ef9214f920a35407972a4e186{\nborder-radius:0px 0px 0px 0px;\n-webkit-border-radius:0px 0px 0px 0px;\n-moz-border-radius:0px 0px 0px 0px;\n}\n<\/style>\n<div class='flex_column av-57o2hq-7f075c8ef9214f920a35407972a4e186 av_one_half  avia-builder-el-10  el_after_av_one_half  el_before_av_one_half  flex_column_div av-zero-column-padding column-top-margin'   ><style type=\"text\/css\" data-created_by=\"avia_inline_auto\" id=\"style-css-av-juf5equg-eb845e677e47c92d8821a557190a075f\">\n.avia-image-container.av-juf5equg-eb845e677e47c92d8821a557190a075f .av-image-caption-overlay-center{\ncolor:#ffffff;\n}\n<\/style>\n<div  class='avia-image-container av-juf5equg-eb845e677e47c92d8821a557190a075f av-styling- avia_animated_image avia_animate_when_almost_visible fade-in avia-align-right  avia-builder-el-11  avia-builder-el-no-sibling '  itemprop=\"image\" itemscope=\"itemscope\" itemtype=\"https:\/\/schema.org\/ImageObject\" ><div class=\"avia-image-container-inner\"><div class=\"avia-image-overlay-wrap\"><img decoding=\"async\" class='wp-image-3857 avia-img-lazy-loading-not-3857 avia_image' src=\"https:\/\/irangashttour.com\/wp-content\/uploads\/2019\/04\/dizin02.jpg\" alt='' title='dizin02'  height=\"406\" width=\"700\"  itemprop=\"thumbnailUrl\" srcset=\"https:\/\/irangashttour.com\/wp-content\/uploads\/2019\/04\/dizin02.jpg 700w, https:\/\/irangashttour.com\/wp-content\/uploads\/2019\/04\/dizin02-300x174.jpg 300w, https:\/\/irangashttour.com\/wp-content\/uploads\/2019\/04\/dizin02-450x261.jpg 450w\" sizes=\"(max-width: 700px) 100vw, 700px\" \/><\/div><\/div><\/div><\/div><\/p>\n\n<style type=\"text\/css\" data-created_by=\"avia_inline_auto\" id=\"style-css-av-4ya9zy-84945069a1e4ec953da63802f3fa04ee\">\n.flex_column.av-4ya9zy-84945069a1e4ec953da63802f3fa04ee{\nborder-radius:0px 0px 0px 0px;\n-webkit-border-radius:0px 0px 0px 0px;\n-moz-border-radius:0px 0px 0px 0px;\n}\n<\/style>\n<div class='flex_column av-4ya9zy-84945069a1e4ec953da63802f3fa04ee av_one_half  avia-builder-el-12  el_after_av_one_half  el_before_av_one_half  first flex_column_div av-zero-column-padding column-top-margin'   ><style type=\"text\/css\" data-created_by=\"avia_inline_auto\" id=\"style-css-av-juf5fheb-bcfa771a5b9e13e44ab6f26b2f62dd86\">\n.avia-image-container.av-juf5fheb-bcfa771a5b9e13e44ab6f26b2f62dd86 .av-image-caption-overlay-center{\ncolor:#ffffff;\n}\n<\/style>\n<div  class='avia-image-container av-juf5fheb-bcfa771a5b9e13e44ab6f26b2f62dd86 av-styling- avia_animated_image avia_animate_when_almost_visible fade-in avia-align-left  avia-builder-el-13  avia-builder-el-no-sibling '  itemprop=\"image\" itemscope=\"itemscope\" itemtype=\"https:\/\/schema.org\/ImageObject\" ><div class=\"avia-image-container-inner\"><div class=\"avia-image-overlay-wrap\"><img loading=\"lazy\" loading=\"lazy\" decoding=\"async\" class='wp-image-3892 avia-img-lazy-loading-not-3892 avia_image' src=\"https:\/\/irangashttour.com\/wp-content\/uploads\/2019\/04\/kish-01.jpg\" alt='' title='kish 01'  height=\"406\" width=\"700\"  itemprop=\"thumbnailUrl\" srcset=\"https:\/\/irangashttour.com\/wp-content\/uploads\/2019\/04\/kish-01.jpg 700w, https:\/\/irangashttour.com\/wp-content\/uploads\/2019\/04\/kish-01-300x174.jpg 300w, https:\/\/irangashttour.com\/wp-content\/uploads\/2019\/04\/kish-01-450x261.jpg 450w\" sizes=\"(max-width: 700px) 100vw, 700px\" \/><\/div><\/div><\/div><\/div>\n\n<style type=\"text\/css\" data-created_by=\"avia_inline_auto\" id=\"style-css-av-34s60u-b68449ce3951a7db83f5c9f447db5aba\">\n.flex_column.av-34s60u-b68449ce3951a7db83f5c9f447db5aba{\nborder-radius:0px 0px 0px 0px;\n-webkit-border-radius:0px 0px 0px 0px;\n-moz-border-radius:0px 0px 0px 0px;\n}\n<\/style>\n<div class='flex_column av-34s60u-b68449ce3951a7db83f5c9f447db5aba av_one_half  avia-builder-el-14  el_after_av_one_half  avia-builder-el-last  flex_column_div av-zero-column-padding column-top-margin'   ><section  class='av_textblock_section av-jruzo6kw-f637727822002f8982e4f24b81ffeb53'  itemscope=\"itemscope\" itemtype=\"https:\/\/schema.org\/CreativeWork\" ><div class='avia_textblock'  itemprop=\"text\" ><p><strong>Tag 06: Kisch &#8211; Tehran<\/strong><br \/>\nSie k\u00f6nnen die portugisische Festung aus dem 16 Jahrhundert und die Korallen Lagune besichtigen. Flug nach Tehran. Flughafentransfer in Tehran und \u00dcbernachtung.<\/p>\n<p><strong>Tag 07: Tehran &#8211; Heimflug<\/strong><br \/>\nTransfer zum Flughafen und Heimflug.<\/p>\n<\/div><\/section><\/div>\n","protected":false},"excerpt":{"rendered":"","protected":false},"author":1,"featured_media":0,"parent":0,"menu_order":0,"comment_status":"closed","ping_status":"closed","template":"","meta":{"ngg_post_thumbnail":0,"footnotes":""},"yoast_head":"<!-- This site is optimized with the Yoast SEO Premium plugin v22.0 (Yoast SEO v22.0) - https:\/\/yoast.com\/wordpress\/plugins\/seo\/ -->\n<title>DIZIN \u2013 KISH - Best Iran Tours &amp; Travel Packages 2026\/2027<\/title>\n<meta name=\"robots\" content=\"index, follow, max-snippet:-1, max-image-preview:large, max-video-preview:-1\" \/>\n<link rel=\"canonical\" href=\"https:\/\/irangashttour.com\/dizin-kish\/\" \/>\n<meta property=\"og:locale\" content=\"de_DE\" \/>\n<meta property=\"og:type\" content=\"article\" \/>\n<meta property=\"og:title\" content=\"DIZIN \u2013 KISH\" \/>\n<meta property=\"og:url\" content=\"https:\/\/irangashttour.com\/dizin-kish\/\" \/>\n<meta property=\"og:site_name\" content=\"Best Iran Tours &amp; Travel Packages 2026\/2027\" \/>\n<meta property=\"article:publisher\" content=\"https:\/\/www.facebook.com\/gashttour.shiraz.5\" \/>\n<meta property=\"article:modified_time\" content=\"2020-03-04T10:07:01+00:00\" \/>\n<meta name=\"twitter:card\" content=\"summary_large_image\" \/>\n<meta name=\"twitter:site\" content=\"@irangashttour\" \/>\n<meta name=\"twitter:label1\" content=\"Gesch\u00e4tzte Lesezeit\" \/>\n\t<meta name=\"twitter:data1\" content=\"7\u00a0Minuten\" \/>\n<script type=\"application\/ld+json\" class=\"yoast-schema-graph\">{\"@context\":\"https:\/\/schema.org\",\"@graph\":[{\"@type\":\"WebPage\",\"@id\":\"https:\/\/irangashttour.com\/dizin-kish\/\",\"url\":\"https:\/\/irangashttour.com\/dizin-kish\/\",\"name\":\"DIZIN \u2013 KISH - Best Iran Tours &amp; Travel Packages 2026\/2027\",\"isPartOf\":{\"@id\":\"https:\/\/irangashttour.com\/#website\"},\"datePublished\":\"2020-02-15T09:00:22+00:00\",\"dateModified\":\"2020-03-04T10:07:01+00:00\",\"breadcrumb\":{\"@id\":\"https:\/\/irangashttour.com\/dizin-kish\/#breadcrumb\"},\"inLanguage\":\"de\",\"potentialAction\":[{\"@type\":\"ReadAction\",\"target\":[\"https:\/\/irangashttour.com\/dizin-kish\/\"]}]},{\"@type\":\"BreadcrumbList\",\"@id\":\"https:\/\/irangashttour.com\/dizin-kish\/#breadcrumb\",\"itemListElement\":[{\"@type\":\"ListItem\",\"position\":1,\"name\":\"Home\",\"item\":\"https:\/\/irangashttour.com\/de\/iran-reisen\/\"},{\"@type\":\"ListItem\",\"position\":2,\"name\":\"DIZIN \u2013 KISH\"}]},{\"@type\":\"WebSite\",\"@id\":\"https:\/\/irangashttour.com\/#website\",\"url\":\"https:\/\/irangashttour.com\/\",\"name\":\"Best Iran Tour Packages 2025\",\"description\":\"Discover Iran with Gashttour Travel Agency\",\"publisher\":{\"@id\":\"https:\/\/irangashttour.com\/#organization\"},\"potentialAction\":[{\"@type\":\"SearchAction\",\"target\":{\"@type\":\"EntryPoint\",\"urlTemplate\":\"https:\/\/irangashttour.com\/?s={search_term_string}\"},\"query-input\":\"required name=search_term_string\"}],\"inLanguage\":\"de\"},{\"@type\":\"Organization\",\"@id\":\"https:\/\/irangashttour.com\/#organization\",\"name\":\"GASHTTOUR TRAVEL & TOUR AGENCY\",\"url\":\"https:\/\/irangashttour.com\/\",\"logo\":{\"@type\":\"ImageObject\",\"inLanguage\":\"de\",\"@id\":\"https:\/\/irangashttour.com\/#\/schema\/logo\/image\/\",\"url\":\"https:\/\/irangashttour.com\/wp-content\/uploads\/2020\/03\/irangashttour.jpg\",\"contentUrl\":\"https:\/\/irangashttour.com\/wp-content\/uploads\/2020\/03\/irangashttour.jpg\",\"width\":230,\"height\":230,\"caption\":\"GASHTTOUR TRAVEL & TOUR AGENCY\"},\"image\":{\"@id\":\"https:\/\/irangashttour.com\/#\/schema\/logo\/image\/\"},\"sameAs\":[\"https:\/\/www.facebook.com\/gashttour.shiraz.5\",\"https:\/\/twitter.com\/irangashttour\",\"https:\/\/www.instagram.com\/irangashttour\/\",\"https:\/\/www.linkedin.com\/in\/irangashttour\/\"]}]}<\/script>\n<!-- \/ Yoast SEO Premium plugin. -->","yoast_head_json":{"title":"DIZIN \u2013 KISH - Best Iran Tours &amp; Travel Packages 2026\/2027","robots":{"index":"index","follow":"follow","max-snippet":"max-snippet:-1","max-image-preview":"max-image-preview:large","max-video-preview":"max-video-preview:-1"},"canonical":"https:\/\/irangashttour.com\/dizin-kish\/","og_locale":"de_DE","og_type":"article","og_title":"DIZIN \u2013 KISH","og_url":"https:\/\/irangashttour.com\/dizin-kish\/","og_site_name":"Best Iran Tours &amp; Travel Packages 2026\/2027","article_publisher":"https:\/\/www.facebook.com\/gashttour.shiraz.5","article_modified_time":"2020-03-04T10:07:01+00:00","twitter_card":"summary_large_image","twitter_site":"@irangashttour","twitter_misc":{"Gesch\u00e4tzte Lesezeit":"7\u00a0Minuten"},"schema":{"@context":"https:\/\/schema.org","@graph":[{"@type":"WebPage","@id":"https:\/\/irangashttour.com\/dizin-kish\/","url":"https:\/\/irangashttour.com\/dizin-kish\/","name":"DIZIN \u2013 KISH - Best Iran Tours &amp; Travel Packages 2026\/2027","isPartOf":{"@id":"https:\/\/irangashttour.com\/#website"},"datePublished":"2020-02-15T09:00:22+00:00","dateModified":"2020-03-04T10:07:01+00:00","breadcrumb":{"@id":"https:\/\/irangashttour.com\/dizin-kish\/#breadcrumb"},"inLanguage":"de","potentialAction":[{"@type":"ReadAction","target":["https:\/\/irangashttour.com\/dizin-kish\/"]}]},{"@type":"BreadcrumbList","@id":"https:\/\/irangashttour.com\/dizin-kish\/#breadcrumb","itemListElement":[{"@type":"ListItem","position":1,"name":"Home","item":"https:\/\/irangashttour.com\/de\/iran-reisen\/"},{"@type":"ListItem","position":2,"name":"DIZIN \u2013 KISH"}]},{"@type":"WebSite","@id":"https:\/\/irangashttour.com\/#website","url":"https:\/\/irangashttour.com\/","name":"Best Iran Tour Packages 2025","description":"Discover Iran with Gashttour Travel Agency","publisher":{"@id":"https:\/\/irangashttour.com\/#organization"},"potentialAction":[{"@type":"SearchAction","target":{"@type":"EntryPoint","urlTemplate":"https:\/\/irangashttour.com\/?s={search_term_string}"},"query-input":"required name=search_term_string"}],"inLanguage":"de"},{"@type":"Organization","@id":"https:\/\/irangashttour.com\/#organization","name":"GASHTTOUR TRAVEL & TOUR AGENCY","url":"https:\/\/irangashttour.com\/","logo":{"@type":"ImageObject","inLanguage":"de","@id":"https:\/\/irangashttour.com\/#\/schema\/logo\/image\/","url":"https:\/\/irangashttour.com\/wp-content\/uploads\/2020\/03\/irangashttour.jpg","contentUrl":"https:\/\/irangashttour.com\/wp-content\/uploads\/2020\/03\/irangashttour.jpg","width":230,"height":230,"caption":"GASHTTOUR TRAVEL & TOUR AGENCY"},"image":{"@id":"https:\/\/irangashttour.com\/#\/schema\/logo\/image\/"},"sameAs":["https:\/\/www.facebook.com\/gashttour.shiraz.5","https:\/\/twitter.com\/irangashttour","https:\/\/www.instagram.com\/irangashttour\/","https:\/\/www.linkedin.com\/in\/irangashttour\/"]}]}},"_links":{"self":[{"href":"https:\/\/irangashttour.com\/de\/wp-json\/wp\/v2\/pages\/8328"}],"collection":[{"href":"https:\/\/irangashttour.com\/de\/wp-json\/wp\/v2\/pages"}],"about":[{"href":"https:\/\/irangashttour.com\/de\/wp-json\/wp\/v2\/types\/page"}],"author":[{"embeddable":true,"href":"https:\/\/irangashttour.com\/de\/wp-json\/wp\/v2\/users\/1"}],"replies":[{"embeddable":true,"href":"https:\/\/irangashttour.com\/de\/wp-json\/wp\/v2\/comments?post=8328"}],"version-history":[{"count":2,"href":"https:\/\/irangashttour.com\/de\/wp-json\/wp\/v2\/pages\/8328\/revisions"}],"predecessor-version":[{"id":8413,"href":"https:\/\/irangashttour.com\/de\/wp-json\/wp\/v2\/pages\/8328\/revisions\/8413"}],"wp:attachment":[{"href":"https:\/\/irangashttour.com\/de\/wp-json\/wp\/v2\/media?parent=8328"}],"curies":[{"name":"wp","href":"https:\/\/api.w.org\/{rel}","templated":true}]}}