{"id":8330,"date":"2020-02-15T09:01:36","date_gmt":"2020-02-15T09:01:36","guid":{"rendered":"https:\/\/irangashttour.com\/iran-ancient\/"},"modified":"2022-07-17T08:29:25","modified_gmt":"2022-07-17T08:29:25","slug":"iran-die-antike","status":"publish","type":"page","link":"https:\/\/irangashttour.com\/de\/iran-die-antike\/","title":{"rendered":"IRAN DIE ANTIKE"},"content":{"rendered":"\n<style type=\"text\/css\" data-created_by=\"avia_inline_auto\" id=\"style-css-av-1l0aa-0dcb5bd5f0b2a226700fb0ee5b77eed0\">\n.flex_column.av-1l0aa-0dcb5bd5f0b2a226700fb0ee5b77eed0{\nborder-radius:0px 0px 0px 0px;\n-webkit-border-radius:0px 0px 0px 0px;\n-moz-border-radius:0px 0px 0px 0px;\n}\n<\/style>\n<div class='flex_column av-1l0aa-0dcb5bd5f0b2a226700fb0ee5b77eed0 av_three_fifth  avia-builder-el-0  el_before_av_two_fifth  avia-builder-el-first  first flex_column_div av-zero-column-padding '   ><section  class='av_textblock_section av-jrn70k94-d28c2563ca8a67a921da483f58fdbb9c'  itemscope=\"itemscope\" itemtype=\"https:\/\/schema.org\/CreativeWork\" ><div class='avia_textblock'  itemprop=\"text\" ><h2 style=\"text-align: justify;\"><span style=\"color: #03cdd4;\">IRAN DIE ANTIKE<\/span><\/h2>\n<p style=\"text-align: justify;\"><strong><span style=\"color: #03cdd4;\">8 Tage und 7 N\u00e4chte: GT.01<\/span><\/strong><\/p>\n<p style=\"text-align: justify;\">Bei diesem kurzen Aufenthalt im Iran, werden Sie die wichtigsten touristischen H\u00f6hepunkte des Landes, wie Schiraz und Isfahan, kennenlernen. Die Reise kann als Vorgeschmack f\u00fcr eine sp\u00e4tere l\u00e4ngere Iranreise dienen.<\/p>\n<p style=\"text-align: justify;\"><strong>Tag 01: Tehran-Ankunft<\/strong> Ankunft auf dem internationalen Imam Flughafen von Tehran. Transfer zum Hotel und \u00dcbernachtung. Check in ab 14:00 Uhr.<\/p>\n<p style=\"text-align: justify;\"><strong>Tag 02: Tehran\u2013 Shiraz<\/strong> Nach dem Fr\u00fchst\u00fcck erfolgt eine Stadtrundfahrt in Tehran: Besichtigung des Saadabad Palastes anschlie\u00dfend Besichtigung der Museen von \u00c4rch\u00e4ologie und Islamische Kunst. Das Arch\u00e4ologie-Museum beinhaltet Kunstwerke aus dem vorislamischen Zeitalter bis ins 5 Jh. n. Chr.. Besichtigung des Golestan Palastes aus dem 18. Jh.. Anschlie\u00dfend besichtigen wir das Kronjuwelenmuseum. Anschlie\u00dfend Flug nach Schiraz (Dauer 1:15 Std.). \u00dcbernachtung in Schiraz. <span style=\"color: #993300;\"><em>Das Besichtigungsprogramm in Tehran kann je nach Wochentag und der \u00d6ffnungszeiten der Museen und Pal\u00e4ste abweichen.<\/em><\/span><\/p>\n<\/div><\/section><\/div>\n<style type=\"text\/css\" data-created_by=\"avia_inline_auto\" id=\"style-css-av-bhfay-453a508c8e7d23f4f4698cf9450d0ed2\">\n.flex_column.av-bhfay-453a508c8e7d23f4f4698cf9450d0ed2{\nborder-radius:0px 0px 0px 0px;\n-webkit-border-radius:0px 0px 0px 0px;\n-moz-border-radius:0px 0px 0px 0px;\n}\n<\/style>\n<div class='flex_column av-bhfay-453a508c8e7d23f4f4698cf9450d0ed2 av_two_fifth  avia-builder-el-2  el_after_av_three_fifth  el_before_av_one_full  flex_column_div av-zero-column-padding '   ><style type=\"text\/css\" data-created_by=\"avia_inline_auto\" id=\"style-css-av-jrn82a97-482724365a19160c8b5ad8143b30cbc8\">\n.avia-image-container.av-jrn82a97-482724365a19160c8b5ad8143b30cbc8 .av-image-caption-overlay-center{\ncolor:#ffffff;\n}\n<\/style>\n<div  class='avia-image-container av-jrn82a97-482724365a19160c8b5ad8143b30cbc8 av-styling- avia_animated_image avia_animate_when_almost_visible fade-in avia-align-right  avia-builder-el-3  avia-builder-el-no-sibling '  itemprop=\"image\" itemscope=\"itemscope\" itemtype=\"https:\/\/schema.org\/ImageObject\" ><div class=\"avia-image-container-inner\"><div class=\"avia-image-overlay-wrap\"><img fetchpriority=\"high\" fetchpriority=\"high\" decoding=\"async\" class='wp-image-8829 avia-img-lazy-loading-not-8829 avia_image' src=\"https:\/\/irangashttour.com\/wp-content\/uploads\/2019\/04\/IRAN-ANCIENT.gif\" alt='IRAN-ANCIENT.gif' title='IRAN ANCIENT'  height=\"350\" width=\"350\"  itemprop=\"thumbnailUrl\"  \/><\/div><\/div><\/div><\/div><\/p>\n\n<style type=\"text\/css\" data-created_by=\"avia_inline_auto\" id=\"style-css-av-av_one_full-1e26125d131ba13f1accaa8241be1528\">\n.flex_column.av-av_one_full-1e26125d131ba13f1accaa8241be1528{\nborder-radius:0px 0px 0px 0px;\n-webkit-border-radius:0px 0px 0px 0px;\n-moz-border-radius:0px 0px 0px 0px;\n}\n<\/style>\n<div class='flex_column av-av_one_full-1e26125d131ba13f1accaa8241be1528 av_one_full  avia-builder-el-4  el_after_av_two_fifth  el_before_av_one_half  first flex_column_div av-zero-column-padding '   ><\/div>\n\n<style type=\"text\/css\" data-created_by=\"avia_inline_auto\" id=\"style-css-av-bhfay-ae3fcc01fef8815f8a53b377ba2bf508\">\n.flex_column.av-bhfay-ae3fcc01fef8815f8a53b377ba2bf508{\nborder-radius:0px 0px 0px 0px;\n-webkit-border-radius:0px 0px 0px 0px;\n-moz-border-radius:0px 0px 0px 0px;\n}\n<\/style>\n<div class='flex_column av-bhfay-ae3fcc01fef8815f8a53b377ba2bf508 av_one_half  avia-builder-el-5  el_after_av_one_full  el_before_av_one_half  first flex_column_div av-zero-column-padding column-top-margin'   ><style type=\"text\/css\" data-created_by=\"avia_inline_auto\" id=\"style-css-av-jrn8e56m-112543041a362d677afe9bfb743fb377\">\n.avia-image-container.av-jrn8e56m-112543041a362d677afe9bfb743fb377 .av-image-caption-overlay-center{\ncolor:#ffffff;\n}\n<\/style>\n<div  class='avia-image-container av-jrn8e56m-112543041a362d677afe9bfb743fb377 av-styling- avia_animated_image avia_animate_when_almost_visible fade-in avia-align-left  avia-builder-el-6  avia-builder-el-no-sibling '  itemprop=\"image\" itemscope=\"itemscope\" itemtype=\"https:\/\/schema.org\/ImageObject\" ><div class=\"avia-image-container-inner\"><div class=\"avia-image-overlay-wrap\"><img decoding=\"async\" class='wp-image-8825 avia-img-lazy-loading-not-8825 avia_image' src=\"https:\/\/irangashttour.com\/wp-content\/uploads\/2019\/02\/shiraz05.jpg\" alt='iran ancient' title='shiraz05'  height=\"406\" width=\"700\"  itemprop=\"thumbnailUrl\" srcset=\"https:\/\/irangashttour.com\/wp-content\/uploads\/2019\/02\/shiraz05.jpg 700w, https:\/\/irangashttour.com\/wp-content\/uploads\/2019\/02\/shiraz05-300x174.jpg 300w, https:\/\/irangashttour.com\/wp-content\/uploads\/2019\/02\/shiraz05-450x261.jpg 450w\" sizes=\"(max-width: 700px) 100vw, 700px\" \/><\/div><\/div><\/div><\/div>\n\n<style type=\"text\/css\" data-created_by=\"avia_inline_auto\" id=\"style-css-av-bhfay-453a508c8e7d23f4f4698cf9450d0ed2\">\n.flex_column.av-bhfay-453a508c8e7d23f4f4698cf9450d0ed2{\nborder-radius:0px 0px 0px 0px;\n-webkit-border-radius:0px 0px 0px 0px;\n-moz-border-radius:0px 0px 0px 0px;\n}\n<\/style>\n<div class='flex_column av-bhfay-453a508c8e7d23f4f4698cf9450d0ed2 av_one_half  avia-builder-el-7  el_after_av_one_half  el_before_av_one_full  flex_column_div av-zero-column-padding column-top-margin'   ><section  class='av_textblock_section av-jrn8mx9u-84c5c3d1b1a0ccd27d61bbdcd9200a70'  itemscope=\"itemscope\" itemtype=\"https:\/\/schema.org\/CreativeWork\" ><div class='avia_textblock'  itemprop=\"text\" ><p style=\"text-align: justify;\"><strong>Tag 03: Schiraz &#8211; Bishapur &#8211; Schiraz (280 km)<\/strong> Morgens nach dem Fr\u00fchst\u00fcck Fahrt nach Bischapur. Der sassanidische K\u00f6nig \u201eSchahpur\u201c, lie\u00df die Stadt als Siegesdenkmal errichten (im Jahr 260). Die Sassaniden hatten damals das r\u00f6mische Heer in der Schlacht von Edessa besiegt. Heute sind nur noch \u00dcberreste von Reliefs zu sehen. Der Ort war schon in elamitischer und parthischer Zeit besiedelt, wurde nach einer Inschrift im Jahr 266 aber von Schapur I. neu gegr\u00fcndet. Eine arch\u00e4ologische Quelle. Sie ist eine der bedeutesten Merkmale der Sasanidischen Dynastie. Besichtigung des Anahita Tempels, eine altpersische G\u00f6ttin. Besichtigung des Tange Tschogan und der sassanidischen Reliefs. Nachmittags R\u00fcckfahrt nach Schiraz. \u00dcbernachtung in Schiraz.<\/p>\n<p style=\"text-align: justify;\"><strong>Tag 04: Schiraz<\/strong> Stadtrunfahrt in Schiraz: Eram Garten, Naranjestan Garten, Nasir-Al-Molk Moschee, die Mausoleen der Dichter Hafez und Saadi, Wakil Baukomple (Moschee und Basar), sowie der Schrein von Ali Ibn Hamzeh. \u00dcbernachtung in Schiraz.<\/p>\n<\/div><\/section><\/div>\n\n<style type=\"text\/css\" data-created_by=\"avia_inline_auto\" id=\"style-css-av-bhfay-ae3fcc01fef8815f8a53b377ba2bf508\">\n.flex_column.av-bhfay-ae3fcc01fef8815f8a53b377ba2bf508{\nborder-radius:0px 0px 0px 0px;\n-webkit-border-radius:0px 0px 0px 0px;\n-moz-border-radius:0px 0px 0px 0px;\n}\n<\/style>\n<div class='flex_column av-bhfay-ae3fcc01fef8815f8a53b377ba2bf508 av_one_full  avia-builder-el-9  el_after_av_one_half  el_before_av_one_half  first flex_column_div av-zero-column-padding column-top-margin'   ><section  class='av_textblock_section av-jrn8pb71-d66035994f256eb29b59b40d77600178'  itemscope=\"itemscope\" itemtype=\"https:\/\/schema.org\/CreativeWork\" ><div class='avia_textblock'  itemprop=\"text\" ><p style=\"text-align: justify;\"><strong>Tag 05: Schiraz &#8211; Persepolis &#8211; Nekropolis &#8211; Passargad &#8211; Isfahan (490 km)<\/strong> Die Fahrt nach Isfahan geht \u00fcber Persepolis. Bei der Ausfahrt von Schiraz besuchen wir das Koran Tor. Die Fr\u00fchlingspalastanlage der Ach\u00e4meniden liegt knapp 60km n\u00f6rdlich von Schiraz.<\/p>\n<p style=\"text-align: justify;\"><span style=\"color: #993300;\"><em>R\u00fccks\u00e4cke m\u00fcssen beim Eingang von Persepolis abgegeben werden.<\/em><\/span><\/p>\n<p style=\"text-align: justify;\">Je nach Interesse werden Sie ein bis drei Stunden in Persepolis verbringen. 5km weiter von Persepolis liegt Nekropolis, die K\u00f6nigsgr\u00e4ber einiger sassanidischer und ach\u00e4menidischer K\u00f6nige. Unterwegs werden Sie Passargad besichtigen, die erste Residenz der Ach\u00e4meniden. In Passargad liegt auch das Grab des Gro\u00dfk\u00f6nigs \u201eCyrus\u201c . Weiterfahrt nach Isfahan und \u00dcbernachtung.<\/p>\n<\/div><\/section><\/div>\n\n<style type=\"text\/css\" data-created_by=\"avia_inline_auto\" id=\"style-css-av-bhfay-ae3fcc01fef8815f8a53b377ba2bf508\">\n.flex_column.av-bhfay-ae3fcc01fef8815f8a53b377ba2bf508{\nborder-radius:0px 0px 0px 0px;\n-webkit-border-radius:0px 0px 0px 0px;\n-moz-border-radius:0px 0px 0px 0px;\n}\n<\/style>\n<div class='flex_column av-bhfay-ae3fcc01fef8815f8a53b377ba2bf508 av_one_half  avia-builder-el-11  el_after_av_one_full  el_before_av_one_half  first flex_column_div av-zero-column-padding column-top-margin'   ><section  class='av_textblock_section av-jrn92nv3-c0358336ad1c14f7cf9c3ccd5306aa99'  itemscope=\"itemscope\" itemtype=\"https:\/\/schema.org\/CreativeWork\" ><div class='avia_textblock'  itemprop=\"text\" ><p style=\"text-align: justify;\"><strong>Tag 06: Isfahan<\/strong> Die Stadt Isfahan genoss w\u00e4hrend der Herrschaft der Safawieden (15Jhr.) die privilegien einer Hauptstadt. Der Imam Platz, einer der gr\u00f6\u00dften Pl\u00e4tze der Welt, deutet heute noch vom Reichtum und Pracht der damaligen Zeit: zwei w\u00fcndersch\u00f6ne Moscheen Imam-Moschee und Scheikh-Lotfollah-Moschee (Frauen-Moschee), der Ali Ghapu Palast aus dem 15.-16.Jh.n.Chr.und der traditionelle Basar, wo man die Kunsthandwerker bei ihrer Arbeit beobachten kann. Besichtigung des Hascht-Behescht Gartens und Spaziergang entlang am \u201eZayandeh\u201c Fluss, wobei Sie die historischen Br\u00fccken Isfahan aus dem 16 Jh. Besichtigen werden. \u00dcbernachtung in Isfahan.<\/p>\n<p style=\"text-align: justify;\"><strong>Tag 07: Isfahan &#8211; Tehran (465 km)<\/strong> Fahrt ins armenische Viertel (Djolfa) um die Vank-Kathedrale mit deren Museum zu besuchen . Besichtigung der Freitagsmoschee. Besuch der 700 j\u00e4hrigen Schwingenden-Minarette. Besichtigung des vierzig S\u00e4ulen Palasts. Nachmittags Fahrt nach Tehran und \u00dcbernachtung.<\/p>\n<p style=\"text-align: justify;\"><strong>Tag 08: Tehran &#8211; Heimflug<\/strong> Transfer zum internationalen Imam-Flughafen und Heimflug.<\/p>\n<\/div><\/section><\/div>\n\n<style type=\"text\/css\" data-created_by=\"avia_inline_auto\" id=\"style-css-av-bhfay-453a508c8e7d23f4f4698cf9450d0ed2\">\n.flex_column.av-bhfay-453a508c8e7d23f4f4698cf9450d0ed2{\nborder-radius:0px 0px 0px 0px;\n-webkit-border-radius:0px 0px 0px 0px;\n-moz-border-radius:0px 0px 0px 0px;\n}\n<\/style>\n<div class='flex_column av-bhfay-453a508c8e7d23f4f4698cf9450d0ed2 av_one_half  avia-builder-el-13  el_after_av_one_half  avia-builder-el-last  flex_column_div av-zero-column-padding column-top-margin'   ><style type=\"text\/css\" data-created_by=\"avia_inline_auto\" id=\"style-css-av-jrn95j34-9f25fcdf3fab861f58faec459c34322f\">\n.avia-image-container.av-jrn95j34-9f25fcdf3fab861f58faec459c34322f .av-image-caption-overlay-center{\ncolor:#ffffff;\n}\n<\/style>\n<div  class='avia-image-container av-jrn95j34-9f25fcdf3fab861f58faec459c34322f av-styling- avia_animated_image avia_animate_when_almost_visible fade-in avia-align-center  avia-builder-el-14  avia-builder-el-no-sibling '  itemprop=\"image\" itemscope=\"itemscope\" itemtype=\"https:\/\/schema.org\/ImageObject\" ><div class=\"avia-image-container-inner\"><div class=\"avia-image-overlay-wrap\"><img decoding=\"async\" class='wp-image-8827 avia-img-lazy-loading-not-8827 avia_image' src=\"https:\/\/irangashttour.com\/wp-content\/uploads\/2019\/02\/isfahan05.jpg\" alt='iran ancient' title='isfahan05'  height=\"406\" width=\"700\"  itemprop=\"thumbnailUrl\" srcset=\"https:\/\/irangashttour.com\/wp-content\/uploads\/2019\/02\/isfahan05.jpg 700w, https:\/\/irangashttour.com\/wp-content\/uploads\/2019\/02\/isfahan05-300x174.jpg 300w, https:\/\/irangashttour.com\/wp-content\/uploads\/2019\/02\/isfahan05-450x261.jpg 450w\" sizes=\"(max-width: 700px) 100vw, 700px\" \/><\/div><\/div><\/div><\/div>\n","protected":false},"excerpt":{"rendered":"","protected":false},"author":1,"featured_media":0,"parent":0,"menu_order":0,"comment_status":"closed","ping_status":"closed","template":"","meta":{"ngg_post_thumbnail":0,"footnotes":""},"yoast_head":"<!-- This site is optimized with the Yoast SEO Premium plugin v22.0 (Yoast SEO v22.0) - https:\/\/yoast.com\/wordpress\/plugins\/seo\/ -->\n<title>IRAN DIE ANTIKE - Best Iran Tours &amp; Travel Packages 2026\/2027<\/title>\n<meta name=\"description\" content=\"This is a short but interesting tour for those whose time is limited. You will visit Shiraz and Isfahan, the most impressive of Iran \u2019s ancient cities.\" \/>\n<meta name=\"robots\" content=\"index, follow, max-snippet:-1, max-image-preview:large, max-video-preview:-1\" \/>\n<link rel=\"canonical\" href=\"https:\/\/irangashttour.com\/iran-ancient\/\" \/>\n<meta property=\"og:locale\" content=\"de_DE\" \/>\n<meta property=\"og:type\" content=\"article\" \/>\n<meta property=\"og:title\" content=\"IRAN DIE ANTIKE\" \/>\n<meta property=\"og:description\" content=\"This is a short but interesting tour for those whose time is limited. You will visit Shiraz and Isfahan, the most impressive of Iran \u2019s ancient cities.\" \/>\n<meta property=\"og:url\" content=\"https:\/\/irangashttour.com\/iran-ancient\/\" \/>\n<meta property=\"og:site_name\" content=\"Best Iran Tours &amp; Travel Packages 2026\/2027\" \/>\n<meta property=\"article:publisher\" content=\"https:\/\/www.facebook.com\/gashttour.shiraz.5\" \/>\n<meta property=\"article:modified_time\" content=\"2022-07-17T08:29:25+00:00\" \/>\n<meta name=\"twitter:card\" content=\"summary_large_image\" \/>\n<meta name=\"twitter:site\" content=\"@irangashttour\" \/>\n<meta name=\"twitter:label1\" content=\"Gesch\u00e4tzte Lesezeit\" \/>\n\t<meta name=\"twitter:data1\" content=\"9\u00a0Minuten\" \/>\n<script type=\"application\/ld+json\" class=\"yoast-schema-graph\">{\"@context\":\"https:\/\/schema.org\",\"@graph\":[{\"@type\":\"WebPage\",\"@id\":\"https:\/\/irangashttour.com\/iran-ancient\/\",\"url\":\"https:\/\/irangashttour.com\/iran-ancient\/\",\"name\":\"IRAN DIE ANTIKE - Best Iran Tours &amp; Travel Packages 2026\/2027\",\"isPartOf\":{\"@id\":\"https:\/\/irangashttour.com\/#website\"},\"datePublished\":\"2020-02-15T09:01:36+00:00\",\"dateModified\":\"2022-07-17T08:29:25+00:00\",\"description\":\"This is a short but interesting tour for those whose time is limited. You will visit Shiraz and Isfahan, the most impressive of Iran \u2019s ancient cities.\",\"breadcrumb\":{\"@id\":\"https:\/\/irangashttour.com\/iran-ancient\/#breadcrumb\"},\"inLanguage\":\"de\",\"potentialAction\":[{\"@type\":\"ReadAction\",\"target\":[\"https:\/\/irangashttour.com\/iran-ancient\/\"]}]},{\"@type\":\"BreadcrumbList\",\"@id\":\"https:\/\/irangashttour.com\/iran-ancient\/#breadcrumb\",\"itemListElement\":[{\"@type\":\"ListItem\",\"position\":1,\"name\":\"Home\",\"item\":\"https:\/\/irangashttour.com\/de\/iran-reisen\/\"},{\"@type\":\"ListItem\",\"position\":2,\"name\":\"IRAN DIE ANTIKE\"}]},{\"@type\":\"WebSite\",\"@id\":\"https:\/\/irangashttour.com\/#website\",\"url\":\"https:\/\/irangashttour.com\/\",\"name\":\"Best Iran Tour Packages 2025\",\"description\":\"Discover Iran with Gashttour Travel Agency\",\"publisher\":{\"@id\":\"https:\/\/irangashttour.com\/#organization\"},\"potentialAction\":[{\"@type\":\"SearchAction\",\"target\":{\"@type\":\"EntryPoint\",\"urlTemplate\":\"https:\/\/irangashttour.com\/?s={search_term_string}\"},\"query-input\":\"required name=search_term_string\"}],\"inLanguage\":\"de\"},{\"@type\":\"Organization\",\"@id\":\"https:\/\/irangashttour.com\/#organization\",\"name\":\"GASHTTOUR TRAVEL & TOUR AGENCY\",\"url\":\"https:\/\/irangashttour.com\/\",\"logo\":{\"@type\":\"ImageObject\",\"inLanguage\":\"de\",\"@id\":\"https:\/\/irangashttour.com\/#\/schema\/logo\/image\/\",\"url\":\"https:\/\/irangashttour.com\/wp-content\/uploads\/2020\/03\/irangashttour.jpg\",\"contentUrl\":\"https:\/\/irangashttour.com\/wp-content\/uploads\/2020\/03\/irangashttour.jpg\",\"width\":230,\"height\":230,\"caption\":\"GASHTTOUR TRAVEL & TOUR AGENCY\"},\"image\":{\"@id\":\"https:\/\/irangashttour.com\/#\/schema\/logo\/image\/\"},\"sameAs\":[\"https:\/\/www.facebook.com\/gashttour.shiraz.5\",\"https:\/\/twitter.com\/irangashttour\",\"https:\/\/www.instagram.com\/irangashttour\/\",\"https:\/\/www.linkedin.com\/in\/irangashttour\/\"]}]}<\/script>\n<!-- \/ Yoast SEO Premium plugin. -->","yoast_head_json":{"title":"IRAN DIE ANTIKE - Best Iran Tours &amp; Travel Packages 2026\/2027","description":"This is a short but interesting tour for those whose time is limited. You will visit Shiraz and Isfahan, the most impressive of Iran \u2019s ancient cities.","robots":{"index":"index","follow":"follow","max-snippet":"max-snippet:-1","max-image-preview":"max-image-preview:large","max-video-preview":"max-video-preview:-1"},"canonical":"https:\/\/irangashttour.com\/iran-ancient\/","og_locale":"de_DE","og_type":"article","og_title":"IRAN DIE ANTIKE","og_description":"This is a short but interesting tour for those whose time is limited. You will visit Shiraz and Isfahan, the most impressive of Iran \u2019s ancient cities.","og_url":"https:\/\/irangashttour.com\/iran-ancient\/","og_site_name":"Best Iran Tours &amp; Travel Packages 2026\/2027","article_publisher":"https:\/\/www.facebook.com\/gashttour.shiraz.5","article_modified_time":"2022-07-17T08:29:25+00:00","twitter_card":"summary_large_image","twitter_site":"@irangashttour","twitter_misc":{"Gesch\u00e4tzte Lesezeit":"9\u00a0Minuten"},"schema":{"@context":"https:\/\/schema.org","@graph":[{"@type":"WebPage","@id":"https:\/\/irangashttour.com\/iran-ancient\/","url":"https:\/\/irangashttour.com\/iran-ancient\/","name":"IRAN DIE ANTIKE - Best Iran Tours &amp; Travel Packages 2026\/2027","isPartOf":{"@id":"https:\/\/irangashttour.com\/#website"},"datePublished":"2020-02-15T09:01:36+00:00","dateModified":"2022-07-17T08:29:25+00:00","description":"This is a short but interesting tour for those whose time is limited. You will visit Shiraz and Isfahan, the most impressive of Iran \u2019s ancient cities.","breadcrumb":{"@id":"https:\/\/irangashttour.com\/iran-ancient\/#breadcrumb"},"inLanguage":"de","potentialAction":[{"@type":"ReadAction","target":["https:\/\/irangashttour.com\/iran-ancient\/"]}]},{"@type":"BreadcrumbList","@id":"https:\/\/irangashttour.com\/iran-ancient\/#breadcrumb","itemListElement":[{"@type":"ListItem","position":1,"name":"Home","item":"https:\/\/irangashttour.com\/de\/iran-reisen\/"},{"@type":"ListItem","position":2,"name":"IRAN DIE ANTIKE"}]},{"@type":"WebSite","@id":"https:\/\/irangashttour.com\/#website","url":"https:\/\/irangashttour.com\/","name":"Best Iran Tour Packages 2025","description":"Discover Iran with Gashttour Travel Agency","publisher":{"@id":"https:\/\/irangashttour.com\/#organization"},"potentialAction":[{"@type":"SearchAction","target":{"@type":"EntryPoint","urlTemplate":"https:\/\/irangashttour.com\/?s={search_term_string}"},"query-input":"required name=search_term_string"}],"inLanguage":"de"},{"@type":"Organization","@id":"https:\/\/irangashttour.com\/#organization","name":"GASHTTOUR TRAVEL & TOUR AGENCY","url":"https:\/\/irangashttour.com\/","logo":{"@type":"ImageObject","inLanguage":"de","@id":"https:\/\/irangashttour.com\/#\/schema\/logo\/image\/","url":"https:\/\/irangashttour.com\/wp-content\/uploads\/2020\/03\/irangashttour.jpg","contentUrl":"https:\/\/irangashttour.com\/wp-content\/uploads\/2020\/03\/irangashttour.jpg","width":230,"height":230,"caption":"GASHTTOUR TRAVEL & TOUR AGENCY"},"image":{"@id":"https:\/\/irangashttour.com\/#\/schema\/logo\/image\/"},"sameAs":["https:\/\/www.facebook.com\/gashttour.shiraz.5","https:\/\/twitter.com\/irangashttour","https:\/\/www.instagram.com\/irangashttour\/","https:\/\/www.linkedin.com\/in\/irangashttour\/"]}]}},"_links":{"self":[{"href":"https:\/\/irangashttour.com\/de\/wp-json\/wp\/v2\/pages\/8330"}],"collection":[{"href":"https:\/\/irangashttour.com\/de\/wp-json\/wp\/v2\/pages"}],"about":[{"href":"https:\/\/irangashttour.com\/de\/wp-json\/wp\/v2\/types\/page"}],"author":[{"embeddable":true,"href":"https:\/\/irangashttour.com\/de\/wp-json\/wp\/v2\/users\/1"}],"replies":[{"embeddable":true,"href":"https:\/\/irangashttour.com\/de\/wp-json\/wp\/v2\/comments?post=8330"}],"version-history":[{"count":13,"href":"https:\/\/irangashttour.com\/de\/wp-json\/wp\/v2\/pages\/8330\/revisions"}],"predecessor-version":[{"id":27480,"href":"https:\/\/irangashttour.com\/de\/wp-json\/wp\/v2\/pages\/8330\/revisions\/27480"}],"wp:attachment":[{"href":"https:\/\/irangashttour.com\/de\/wp-json\/wp\/v2\/media?parent=8330"}],"curies":[{"name":"wp","href":"https:\/\/api.w.org\/{rel}","templated":true}]}}