{"id":8345,"date":"2020-02-15T09:18:59","date_gmt":"2020-02-15T09:18:59","guid":{"rendered":"https:\/\/irangashttour.com\/trekking-in-north-of-iran\/"},"modified":"2022-07-17T09:09:44","modified_gmt":"2022-07-17T09:09:44","slug":"wandern-in-nordiran","status":"publish","type":"page","link":"https:\/\/irangashttour.com\/de\/wandern-in-nordiran\/","title":{"rendered":"WANDERN IN NORDIRAN"},"content":{"rendered":"\n<style type=\"text\/css\" data-created_by=\"avia_inline_auto\" id=\"style-css-av-jg7xgl-600a2a0ecc383fcf2c95ed1ef6a09f12\">\n.flex_column.av-jg7xgl-600a2a0ecc383fcf2c95ed1ef6a09f12{\nborder-radius:0px 0px 0px 0px;\n-webkit-border-radius:0px 0px 0px 0px;\n-moz-border-radius:0px 0px 0px 0px;\n}\n<\/style>\n<div class='flex_column av-jg7xgl-600a2a0ecc383fcf2c95ed1ef6a09f12 av_three_fifth  avia-builder-el-0  el_before_av_two_fifth  avia-builder-el-first  first flex_column_div av-zero-column-padding '   ><section  class='av_textblock_section av-jruxdw7d-f9815cf4c3626693ff20c714efca5176'  itemscope=\"itemscope\" itemtype=\"https:\/\/schema.org\/CreativeWork\" ><div class='avia_textblock'  itemprop=\"text\" ><p>&nbsp;<\/p>\n<h2 style=\"text-align: justify;\"><span style=\"color: #03cdd4;\">WANDERN IN NORDIRAN<\/span><\/h2>\n<p style=\"text-align: justify;\"><strong><span style=\"color: #03cdd4;\">12 Tage \u2013 11 N\u00e4chte Code: GA.14<\/span><\/strong><\/p>\n<p style=\"text-align: justify;\"><strong>Tag 01: Tehran &#8211; Ankunft<\/strong><br \/>\nAnkunft auf dem internationalen Imam Flughafen von Tehran. Transfer zum Hotel in Tehran. Der Flughafentransfer kann je nach Verkehrsverh\u00e4ltnissen ein bis zwei Stunden dauern. \u00dcbernachtung in Tehran.<\/p>\n<p style=\"text-align: justify;\"><strong>Tag 02: Tehran &#8211; Schiraz<\/strong><br \/>\nNach dem Fr\u00fchst\u00fcck erfolgt eine Stadtrundfahrt in Tehran: Besichtigung des Saadabad Palastes anschlie\u00dfend Besichtigung der Museen von \u00c4rch\u00e4ologie und Islamische Kunst. Das Arch\u00e4ologie-Museum beinhaltet Kunstwerke aus dem vorislamischen Zeitalter bis ins 5 Jh. n. Chr.. Besichtigung des Golestan Palastes aus dem 18. Jh.. Anschlie\u00dfend besichtigen wir das Kronjuwelenmuseum. Anschlie\u00dfend Flug nach Schiraz (Dauer 1:15 Std.). \u00dcbernachtung in Schiraz.<\/p>\n<p style=\"text-align: justify;\"><span style=\"color: #993300;\"><em>Das Besichtigungsprogramm in Tehran kann je nach Wochentag und der \u00d6ffnungszeiten der Museen und Pal\u00e4ste abweichen.<\/em><\/span><\/p>\n<p style=\"text-align: justify;\">&nbsp;<\/p>\n<p>&nbsp;<\/p>\n<\/div><\/section><\/div>\n<style type=\"text\/css\" data-created_by=\"avia_inline_auto\" id=\"style-css-av-1zv9bp-8bd772e195678f639f49dcb0d9f856e1\">\n.flex_column.av-1zv9bp-8bd772e195678f639f49dcb0d9f856e1{\nborder-radius:0px 0px 0px 0px;\n-webkit-border-radius:0px 0px 0px 0px;\n-moz-border-radius:0px 0px 0px 0px;\n}\n<\/style>\n<div class='flex_column av-1zv9bp-8bd772e195678f639f49dcb0d9f856e1 av_two_fifth  avia-builder-el-2  el_after_av_three_fifth  avia-builder-el-last  flex_column_div av-zero-column-padding '   ><style type=\"text\/css\" data-created_by=\"avia_inline_auto\" id=\"style-css-av-jus8fk1f-12689b6c1866686c263abc9082c3c98e\">\n.avia-image-container.av-jus8fk1f-12689b6c1866686c263abc9082c3c98e .av-image-caption-overlay-center{\ncolor:#ffffff;\n}\n<\/style>\n<div  class='avia-image-container av-jus8fk1f-12689b6c1866686c263abc9082c3c98e av-styling- avia_animated_image avia_animate_when_almost_visible fade-in avia-align-right'  itemprop=\"image\" itemscope=\"itemscope\" itemtype=\"https:\/\/schema.org\/ImageObject\" ><div class=\"avia-image-container-inner\"><div class=\"avia-image-overlay-wrap\"><img fetchpriority=\"high\" fetchpriority=\"high\" decoding=\"async\" class='wp-image-4306 avia-img-lazy-loading-not-4306 avia_image' src=\"https:\/\/irangashttour.com\/wp-content\/uploads\/2019\/04\/TREKKING-IN-NORTH.gif\" alt='' title='TREKKING IN NORTH'  height=\"350\" width=\"350\"  itemprop=\"thumbnailUrl\"  \/><\/div><\/div><\/div><\/div><\/p>\n\n<style type=\"text\/css\" data-created_by=\"avia_inline_auto\" id=\"style-css-av-hh9hl1-d90d0fdca15e92db8167caa91168c1ff\">\n.flex_column.av-hh9hl1-d90d0fdca15e92db8167caa91168c1ff{\nborder-radius:0px 0px 0px 0px;\n-webkit-border-radius:0px 0px 0px 0px;\n-moz-border-radius:0px 0px 0px 0px;\n}\n<\/style>\n<div class='flex_column av-hh9hl1-d90d0fdca15e92db8167caa91168c1ff av_one_half first flex_column_div av-zero-column-padding '   ><style type=\"text\/css\" data-created_by=\"avia_inline_auto\" id=\"style-css-av-juf0pvda-76b05b88aa3e55736dcb5d2b9d22cf3c\">\n.avia-image-container.av-juf0pvda-76b05b88aa3e55736dcb5d2b9d22cf3c .av-image-caption-overlay-center{\ncolor:#ffffff;\n}\n<\/style>\n<div  class='avia-image-container av-juf0pvda-76b05b88aa3e55736dcb5d2b9d22cf3c av-styling- avia_animated_image avia_animate_when_almost_visible fade-in avia-align-left'  itemprop=\"image\" itemscope=\"itemscope\" itemtype=\"https:\/\/schema.org\/ImageObject\" ><div class=\"avia-image-container-inner\"><div class=\"avia-image-overlay-wrap\"><img decoding=\"async\" class='wp-image-27049 avia-img-lazy-loading-not-27049 avia_image' src=\"https:\/\/irangashttour.com\/wp-content\/uploads\/2019\/04\/bishapur.jpg\" alt='' title='bishapur'  height=\"406\" width=\"700\"  itemprop=\"thumbnailUrl\" srcset=\"https:\/\/irangashttour.com\/wp-content\/uploads\/2019\/04\/bishapur.jpg 700w, https:\/\/irangashttour.com\/wp-content\/uploads\/2019\/04\/bishapur-300x174.jpg 300w, https:\/\/irangashttour.com\/wp-content\/uploads\/2019\/04\/bishapur-450x261.jpg 450w\" sizes=\"(max-width: 700px) 100vw, 700px\" \/><\/div><\/div><\/div><\/div>\n\n<style type=\"text\/css\" data-created_by=\"avia_inline_auto\" id=\"style-css-av-fm9kvp-568401da804cc4ee014d375ebea3a670\">\n.flex_column.av-fm9kvp-568401da804cc4ee014d375ebea3a670{\nborder-radius:0px 0px 0px 0px;\n-webkit-border-radius:0px 0px 0px 0px;\n-moz-border-radius:0px 0px 0px 0px;\n}\n<\/style>\n<div class='flex_column av-fm9kvp-568401da804cc4ee014d375ebea3a670 av_one_half flex_column_div av-zero-column-padding '   ><section  class='av_textblock_section av-jruxlq9s-77e98fdc35cfff1b8642d8a1da5542d9'  itemscope=\"itemscope\" itemtype=\"https:\/\/schema.org\/CreativeWork\" ><div class='avia_textblock'  itemprop=\"text\" ><p style=\"text-align: justify;\"><strong>Tag 03: Schiraz &#8211; Bischapur &#8211; Schiraz (280 km)<\/strong><br \/>\nMorgens nach dem Fr\u00fchst\u00fcck Fahrt nach Bischapur. Der sassanidische K\u00f6nig \u201eSchahpur\u201c, lie\u00df die Stadt als Siegesdenkmal errichten (im Jahr 260). Die Sassaniden hatten damals das r\u00f6mische Heer in der Schlacht von Edessa besiegt. Heute sind nur noch \u00dcberreste von Reliefs zu sehen. Der Ort war schon in elamitischer und parthischer Zeit besiedelt, wurde nach einer Inschrift im Jahr 266 aber von Schapur I. neu gegr\u00fcndet. Eine arch\u00e4ologische Quelle. Sie ist eine der bedeutesten Merkmale der Sasanidischen Dynastie. Besichtigung des Anahita Tempels, eine altpersische G\u00f6ttin. Besichtigung des Tange Tschogan und der sassanidischen Reliefs. Nachmittags R\u00fcckfahrt nach Schiraz. \u00dcbernachtung in Schiraz.<\/p>\n<p style=\"text-align: justify;\"><strong>Tag 04: Schiraz<\/strong><br \/>\nStadtrunfahrt in Schiraz: Eram Garten, Naranjestan Garten, Nasir-Al-Molk Moschee, die Mausoleen der Dichter Hafez und Saadi, Wakil Baukomple (Moschee und Basar), sowie der Schrein von Ali Ibn Hamzeh. \u00dcbernachtung in Schiraz.<\/p>\n<\/div><\/section><\/div>\n\n<style type=\"text\/css\" data-created_by=\"avia_inline_auto\" id=\"style-css-av-dgp0h1-e094cdbfd7c9689b15fa31a4860ba62b\">\n.flex_column.av-dgp0h1-e094cdbfd7c9689b15fa31a4860ba62b{\nborder-radius:0px 0px 0px 0px;\n-webkit-border-radius:0px 0px 0px 0px;\n-moz-border-radius:0px 0px 0px 0px;\n}\n<\/style>\n<div class='flex_column av-dgp0h1-e094cdbfd7c9689b15fa31a4860ba62b av_one_half first flex_column_div av-zero-column-padding '   ><section  class='av_textblock_section av-jruxmgwj-9d58a9d85df768fc461a11bf840ac068'  itemscope=\"itemscope\" itemtype=\"https:\/\/schema.org\/CreativeWork\" ><div class='avia_textblock'  itemprop=\"text\" ><p style=\"text-align: justify;\"><strong>Tag 05: Schiraz &#8211; Persepolis &#8211; Nekropolis &#8211; Schiraz &#8211; Isfahan (490 km)<\/strong><br \/>\nDie Fahrt nach Isfahan geht \u00fcber Persepolis. Bei der Ausfahrt von Schiraz besuchen wir das Koran Tor. Die Fr\u00fchlingspalastanlage der Ach\u00e4meniden liegt knapp 60km n\u00f6rdlich von Schiraz. R\u00fccks\u00e4cke m\u00fcssen beim Eingang von Persepolis abgegeben werden. Je nach Interesse werden Sie ein bis drei Stunden in Persepolis verbringen. 5km weiter von Persepolis liegt Nekropolis, die K\u00f6nigsgr\u00e4ber einiger sassanidischer und ach\u00e4menidischer K\u00f6nige. Unterwegs werden Sie Passargad besichtigen, die erste Residenz der Ach\u00e4meniden. In Passargad liegt auch das Grab des Gro\u00dfk\u00f6nigs \u201eCyrus\u201c . Weiterfahrt nach Isfahan und \u00dcbernachtung.<\/p>\n<p style=\"text-align: justify;\"><strong>Tag 06: Isfahan<\/strong><br \/>\nDie Stadt Isfahan genoss w\u00e4hrend der Herrschaft der Safawieden (15Jhr.) die privilegien einer Hauptstadt. Der Imam Platz, einer der gr\u00f6\u00dften Pl\u00e4tze der Welt, deutet heute noch vom Reichtum und Pracht der damaligen Zeit: zwei w\u00fcndersch\u00f6ne Moscheen Imam-Moschee und Scheikh-Lotfollah-Moschee (Frauen-Moschee), der Ali Ghapu Palast aus dem 15.-16.Jh.n.Chr.und der traditionelle Basar, wo man die Kunsthandwerker bei ihrer Arbeit beobachten kann. Besichtigung des Hascht-Behescht Gartens und Spaziergang entlang am \u201eZayandeh\u201c Fluss, wobei Sie die historischen Br\u00fccken Isfahan aus dem 16 Jh. Besichtigen werden. \u00dcbernachtung in Isfahan.<\/p>\n<\/div><\/section><\/div>\n\n<style type=\"text\/css\" data-created_by=\"avia_inline_auto\" id=\"style-css-av-cgh011-d4fcbe30c13133dc9521419117519e82\">\n.flex_column.av-cgh011-d4fcbe30c13133dc9521419117519e82{\nborder-radius:0px 0px 0px 0px;\n-webkit-border-radius:0px 0px 0px 0px;\n-moz-border-radius:0px 0px 0px 0px;\n}\n<\/style>\n<div class='flex_column av-cgh011-d4fcbe30c13133dc9521419117519e82 av_one_half flex_column_div av-zero-column-padding '   ><style type=\"text\/css\" data-created_by=\"avia_inline_auto\" id=\"style-css-av-juf0th94-0d580c91c7d8dcb1ffa0f9bc04977490\">\n.avia-image-container.av-juf0th94-0d580c91c7d8dcb1ffa0f9bc04977490 .av-image-caption-overlay-center{\ncolor:#ffffff;\n}\n<\/style>\n<div  class='avia-image-container av-juf0th94-0d580c91c7d8dcb1ffa0f9bc04977490 av-styling- avia_animated_image avia_animate_when_almost_visible fade-in avia-align-right'  itemprop=\"image\" itemscope=\"itemscope\" itemtype=\"https:\/\/schema.org\/ImageObject\" ><div class=\"avia-image-container-inner\"><div class=\"avia-image-overlay-wrap\"><img decoding=\"async\" class='wp-image-3798 avia-img-lazy-loading-not-3798 avia_image' src=\"https:\/\/irangashttour.com\/wp-content\/uploads\/2019\/04\/shiraz.jpg\" alt='' title='shiraz'  height=\"406\" width=\"700\"  itemprop=\"thumbnailUrl\" srcset=\"https:\/\/irangashttour.com\/wp-content\/uploads\/2019\/04\/shiraz.jpg 700w, https:\/\/irangashttour.com\/wp-content\/uploads\/2019\/04\/shiraz-300x174.jpg 300w, https:\/\/irangashttour.com\/wp-content\/uploads\/2019\/04\/shiraz-450x261.jpg 450w\" sizes=\"(max-width: 700px) 100vw, 700px\" \/><\/div><\/div><\/div><\/div>\n\n<style type=\"text\/css\" data-created_by=\"avia_inline_auto\" id=\"style-css-av-b69z79-e77313f3b8b1b2921e6944963569ca9f\">\n.flex_column.av-b69z79-e77313f3b8b1b2921e6944963569ca9f{\nborder-radius:0px 0px 0px 0px;\n-webkit-border-radius:0px 0px 0px 0px;\n-moz-border-radius:0px 0px 0px 0px;\n}\n<\/style>\n<div class='flex_column av-b69z79-e77313f3b8b1b2921e6944963569ca9f av_one_half first flex_column_div av-zero-column-padding '   ><style type=\"text\/css\" data-created_by=\"avia_inline_auto\" id=\"style-css-av-juf2w6v9-51980bbec1f1d33771287670f52d4930\">\n.avia-image-container.av-juf2w6v9-51980bbec1f1d33771287670f52d4930 .av-image-caption-overlay-center{\ncolor:#ffffff;\n}\n<\/style>\n<div  class='avia-image-container av-juf2w6v9-51980bbec1f1d33771287670f52d4930 av-styling- avia-align-left'  itemprop=\"image\" itemscope=\"itemscope\" itemtype=\"https:\/\/schema.org\/ImageObject\" ><div class=\"avia-image-container-inner\"><div class=\"avia-image-overlay-wrap\"><img loading=\"lazy\" loading=\"lazy\" decoding=\"async\" class='wp-image-9147 avia-img-lazy-loading-not-9147 avia_image' src=\"https:\/\/irangashttour.com\/wp-content\/uploads\/2019\/01\/shiraz01.jpg\" alt='' title='shiraz01'  height=\"450\" width=\"700\"  itemprop=\"thumbnailUrl\" srcset=\"https:\/\/irangashttour.com\/wp-content\/uploads\/2019\/01\/shiraz01.jpg 700w, https:\/\/irangashttour.com\/wp-content\/uploads\/2019\/01\/shiraz01-300x193.jpg 300w, https:\/\/irangashttour.com\/wp-content\/uploads\/2019\/01\/shiraz01-450x289.jpg 450w\" sizes=\"(max-width: 700px) 100vw, 700px\" \/><\/div><\/div><\/div><\/div>\n\n<style type=\"text\/css\" data-created_by=\"avia_inline_auto\" id=\"style-css-av-96kyj9-fc904fa56a2a37b2a5168bde6ea2b292\">\n.flex_column.av-96kyj9-fc904fa56a2a37b2a5168bde6ea2b292{\nborder-radius:0px 0px 0px 0px;\n-webkit-border-radius:0px 0px 0px 0px;\n-moz-border-radius:0px 0px 0px 0px;\n}\n<\/style>\n<div class='flex_column av-96kyj9-fc904fa56a2a37b2a5168bde6ea2b292 av_one_half flex_column_div av-zero-column-padding '   ><section  class='av_textblock_section av-jruxo46m-12596c6a28e72c178747b2c092f4fb16'  itemscope=\"itemscope\" itemtype=\"https:\/\/schema.org\/CreativeWork\" ><div class='avia_textblock'  itemprop=\"text\" ><p style=\"text-align: justify;\"><strong>Tag 07: Isfahan &#8211; Kashan &#8211; Tehran (460 km)<\/strong><br \/>\nWir verlassen Isfahan und fahren nach Tehran. Unterwegs besuchen wir die Stadt Kaschan. Der Name Kaschan, leitet sich von dem Wort \u201eKaschi\u201c, Fliesen ab, da Kaschan im Mittelalter ber\u00fchrt war f\u00fcr seine Fliesenproduktion.<br \/>\nBesichtigung des Fin-Baukomplexes (Badehaus, Basar und Garten).<br \/>\nAnschliessend werden Sie die historischen Sialk H\u00fcgel und die alten H\u00e4user Kaschans aus dem 19 Jahrhundert besichtigen. Weiterfahrt nach Tehran und \u00dcbernachtung.<\/p>\n<p style=\"text-align: justify;\"><strong>Tag 08: Tehran &#8211; Kelardasht (Nordiran) (170 km)<\/strong><br \/>\nWir fahren durch das Elburs-Gebirge Richtung Norden zu den \u00fcppigen W\u00e4lndern des Tals von<\/p>\n<p style=\"text-align: justify;\"><strong>Tag 09: Wandern<\/strong><br \/>\nWandern in den W\u00e4ldern n\u00f6rdlich des Elburs-Gebirges. \u00dcbernachtung im Zelt.<\/p>\n<\/div><\/section><\/div>\n\n<style type=\"text\/css\" data-created_by=\"avia_inline_auto\" id=\"style-css-av-71m1g5-43e74daf1d8087cf1d003ca0cac8f445\">\n.flex_column.av-71m1g5-43e74daf1d8087cf1d003ca0cac8f445{\nborder-radius:0px 0px 0px 0px;\n-webkit-border-radius:0px 0px 0px 0px;\n-moz-border-radius:0px 0px 0px 0px;\n}\n<\/style>\n<div class='flex_column av-71m1g5-43e74daf1d8087cf1d003ca0cac8f445 av_one_half first flex_column_div av-zero-column-padding '   ><section  class='av_textblock_section av-jruxp7ju-ccb82d5fb864778209942474aa8fa6f7'  itemscope=\"itemscope\" itemtype=\"https:\/\/schema.org\/CreativeWork\" ><div class='avia_textblock'  itemprop=\"text\" ><p style=\"text-align: justify;\"><strong>Tag 10: Wandern<\/strong><br \/>\nHeute steht uns ein weiterer Wandertag bevor. Nach dem Fr\u00fchst\u00fcck brechen wir auf. Auf unserer Wanderung besuchen wir die D\u00f6rfer. \u00dcbernachtung im Zelt.<\/p>\n<p style=\"text-align: justify;\"><strong>Tag 11: Wandern &#8211; Tehran<\/strong><br \/>\nNach dem Fr\u00fchst\u00fcck r\u00e4umen wir die Zelte und und setzen die Wanderung ein bis zwei Stunden fort. Gegen Mittag Fahrt nach Tehran und \u00dcbernachtung.<\/p>\n<p style=\"text-align: justify;\"><strong>Tag 12: Tehran &#8211; Heimflug<\/strong><br \/>\nTransfer zum internationalen Imam Flughafen von Tehran. Heimflug.<\/p>\n<\/div><\/section><\/div>\n\n<style type=\"text\/css\" data-created_by=\"avia_inline_auto\" id=\"style-css-av-5to1ad-3767eb3ce62e565c3b1fae7cfc67fa9f\">\n.flex_column.av-5to1ad-3767eb3ce62e565c3b1fae7cfc67fa9f{\nborder-radius:0px 0px 0px 0px;\n-webkit-border-radius:0px 0px 0px 0px;\n-moz-border-radius:0px 0px 0px 0px;\n}\n<\/style>\n<div class='flex_column av-5to1ad-3767eb3ce62e565c3b1fae7cfc67fa9f av_one_half flex_column_div av-zero-column-padding '   ><style type=\"text\/css\" data-created_by=\"avia_inline_auto\" id=\"style-css-av-juf3a431-5b2ebefa8268f4e525c4eae8141d40d3\">\n.avia-image-container.av-juf3a431-5b2ebefa8268f4e525c4eae8141d40d3 .av-image-caption-overlay-center{\ncolor:#ffffff;\n}\n<\/style>\n<div  class='avia-image-container av-juf3a431-5b2ebefa8268f4e525c4eae8141d40d3 av-styling- avia_animated_image avia_animate_when_almost_visible fade-in avia-align-right'  itemprop=\"image\" itemscope=\"itemscope\" itemtype=\"https:\/\/schema.org\/ImageObject\" ><div class=\"avia-image-container-inner\"><div class=\"avia-image-overlay-wrap\"><img loading=\"lazy\" loading=\"lazy\" decoding=\"async\" class='wp-image-3823 avia-img-lazy-loading-not-3823 avia_image' src=\"https:\/\/irangashttour.com\/wp-content\/uploads\/2019\/04\/trekking.jpg\" alt='' title='trekking'  height=\"406\" width=\"700\"  itemprop=\"thumbnailUrl\" srcset=\"https:\/\/irangashttour.com\/wp-content\/uploads\/2019\/04\/trekking.jpg 700w, https:\/\/irangashttour.com\/wp-content\/uploads\/2019\/04\/trekking-300x174.jpg 300w, https:\/\/irangashttour.com\/wp-content\/uploads\/2019\/04\/trekking-450x261.jpg 450w\" sizes=\"(max-width: 700px) 100vw, 700px\" \/><\/div><\/div><\/div><\/div>\n","protected":false},"excerpt":{"rendered":"","protected":false},"author":1,"featured_media":0,"parent":0,"menu_order":0,"comment_status":"closed","ping_status":"closed","template":"","meta":{"ngg_post_thumbnail":0,"footnotes":""},"yoast_head":"<!-- This site is optimized with the Yoast SEO Premium plugin v22.0 (Yoast SEO v22.0) - https:\/\/yoast.com\/wordpress\/plugins\/seo\/ -->\n<title>WANDERN IN NORDIRAN - Best Iran Tours &amp; Travel Packages 2026\/2027<\/title>\n<meta name=\"robots\" content=\"index, follow, max-snippet:-1, max-image-preview:large, max-video-preview:-1\" \/>\n<link rel=\"canonical\" href=\"https:\/\/irangashttour.com\/trekking-in-north-of-iran\/\" \/>\n<meta property=\"og:locale\" content=\"de_DE\" \/>\n<meta property=\"og:type\" content=\"article\" \/>\n<meta property=\"og:title\" content=\"WANDERN IN NORDIRAN\" \/>\n<meta property=\"og:url\" content=\"https:\/\/irangashttour.com\/trekking-in-north-of-iran\/\" \/>\n<meta property=\"og:site_name\" content=\"Best Iran Tours &amp; Travel Packages 2026\/2027\" \/>\n<meta property=\"article:publisher\" content=\"https:\/\/www.facebook.com\/gashttour.shiraz.5\" \/>\n<meta property=\"article:modified_time\" content=\"2022-07-17T09:09:44+00:00\" \/>\n<meta name=\"twitter:card\" content=\"summary_large_image\" \/>\n<meta name=\"twitter:site\" content=\"@irangashttour\" \/>\n<meta name=\"twitter:label1\" content=\"Gesch\u00e4tzte Lesezeit\" \/>\n\t<meta name=\"twitter:data1\" content=\"11\u00a0Minuten\" \/>\n<script type=\"application\/ld+json\" class=\"yoast-schema-graph\">{\"@context\":\"https:\/\/schema.org\",\"@graph\":[{\"@type\":\"WebPage\",\"@id\":\"https:\/\/irangashttour.com\/trekking-in-north-of-iran\/\",\"url\":\"https:\/\/irangashttour.com\/trekking-in-north-of-iran\/\",\"name\":\"WANDERN IN NORDIRAN - Best Iran Tours &amp; Travel Packages 2026\/2027\",\"isPartOf\":{\"@id\":\"https:\/\/irangashttour.com\/#website\"},\"datePublished\":\"2020-02-15T09:18:59+00:00\",\"dateModified\":\"2022-07-17T09:09:44+00:00\",\"breadcrumb\":{\"@id\":\"https:\/\/irangashttour.com\/trekking-in-north-of-iran\/#breadcrumb\"},\"inLanguage\":\"de\",\"potentialAction\":[{\"@type\":\"ReadAction\",\"target\":[\"https:\/\/irangashttour.com\/trekking-in-north-of-iran\/\"]}]},{\"@type\":\"BreadcrumbList\",\"@id\":\"https:\/\/irangashttour.com\/trekking-in-north-of-iran\/#breadcrumb\",\"itemListElement\":[{\"@type\":\"ListItem\",\"position\":1,\"name\":\"Home\",\"item\":\"https:\/\/irangashttour.com\/de\/iran-reisen\/\"},{\"@type\":\"ListItem\",\"position\":2,\"name\":\"WANDERN IN NORDIRAN\"}]},{\"@type\":\"WebSite\",\"@id\":\"https:\/\/irangashttour.com\/#website\",\"url\":\"https:\/\/irangashttour.com\/\",\"name\":\"Best Iran Tour Packages 2025\",\"description\":\"Discover Iran with Gashttour Travel Agency\",\"publisher\":{\"@id\":\"https:\/\/irangashttour.com\/#organization\"},\"potentialAction\":[{\"@type\":\"SearchAction\",\"target\":{\"@type\":\"EntryPoint\",\"urlTemplate\":\"https:\/\/irangashttour.com\/?s={search_term_string}\"},\"query-input\":\"required name=search_term_string\"}],\"inLanguage\":\"de\"},{\"@type\":\"Organization\",\"@id\":\"https:\/\/irangashttour.com\/#organization\",\"name\":\"GASHTTOUR TRAVEL & TOUR AGENCY\",\"url\":\"https:\/\/irangashttour.com\/\",\"logo\":{\"@type\":\"ImageObject\",\"inLanguage\":\"de\",\"@id\":\"https:\/\/irangashttour.com\/#\/schema\/logo\/image\/\",\"url\":\"https:\/\/irangashttour.com\/wp-content\/uploads\/2020\/03\/irangashttour.jpg\",\"contentUrl\":\"https:\/\/irangashttour.com\/wp-content\/uploads\/2020\/03\/irangashttour.jpg\",\"width\":230,\"height\":230,\"caption\":\"GASHTTOUR TRAVEL & TOUR AGENCY\"},\"image\":{\"@id\":\"https:\/\/irangashttour.com\/#\/schema\/logo\/image\/\"},\"sameAs\":[\"https:\/\/www.facebook.com\/gashttour.shiraz.5\",\"https:\/\/twitter.com\/irangashttour\",\"https:\/\/www.instagram.com\/irangashttour\/\",\"https:\/\/www.linkedin.com\/in\/irangashttour\/\"]}]}<\/script>\n<!-- \/ Yoast SEO Premium plugin. -->","yoast_head_json":{"title":"WANDERN IN NORDIRAN - Best Iran Tours &amp; Travel Packages 2026\/2027","robots":{"index":"index","follow":"follow","max-snippet":"max-snippet:-1","max-image-preview":"max-image-preview:large","max-video-preview":"max-video-preview:-1"},"canonical":"https:\/\/irangashttour.com\/trekking-in-north-of-iran\/","og_locale":"de_DE","og_type":"article","og_title":"WANDERN IN NORDIRAN","og_url":"https:\/\/irangashttour.com\/trekking-in-north-of-iran\/","og_site_name":"Best Iran Tours &amp; Travel Packages 2026\/2027","article_publisher":"https:\/\/www.facebook.com\/gashttour.shiraz.5","article_modified_time":"2022-07-17T09:09:44+00:00","twitter_card":"summary_large_image","twitter_site":"@irangashttour","twitter_misc":{"Gesch\u00e4tzte Lesezeit":"11\u00a0Minuten"},"schema":{"@context":"https:\/\/schema.org","@graph":[{"@type":"WebPage","@id":"https:\/\/irangashttour.com\/trekking-in-north-of-iran\/","url":"https:\/\/irangashttour.com\/trekking-in-north-of-iran\/","name":"WANDERN IN NORDIRAN - Best Iran Tours &amp; Travel Packages 2026\/2027","isPartOf":{"@id":"https:\/\/irangashttour.com\/#website"},"datePublished":"2020-02-15T09:18:59+00:00","dateModified":"2022-07-17T09:09:44+00:00","breadcrumb":{"@id":"https:\/\/irangashttour.com\/trekking-in-north-of-iran\/#breadcrumb"},"inLanguage":"de","potentialAction":[{"@type":"ReadAction","target":["https:\/\/irangashttour.com\/trekking-in-north-of-iran\/"]}]},{"@type":"BreadcrumbList","@id":"https:\/\/irangashttour.com\/trekking-in-north-of-iran\/#breadcrumb","itemListElement":[{"@type":"ListItem","position":1,"name":"Home","item":"https:\/\/irangashttour.com\/de\/iran-reisen\/"},{"@type":"ListItem","position":2,"name":"WANDERN IN NORDIRAN"}]},{"@type":"WebSite","@id":"https:\/\/irangashttour.com\/#website","url":"https:\/\/irangashttour.com\/","name":"Best Iran Tour Packages 2025","description":"Discover Iran with Gashttour Travel Agency","publisher":{"@id":"https:\/\/irangashttour.com\/#organization"},"potentialAction":[{"@type":"SearchAction","target":{"@type":"EntryPoint","urlTemplate":"https:\/\/irangashttour.com\/?s={search_term_string}"},"query-input":"required name=search_term_string"}],"inLanguage":"de"},{"@type":"Organization","@id":"https:\/\/irangashttour.com\/#organization","name":"GASHTTOUR TRAVEL & TOUR AGENCY","url":"https:\/\/irangashttour.com\/","logo":{"@type":"ImageObject","inLanguage":"de","@id":"https:\/\/irangashttour.com\/#\/schema\/logo\/image\/","url":"https:\/\/irangashttour.com\/wp-content\/uploads\/2020\/03\/irangashttour.jpg","contentUrl":"https:\/\/irangashttour.com\/wp-content\/uploads\/2020\/03\/irangashttour.jpg","width":230,"height":230,"caption":"GASHTTOUR TRAVEL & TOUR AGENCY"},"image":{"@id":"https:\/\/irangashttour.com\/#\/schema\/logo\/image\/"},"sameAs":["https:\/\/www.facebook.com\/gashttour.shiraz.5","https:\/\/twitter.com\/irangashttour","https:\/\/www.instagram.com\/irangashttour\/","https:\/\/www.linkedin.com\/in\/irangashttour\/"]}]}},"_links":{"self":[{"href":"https:\/\/irangashttour.com\/de\/wp-json\/wp\/v2\/pages\/8345"}],"collection":[{"href":"https:\/\/irangashttour.com\/de\/wp-json\/wp\/v2\/pages"}],"about":[{"href":"https:\/\/irangashttour.com\/de\/wp-json\/wp\/v2\/types\/page"}],"author":[{"embeddable":true,"href":"https:\/\/irangashttour.com\/de\/wp-json\/wp\/v2\/users\/1"}],"replies":[{"embeddable":true,"href":"https:\/\/irangashttour.com\/de\/wp-json\/wp\/v2\/comments?post=8345"}],"version-history":[{"count":5,"href":"https:\/\/irangashttour.com\/de\/wp-json\/wp\/v2\/pages\/8345\/revisions"}],"predecessor-version":[{"id":27490,"href":"https:\/\/irangashttour.com\/de\/wp-json\/wp\/v2\/pages\/8345\/revisions\/27490"}],"wp:attachment":[{"href":"https:\/\/irangashttour.com\/de\/wp-json\/wp\/v2\/media?parent=8345"}],"curies":[{"name":"wp","href":"https:\/\/api.w.org\/{rel}","templated":true}]}}