{"id":8370,"date":"2020-02-15T10:24:49","date_gmt":"2020-02-15T10:24:49","guid":{"rendered":"https:\/\/irangashttour.com\/dizin\/"},"modified":"2022-07-18T05:45:58","modified_gmt":"2022-07-18T05:45:58","slug":"ski-in-dizin","status":"publish","type":"page","link":"https:\/\/irangashttour.com\/de\/ski-in-dizin\/","title":{"rendered":"SKI IN DIZIN"},"content":{"rendered":"\n<style type=\"text\/css\" data-created_by=\"avia_inline_auto\" id=\"style-css-av-be3edn-219df368b1211a89a06bf262305855c7\">\n.flex_column.av-be3edn-219df368b1211a89a06bf262305855c7{\nborder-radius:0px 0px 0px 0px;\n-webkit-border-radius:0px 0px 0px 0px;\n-moz-border-radius:0px 0px 0px 0px;\n}\n<\/style>\n<div class='flex_column av-be3edn-219df368b1211a89a06bf262305855c7 av_three_fifth  avia-builder-el-0  el_before_av_two_fifth  avia-builder-el-first  first flex_column_div av-zero-column-padding '   ><section  class='av_textblock_section av-jruz76o4-6db480361225073eae0cbc69f486ac96'  itemscope=\"itemscope\" itemtype=\"https:\/\/schema.org\/CreativeWork\" ><div class='avia_textblock'  itemprop=\"text\" ><section class=\"av_textblock_section \">\n<div class=\"avia_textblock \" style=\"text-align: justify;\">\n<h2><span style=\"color: #33cccc;\">SKI IN DIZIN<\/span><\/h2>\n<h3><span style=\"color: #03cdd4;\">5 Tage &#8211; 4 N\u00e4chte Code: GA.17<\/span><\/h3>\n<\/div>\n<\/section>\n<section class=\"av_textblock_section \">\n<div class=\"avia_textblock \" style=\"text-align: justify;\">\n<p>Iran bietet auch f\u00fcr Schiliebhaber im Winter einen optimalen Aufenthaltsort. Die Schipiste von Dizin liegt ca. 75 km von Tehran entfernt im Elburs-Gebirge. Zu den Einrichtungen von Dizin geh\u00f6ren mehrere Hotels, Restaurants, Skischulen und Tennispl\u00e4tze.Es gibt Schiverleihm\u00f6glichkeiten. Zudem bietet die Schischule professionelle Schilehrer.<\/p>\n<p><strong>Tag 01: Tehran &#8211; Ankunft<\/strong><br \/>Ankunft auf dem interantionalen Imam Flughafen in Tehran. Begr\u00fc\u00dfung und Abholung durch den Fahrer von Gashttour. Transfer zum Hotel in Tehran.<\/p>\n<\/div>\n<\/section>\n<\/div><\/section><\/div>\n<style type=\"text\/css\" data-created_by=\"avia_inline_auto\" id=\"style-css-av-9orr2j-5d88327b92e826ee6678cf3b405afe71\">\n.flex_column.av-9orr2j-5d88327b92e826ee6678cf3b405afe71{\nborder-radius:0px 0px 0px 0px;\n-webkit-border-radius:0px 0px 0px 0px;\n-moz-border-radius:0px 0px 0px 0px;\n}\n<\/style>\n<div class='flex_column av-9orr2j-5d88327b92e826ee6678cf3b405afe71 av_two_fifth  avia-builder-el-2  el_after_av_three_fifth  el_before_av_one_half  flex_column_div av-zero-column-padding '   ><style type=\"text\/css\" data-created_by=\"avia_inline_auto\" id=\"style-css-av-juf4ef4r-23fb9c6f50918157b954d637016853dd\">\n.avia-image-container.av-juf4ef4r-23fb9c6f50918157b954d637016853dd .av-image-caption-overlay-center{\ncolor:#ffffff;\n}\n<\/style>\n<div  class='avia-image-container av-juf4ef4r-23fb9c6f50918157b954d637016853dd av-styling- avia_animated_image avia_animate_when_almost_visible fade-in avia-align-right  avia-builder-el-3  avia-builder-el-no-sibling '  itemprop=\"image\" itemscope=\"itemscope\" itemtype=\"https:\/\/schema.org\/ImageObject\" ><div class=\"avia-image-container-inner\"><div class=\"avia-image-overlay-wrap\"><img fetchpriority=\"high\" fetchpriority=\"high\" decoding=\"async\" class='wp-image-4307 avia-img-lazy-loading-not-4307 avia_image' src=\"https:\/\/irangashttour.com\/wp-content\/uploads\/2019\/04\/dizin.gif\" alt='' title='dizin'  height=\"350\" width=\"350\"  itemprop=\"thumbnailUrl\"  \/><\/div><\/div><\/div><\/div><\/p>\n\n<style type=\"text\/css\" data-created_by=\"avia_inline_auto\" id=\"style-css-av-7bbem3-d12c30731a0b68434098a6e63edac948\">\n.flex_column.av-7bbem3-d12c30731a0b68434098a6e63edac948{\nborder-radius:0px 0px 0px 0px;\n-webkit-border-radius:0px 0px 0px 0px;\n-moz-border-radius:0px 0px 0px 0px;\n}\n<\/style>\n<div class='flex_column av-7bbem3-d12c30731a0b68434098a6e63edac948 av_one_half  avia-builder-el-4  el_after_av_two_fifth  el_before_av_one_half  first flex_column_div av-zero-column-padding '   ><style type=\"text\/css\" data-created_by=\"avia_inline_auto\" id=\"style-css-av-juf4nz25-efb763c32a13698daba2f47319bb8e19\">\n.avia-image-container.av-juf4nz25-efb763c32a13698daba2f47319bb8e19 .av-image-caption-overlay-center{\ncolor:#ffffff;\n}\n<\/style>\n<div  class='avia-image-container av-juf4nz25-efb763c32a13698daba2f47319bb8e19 av-styling- avia_animated_image avia_animate_when_almost_visible fade-in avia-align-left  avia-builder-el-5  avia-builder-el-no-sibling '  itemprop=\"image\" itemscope=\"itemscope\" itemtype=\"https:\/\/schema.org\/ImageObject\" ><div class=\"avia-image-container-inner\"><div class=\"avia-image-overlay-wrap\"><img decoding=\"async\" class='wp-image-3874 avia-img-lazy-loading-not-3874 avia_image' src=\"https:\/\/irangashttour.com\/wp-content\/uploads\/2019\/04\/saadabad-palace.jpg\" alt='' title='saadabad-palace'  height=\"406\" width=\"700\"  itemprop=\"thumbnailUrl\" srcset=\"https:\/\/irangashttour.com\/wp-content\/uploads\/2019\/04\/saadabad-palace.jpg 700w, https:\/\/irangashttour.com\/wp-content\/uploads\/2019\/04\/saadabad-palace-300x174.jpg 300w, https:\/\/irangashttour.com\/wp-content\/uploads\/2019\/04\/saadabad-palace-450x261.jpg 450w\" sizes=\"(max-width: 700px) 100vw, 700px\" \/><\/div><\/div><\/div><\/div>\n\n<style type=\"text\/css\" data-created_by=\"avia_inline_auto\" id=\"style-css-av-5tee2j-635904dd34f8a864db29e530f96e7949\">\n.flex_column.av-5tee2j-635904dd34f8a864db29e530f96e7949{\nborder-radius:0px 0px 0px 0px;\n-webkit-border-radius:0px 0px 0px 0px;\n-moz-border-radius:0px 0px 0px 0px;\n}\n<\/style>\n<div class='flex_column av-5tee2j-635904dd34f8a864db29e530f96e7949 av_one_half  avia-builder-el-6  el_after_av_one_half  el_before_av_one_half  flex_column_div av-zero-column-padding '   ><section  class='av_textblock_section av-jruz7znw-ac36168d7afcaab52ccf8d722640c78a'  itemscope=\"itemscope\" itemtype=\"https:\/\/schema.org\/CreativeWork\" ><div class='avia_textblock'  itemprop=\"text\" ><p style=\"text-align: justify;\"><strong>Tag 02: Tehran &#8211; Dizin (75 km)<\/strong><br \/>Nach dem Fr\u00fchst\u00fcck erfolgt eine Stadtrundfahrt in Tehran: Besichtigung des Saadabad Palastes anschlie\u00dfend Besichtigung der Museen von \u00c4rch\u00e4ologie und Islamische Kunst. Das Arch\u00e4ologie-Museum beinhaltet Kunstwerke aus dem vorislamischen Zeitalter bis ins 5 Jh. n. Chr.. Besichtigung des Golestan Palastes aus dem 18. Jh.. Anschlie\u00dfend besichtigen wir das Kronjuwelenmuseum. Nachmittags Fahrt zum Schiort Dizin und \u00dcbernachtung.<\/p>\n<p style=\"text-align: justify;\"><strong>Tag 03: Dizin<\/strong><br \/>Freier Aufenthalt in Dizin ohne Reiseleiter und Fahrer. Vor Ort in Dizin k\u00f6nnen Sie n\u00f6tige Sachen wie Schier mieten. \u00dcbernachtung in Dizin.<\/p>\n<\/div><\/section><\/div>\n\n<style type=\"text\/css\" data-created_by=\"avia_inline_auto\" id=\"style-css-av-495zzf-30293e1062f4e0bc9cafe5c8bf1961af\">\n.flex_column.av-495zzf-30293e1062f4e0bc9cafe5c8bf1961af{\nborder-radius:0px 0px 0px 0px;\n-webkit-border-radius:0px 0px 0px 0px;\n-moz-border-radius:0px 0px 0px 0px;\n}\n<\/style>\n<div class='flex_column av-495zzf-30293e1062f4e0bc9cafe5c8bf1961af av_one_half  avia-builder-el-8  el_after_av_one_half  el_before_av_one_half  first flex_column_div av-zero-column-padding column-top-margin'   ><section  class='av_textblock_section av-jruz9ilv-04d2d628d125f397a356b4ac10359c1a'  itemscope=\"itemscope\" itemtype=\"https:\/\/schema.org\/CreativeWork\" ><div class='avia_textblock'  itemprop=\"text\" ><p><strong>Tag 04: Dizin &#8211; Tehran<\/strong><br \/>Vormittags Aufenthalt in Dizin. Nachmittags Abholung und R\u00fcckfahrt nach Tehran. \u00dcbernachtung in Tehran.<\/p>\n<p><strong>Tag 05: Tehran &#8211; Heimflug.<\/strong><br \/>Flughafentransfer-Heimflug.<br \/>Empfehlenswerte Reisezeit: 15. Dezember bis 15. Februar.<\/p>\n<\/div><\/section><\/div>\n\n<style type=\"text\/css\" data-created_by=\"avia_inline_auto\" id=\"style-css-av-2ps1kr-f5a9dfbf68de27114273815528abc3e4\">\n.flex_column.av-2ps1kr-f5a9dfbf68de27114273815528abc3e4{\nborder-radius:0px 0px 0px 0px;\n-webkit-border-radius:0px 0px 0px 0px;\n-moz-border-radius:0px 0px 0px 0px;\n}\n<\/style>\n<div class='flex_column av-2ps1kr-f5a9dfbf68de27114273815528abc3e4 av_one_half  avia-builder-el-10  el_after_av_one_half  avia-builder-el-last  flex_column_div av-zero-column-padding column-top-margin'   ><style type=\"text\/css\" data-created_by=\"avia_inline_auto\" id=\"style-css-av-juf4qsur-3d94d4818dc2f09d700c92940588ab32\">\n.avia-image-container.av-juf4qsur-3d94d4818dc2f09d700c92940588ab32 .av-image-caption-overlay-center{\ncolor:#ffffff;\n}\n<\/style>\n<div  class='avia-image-container av-juf4qsur-3d94d4818dc2f09d700c92940588ab32 av-styling- avia-align-right  avia-builder-el-11  avia-builder-el-no-sibling '  itemprop=\"image\" itemscope=\"itemscope\" itemtype=\"https:\/\/schema.org\/ImageObject\" ><div class=\"avia-image-container-inner\"><div class=\"avia-image-overlay-wrap\"><img decoding=\"async\" class='wp-image-3881 avia-img-lazy-loading-not-3881 avia_image' src=\"https:\/\/irangashttour.com\/wp-content\/uploads\/2019\/04\/dizin03.jpg\" alt='' title='dizin03'  height=\"406\" width=\"700\"  itemprop=\"thumbnailUrl\" srcset=\"https:\/\/irangashttour.com\/wp-content\/uploads\/2019\/04\/dizin03.jpg 700w, https:\/\/irangashttour.com\/wp-content\/uploads\/2019\/04\/dizin03-300x174.jpg 300w, https:\/\/irangashttour.com\/wp-content\/uploads\/2019\/04\/dizin03-450x261.jpg 450w\" sizes=\"(max-width: 700px) 100vw, 700px\" \/><\/div><\/div><\/div><\/div>\n","protected":false},"excerpt":{"rendered":"","protected":false},"author":1,"featured_media":0,"parent":0,"menu_order":0,"comment_status":"closed","ping_status":"closed","template":"","meta":{"ngg_post_thumbnail":0,"footnotes":""},"yoast_head":"<!-- This site is optimized with the Yoast SEO Premium plugin v22.0 (Yoast SEO v22.0) - https:\/\/yoast.com\/wordpress\/plugins\/seo\/ -->\n<title>SKI IN DIZIN - Best Iran Tours &amp; Travel Packages 2026\/2027<\/title>\n<meta name=\"robots\" content=\"index, follow, max-snippet:-1, max-image-preview:large, max-video-preview:-1\" \/>\n<link rel=\"canonical\" href=\"https:\/\/irangashttour.com\/dizin\/\" \/>\n<meta property=\"og:locale\" content=\"de_DE\" \/>\n<meta property=\"og:type\" content=\"article\" \/>\n<meta property=\"og:title\" content=\"SKI IN DIZIN\" \/>\n<meta property=\"og:url\" content=\"https:\/\/irangashttour.com\/dizin\/\" \/>\n<meta property=\"og:site_name\" content=\"Best Iran Tours &amp; Travel Packages 2026\/2027\" \/>\n<meta property=\"article:publisher\" content=\"https:\/\/www.facebook.com\/gashttour.shiraz.5\" \/>\n<meta property=\"article:modified_time\" content=\"2022-07-18T05:45:58+00:00\" \/>\n<meta name=\"twitter:card\" content=\"summary_large_image\" \/>\n<meta name=\"twitter:site\" content=\"@irangashttour\" \/>\n<meta name=\"twitter:label1\" content=\"Gesch\u00e4tzte Lesezeit\" \/>\n\t<meta name=\"twitter:data1\" content=\"6\u00a0Minuten\" \/>\n<script type=\"application\/ld+json\" class=\"yoast-schema-graph\">{\"@context\":\"https:\/\/schema.org\",\"@graph\":[{\"@type\":\"WebPage\",\"@id\":\"https:\/\/irangashttour.com\/dizin\/\",\"url\":\"https:\/\/irangashttour.com\/dizin\/\",\"name\":\"SKI IN DIZIN - Best Iran Tours &amp; Travel Packages 2026\/2027\",\"isPartOf\":{\"@id\":\"https:\/\/irangashttour.com\/#website\"},\"datePublished\":\"2020-02-15T10:24:49+00:00\",\"dateModified\":\"2022-07-18T05:45:58+00:00\",\"breadcrumb\":{\"@id\":\"https:\/\/irangashttour.com\/dizin\/#breadcrumb\"},\"inLanguage\":\"de\",\"potentialAction\":[{\"@type\":\"ReadAction\",\"target\":[\"https:\/\/irangashttour.com\/dizin\/\"]}]},{\"@type\":\"BreadcrumbList\",\"@id\":\"https:\/\/irangashttour.com\/dizin\/#breadcrumb\",\"itemListElement\":[{\"@type\":\"ListItem\",\"position\":1,\"name\":\"Home\",\"item\":\"https:\/\/irangashttour.com\/de\/iran-reisen\/\"},{\"@type\":\"ListItem\",\"position\":2,\"name\":\"SKI IN DIZIN\"}]},{\"@type\":\"WebSite\",\"@id\":\"https:\/\/irangashttour.com\/#website\",\"url\":\"https:\/\/irangashttour.com\/\",\"name\":\"Best Iran Tour Packages 2025\",\"description\":\"Discover Iran with Gashttour Travel Agency\",\"publisher\":{\"@id\":\"https:\/\/irangashttour.com\/#organization\"},\"potentialAction\":[{\"@type\":\"SearchAction\",\"target\":{\"@type\":\"EntryPoint\",\"urlTemplate\":\"https:\/\/irangashttour.com\/?s={search_term_string}\"},\"query-input\":\"required name=search_term_string\"}],\"inLanguage\":\"de\"},{\"@type\":\"Organization\",\"@id\":\"https:\/\/irangashttour.com\/#organization\",\"name\":\"GASHTTOUR TRAVEL & TOUR AGENCY\",\"url\":\"https:\/\/irangashttour.com\/\",\"logo\":{\"@type\":\"ImageObject\",\"inLanguage\":\"de\",\"@id\":\"https:\/\/irangashttour.com\/#\/schema\/logo\/image\/\",\"url\":\"https:\/\/irangashttour.com\/wp-content\/uploads\/2020\/03\/irangashttour.jpg\",\"contentUrl\":\"https:\/\/irangashttour.com\/wp-content\/uploads\/2020\/03\/irangashttour.jpg\",\"width\":230,\"height\":230,\"caption\":\"GASHTTOUR TRAVEL & TOUR AGENCY\"},\"image\":{\"@id\":\"https:\/\/irangashttour.com\/#\/schema\/logo\/image\/\"},\"sameAs\":[\"https:\/\/www.facebook.com\/gashttour.shiraz.5\",\"https:\/\/twitter.com\/irangashttour\",\"https:\/\/www.instagram.com\/irangashttour\/\",\"https:\/\/www.linkedin.com\/in\/irangashttour\/\"]}]}<\/script>\n<!-- \/ Yoast SEO Premium plugin. -->","yoast_head_json":{"title":"SKI IN DIZIN - Best Iran Tours &amp; Travel Packages 2026\/2027","robots":{"index":"index","follow":"follow","max-snippet":"max-snippet:-1","max-image-preview":"max-image-preview:large","max-video-preview":"max-video-preview:-1"},"canonical":"https:\/\/irangashttour.com\/dizin\/","og_locale":"de_DE","og_type":"article","og_title":"SKI IN DIZIN","og_url":"https:\/\/irangashttour.com\/dizin\/","og_site_name":"Best Iran Tours &amp; Travel Packages 2026\/2027","article_publisher":"https:\/\/www.facebook.com\/gashttour.shiraz.5","article_modified_time":"2022-07-18T05:45:58+00:00","twitter_card":"summary_large_image","twitter_site":"@irangashttour","twitter_misc":{"Gesch\u00e4tzte Lesezeit":"6\u00a0Minuten"},"schema":{"@context":"https:\/\/schema.org","@graph":[{"@type":"WebPage","@id":"https:\/\/irangashttour.com\/dizin\/","url":"https:\/\/irangashttour.com\/dizin\/","name":"SKI IN DIZIN - Best Iran Tours &amp; Travel Packages 2026\/2027","isPartOf":{"@id":"https:\/\/irangashttour.com\/#website"},"datePublished":"2020-02-15T10:24:49+00:00","dateModified":"2022-07-18T05:45:58+00:00","breadcrumb":{"@id":"https:\/\/irangashttour.com\/dizin\/#breadcrumb"},"inLanguage":"de","potentialAction":[{"@type":"ReadAction","target":["https:\/\/irangashttour.com\/dizin\/"]}]},{"@type":"BreadcrumbList","@id":"https:\/\/irangashttour.com\/dizin\/#breadcrumb","itemListElement":[{"@type":"ListItem","position":1,"name":"Home","item":"https:\/\/irangashttour.com\/de\/iran-reisen\/"},{"@type":"ListItem","position":2,"name":"SKI IN DIZIN"}]},{"@type":"WebSite","@id":"https:\/\/irangashttour.com\/#website","url":"https:\/\/irangashttour.com\/","name":"Best Iran Tour Packages 2025","description":"Discover Iran with Gashttour Travel Agency","publisher":{"@id":"https:\/\/irangashttour.com\/#organization"},"potentialAction":[{"@type":"SearchAction","target":{"@type":"EntryPoint","urlTemplate":"https:\/\/irangashttour.com\/?s={search_term_string}"},"query-input":"required name=search_term_string"}],"inLanguage":"de"},{"@type":"Organization","@id":"https:\/\/irangashttour.com\/#organization","name":"GASHTTOUR TRAVEL & TOUR AGENCY","url":"https:\/\/irangashttour.com\/","logo":{"@type":"ImageObject","inLanguage":"de","@id":"https:\/\/irangashttour.com\/#\/schema\/logo\/image\/","url":"https:\/\/irangashttour.com\/wp-content\/uploads\/2020\/03\/irangashttour.jpg","contentUrl":"https:\/\/irangashttour.com\/wp-content\/uploads\/2020\/03\/irangashttour.jpg","width":230,"height":230,"caption":"GASHTTOUR TRAVEL & TOUR AGENCY"},"image":{"@id":"https:\/\/irangashttour.com\/#\/schema\/logo\/image\/"},"sameAs":["https:\/\/www.facebook.com\/gashttour.shiraz.5","https:\/\/twitter.com\/irangashttour","https:\/\/www.instagram.com\/irangashttour\/","https:\/\/www.linkedin.com\/in\/irangashttour\/"]}]}},"_links":{"self":[{"href":"https:\/\/irangashttour.com\/de\/wp-json\/wp\/v2\/pages\/8370"}],"collection":[{"href":"https:\/\/irangashttour.com\/de\/wp-json\/wp\/v2\/pages"}],"about":[{"href":"https:\/\/irangashttour.com\/de\/wp-json\/wp\/v2\/types\/page"}],"author":[{"embeddable":true,"href":"https:\/\/irangashttour.com\/de\/wp-json\/wp\/v2\/users\/1"}],"replies":[{"embeddable":true,"href":"https:\/\/irangashttour.com\/de\/wp-json\/wp\/v2\/comments?post=8370"}],"version-history":[{"count":4,"href":"https:\/\/irangashttour.com\/de\/wp-json\/wp\/v2\/pages\/8370\/revisions"}],"predecessor-version":[{"id":27567,"href":"https:\/\/irangashttour.com\/de\/wp-json\/wp\/v2\/pages\/8370\/revisions\/27567"}],"wp:attachment":[{"href":"https:\/\/irangashttour.com\/de\/wp-json\/wp\/v2\/media?parent=8370"}],"curies":[{"name":"wp","href":"https:\/\/api.w.org\/{rel}","templated":true}]}}