{"id":8446,"date":"2020-03-06T20:39:55","date_gmt":"2020-03-06T20:39:55","guid":{"rendered":"https:\/\/irangashttour.com\/car-rental\/"},"modified":"2020-06-30T19:06:37","modified_gmt":"2020-06-30T19:06:37","slug":"mietwagen-im-iran","status":"publish","type":"page","link":"https:\/\/irangashttour.com\/de\/mietwagen-im-iran\/","title":{"rendered":"MIETWAGEN IM IRAN"},"content":{"rendered":"<section  class='av_textblock_section av-jufabp2h-ed1407f14df07344e39459e789497080'  itemscope=\"itemscope\" itemtype=\"https:\/\/schema.org\/CreativeWork\" ><div class='avia_textblock'  itemprop=\"text\" ><p>Automiete nach europ\u00e4ischem Standard, ohne Fahrer ist im Iran aufgrund der internationalen Sanktionen eingeschr\u00e4nkt m\u00f6glich. Europcar bietet die M\u00f6glichkeit, in Tehran und einigen weiteren St\u00e4dten des Landes ein Auto anzumieten.<\/p>\n<p>Auf dem internationalen Imam Flughafen von Tehran gibt es eine Europcar Vermieterstation.<\/p>\n<p>https:\/\/www.europcar.de\/standorte\/iran\/tehran<\/p>\n<p>Weitere Mietwagenstationen von Europcar im Iran *:<\/p>\n<p>Insel Kish<\/p>\n<p>Isfahan<\/p>\n<p>Bandar Abbas<\/p>\n<p>Tabriz<\/p>\n<p>Schiraz<\/p>\n<p>Rascht<\/p>\n<p>Yazd<\/p>\n<p>Insel Queshm<\/p>\n<p>Tehran<\/p>\n<p><em>* Diese Angaben sind ohne Gew\u00e4hr.<\/em><\/p>\n<p><em>Beachte: Sanktionsbedingt besteht im Iran kein Kreditkartensystem, daher ist es ratsam sich vor Reiseantritt \u00fcber die Vertragskonditionen bei Europcar zu erkundigen auch im Hinblick auf die F\u00fchrerscheinbedingungen.<\/em><\/p>\n<p>Fahrverhalten und die Stra\u00dfenverkehrsordnung im Iran: Das herrschende Fahrverhalten im Iran ist gepr\u00e4gt von dem Recht des St\u00e4rkeren. Die Verkehrsregeln werden sehr gro\u00dfz\u00fcgig ausgelegt. Fahrbahnmarkierungen wie man sie in Deutschland kennt, sind nicht so verbreitet und finden geringe Beachtung. F\u00fcr den Deutschen Fahrer kann es zu einer enormen Herausforderung werden auf den Stra\u00dfen von Iran zu fahren, gerade in den Gro\u00dfst\u00e4dten.<\/p>\n<p>Weitere Verkehrsmittel:<\/p>\n<p>Soweit Sie das Land auf eigene Faust bereisen wollen und auf die Automiete verzichten, bietet es sich an bei Fahrten zwischen den St\u00e4dten die \u00fcblichen \u00dcberlandsbusse zu nehmen. Zwischen den Gro\u00dfst\u00e4dten verkehren t\u00e4glich regelm\u00e4\u00dfig Busse. Der Schienennetzverkehr ist nicht so ausgebaut wie in Deutschland, aber zwischen einigen St\u00e4dten \u00a0bestehen auch Bahnverbindungen.<\/p>\n<p>Ansonsten bietet sich die M\u00f6glichkeit der Buchung eines Inlandflugs.<\/p>\n<p>F\u00fcr lokale Ausfl\u00fcge k\u00f6nnen Sie sich vor Ort ein Taxi nehmen und den Preis mit dem Fahrer aushandeln, oder sich an einen lokalen Reiseveranstalter wenden und ein Auto mit Fahrzeug mieten. Iran Gashttour bietet Ihnen Autos mit Fahrer an.<\/p>\n<p>Die landestypischen Pkws sind Peugoet 405, und iranische Samand Autos oder Kia Prides.\u00a0<\/p>\n<\/div><\/section>\n","protected":false},"excerpt":{"rendered":"","protected":false},"author":1,"featured_media":0,"parent":0,"menu_order":0,"comment_status":"closed","ping_status":"closed","template":"","meta":{"ngg_post_thumbnail":0,"footnotes":""},"yoast_head":"<!-- This site is optimized with the Yoast SEO Premium plugin v22.0 (Yoast SEO v22.0) - https:\/\/yoast.com\/wordpress\/plugins\/seo\/ -->\n<title>MIETWAGEN IM IRAN - Best Iran Tours &amp; Travel Packages 2026\/2027<\/title>\n<meta name=\"robots\" content=\"index, follow, max-snippet:-1, max-image-preview:large, max-video-preview:-1\" \/>\n<link rel=\"canonical\" href=\"https:\/\/irangashttour.com\/car-rental\/\" \/>\n<meta property=\"og:locale\" content=\"de_DE\" \/>\n<meta property=\"og:type\" content=\"article\" \/>\n<meta property=\"og:title\" content=\"MIETWAGEN IM IRAN\" \/>\n<meta property=\"og:url\" content=\"https:\/\/irangashttour.com\/car-rental\/\" \/>\n<meta property=\"og:site_name\" content=\"Best Iran Tours &amp; Travel Packages 2026\/2027\" \/>\n<meta property=\"article:publisher\" content=\"https:\/\/www.facebook.com\/gashttour.shiraz.5\" \/>\n<meta property=\"article:modified_time\" content=\"2020-06-30T19:06:37+00:00\" \/>\n<meta name=\"twitter:card\" content=\"summary_large_image\" \/>\n<meta name=\"twitter:site\" content=\"@irangashttour\" \/>\n<meta name=\"twitter:label1\" content=\"Gesch\u00e4tzte Lesezeit\" \/>\n\t<meta name=\"twitter:data1\" content=\"2\u00a0Minuten\" \/>\n<script type=\"application\/ld+json\" class=\"yoast-schema-graph\">{\"@context\":\"https:\/\/schema.org\",\"@graph\":[{\"@type\":\"WebPage\",\"@id\":\"https:\/\/irangashttour.com\/car-rental\/\",\"url\":\"https:\/\/irangashttour.com\/car-rental\/\",\"name\":\"MIETWAGEN IM IRAN - Best Iran Tours &amp; Travel Packages 2026\/2027\",\"isPartOf\":{\"@id\":\"https:\/\/irangashttour.com\/#website\"},\"datePublished\":\"2020-03-06T20:39:55+00:00\",\"dateModified\":\"2020-06-30T19:06:37+00:00\",\"breadcrumb\":{\"@id\":\"https:\/\/irangashttour.com\/car-rental\/#breadcrumb\"},\"inLanguage\":\"de\",\"potentialAction\":[{\"@type\":\"ReadAction\",\"target\":[\"https:\/\/irangashttour.com\/car-rental\/\"]}]},{\"@type\":\"BreadcrumbList\",\"@id\":\"https:\/\/irangashttour.com\/car-rental\/#breadcrumb\",\"itemListElement\":[{\"@type\":\"ListItem\",\"position\":1,\"name\":\"Home\",\"item\":\"https:\/\/irangashttour.com\/de\/iran-reisen\/\"},{\"@type\":\"ListItem\",\"position\":2,\"name\":\"MIETWAGEN IM IRAN\"}]},{\"@type\":\"WebSite\",\"@id\":\"https:\/\/irangashttour.com\/#website\",\"url\":\"https:\/\/irangashttour.com\/\",\"name\":\"Best Iran Tour Packages 2025\",\"description\":\"Discover Iran with Gashttour Travel Agency\",\"publisher\":{\"@id\":\"https:\/\/irangashttour.com\/#organization\"},\"potentialAction\":[{\"@type\":\"SearchAction\",\"target\":{\"@type\":\"EntryPoint\",\"urlTemplate\":\"https:\/\/irangashttour.com\/?s={search_term_string}\"},\"query-input\":\"required name=search_term_string\"}],\"inLanguage\":\"de\"},{\"@type\":\"Organization\",\"@id\":\"https:\/\/irangashttour.com\/#organization\",\"name\":\"GASHTTOUR TRAVEL & TOUR AGENCY\",\"url\":\"https:\/\/irangashttour.com\/\",\"logo\":{\"@type\":\"ImageObject\",\"inLanguage\":\"de\",\"@id\":\"https:\/\/irangashttour.com\/#\/schema\/logo\/image\/\",\"url\":\"https:\/\/irangashttour.com\/wp-content\/uploads\/2020\/03\/irangashttour.jpg\",\"contentUrl\":\"https:\/\/irangashttour.com\/wp-content\/uploads\/2020\/03\/irangashttour.jpg\",\"width\":230,\"height\":230,\"caption\":\"GASHTTOUR TRAVEL & TOUR AGENCY\"},\"image\":{\"@id\":\"https:\/\/irangashttour.com\/#\/schema\/logo\/image\/\"},\"sameAs\":[\"https:\/\/www.facebook.com\/gashttour.shiraz.5\",\"https:\/\/twitter.com\/irangashttour\",\"https:\/\/www.instagram.com\/irangashttour\/\",\"https:\/\/www.linkedin.com\/in\/irangashttour\/\"]}]}<\/script>\n<!-- \/ Yoast SEO Premium plugin. -->","yoast_head_json":{"title":"MIETWAGEN IM IRAN - Best Iran Tours &amp; Travel Packages 2026\/2027","robots":{"index":"index","follow":"follow","max-snippet":"max-snippet:-1","max-image-preview":"max-image-preview:large","max-video-preview":"max-video-preview:-1"},"canonical":"https:\/\/irangashttour.com\/car-rental\/","og_locale":"de_DE","og_type":"article","og_title":"MIETWAGEN IM IRAN","og_url":"https:\/\/irangashttour.com\/car-rental\/","og_site_name":"Best Iran Tours &amp; Travel Packages 2026\/2027","article_publisher":"https:\/\/www.facebook.com\/gashttour.shiraz.5","article_modified_time":"2020-06-30T19:06:37+00:00","twitter_card":"summary_large_image","twitter_site":"@irangashttour","twitter_misc":{"Gesch\u00e4tzte Lesezeit":"2\u00a0Minuten"},"schema":{"@context":"https:\/\/schema.org","@graph":[{"@type":"WebPage","@id":"https:\/\/irangashttour.com\/car-rental\/","url":"https:\/\/irangashttour.com\/car-rental\/","name":"MIETWAGEN IM IRAN - Best Iran Tours &amp; Travel Packages 2026\/2027","isPartOf":{"@id":"https:\/\/irangashttour.com\/#website"},"datePublished":"2020-03-06T20:39:55+00:00","dateModified":"2020-06-30T19:06:37+00:00","breadcrumb":{"@id":"https:\/\/irangashttour.com\/car-rental\/#breadcrumb"},"inLanguage":"de","potentialAction":[{"@type":"ReadAction","target":["https:\/\/irangashttour.com\/car-rental\/"]}]},{"@type":"BreadcrumbList","@id":"https:\/\/irangashttour.com\/car-rental\/#breadcrumb","itemListElement":[{"@type":"ListItem","position":1,"name":"Home","item":"https:\/\/irangashttour.com\/de\/iran-reisen\/"},{"@type":"ListItem","position":2,"name":"MIETWAGEN IM IRAN"}]},{"@type":"WebSite","@id":"https:\/\/irangashttour.com\/#website","url":"https:\/\/irangashttour.com\/","name":"Best Iran Tour Packages 2025","description":"Discover Iran with Gashttour Travel Agency","publisher":{"@id":"https:\/\/irangashttour.com\/#organization"},"potentialAction":[{"@type":"SearchAction","target":{"@type":"EntryPoint","urlTemplate":"https:\/\/irangashttour.com\/?s={search_term_string}"},"query-input":"required name=search_term_string"}],"inLanguage":"de"},{"@type":"Organization","@id":"https:\/\/irangashttour.com\/#organization","name":"GASHTTOUR TRAVEL & TOUR AGENCY","url":"https:\/\/irangashttour.com\/","logo":{"@type":"ImageObject","inLanguage":"de","@id":"https:\/\/irangashttour.com\/#\/schema\/logo\/image\/","url":"https:\/\/irangashttour.com\/wp-content\/uploads\/2020\/03\/irangashttour.jpg","contentUrl":"https:\/\/irangashttour.com\/wp-content\/uploads\/2020\/03\/irangashttour.jpg","width":230,"height":230,"caption":"GASHTTOUR TRAVEL & TOUR AGENCY"},"image":{"@id":"https:\/\/irangashttour.com\/#\/schema\/logo\/image\/"},"sameAs":["https:\/\/www.facebook.com\/gashttour.shiraz.5","https:\/\/twitter.com\/irangashttour","https:\/\/www.instagram.com\/irangashttour\/","https:\/\/www.linkedin.com\/in\/irangashttour\/"]}]}},"_links":{"self":[{"href":"https:\/\/irangashttour.com\/de\/wp-json\/wp\/v2\/pages\/8446"}],"collection":[{"href":"https:\/\/irangashttour.com\/de\/wp-json\/wp\/v2\/pages"}],"about":[{"href":"https:\/\/irangashttour.com\/de\/wp-json\/wp\/v2\/types\/page"}],"author":[{"embeddable":true,"href":"https:\/\/irangashttour.com\/de\/wp-json\/wp\/v2\/users\/1"}],"replies":[{"embeddable":true,"href":"https:\/\/irangashttour.com\/de\/wp-json\/wp\/v2\/comments?post=8446"}],"version-history":[{"count":3,"href":"https:\/\/irangashttour.com\/de\/wp-json\/wp\/v2\/pages\/8446\/revisions"}],"predecessor-version":[{"id":10827,"href":"https:\/\/irangashttour.com\/de\/wp-json\/wp\/v2\/pages\/8446\/revisions\/10827"}],"wp:attachment":[{"href":"https:\/\/irangashttour.com\/de\/wp-json\/wp\/v2\/media?parent=8446"}],"curies":[{"name":"wp","href":"https:\/\/api.w.org\/{rel}","templated":true}]}}