{"id":8509,"date":"2020-03-08T20:43:00","date_gmt":"2020-03-08T20:43:00","guid":{"rendered":"https:\/\/irangashttour.com\/abyaneh\/"},"modified":"2022-03-23T05:35:47","modified_gmt":"2022-03-23T05:35:47","slug":"abyaneh","status":"publish","type":"page","link":"https:\/\/irangashttour.com\/de\/abyaneh\/","title":{"rendered":"ABYANEH"},"content":{"rendered":"\n<style type=\"text\/css\" data-created_by=\"avia_inline_auto\" id=\"style-css-av-3px4d4-1d52ad30be4758a254322318050277e2\">\n.flex_column.av-3px4d4-1d52ad30be4758a254322318050277e2{\nborder-radius:0px 0px 0px 0px;\n-webkit-border-radius:0px 0px 0px 0px;\n-moz-border-radius:0px 0px 0px 0px;\n}\n<\/style>\n<div class='flex_column av-3px4d4-1d52ad30be4758a254322318050277e2 av_one_full  avia-builder-el-0  avia-builder-el-no-sibling  first flex_column_div av-zero-column-padding '   ><section  class='av_textblock_section av-25ry0o-fcc0246d4835a4dff8db84de2124f7d9'  itemscope=\"itemscope\" itemtype=\"https:\/\/schema.org\/CreativeWork\" ><div class='avia_textblock'  itemprop=\"text\" ><p>&nbsp;<\/p>\n<h3><strong>Abyaneh<\/strong><\/h3>\n<p style=\"text-align: justify;\">F\u00fcr gew\u00f6hnlich steht der Fokus einer klassischen Iranreise auf die Auswahl an St\u00e4dten wie <a href=\"https:\/\/irangashttour.com\/de\/tehran\/\">Tehran<\/a>, <a href=\"https:\/\/irangashttour.com\/de\/schiraz\/\">Shiraz<\/a>, <a href=\"https:\/\/irangashttour.com\/de\/isfahan\/\">Isfahan<\/a>, <a href=\"https:\/\/irangashttour.com\/de\/tabriz\/\">Tabriz<\/a> und <a href=\"https:\/\/irangashttour.com\/de\/yazd\/\">Yazd<\/a>. Dabei werden die Kleinst\u00e4dte und D\u00f6rfer auf der Route unterwegs oft \u00fcbersehen.<\/p>\n<p style=\"text-align: justify;\">Diese kleinen St\u00e4dte oder D\u00f6rfer sind oft genauso attraktiv und sch\u00f6n wie die gro\u00dfen St\u00e4dte. Entweder sind sie ein interessantes architektonisches Ph\u00e4nomen inmitten der Natur, oder sie weisen besondere nat\u00fcrliche Merkmale auf, die zu einem Besuch einladen. Schlie\u00dflich sind Sie schon so weit gekommen, dass Sie auch Abyaneh sehen k\u00f6nnten.<\/p>\n<p style=\"text-align: justify;\">Abyaneh ist ein Dorf, das ungef\u00e4hr in der Mitte der Provinz Isfahan, auf der Strecke nach Kaschan, 22 km westlichen von Natanz liegt. Das Dorf liegt in den Ausl\u00e4ufern des Karkas-Gebirges auf einer H\u00f6he von 2222 Metern \u00fcber dem Meeresspiegel. Das Klima ist mild.<\/p>\n<p style=\"text-align: justify;\">Unter Einheimischen hei\u00dft das Dorf <em>Viuna<\/em>, was so viel bedeutet wie ein M\u00e4dchen, das gerade zur Braut geworden ist. Bei dem r\u00f6tlichen Anblick der Lehmbauten denkt man nat\u00fcrlich nicht an eine Braut, aber wenn man die Sch\u00f6nheit des Ortes auf sich wirken l\u00e4sst, wird einem klar, warum.<\/p>\n<p style=\"text-align: justify;\">Die Kombination aus W\u00fcste und Bergen in Abyaneh hat eine unber\u00fchrte und atemberaubende Landschaft geschaffen, die dieses Dorf zu etwas Besonderem im Iran macht. Der architektonische Stil der H\u00e4user von Abyaneh und die traditionelle, farbenfrohe Kleidung der Einheimischen haben das Dorf zu einem attraktiven Besichtigungsziel gemacht.<\/p>\n<p><img fetchpriority=\"high\" decoding=\"async\" class=\"size-full wp-image-15447 aligncenter\" src=\"https:\/\/irangashttour.com\/wp-content\/uploads\/2021\/03\/Abyaneh-01.jpg\" alt=\"Abyaneh\" width=\"800\" height=\"520\" srcset=\"https:\/\/irangashttour.com\/wp-content\/uploads\/2021\/03\/Abyaneh-01.jpg 800w, https:\/\/irangashttour.com\/wp-content\/uploads\/2021\/03\/Abyaneh-01-300x195.jpg 300w, https:\/\/irangashttour.com\/wp-content\/uploads\/2021\/03\/Abyaneh-01-768x499.jpg 768w, https:\/\/irangashttour.com\/wp-content\/uploads\/2021\/03\/Abyaneh-01-705x458.jpg 705w\" sizes=\"(max-width: 800px) 100vw, 800px\" \/><\/p>\n<p style=\"text-align: justify;\">Wenn Sie die Aussicht auf dieses wundersch\u00f6ne rote Dorf im stark verschneiten Winter genie\u00dfen m\u00f6chten, sollten Sie es im Fr\u00fchling versuchen, da die Temperaturen dort besser sind. Obwohl, genau aus diesem Grund, w\u00e4re der Fr\u00fchling zu \u00fcberf\u00fcllt.<\/p>\n<p style=\"text-align: justify;\">Das vielleicht interessanteste Merkmal von Abyaneh sind seine Bewohner. Ja, die Architektur ist erstaunlich und atemberaubend, zumal sie weit in die Geschichte zur\u00fcckreicht. Aber die Menschen, die Einheimischen in diesem Fall, sowie die Natur, die das Dorf umgibt, sind der Geist von Abyaneh.<\/p>\n<p style=\"text-align: justify;\">Ihr Lebensstil ist immer noch derselbe wie in fr\u00fcheren Jahrzehnten, und alles, von ihren Akzenten und ihrer Kleidung bis hin zu ihren Zeremonien und Ritualen, hat seine urspr\u00fcngliche Form behalten. Es ist, als w\u00e4re die Zeit in Abyaneh stehen geblieben.<\/p>\n<p style=\"text-align: justify;\">Was die meisten Touristen anlockt, ist daher die traditionelle, lebendige Kleidung der Einheimischen. Ein Modestil, der sich seit vielen Jahren nicht ver\u00e4ndert hat. Die Frauen von Abyaneh tragen R\u00f6cke mit zwei Lagen. Die untere Lage ist in der Regel schwarz, w\u00e4hrend die obere Lage farbenfroh und h\u00fcbsch ist und Blumenzeichnungen auf der Struktur aufweist. Eine gro\u00dfblumige Girlande, die sie bis zur Taille bedeckt, vervollst\u00e4ndigt die Szenerie. Auch die M\u00e4nner von Abyaneh haben ihre eigene Tracht. Sie tragen lange Blusen mit einer Art Schlabberhose, die &#8222;Debit&#8220; genannt wird.<\/p>\n<p><img decoding=\"async\" class=\"size-full wp-image-15453 aligncenter\" src=\"https:\/\/irangashttour.com\/wp-content\/uploads\/2021\/03\/Abyaneh-03.jpg\" alt=\"Abyaneh\" width=\"800\" height=\"520\" srcset=\"https:\/\/irangashttour.com\/wp-content\/uploads\/2021\/03\/Abyaneh-03.jpg 800w, https:\/\/irangashttour.com\/wp-content\/uploads\/2021\/03\/Abyaneh-03-300x195.jpg 300w, https:\/\/irangashttour.com\/wp-content\/uploads\/2021\/03\/Abyaneh-03-768x499.jpg 768w, https:\/\/irangashttour.com\/wp-content\/uploads\/2021\/03\/Abyaneh-03-705x458.jpg 705w\" sizes=\"(max-width: 800px) 100vw, 800px\" \/><\/p>\n<p style=\"text-align: justify;\">Das l\u00e4ndliche Erbe ist eine der wichtigsten kulturellen Ressourcen eines jeden Landes. Wir m\u00fcssen unser Bestes tun, um es zu respektieren und nicht die geringste Anomalie in seinem Gef\u00fcge zu verursachen. Es gibt ein wunderbares und wohlbekanntes Zitat, das besagt, dass &#8222;der beste Tourist derjenige ist, der nicht einmal einen Fu\u00dfabdruck von sich selbst hinterl\u00e4sst&#8220;.<\/p>\n<p style=\"text-align: justify;\">Abyaneh ist ein sehr sauberes Dorf. Die Dorfbewohner bem\u00fchen sich, die Umwelt trotz der gro\u00dfen Zahl von Touristen sauber zu halten. Obwohl sie sich an den Besuch von Touristen gew\u00f6hnt haben, haben einige alte und sehr orthodoxe Dorfbewohner immer noch Probleme damit, dass jeden Moment eine Kamera auf sie gerichtet werden k\u00f6nnte. Wenn Sie also Fotos von den Dorfbewohnern machen wollen, m\u00fcssen Sie vorher deren Erlaubnis einholen.<\/p>\n<p style=\"text-align: justify;\">Ein Grund f\u00fcr diese einzigartige und unangetastete Tradition k\u00f6nnte sein, dass Abyaneh inmitten hoher Berge gebaut wurde. In der Vergangenheit waren die Zufahrtsstra\u00dfen nach Abyaneh so begrenzt, dass sich die Einheimischen fast selbst versorgten, um diese schwierige Passage zu \u00fcberbr\u00fccken, und am wenigsten Kontakt mit Menschen in anderen Gebieten hatten.<\/p>\n<p><img decoding=\"async\" class=\"size-full wp-image-15450 aligncenter\" src=\"https:\/\/irangashttour.com\/wp-content\/uploads\/2021\/03\/Abyaneh-02.jpg\" alt=\"Abyaneh\" width=\"800\" height=\"520\" srcset=\"https:\/\/irangashttour.com\/wp-content\/uploads\/2021\/03\/Abyaneh-02.jpg 800w, https:\/\/irangashttour.com\/wp-content\/uploads\/2021\/03\/Abyaneh-02-300x195.jpg 300w, https:\/\/irangashttour.com\/wp-content\/uploads\/2021\/03\/Abyaneh-02-768x499.jpg 768w, https:\/\/irangashttour.com\/wp-content\/uploads\/2021\/03\/Abyaneh-02-705x458.jpg 705w\" sizes=\"(max-width: 800px) 100vw, 800px\" \/><\/p>\n<p style=\"text-align: justify;\">Nachdem sie von den Fachleuten erfahren hatten, dass die Bergwand nicht mehr zu einem anderen Geb\u00e4ude gebogen werden kann, hat niemand mehr ein Haus darin gebaut. Bei all ihren begrenzten Kontakten mit der professionellen Architektur und der akademischen Welt sollte man meinen, sie h\u00e4tten keine Ahnung von dem, was man ihnen gesagt hat. Aber nein! Die Familien sammelten ihre Vorr\u00e4te ein, gingen zum n\u00e4chsten sicheren H\u00fcgel und setzten dort ihre Bauarbeiten fort.<\/p>\n<p style=\"text-align: justify;\">Abyaneh hat eine monolithische Architektur. Die meisten H\u00e4user sind von au\u00dfen nach dem gleichen Schema gebaut, und diese \u00c4hnlichkeit hat eine sch\u00f6ne Ordnung geschaffen.<\/p>\n<p style=\"text-align: justify;\">Mit roten Ziegeln und Erde sind die H\u00e4user von Abyaneh \u00fcbereinander gebaut. Jedes Stockwerk ist ein Haus und geh\u00f6rt zu einer Familie, w\u00e4hrend es gleichzeitig das Dach einer anderen Familie ist und so in den Berg hinauff\u00fchrt. Genau wie eine Treppe. Diese Art der Architektur ist typisch f\u00fcr die D\u00f6rfer am Berghang. Eine \u00e4hnliche Struktur findet man in D\u00f6rfern in Kurdistan, Gilan, Kermanshah und Aserbaidschan.<\/p>\n<p style=\"text-align: justify;\">Abyaneh ist so sch\u00f6n, dass man sich den ganzen Tag lang unterhalten kann, wenn man nur die Sch\u00f6nheit des Dorfes genie\u00dfen m\u00f6chte. Spazieren Sie durch die Gassen von Abyaneh und beobachten Sie die Menschen, deren Leben ungeachtet des modernen und seelenlosen Lebens heutzutage weitergeht.<\/p>\n<p style=\"text-align: justify;\">N\u00fcsse, Kunsthandwerk, Quark und &#8222;Lavashak&#8220; sind einige der h\u00e4ufigsten Produkte, auf die man bei einem Streifzug durch Abyaneh sto\u00dfen wird.<\/p>\n<p style=\"text-align: justify;\">Eine Besonderheit sind die kleinen L\u00e4den, die in der traditionellen Struktur des ganzen Dorfes gebaut sind, einige haben nur kleine T\u00fcren, die manchmal die Gr\u00f6\u00dfe eines Fensters haben. Die schlichte Ausstattung dieser L\u00e4den hat die Kraft, einen aus &nbsp;der modernen Welt zu entf\u00fchren.<\/p>\n<p style=\"text-align: justify;\">Rund um das Dorf und in den engen Gassen mit ihren kurzen, strohgedeckten Mauern kann man viele B\u00e4ume sehen. Diese B\u00e4ume bl\u00fchen im Fr\u00fchjahr und bieten einen spektakul\u00e4ren, angenehmen Anblick zum Genie\u00dfen und Entspannen, w\u00e4hrend im Herbstwind eine Welle unvorstellbarer Farben das Gr\u00fcn wegschiebt und auch Ihnen den Atem raubt.<\/p>\n<p style=\"text-align: justify;\">Kunsthandwerk wie Kilim und Giveh sind die wichtigsten Souvenirs von Abyaneh. Die Hauptbesch\u00e4ftigung der Menschen ist nat\u00fcrlich die Landwirtschaft und Viehzucht, und das Kunsthandwerk ist eine der Nebenbesch\u00e4ftigungen der Dorfbewohner. Neben dem Kunsthandwerk gelten auch N\u00fcsse und landwirtschaftliche Produkte als Souvenirs der Braut Tobe.<\/p>\n<p><img loading=\"lazy\" decoding=\"async\" class=\"size-full wp-image-15456 aligncenter\" src=\"https:\/\/irangashttour.com\/wp-content\/uploads\/2021\/03\/Abyaneh-04.jpg\" alt=\"Abyaneh\" width=\"800\" height=\"520\" srcset=\"https:\/\/irangashttour.com\/wp-content\/uploads\/2021\/03\/Abyaneh-04.jpg 800w, https:\/\/irangashttour.com\/wp-content\/uploads\/2021\/03\/Abyaneh-04-300x195.jpg 300w, https:\/\/irangashttour.com\/wp-content\/uploads\/2021\/03\/Abyaneh-04-768x499.jpg 768w, https:\/\/irangashttour.com\/wp-content\/uploads\/2021\/03\/Abyaneh-04-705x458.jpg 705w\" sizes=\"(max-width: 800px) 100vw, 800px\" \/><\/p>\n<\/div><\/section><\/div>\n","protected":false},"excerpt":{"rendered":"","protected":false},"author":1,"featured_media":0,"parent":0,"menu_order":0,"comment_status":"closed","ping_status":"closed","template":"","meta":{"ngg_post_thumbnail":0,"footnotes":""},"yoast_head":"<!-- This site is optimized with the Yoast SEO Premium plugin v22.0 (Yoast SEO v22.0) - https:\/\/yoast.com\/wordpress\/plugins\/seo\/ -->\n<title>ABYANEH - Best Iran Tours &amp; Travel Packages 2026\/2027<\/title>\n<meta name=\"description\" content=\"Abyaneh ist ein Dorf, das ungef\u00e4hr in der Mitte der Provinz Isfahan, auf der Strecke nach Kaschan, 22 km westlichen von Natanz liegt.\" \/>\n<meta name=\"robots\" content=\"index, follow, max-snippet:-1, max-image-preview:large, max-video-preview:-1\" \/>\n<link rel=\"canonical\" href=\"https:\/\/irangashttour.com\/abyaneh\/\" \/>\n<meta property=\"og:locale\" content=\"de_DE\" \/>\n<meta property=\"og:type\" content=\"article\" \/>\n<meta property=\"og:title\" content=\"ABYANEH\" \/>\n<meta property=\"og:description\" content=\"Abyaneh ist ein Dorf, das ungef\u00e4hr in der Mitte der Provinz Isfahan, auf der Strecke nach Kaschan, 22 km westlichen von Natanz liegt.\" \/>\n<meta property=\"og:url\" content=\"https:\/\/irangashttour.com\/abyaneh\/\" \/>\n<meta property=\"og:site_name\" content=\"Best Iran Tours &amp; Travel Packages 2026\/2027\" \/>\n<meta property=\"article:publisher\" content=\"https:\/\/www.facebook.com\/gashttour.shiraz.5\" \/>\n<meta property=\"article:modified_time\" content=\"2022-03-23T05:35:47+00:00\" \/>\n<meta property=\"og:image\" content=\"https:\/\/irangashttour.com\/wp-content\/uploads\/2021\/03\/Abyaneh-01.jpg\" \/>\n<meta name=\"twitter:card\" content=\"summary_large_image\" \/>\n<meta name=\"twitter:site\" content=\"@irangashttour\" \/>\n<meta name=\"twitter:label1\" content=\"Gesch\u00e4tzte Lesezeit\" \/>\n\t<meta name=\"twitter:data1\" content=\"6\u00a0Minuten\" \/>\n<script type=\"application\/ld+json\" class=\"yoast-schema-graph\">{\"@context\":\"https:\/\/schema.org\",\"@graph\":[{\"@type\":\"WebPage\",\"@id\":\"https:\/\/irangashttour.com\/abyaneh\/\",\"url\":\"https:\/\/irangashttour.com\/abyaneh\/\",\"name\":\"ABYANEH - Best Iran Tours &amp; Travel Packages 2026\/2027\",\"isPartOf\":{\"@id\":\"https:\/\/irangashttour.com\/#website\"},\"datePublished\":\"2020-03-08T20:43:00+00:00\",\"dateModified\":\"2022-03-23T05:35:47+00:00\",\"description\":\"Abyaneh ist ein Dorf, das ungef\u00e4hr in der Mitte der Provinz Isfahan, auf der Strecke nach Kaschan, 22 km westlichen von Natanz liegt.\",\"breadcrumb\":{\"@id\":\"https:\/\/irangashttour.com\/abyaneh\/#breadcrumb\"},\"inLanguage\":\"de\",\"potentialAction\":[{\"@type\":\"ReadAction\",\"target\":[\"https:\/\/irangashttour.com\/abyaneh\/\"]}]},{\"@type\":\"BreadcrumbList\",\"@id\":\"https:\/\/irangashttour.com\/abyaneh\/#breadcrumb\",\"itemListElement\":[{\"@type\":\"ListItem\",\"position\":1,\"name\":\"Home\",\"item\":\"https:\/\/irangashttour.com\/de\/iran-reisen\/\"},{\"@type\":\"ListItem\",\"position\":2,\"name\":\"ABYANEH\"}]},{\"@type\":\"WebSite\",\"@id\":\"https:\/\/irangashttour.com\/#website\",\"url\":\"https:\/\/irangashttour.com\/\",\"name\":\"Best Iran Tour Packages 2025\",\"description\":\"Discover Iran with Gashttour Travel Agency\",\"publisher\":{\"@id\":\"https:\/\/irangashttour.com\/#organization\"},\"potentialAction\":[{\"@type\":\"SearchAction\",\"target\":{\"@type\":\"EntryPoint\",\"urlTemplate\":\"https:\/\/irangashttour.com\/?s={search_term_string}\"},\"query-input\":\"required name=search_term_string\"}],\"inLanguage\":\"de\"},{\"@type\":\"Organization\",\"@id\":\"https:\/\/irangashttour.com\/#organization\",\"name\":\"GASHTTOUR TRAVEL & TOUR AGENCY\",\"url\":\"https:\/\/irangashttour.com\/\",\"logo\":{\"@type\":\"ImageObject\",\"inLanguage\":\"de\",\"@id\":\"https:\/\/irangashttour.com\/#\/schema\/logo\/image\/\",\"url\":\"https:\/\/irangashttour.com\/wp-content\/uploads\/2020\/03\/irangashttour.jpg\",\"contentUrl\":\"https:\/\/irangashttour.com\/wp-content\/uploads\/2020\/03\/irangashttour.jpg\",\"width\":230,\"height\":230,\"caption\":\"GASHTTOUR TRAVEL & TOUR AGENCY\"},\"image\":{\"@id\":\"https:\/\/irangashttour.com\/#\/schema\/logo\/image\/\"},\"sameAs\":[\"https:\/\/www.facebook.com\/gashttour.shiraz.5\",\"https:\/\/twitter.com\/irangashttour\",\"https:\/\/www.instagram.com\/irangashttour\/\",\"https:\/\/www.linkedin.com\/in\/irangashttour\/\"]}]}<\/script>\n<!-- \/ Yoast SEO Premium plugin. -->","yoast_head_json":{"title":"ABYANEH - Best Iran Tours &amp; Travel Packages 2026\/2027","description":"Abyaneh ist ein Dorf, das ungef\u00e4hr in der Mitte der Provinz Isfahan, auf der Strecke nach Kaschan, 22 km westlichen von Natanz liegt.","robots":{"index":"index","follow":"follow","max-snippet":"max-snippet:-1","max-image-preview":"max-image-preview:large","max-video-preview":"max-video-preview:-1"},"canonical":"https:\/\/irangashttour.com\/abyaneh\/","og_locale":"de_DE","og_type":"article","og_title":"ABYANEH","og_description":"Abyaneh ist ein Dorf, das ungef\u00e4hr in der Mitte der Provinz Isfahan, auf der Strecke nach Kaschan, 22 km westlichen von Natanz liegt.","og_url":"https:\/\/irangashttour.com\/abyaneh\/","og_site_name":"Best Iran Tours &amp; Travel Packages 2026\/2027","article_publisher":"https:\/\/www.facebook.com\/gashttour.shiraz.5","article_modified_time":"2022-03-23T05:35:47+00:00","og_image":[{"url":"https:\/\/irangashttour.com\/wp-content\/uploads\/2021\/03\/Abyaneh-01.jpg"}],"twitter_card":"summary_large_image","twitter_site":"@irangashttour","twitter_misc":{"Gesch\u00e4tzte Lesezeit":"6\u00a0Minuten"},"schema":{"@context":"https:\/\/schema.org","@graph":[{"@type":"WebPage","@id":"https:\/\/irangashttour.com\/abyaneh\/","url":"https:\/\/irangashttour.com\/abyaneh\/","name":"ABYANEH - Best Iran Tours &amp; Travel Packages 2026\/2027","isPartOf":{"@id":"https:\/\/irangashttour.com\/#website"},"datePublished":"2020-03-08T20:43:00+00:00","dateModified":"2022-03-23T05:35:47+00:00","description":"Abyaneh ist ein Dorf, das ungef\u00e4hr in der Mitte der Provinz Isfahan, auf der Strecke nach Kaschan, 22 km westlichen von Natanz liegt.","breadcrumb":{"@id":"https:\/\/irangashttour.com\/abyaneh\/#breadcrumb"},"inLanguage":"de","potentialAction":[{"@type":"ReadAction","target":["https:\/\/irangashttour.com\/abyaneh\/"]}]},{"@type":"BreadcrumbList","@id":"https:\/\/irangashttour.com\/abyaneh\/#breadcrumb","itemListElement":[{"@type":"ListItem","position":1,"name":"Home","item":"https:\/\/irangashttour.com\/de\/iran-reisen\/"},{"@type":"ListItem","position":2,"name":"ABYANEH"}]},{"@type":"WebSite","@id":"https:\/\/irangashttour.com\/#website","url":"https:\/\/irangashttour.com\/","name":"Best Iran Tour Packages 2025","description":"Discover Iran with Gashttour Travel Agency","publisher":{"@id":"https:\/\/irangashttour.com\/#organization"},"potentialAction":[{"@type":"SearchAction","target":{"@type":"EntryPoint","urlTemplate":"https:\/\/irangashttour.com\/?s={search_term_string}"},"query-input":"required name=search_term_string"}],"inLanguage":"de"},{"@type":"Organization","@id":"https:\/\/irangashttour.com\/#organization","name":"GASHTTOUR TRAVEL & TOUR AGENCY","url":"https:\/\/irangashttour.com\/","logo":{"@type":"ImageObject","inLanguage":"de","@id":"https:\/\/irangashttour.com\/#\/schema\/logo\/image\/","url":"https:\/\/irangashttour.com\/wp-content\/uploads\/2020\/03\/irangashttour.jpg","contentUrl":"https:\/\/irangashttour.com\/wp-content\/uploads\/2020\/03\/irangashttour.jpg","width":230,"height":230,"caption":"GASHTTOUR TRAVEL & TOUR AGENCY"},"image":{"@id":"https:\/\/irangashttour.com\/#\/schema\/logo\/image\/"},"sameAs":["https:\/\/www.facebook.com\/gashttour.shiraz.5","https:\/\/twitter.com\/irangashttour","https:\/\/www.instagram.com\/irangashttour\/","https:\/\/www.linkedin.com\/in\/irangashttour\/"]}]}},"_links":{"self":[{"href":"https:\/\/irangashttour.com\/de\/wp-json\/wp\/v2\/pages\/8509"}],"collection":[{"href":"https:\/\/irangashttour.com\/de\/wp-json\/wp\/v2\/pages"}],"about":[{"href":"https:\/\/irangashttour.com\/de\/wp-json\/wp\/v2\/types\/page"}],"author":[{"embeddable":true,"href":"https:\/\/irangashttour.com\/de\/wp-json\/wp\/v2\/users\/1"}],"replies":[{"embeddable":true,"href":"https:\/\/irangashttour.com\/de\/wp-json\/wp\/v2\/comments?post=8509"}],"version-history":[{"count":6,"href":"https:\/\/irangashttour.com\/de\/wp-json\/wp\/v2\/pages\/8509\/revisions"}],"predecessor-version":[{"id":24865,"href":"https:\/\/irangashttour.com\/de\/wp-json\/wp\/v2\/pages\/8509\/revisions\/24865"}],"wp:attachment":[{"href":"https:\/\/irangashttour.com\/de\/wp-json\/wp\/v2\/media?parent=8509"}],"curies":[{"name":"wp","href":"https:\/\/api.w.org\/{rel}","templated":true}]}}