{"id":8517,"date":"2020-03-08T20:53:05","date_gmt":"2020-03-08T20:53:05","guid":{"rendered":"https:\/\/irangashttour.com\/boushehr\/"},"modified":"2020-04-16T04:04:49","modified_gmt":"2020-04-16T04:04:49","slug":"buschehr","status":"publish","type":"page","link":"https:\/\/irangashttour.com\/de\/buschehr\/","title":{"rendered":"BUSCHEHR"},"content":{"rendered":"\n<style type=\"text\/css\" data-created_by=\"avia_inline_auto\" id=\"style-css-av-2o2602-462bd270c97816c1c90e5c6f16afeb57\">\n.flex_column.av-2o2602-462bd270c97816c1c90e5c6f16afeb57{\nborder-radius:0px 0px 0px 0px;\n-webkit-border-radius:0px 0px 0px 0px;\n-moz-border-radius:0px 0px 0px 0px;\n}\n<\/style>\n<div class='flex_column av-2o2602-462bd270c97816c1c90e5c6f16afeb57 av_one_full  avia-builder-el-0  avia-builder-el-no-sibling  first flex_column_div av-zero-column-padding '   ><section  class='av_textblock_section av-jukyojca-6ba6f62059c521e6c01412caf1e25d7b'  itemscope=\"itemscope\" itemtype=\"https:\/\/schema.org\/CreativeWork\" ><div class='avia_textblock'  itemprop=\"text\" ><p style=\"text-align: justify;\"><strong>Buschehr<\/strong><br \/>\nDie Provinzhauptstadt liegt 350 km s\u00fcdwestlich von Schiraz am Persischen Golf und ist ein geeignetes Ziel f\u00fcr Urlauber, die den Golf sehen m\u00f6chten. Die Provinz tr\u00e4gt den gleichen Namen.<\/p>\n<p style=\"text-align: justify;\"><strong>Die Karawanserei Moschir-Ol-Molk in Borazjan<\/strong><br \/>\nDie Karawanserei liegt \u00f6stlich des Zentrums von Borazjan. Das Geb\u00e4ude wurde auf Befehl von Haji Mirza Abolhassan Khan Moschi-Ol-Molk errichtet und hat eine Baufl\u00e4che von 7000 qm und vier T\u00fcrme. 1983 ist es auf die Liste der \u00f6ffentlichen Bauten des Landes aufgenommen worden.<\/p>\n<p style=\"text-align: justify;\"><strong>Die Tschehelkhaneh H\u00f6hle (die viertausend H\u00f6hle) in Borazjan<\/strong><br \/>\nDie H\u00f6hle liegt in Saadat Abad, in Daschdestan und ist eines der spektakul\u00e4rsten Monumente der Provinz Buschehr. Das H\u00f6hlensystem ist komplex. Aufgrund der destabilen Struktur des Steinbruchs, ist die H\u00f6hle gef\u00e4hrdet. Das Konstrukt der H\u00f6hle deutet auf eine m\u00f6gliche zeremonielle Gedenkst\u00e4tte auf der persischen Antike hin.<\/p>\n<p style=\"text-align: justify;\"><strong>Naturschutzgebiet und Tourismusort Mond-Buschehr<\/strong><br \/>\nDas Naturschutzgebiet Mond liegt in der Ortschaft Bardkhoon \u2013einer Region in der N\u00e4he von Daijer- 180 km s\u00fcd\u00f6stlich der Stadt Buschehr. Das \u00d6kosystem besteht aus Wasser und Land und bietet im Herbst bis Anfang April einen idealen Ort f\u00fcr Zugv\u00f6gel.<\/p>\n<p style=\"text-align: justify;\"><strong>Das Malek Herrenhaus\/ Bushehr<\/strong><br \/>\nDas gro\u00dfe Herrenhaus in Bushehr wurde auf Befehl von Malek Al-Tojar, einem einflussreichen Kaufmann, erbaut. Die gro\u00dfe Eingangst\u00fcr des Hauses besteht aus Ebenholz und ist mit Metalldekorationen verziert. Das Hauptgeb\u00e4ude besteht aus zwei Stockwerken.<\/p>\n<p style=\"text-align: justify;\"><strong>Das Industriegebiet von Assaluyeh<\/strong><br \/>\nAssaluyeh geh\u00f6rt zur Ortschaft Kangan und ist in gro\u00dfes Industriegebiet in der Provinz Bushehr, am Persischen Golf. F\u00fcr Touristen bietet die Region am Persischen Golf ihre nat\u00fcrliche Sch\u00f6nheit, die sich nachts durch das Licht und das Feuer der Gasfackeln verdoppelt.<\/p>\n<p style=\"text-align: justify;\"><strong>Bardestan Moschee in Daijer<\/strong><br \/>\nDie Moschee besteht aus einem rechteckigen quadratischen Hauptgeb\u00e4ude und einer kleinen Zimmergarderobe. Innerhalb des Geb\u00e4udes befindet sich eine Inschrift aus dem Jahr 852 n. Chr.<\/p>\n<p style=\"text-align: justify;\"><strong>Strand am Persischen Golf\/Buschehr<\/strong><br \/>\nDie beste Reisezeit f\u00fcr einen Aufenthalt in Buschehr ist Ende M\u00e4rz und April. Danach steigen die Temperaturen an.<\/p>\n<p style=\"text-align: justify;\"><strong>Das Nasoori Festung in Kangan<\/strong><br \/>\nDie Festung \u201eNasoori\u201c befindet sich in Bandar-e-Taheri im Zentrum von Kagan. Sie ist auch unter dem Namen \u201eSheikh-Festung\u201c bekannt und stammt aus der Qajaren-Zeit (19. Jh.). Die Festung wurde vor etwa 180 Jahren auf Befehl von Sheikh Jabar Nasoori erbaut. Der zust\u00e4ndige Architekt war Ali Asghar Shirazi.<\/p>\n<p style=\"text-align: justify;\"><strong>Der Salzstock von Jaschk\/Jaschk in Daijer<\/strong><br \/>\nDer Salzstock liegt in der N\u00e4he des Dorfes Jaschk 55 km von Stadt Daijer und 144 km s\u00fcd\u00f6stlich von Buscher entfernt. Es ist eine der gr\u00f6\u00dften Salzst\u00f6cke des Landes.<\/p>\n<p style=\"text-align: justify;\"><strong>Die Grabst\u00e4tte Gurdokhtar in Borazjan<\/strong><br \/>\nDie Grabst\u00e4tte Gurdokhtar stamm aus dem 6. Jh. v. Chr. Und ist vermutlich das Grab der Tochter von Gabr oder Zardatashti. Das Grab \u00e4hnelt des ach\u00e4menidischen Grab des Gro\u00dfk\u00f6nigs Cyrus in Passargad.<\/p>\n<p style=\"text-align: justify;\">&nbsp;<\/p>\n<\/div><\/section><\/div>\n","protected":false},"excerpt":{"rendered":"","protected":false},"author":1,"featured_media":0,"parent":0,"menu_order":0,"comment_status":"closed","ping_status":"closed","template":"","meta":{"ngg_post_thumbnail":0,"footnotes":""},"yoast_head":"<!-- This site is optimized with the Yoast SEO Premium plugin v22.0 (Yoast SEO v22.0) - https:\/\/yoast.com\/wordpress\/plugins\/seo\/ -->\n<title>BUSCHEHR - Best Iran Tours &amp; Travel Packages 2026\/2027<\/title>\n<meta name=\"description\" content=\"Die Provinzhauptstadt liegt 350 km s\u00fcdwestlich von Schiraz am Persischen Golf und ist ein geeignetes Ziel f\u00fcr Urlauber, die den Golf sehen m\u00f6chten. Die Provinz tr\u00e4gt den gleichen Namen.\" \/>\n<meta name=\"robots\" content=\"index, follow, max-snippet:-1, max-image-preview:large, max-video-preview:-1\" \/>\n<link rel=\"canonical\" href=\"https:\/\/irangashttour.com\/bushehr\/\" \/>\n<meta property=\"og:locale\" content=\"de_DE\" \/>\n<meta property=\"og:type\" content=\"article\" \/>\n<meta property=\"og:title\" content=\"BUSCHEHR\" \/>\n<meta property=\"og:description\" content=\"Die Provinzhauptstadt liegt 350 km s\u00fcdwestlich von Schiraz am Persischen Golf und ist ein geeignetes Ziel f\u00fcr Urlauber, die den Golf sehen m\u00f6chten. Die Provinz tr\u00e4gt den gleichen Namen.\" \/>\n<meta property=\"og:url\" content=\"https:\/\/irangashttour.com\/bushehr\/\" \/>\n<meta property=\"og:site_name\" content=\"Best Iran Tours &amp; Travel Packages 2026\/2027\" \/>\n<meta property=\"article:publisher\" content=\"https:\/\/www.facebook.com\/gashttour.shiraz.5\" \/>\n<meta property=\"article:modified_time\" content=\"2020-04-16T04:04:49+00:00\" \/>\n<meta name=\"twitter:card\" content=\"summary_large_image\" \/>\n<meta name=\"twitter:site\" content=\"@irangashttour\" \/>\n<meta name=\"twitter:label1\" content=\"Gesch\u00e4tzte Lesezeit\" \/>\n\t<meta name=\"twitter:data1\" content=\"3\u00a0Minuten\" \/>\n<script type=\"application\/ld+json\" class=\"yoast-schema-graph\">{\"@context\":\"https:\/\/schema.org\",\"@graph\":[{\"@type\":\"WebPage\",\"@id\":\"https:\/\/irangashttour.com\/bushehr\/\",\"url\":\"https:\/\/irangashttour.com\/bushehr\/\",\"name\":\"BUSCHEHR - Best Iran Tours &amp; Travel Packages 2026\/2027\",\"isPartOf\":{\"@id\":\"https:\/\/irangashttour.com\/#website\"},\"datePublished\":\"2020-03-08T20:53:05+00:00\",\"dateModified\":\"2020-04-16T04:04:49+00:00\",\"description\":\"Die Provinzhauptstadt liegt 350 km s\u00fcdwestlich von Schiraz am Persischen Golf und ist ein geeignetes Ziel f\u00fcr Urlauber, die den Golf sehen m\u00f6chten. Die Provinz tr\u00e4gt den gleichen Namen.\",\"breadcrumb\":{\"@id\":\"https:\/\/irangashttour.com\/bushehr\/#breadcrumb\"},\"inLanguage\":\"de\",\"potentialAction\":[{\"@type\":\"ReadAction\",\"target\":[\"https:\/\/irangashttour.com\/bushehr\/\"]}]},{\"@type\":\"BreadcrumbList\",\"@id\":\"https:\/\/irangashttour.com\/bushehr\/#breadcrumb\",\"itemListElement\":[{\"@type\":\"ListItem\",\"position\":1,\"name\":\"Home\",\"item\":\"https:\/\/irangashttour.com\/de\/iran-reisen\/\"},{\"@type\":\"ListItem\",\"position\":2,\"name\":\"BUSCHEHR\"}]},{\"@type\":\"WebSite\",\"@id\":\"https:\/\/irangashttour.com\/#website\",\"url\":\"https:\/\/irangashttour.com\/\",\"name\":\"Best Iran Tour Packages 2025\",\"description\":\"Discover Iran with Gashttour Travel Agency\",\"publisher\":{\"@id\":\"https:\/\/irangashttour.com\/#organization\"},\"potentialAction\":[{\"@type\":\"SearchAction\",\"target\":{\"@type\":\"EntryPoint\",\"urlTemplate\":\"https:\/\/irangashttour.com\/?s={search_term_string}\"},\"query-input\":\"required name=search_term_string\"}],\"inLanguage\":\"de\"},{\"@type\":\"Organization\",\"@id\":\"https:\/\/irangashttour.com\/#organization\",\"name\":\"GASHTTOUR TRAVEL & TOUR AGENCY\",\"url\":\"https:\/\/irangashttour.com\/\",\"logo\":{\"@type\":\"ImageObject\",\"inLanguage\":\"de\",\"@id\":\"https:\/\/irangashttour.com\/#\/schema\/logo\/image\/\",\"url\":\"https:\/\/irangashttour.com\/wp-content\/uploads\/2020\/03\/irangashttour.jpg\",\"contentUrl\":\"https:\/\/irangashttour.com\/wp-content\/uploads\/2020\/03\/irangashttour.jpg\",\"width\":230,\"height\":230,\"caption\":\"GASHTTOUR TRAVEL & TOUR AGENCY\"},\"image\":{\"@id\":\"https:\/\/irangashttour.com\/#\/schema\/logo\/image\/\"},\"sameAs\":[\"https:\/\/www.facebook.com\/gashttour.shiraz.5\",\"https:\/\/twitter.com\/irangashttour\",\"https:\/\/www.instagram.com\/irangashttour\/\",\"https:\/\/www.linkedin.com\/in\/irangashttour\/\"]}]}<\/script>\n<!-- \/ Yoast SEO Premium plugin. -->","yoast_head_json":{"title":"BUSCHEHR - Best Iran Tours &amp; Travel Packages 2026\/2027","description":"Die Provinzhauptstadt liegt 350 km s\u00fcdwestlich von Schiraz am Persischen Golf und ist ein geeignetes Ziel f\u00fcr Urlauber, die den Golf sehen m\u00f6chten. Die Provinz tr\u00e4gt den gleichen Namen.","robots":{"index":"index","follow":"follow","max-snippet":"max-snippet:-1","max-image-preview":"max-image-preview:large","max-video-preview":"max-video-preview:-1"},"canonical":"https:\/\/irangashttour.com\/bushehr\/","og_locale":"de_DE","og_type":"article","og_title":"BUSCHEHR","og_description":"Die Provinzhauptstadt liegt 350 km s\u00fcdwestlich von Schiraz am Persischen Golf und ist ein geeignetes Ziel f\u00fcr Urlauber, die den Golf sehen m\u00f6chten. Die Provinz tr\u00e4gt den gleichen Namen.","og_url":"https:\/\/irangashttour.com\/bushehr\/","og_site_name":"Best Iran Tours &amp; Travel Packages 2026\/2027","article_publisher":"https:\/\/www.facebook.com\/gashttour.shiraz.5","article_modified_time":"2020-04-16T04:04:49+00:00","twitter_card":"summary_large_image","twitter_site":"@irangashttour","twitter_misc":{"Gesch\u00e4tzte Lesezeit":"3\u00a0Minuten"},"schema":{"@context":"https:\/\/schema.org","@graph":[{"@type":"WebPage","@id":"https:\/\/irangashttour.com\/bushehr\/","url":"https:\/\/irangashttour.com\/bushehr\/","name":"BUSCHEHR - Best Iran Tours &amp; Travel Packages 2026\/2027","isPartOf":{"@id":"https:\/\/irangashttour.com\/#website"},"datePublished":"2020-03-08T20:53:05+00:00","dateModified":"2020-04-16T04:04:49+00:00","description":"Die Provinzhauptstadt liegt 350 km s\u00fcdwestlich von Schiraz am Persischen Golf und ist ein geeignetes Ziel f\u00fcr Urlauber, die den Golf sehen m\u00f6chten. Die Provinz tr\u00e4gt den gleichen Namen.","breadcrumb":{"@id":"https:\/\/irangashttour.com\/bushehr\/#breadcrumb"},"inLanguage":"de","potentialAction":[{"@type":"ReadAction","target":["https:\/\/irangashttour.com\/bushehr\/"]}]},{"@type":"BreadcrumbList","@id":"https:\/\/irangashttour.com\/bushehr\/#breadcrumb","itemListElement":[{"@type":"ListItem","position":1,"name":"Home","item":"https:\/\/irangashttour.com\/de\/iran-reisen\/"},{"@type":"ListItem","position":2,"name":"BUSCHEHR"}]},{"@type":"WebSite","@id":"https:\/\/irangashttour.com\/#website","url":"https:\/\/irangashttour.com\/","name":"Best Iran Tour Packages 2025","description":"Discover Iran with Gashttour Travel Agency","publisher":{"@id":"https:\/\/irangashttour.com\/#organization"},"potentialAction":[{"@type":"SearchAction","target":{"@type":"EntryPoint","urlTemplate":"https:\/\/irangashttour.com\/?s={search_term_string}"},"query-input":"required name=search_term_string"}],"inLanguage":"de"},{"@type":"Organization","@id":"https:\/\/irangashttour.com\/#organization","name":"GASHTTOUR TRAVEL & TOUR AGENCY","url":"https:\/\/irangashttour.com\/","logo":{"@type":"ImageObject","inLanguage":"de","@id":"https:\/\/irangashttour.com\/#\/schema\/logo\/image\/","url":"https:\/\/irangashttour.com\/wp-content\/uploads\/2020\/03\/irangashttour.jpg","contentUrl":"https:\/\/irangashttour.com\/wp-content\/uploads\/2020\/03\/irangashttour.jpg","width":230,"height":230,"caption":"GASHTTOUR TRAVEL & TOUR AGENCY"},"image":{"@id":"https:\/\/irangashttour.com\/#\/schema\/logo\/image\/"},"sameAs":["https:\/\/www.facebook.com\/gashttour.shiraz.5","https:\/\/twitter.com\/irangashttour","https:\/\/www.instagram.com\/irangashttour\/","https:\/\/www.linkedin.com\/in\/irangashttour\/"]}]}},"_links":{"self":[{"href":"https:\/\/irangashttour.com\/de\/wp-json\/wp\/v2\/pages\/8517"}],"collection":[{"href":"https:\/\/irangashttour.com\/de\/wp-json\/wp\/v2\/pages"}],"about":[{"href":"https:\/\/irangashttour.com\/de\/wp-json\/wp\/v2\/types\/page"}],"author":[{"embeddable":true,"href":"https:\/\/irangashttour.com\/de\/wp-json\/wp\/v2\/users\/1"}],"replies":[{"embeddable":true,"href":"https:\/\/irangashttour.com\/de\/wp-json\/wp\/v2\/comments?post=8517"}],"version-history":[{"count":4,"href":"https:\/\/irangashttour.com\/de\/wp-json\/wp\/v2\/pages\/8517\/revisions"}],"predecessor-version":[{"id":9644,"href":"https:\/\/irangashttour.com\/de\/wp-json\/wp\/v2\/pages\/8517\/revisions\/9644"}],"wp:attachment":[{"href":"https:\/\/irangashttour.com\/de\/wp-json\/wp\/v2\/media?parent=8517"}],"curies":[{"name":"wp","href":"https:\/\/api.w.org\/{rel}","templated":true}]}}