{"id":8528,"date":"2020-03-08T21:10:32","date_gmt":"2020-03-08T21:10:32","guid":{"rendered":"https:\/\/irangashttour.com\/masuleh-village\/"},"modified":"2020-03-08T21:12:41","modified_gmt":"2020-03-08T21:12:41","slug":"masuleh","status":"publish","type":"page","link":"https:\/\/irangashttour.com\/de\/masuleh\/","title":{"rendered":"MASULEH"},"content":{"rendered":"<section  class='av_textblock_section av-jveu2fgp-2c2d311208ad8fecf76369252fa3f048'  itemscope=\"itemscope\" itemtype=\"https:\/\/schema.org\/CreativeWork\" ><div class='avia_textblock'  itemprop=\"text\" ><p>Ein1000-j\u00e4hriges Dorf, das einem etnologischen und architektonischen Museum \u00e4hnlich ist.Weiterfahrt zur Grenzstadt Astara. Auf der Route nach Astara genie\u00dfen Sie die Ausblicke auf Teeplantagen und alte traditionelle H\u00e4user.<\/p>\n<p>Das Dorf hat eine Grundfl\u00e4che von 1,6 ha und ist in vier Territorien eingeteilt. Das Dorf hat einen vierst\u00f6ckigen Markt der mit den anderen Bereichen verbunden ist.<\/p>\n<\/div><\/section>\n","protected":false},"excerpt":{"rendered":"","protected":false},"author":1,"featured_media":0,"parent":0,"menu_order":0,"comment_status":"closed","ping_status":"closed","template":"","meta":{"ngg_post_thumbnail":0,"footnotes":""},"yoast_head":"<!-- This site is optimized with the Yoast SEO Premium plugin v22.0 (Yoast SEO v22.0) - https:\/\/yoast.com\/wordpress\/plugins\/seo\/ -->\n<title>MASULEH - Best Iran Tours &amp; Travel Packages 2026\/2027<\/title>\n<meta name=\"description\" content=\"Ein1000-j\u00e4hriges Dorf, das einem etnologischen und architektonischen Museum \u00e4hnlich ist.Weiterfahrt zur Grenzstadt Astara. Auf der Route nach Astara genie\u00dfen Sie die Ausblicke auf Teeplantagen und alte traditionelle H\u00e4user.\" \/>\n<meta name=\"robots\" content=\"index, follow, max-snippet:-1, max-image-preview:large, max-video-preview:-1\" \/>\n<link rel=\"canonical\" href=\"https:\/\/irangashttour.com\/masuleh-village\/\" \/>\n<meta property=\"og:locale\" content=\"de_DE\" \/>\n<meta property=\"og:type\" content=\"article\" \/>\n<meta property=\"og:title\" content=\"MASULEH\" \/>\n<meta property=\"og:description\" content=\"Ein1000-j\u00e4hriges Dorf, das einem etnologischen und architektonischen Museum \u00e4hnlich ist.Weiterfahrt zur Grenzstadt Astara. Auf der Route nach Astara genie\u00dfen Sie die Ausblicke auf Teeplantagen und alte traditionelle H\u00e4user.\" \/>\n<meta property=\"og:url\" content=\"https:\/\/irangashttour.com\/masuleh-village\/\" \/>\n<meta property=\"og:site_name\" content=\"Best Iran Tours &amp; Travel Packages 2026\/2027\" \/>\n<meta property=\"article:publisher\" content=\"https:\/\/www.facebook.com\/gashttour.shiraz.5\" \/>\n<meta property=\"article:modified_time\" content=\"2020-03-08T21:12:41+00:00\" \/>\n<meta name=\"twitter:card\" content=\"summary_large_image\" \/>\n<meta name=\"twitter:site\" content=\"@irangashttour\" \/>\n<script type=\"application\/ld+json\" class=\"yoast-schema-graph\">{\"@context\":\"https:\/\/schema.org\",\"@graph\":[{\"@type\":\"WebPage\",\"@id\":\"https:\/\/irangashttour.com\/masuleh-village\/\",\"url\":\"https:\/\/irangashttour.com\/masuleh-village\/\",\"name\":\"MASULEH - Best Iran Tours &amp; Travel Packages 2026\/2027\",\"isPartOf\":{\"@id\":\"https:\/\/irangashttour.com\/#website\"},\"datePublished\":\"2020-03-08T21:10:32+00:00\",\"dateModified\":\"2020-03-08T21:12:41+00:00\",\"description\":\"Ein1000-j\u00e4hriges Dorf, das einem etnologischen und architektonischen Museum \u00e4hnlich ist.Weiterfahrt zur Grenzstadt Astara. Auf der Route nach Astara genie\u00dfen Sie die Ausblicke auf Teeplantagen und alte traditionelle H\u00e4user.\",\"breadcrumb\":{\"@id\":\"https:\/\/irangashttour.com\/masuleh-village\/#breadcrumb\"},\"inLanguage\":\"de\",\"potentialAction\":[{\"@type\":\"ReadAction\",\"target\":[\"https:\/\/irangashttour.com\/masuleh-village\/\"]}]},{\"@type\":\"BreadcrumbList\",\"@id\":\"https:\/\/irangashttour.com\/masuleh-village\/#breadcrumb\",\"itemListElement\":[{\"@type\":\"ListItem\",\"position\":1,\"name\":\"Home\",\"item\":\"https:\/\/irangashttour.com\/de\/iran-reisen\/\"},{\"@type\":\"ListItem\",\"position\":2,\"name\":\"MASULEH\"}]},{\"@type\":\"WebSite\",\"@id\":\"https:\/\/irangashttour.com\/#website\",\"url\":\"https:\/\/irangashttour.com\/\",\"name\":\"Best Iran Tour Packages 2025\",\"description\":\"Discover Iran with Gashttour Travel Agency\",\"publisher\":{\"@id\":\"https:\/\/irangashttour.com\/#organization\"},\"potentialAction\":[{\"@type\":\"SearchAction\",\"target\":{\"@type\":\"EntryPoint\",\"urlTemplate\":\"https:\/\/irangashttour.com\/?s={search_term_string}\"},\"query-input\":\"required name=search_term_string\"}],\"inLanguage\":\"de\"},{\"@type\":\"Organization\",\"@id\":\"https:\/\/irangashttour.com\/#organization\",\"name\":\"GASHTTOUR TRAVEL & TOUR AGENCY\",\"url\":\"https:\/\/irangashttour.com\/\",\"logo\":{\"@type\":\"ImageObject\",\"inLanguage\":\"de\",\"@id\":\"https:\/\/irangashttour.com\/#\/schema\/logo\/image\/\",\"url\":\"https:\/\/irangashttour.com\/wp-content\/uploads\/2020\/03\/irangashttour.jpg\",\"contentUrl\":\"https:\/\/irangashttour.com\/wp-content\/uploads\/2020\/03\/irangashttour.jpg\",\"width\":230,\"height\":230,\"caption\":\"GASHTTOUR TRAVEL & TOUR AGENCY\"},\"image\":{\"@id\":\"https:\/\/irangashttour.com\/#\/schema\/logo\/image\/\"},\"sameAs\":[\"https:\/\/www.facebook.com\/gashttour.shiraz.5\",\"https:\/\/twitter.com\/irangashttour\",\"https:\/\/www.instagram.com\/irangashttour\/\",\"https:\/\/www.linkedin.com\/in\/irangashttour\/\"]}]}<\/script>\n<!-- \/ Yoast SEO Premium plugin. -->","yoast_head_json":{"title":"MASULEH - Best Iran Tours &amp; Travel Packages 2026\/2027","description":"Ein1000-j\u00e4hriges Dorf, das einem etnologischen und architektonischen Museum \u00e4hnlich ist.Weiterfahrt zur Grenzstadt Astara. Auf der Route nach Astara genie\u00dfen Sie die Ausblicke auf Teeplantagen und alte traditionelle H\u00e4user.","robots":{"index":"index","follow":"follow","max-snippet":"max-snippet:-1","max-image-preview":"max-image-preview:large","max-video-preview":"max-video-preview:-1"},"canonical":"https:\/\/irangashttour.com\/masuleh-village\/","og_locale":"de_DE","og_type":"article","og_title":"MASULEH","og_description":"Ein1000-j\u00e4hriges Dorf, das einem etnologischen und architektonischen Museum \u00e4hnlich ist.Weiterfahrt zur Grenzstadt Astara. Auf der Route nach Astara genie\u00dfen Sie die Ausblicke auf Teeplantagen und alte traditionelle H\u00e4user.","og_url":"https:\/\/irangashttour.com\/masuleh-village\/","og_site_name":"Best Iran Tours &amp; Travel Packages 2026\/2027","article_publisher":"https:\/\/www.facebook.com\/gashttour.shiraz.5","article_modified_time":"2020-03-08T21:12:41+00:00","twitter_card":"summary_large_image","twitter_site":"@irangashttour","schema":{"@context":"https:\/\/schema.org","@graph":[{"@type":"WebPage","@id":"https:\/\/irangashttour.com\/masuleh-village\/","url":"https:\/\/irangashttour.com\/masuleh-village\/","name":"MASULEH - Best Iran Tours &amp; Travel Packages 2026\/2027","isPartOf":{"@id":"https:\/\/irangashttour.com\/#website"},"datePublished":"2020-03-08T21:10:32+00:00","dateModified":"2020-03-08T21:12:41+00:00","description":"Ein1000-j\u00e4hriges Dorf, das einem etnologischen und architektonischen Museum \u00e4hnlich ist.Weiterfahrt zur Grenzstadt Astara. Auf der Route nach Astara genie\u00dfen Sie die Ausblicke auf Teeplantagen und alte traditionelle H\u00e4user.","breadcrumb":{"@id":"https:\/\/irangashttour.com\/masuleh-village\/#breadcrumb"},"inLanguage":"de","potentialAction":[{"@type":"ReadAction","target":["https:\/\/irangashttour.com\/masuleh-village\/"]}]},{"@type":"BreadcrumbList","@id":"https:\/\/irangashttour.com\/masuleh-village\/#breadcrumb","itemListElement":[{"@type":"ListItem","position":1,"name":"Home","item":"https:\/\/irangashttour.com\/de\/iran-reisen\/"},{"@type":"ListItem","position":2,"name":"MASULEH"}]},{"@type":"WebSite","@id":"https:\/\/irangashttour.com\/#website","url":"https:\/\/irangashttour.com\/","name":"Best Iran Tour Packages 2025","description":"Discover Iran with Gashttour Travel Agency","publisher":{"@id":"https:\/\/irangashttour.com\/#organization"},"potentialAction":[{"@type":"SearchAction","target":{"@type":"EntryPoint","urlTemplate":"https:\/\/irangashttour.com\/?s={search_term_string}"},"query-input":"required name=search_term_string"}],"inLanguage":"de"},{"@type":"Organization","@id":"https:\/\/irangashttour.com\/#organization","name":"GASHTTOUR TRAVEL & TOUR AGENCY","url":"https:\/\/irangashttour.com\/","logo":{"@type":"ImageObject","inLanguage":"de","@id":"https:\/\/irangashttour.com\/#\/schema\/logo\/image\/","url":"https:\/\/irangashttour.com\/wp-content\/uploads\/2020\/03\/irangashttour.jpg","contentUrl":"https:\/\/irangashttour.com\/wp-content\/uploads\/2020\/03\/irangashttour.jpg","width":230,"height":230,"caption":"GASHTTOUR TRAVEL & TOUR AGENCY"},"image":{"@id":"https:\/\/irangashttour.com\/#\/schema\/logo\/image\/"},"sameAs":["https:\/\/www.facebook.com\/gashttour.shiraz.5","https:\/\/twitter.com\/irangashttour","https:\/\/www.instagram.com\/irangashttour\/","https:\/\/www.linkedin.com\/in\/irangashttour\/"]}]}},"_links":{"self":[{"href":"https:\/\/irangashttour.com\/de\/wp-json\/wp\/v2\/pages\/8528"}],"collection":[{"href":"https:\/\/irangashttour.com\/de\/wp-json\/wp\/v2\/pages"}],"about":[{"href":"https:\/\/irangashttour.com\/de\/wp-json\/wp\/v2\/types\/page"}],"author":[{"embeddable":true,"href":"https:\/\/irangashttour.com\/de\/wp-json\/wp\/v2\/users\/1"}],"replies":[{"embeddable":true,"href":"https:\/\/irangashttour.com\/de\/wp-json\/wp\/v2\/comments?post=8528"}],"version-history":[{"count":2,"href":"https:\/\/irangashttour.com\/de\/wp-json\/wp\/v2\/pages\/8528\/revisions"}],"predecessor-version":[{"id":8530,"href":"https:\/\/irangashttour.com\/de\/wp-json\/wp\/v2\/pages\/8528\/revisions\/8530"}],"wp:attachment":[{"href":"https:\/\/irangashttour.com\/de\/wp-json\/wp\/v2\/media?parent=8528"}],"curies":[{"name":"wp","href":"https:\/\/api.w.org\/{rel}","templated":true}]}}