{"id":8989,"date":"2020-03-25T13:01:08","date_gmt":"2020-03-25T13:01:08","guid":{"rendered":"https:\/\/irangashttour.com\/armenian-monastic-ensembles-of-iran\/"},"modified":"2022-07-31T09:31:49","modified_gmt":"2022-07-31T09:31:49","slug":"armenische-kloster-und-kirchenbauten-im-nordwesten-irans","status":"publish","type":"page","link":"https:\/\/irangashttour.com\/de\/armenische-kloster-und-kirchenbauten-im-nordwesten-irans\/","title":{"rendered":"ARMENISCHE KLOSTER-UND KIRCHENBAUTEN IM NORDWESTEN IRANS"},"content":{"rendered":"\n<style type=\"text\/css\" data-created_by=\"avia_inline_auto\" id=\"style-css-av-2dp9el-815d7d08043e65dac7ad97e2c5bda3fe\">\n.flex_column.av-2dp9el-815d7d08043e65dac7ad97e2c5bda3fe{\nborder-radius:0px 0px 0px 0px;\n-webkit-border-radius:0px 0px 0px 0px;\n-moz-border-radius:0px 0px 0px 0px;\n}\n<\/style>\n<div class='flex_column av-2dp9el-815d7d08043e65dac7ad97e2c5bda3fe av_one_full  avia-builder-el-0  avia-builder-el-no-sibling  first flex_column_div av-zero-column-padding '   ><section  class='av_textblock_section av-jw3aty4c-51f1464f70dab9aa09eed651243ad2b0'  itemscope=\"itemscope\" itemtype=\"https:\/\/schema.org\/CreativeWork\" ><div class='avia_textblock'  itemprop=\"text\" ><h2>ARMENISCHE KLOSTER-UND KIRCHENBAUTEN IM NORDWESTEN IRANS<\/h2>\n<p style=\"text-align: justify;\">Diese Klosterbaukomplexe liegen im Nordwesten Irans und geh\u00f6ren zu wichtige Pilgerst\u00e4tte f\u00fcr armenisch-orthodoxe Christen. Zu wichtigsten Bauten geh\u00f6ren die St. Thadd\u00e4us Kloster \u2013auch Schwarze Kirche genannt-, der St. Stepahnos Kloster sowie die St. Johannes Kapelle in Dzordzor. Das \u00e4lteste Geb\u00e4ude ist das Kloster des heiligen St. Thadd\u00e4us. Der Grundstein dieser Klosteranlage soll im Jahr 68 nach Christus mit einem Kapellenbau zum Andenken an St. Thadd\u00e4us und der konvertierten Tochter des armenischen K\u00f6nigs, die beide den M\u00e4rtyrertod erlitten. Sp\u00e4ter entstand die heutige Klosteranlage. Der letzte Abt des Klosters starb 1948. Trotzdem pilgern allj\u00e4hrlich armenisch-orthodoxe Christen im Juli zum heiligen St. Thadd\u00e4us Tag zum Kloster. Im Jahr 2008 wurde die Klosteranlage mit dem weiter \u00f6stlich gelegenen St. Stephanus Kloster zum UNESCO-Weltkulturerbe genannt.<\/p>\n<\/div><\/section><br \/>\n\n<style type=\"text\/css\" data-created_by=\"avia_inline_auto\" id=\"style-css-av-l68tnvzq-bef72844b9914fa64943b4e2f705ef9a\">\n.avia-image-container.av-l68tnvzq-bef72844b9914fa64943b4e2f705ef9a .av-image-caption-overlay-center{\ncolor:#ffffff;\n}\n<\/style>\n<div  class='avia-image-container av-l68tnvzq-bef72844b9914fa64943b4e2f705ef9a av-styling- avia-align-center  avia-builder-el-2  el_after_av_textblock  avia-builder-el-last '  itemprop=\"image\" itemscope=\"itemscope\" itemtype=\"https:\/\/schema.org\/ImageObject\" ><div class=\"avia-image-container-inner\"><div class=\"avia-image-overlay-wrap\"><img fetchpriority=\"high\" fetchpriority=\"high\" decoding=\"async\" class='wp-image-27807 avia-img-lazy-loading-not-27807 avia_image' src=\"https:\/\/irangashttour.com\/wp-content\/uploads\/2022\/07\/Armenische-Kloster-und-Kirchenbauten-im-Nordwesten-Irans.jpg\" alt='Armenische Kloster-und Kirchenbauten im Nordwesten Irans' title='Armenische Kloster-und Kirchenbauten im Nordwesten Irans'  height=\"567\" width=\"850\"  itemprop=\"thumbnailUrl\" srcset=\"https:\/\/irangashttour.com\/wp-content\/uploads\/2022\/07\/Armenische-Kloster-und-Kirchenbauten-im-Nordwesten-Irans.jpg 850w, https:\/\/irangashttour.com\/wp-content\/uploads\/2022\/07\/Armenische-Kloster-und-Kirchenbauten-im-Nordwesten-Irans-300x200.jpg 300w, https:\/\/irangashttour.com\/wp-content\/uploads\/2022\/07\/Armenische-Kloster-und-Kirchenbauten-im-Nordwesten-Irans-768x512.jpg 768w, https:\/\/irangashttour.com\/wp-content\/uploads\/2022\/07\/Armenische-Kloster-und-Kirchenbauten-im-Nordwesten-Irans-705x470.jpg 705w\" sizes=\"(max-width: 850px) 100vw, 850px\" \/><\/div><\/div><\/div><\/p><\/div>\n","protected":false},"excerpt":{"rendered":"","protected":false},"author":1,"featured_media":0,"parent":0,"menu_order":0,"comment_status":"closed","ping_status":"closed","template":"","meta":{"ngg_post_thumbnail":0,"footnotes":""},"yoast_head":"<!-- This site is optimized with the Yoast SEO Premium plugin v22.0 (Yoast SEO v22.0) - https:\/\/yoast.com\/wordpress\/plugins\/seo\/ -->\n<title>ARMENISCHE KLOSTER-UND KIRCHENBAUTEN IM NORDWESTEN IRANS - Best Iran Tours &amp; Travel Packages 2026\/2027<\/title>\n<meta name=\"robots\" content=\"index, follow, max-snippet:-1, max-image-preview:large, max-video-preview:-1\" \/>\n<link rel=\"canonical\" href=\"https:\/\/irangashttour.com\/armenian-monastic-ensembles-of-iran\/\" \/>\n<meta property=\"og:locale\" content=\"de_DE\" \/>\n<meta property=\"og:type\" content=\"article\" \/>\n<meta property=\"og:title\" content=\"ARMENISCHE KLOSTER-UND KIRCHENBAUTEN IM NORDWESTEN IRANS\" \/>\n<meta property=\"og:url\" content=\"https:\/\/irangashttour.com\/armenian-monastic-ensembles-of-iran\/\" \/>\n<meta property=\"og:site_name\" content=\"Best Iran Tours &amp; Travel Packages 2026\/2027\" \/>\n<meta property=\"article:publisher\" content=\"https:\/\/www.facebook.com\/gashttour.shiraz.5\" \/>\n<meta property=\"article:modified_time\" content=\"2022-07-31T09:31:49+00:00\" \/>\n<meta name=\"twitter:card\" content=\"summary_large_image\" \/>\n<meta name=\"twitter:site\" content=\"@irangashttour\" \/>\n<meta name=\"twitter:label1\" content=\"Gesch\u00e4tzte Lesezeit\" \/>\n\t<meta name=\"twitter:data1\" content=\"2\u00a0Minuten\" \/>\n<script type=\"application\/ld+json\" class=\"yoast-schema-graph\">{\"@context\":\"https:\/\/schema.org\",\"@graph\":[{\"@type\":\"WebPage\",\"@id\":\"https:\/\/irangashttour.com\/armenian-monastic-ensembles-of-iran\/\",\"url\":\"https:\/\/irangashttour.com\/armenian-monastic-ensembles-of-iran\/\",\"name\":\"ARMENISCHE KLOSTER-UND KIRCHENBAUTEN IM NORDWESTEN IRANS - Best Iran Tours &amp; Travel Packages 2026\/2027\",\"isPartOf\":{\"@id\":\"https:\/\/irangashttour.com\/#website\"},\"datePublished\":\"2020-03-25T13:01:08+00:00\",\"dateModified\":\"2022-07-31T09:31:49+00:00\",\"breadcrumb\":{\"@id\":\"https:\/\/irangashttour.com\/armenian-monastic-ensembles-of-iran\/#breadcrumb\"},\"inLanguage\":\"de\",\"potentialAction\":[{\"@type\":\"ReadAction\",\"target\":[\"https:\/\/irangashttour.com\/armenian-monastic-ensembles-of-iran\/\"]}]},{\"@type\":\"BreadcrumbList\",\"@id\":\"https:\/\/irangashttour.com\/armenian-monastic-ensembles-of-iran\/#breadcrumb\",\"itemListElement\":[{\"@type\":\"ListItem\",\"position\":1,\"name\":\"Home\",\"item\":\"https:\/\/irangashttour.com\/de\/iran-reisen\/\"},{\"@type\":\"ListItem\",\"position\":2,\"name\":\"ARMENISCHE KLOSTER-UND KIRCHENBAUTEN IM NORDWESTEN IRANS\"}]},{\"@type\":\"WebSite\",\"@id\":\"https:\/\/irangashttour.com\/#website\",\"url\":\"https:\/\/irangashttour.com\/\",\"name\":\"Best Iran Tour Packages 2025\",\"description\":\"Discover Iran with Gashttour Travel Agency\",\"publisher\":{\"@id\":\"https:\/\/irangashttour.com\/#organization\"},\"potentialAction\":[{\"@type\":\"SearchAction\",\"target\":{\"@type\":\"EntryPoint\",\"urlTemplate\":\"https:\/\/irangashttour.com\/?s={search_term_string}\"},\"query-input\":\"required name=search_term_string\"}],\"inLanguage\":\"de\"},{\"@type\":\"Organization\",\"@id\":\"https:\/\/irangashttour.com\/#organization\",\"name\":\"GASHTTOUR TRAVEL & TOUR AGENCY\",\"url\":\"https:\/\/irangashttour.com\/\",\"logo\":{\"@type\":\"ImageObject\",\"inLanguage\":\"de\",\"@id\":\"https:\/\/irangashttour.com\/#\/schema\/logo\/image\/\",\"url\":\"https:\/\/irangashttour.com\/wp-content\/uploads\/2020\/03\/irangashttour.jpg\",\"contentUrl\":\"https:\/\/irangashttour.com\/wp-content\/uploads\/2020\/03\/irangashttour.jpg\",\"width\":230,\"height\":230,\"caption\":\"GASHTTOUR TRAVEL & TOUR AGENCY\"},\"image\":{\"@id\":\"https:\/\/irangashttour.com\/#\/schema\/logo\/image\/\"},\"sameAs\":[\"https:\/\/www.facebook.com\/gashttour.shiraz.5\",\"https:\/\/twitter.com\/irangashttour\",\"https:\/\/www.instagram.com\/irangashttour\/\",\"https:\/\/www.linkedin.com\/in\/irangashttour\/\"]}]}<\/script>\n<!-- \/ Yoast SEO Premium plugin. -->","yoast_head_json":{"title":"ARMENISCHE KLOSTER-UND KIRCHENBAUTEN IM NORDWESTEN IRANS - Best Iran Tours &amp; Travel Packages 2026\/2027","robots":{"index":"index","follow":"follow","max-snippet":"max-snippet:-1","max-image-preview":"max-image-preview:large","max-video-preview":"max-video-preview:-1"},"canonical":"https:\/\/irangashttour.com\/armenian-monastic-ensembles-of-iran\/","og_locale":"de_DE","og_type":"article","og_title":"ARMENISCHE KLOSTER-UND KIRCHENBAUTEN IM NORDWESTEN IRANS","og_url":"https:\/\/irangashttour.com\/armenian-monastic-ensembles-of-iran\/","og_site_name":"Best Iran Tours &amp; Travel Packages 2026\/2027","article_publisher":"https:\/\/www.facebook.com\/gashttour.shiraz.5","article_modified_time":"2022-07-31T09:31:49+00:00","twitter_card":"summary_large_image","twitter_site":"@irangashttour","twitter_misc":{"Gesch\u00e4tzte Lesezeit":"2\u00a0Minuten"},"schema":{"@context":"https:\/\/schema.org","@graph":[{"@type":"WebPage","@id":"https:\/\/irangashttour.com\/armenian-monastic-ensembles-of-iran\/","url":"https:\/\/irangashttour.com\/armenian-monastic-ensembles-of-iran\/","name":"ARMENISCHE KLOSTER-UND KIRCHENBAUTEN IM NORDWESTEN IRANS - Best Iran Tours &amp; Travel Packages 2026\/2027","isPartOf":{"@id":"https:\/\/irangashttour.com\/#website"},"datePublished":"2020-03-25T13:01:08+00:00","dateModified":"2022-07-31T09:31:49+00:00","breadcrumb":{"@id":"https:\/\/irangashttour.com\/armenian-monastic-ensembles-of-iran\/#breadcrumb"},"inLanguage":"de","potentialAction":[{"@type":"ReadAction","target":["https:\/\/irangashttour.com\/armenian-monastic-ensembles-of-iran\/"]}]},{"@type":"BreadcrumbList","@id":"https:\/\/irangashttour.com\/armenian-monastic-ensembles-of-iran\/#breadcrumb","itemListElement":[{"@type":"ListItem","position":1,"name":"Home","item":"https:\/\/irangashttour.com\/de\/iran-reisen\/"},{"@type":"ListItem","position":2,"name":"ARMENISCHE KLOSTER-UND KIRCHENBAUTEN IM NORDWESTEN IRANS"}]},{"@type":"WebSite","@id":"https:\/\/irangashttour.com\/#website","url":"https:\/\/irangashttour.com\/","name":"Best Iran Tour Packages 2025","description":"Discover Iran with Gashttour Travel Agency","publisher":{"@id":"https:\/\/irangashttour.com\/#organization"},"potentialAction":[{"@type":"SearchAction","target":{"@type":"EntryPoint","urlTemplate":"https:\/\/irangashttour.com\/?s={search_term_string}"},"query-input":"required name=search_term_string"}],"inLanguage":"de"},{"@type":"Organization","@id":"https:\/\/irangashttour.com\/#organization","name":"GASHTTOUR TRAVEL & TOUR AGENCY","url":"https:\/\/irangashttour.com\/","logo":{"@type":"ImageObject","inLanguage":"de","@id":"https:\/\/irangashttour.com\/#\/schema\/logo\/image\/","url":"https:\/\/irangashttour.com\/wp-content\/uploads\/2020\/03\/irangashttour.jpg","contentUrl":"https:\/\/irangashttour.com\/wp-content\/uploads\/2020\/03\/irangashttour.jpg","width":230,"height":230,"caption":"GASHTTOUR TRAVEL & TOUR AGENCY"},"image":{"@id":"https:\/\/irangashttour.com\/#\/schema\/logo\/image\/"},"sameAs":["https:\/\/www.facebook.com\/gashttour.shiraz.5","https:\/\/twitter.com\/irangashttour","https:\/\/www.instagram.com\/irangashttour\/","https:\/\/www.linkedin.com\/in\/irangashttour\/"]}]}},"_links":{"self":[{"href":"https:\/\/irangashttour.com\/de\/wp-json\/wp\/v2\/pages\/8989"}],"collection":[{"href":"https:\/\/irangashttour.com\/de\/wp-json\/wp\/v2\/pages"}],"about":[{"href":"https:\/\/irangashttour.com\/de\/wp-json\/wp\/v2\/types\/page"}],"author":[{"embeddable":true,"href":"https:\/\/irangashttour.com\/de\/wp-json\/wp\/v2\/users\/1"}],"replies":[{"embeddable":true,"href":"https:\/\/irangashttour.com\/de\/wp-json\/wp\/v2\/comments?post=8989"}],"version-history":[{"count":7,"href":"https:\/\/irangashttour.com\/de\/wp-json\/wp\/v2\/pages\/8989\/revisions"}],"predecessor-version":[{"id":27868,"href":"https:\/\/irangashttour.com\/de\/wp-json\/wp\/v2\/pages\/8989\/revisions\/27868"}],"wp:attachment":[{"href":"https:\/\/irangashttour.com\/de\/wp-json\/wp\/v2\/media?parent=8989"}],"curies":[{"name":"wp","href":"https:\/\/api.w.org\/{rel}","templated":true}]}}