{"id":8997,"date":"2020-03-25T13:13:53","date_gmt":"2020-03-25T13:13:53","guid":{"rendered":"https:\/\/irangashttour.com\/bisotun\/"},"modified":"2022-07-31T09:30:45","modified_gmt":"2022-07-31T09:30:45","slug":"die-keilschriften-von-bisutun","status":"publish","type":"page","link":"https:\/\/irangashttour.com\/de\/die-keilschriften-von-bisutun\/","title":{"rendered":"DIE KEILSCHRIFTEN VON BISUTUN"},"content":{"rendered":"<section  class='av_textblock_section av-kfviocg9-c2d2280e93ea5643a761ba8e1bdf362d'  itemscope=\"itemscope\" itemtype=\"https:\/\/schema.org\/CreativeWork\" ><div class='avia_textblock'  itemprop=\"text\" ><h2 style=\"text-align: justify;\">DIE KEILSCHRIFTEN VON BISUTUN<\/h2>\n<p style=\"text-align: justify;\">&nbsp;<\/p>\n<p style=\"text-align: justify;\">Auf dem Weg zwischen Hamadan und Kermanschah im Westen des Landes, liegt der Ort Bisutun. In einem Felsmassiv sind Keilschriften und Abbildungen aus der Ach\u00e4menidenzeit eingemei\u00dfelt. Zudem gibt es weitere Abschriften und Keilschriften aus der eit der Sassaniden und Ilkhaniden. Das wohl wichtigste Monument sind die Keilschriften des K\u00f6nigs Darius der&nbsp;Gro\u00dfe&nbsp;aus dm Jahr 551 vor Christus. Seine Botschaft ist in drei verschiedenen Sprachen eingemei\u00dfelt, in elamitischer, babylonischer und altpersischer Sprache. Bisutun wurde 2006 zur Liste des UNESCO-Weltkulturerbes aufgenommen.<\/p>\n<p><img fetchpriority=\"high\" decoding=\"async\" class=\"size-full wp-image-27843 aligncenter\" src=\"https:\/\/irangashttour.com\/wp-content\/uploads\/2022\/07\/Die-Keilschriften-von-Bisutun.jpg\" alt=\"Die Keilschriften von Bisutun\" width=\"850\" height=\"479\" srcset=\"https:\/\/irangashttour.com\/wp-content\/uploads\/2022\/07\/Die-Keilschriften-von-Bisutun.jpg 850w, https:\/\/irangashttour.com\/wp-content\/uploads\/2022\/07\/Die-Keilschriften-von-Bisutun-300x169.jpg 300w, https:\/\/irangashttour.com\/wp-content\/uploads\/2022\/07\/Die-Keilschriften-von-Bisutun-768x433.jpg 768w, https:\/\/irangashttour.com\/wp-content\/uploads\/2022\/07\/Die-Keilschriften-von-Bisutun-705x397.jpg 705w\" sizes=\"(max-width: 850px) 100vw, 850px\" \/><\/p>\n<p style=\"text-align: justify;\">&nbsp;<\/p>\n<p style=\"text-align: justify;\">&nbsp;<\/p>\n<\/div><\/section>\n","protected":false},"excerpt":{"rendered":"","protected":false},"author":1,"featured_media":0,"parent":0,"menu_order":0,"comment_status":"closed","ping_status":"closed","template":"","meta":{"ngg_post_thumbnail":0,"footnotes":""},"yoast_head":"<!-- This site is optimized with the Yoast SEO Premium plugin v22.0 (Yoast SEO v22.0) - https:\/\/yoast.com\/wordpress\/plugins\/seo\/ -->\n<title>DIE KEILSCHRIFTEN VON BISUTUN - Best Iran Tours &amp; Travel Packages 2026\/2027<\/title>\n<meta name=\"description\" content=\"Auf dem Weg zwischen Hamadan und Kermanschah im Westen des Landes, liegt der Ort Bisutun. In einem Felsmassiv sind Keilschriften und Abbildungen aus der Ach\u00e4menidenzeit eingemei\u00dfelt.\" \/>\n<meta name=\"robots\" content=\"index, follow, max-snippet:-1, max-image-preview:large, max-video-preview:-1\" \/>\n<link rel=\"canonical\" href=\"https:\/\/irangashttour.com\/bisotun\/\" \/>\n<meta property=\"og:locale\" content=\"de_DE\" \/>\n<meta property=\"og:type\" content=\"article\" \/>\n<meta property=\"og:title\" content=\"DIE KEILSCHRIFTEN VON BISUTUN\" \/>\n<meta property=\"og:description\" content=\"Auf dem Weg zwischen Hamadan und Kermanschah im Westen des Landes, liegt der Ort Bisutun. In einem Felsmassiv sind Keilschriften und Abbildungen aus der Ach\u00e4menidenzeit eingemei\u00dfelt.\" \/>\n<meta property=\"og:url\" content=\"https:\/\/irangashttour.com\/bisotun\/\" \/>\n<meta property=\"og:site_name\" content=\"Best Iran Tours &amp; Travel Packages 2026\/2027\" \/>\n<meta property=\"article:publisher\" content=\"https:\/\/www.facebook.com\/gashttour.shiraz.5\" \/>\n<meta property=\"article:modified_time\" content=\"2022-07-31T09:30:45+00:00\" \/>\n<meta property=\"og:image\" content=\"https:\/\/irangashttour.com\/wp-content\/uploads\/2022\/07\/Die-Keilschriften-von-Bisutun.jpg\" \/>\n<meta name=\"twitter:card\" content=\"summary_large_image\" \/>\n<meta name=\"twitter:site\" content=\"@irangashttour\" \/>\n<meta name=\"twitter:label1\" content=\"Gesch\u00e4tzte Lesezeit\" \/>\n\t<meta name=\"twitter:data1\" content=\"1\u00a0Minute\" \/>\n<script type=\"application\/ld+json\" class=\"yoast-schema-graph\">{\"@context\":\"https:\/\/schema.org\",\"@graph\":[{\"@type\":\"WebPage\",\"@id\":\"https:\/\/irangashttour.com\/bisotun\/\",\"url\":\"https:\/\/irangashttour.com\/bisotun\/\",\"name\":\"DIE KEILSCHRIFTEN VON BISUTUN - Best Iran Tours &amp; Travel Packages 2026\/2027\",\"isPartOf\":{\"@id\":\"https:\/\/irangashttour.com\/#website\"},\"datePublished\":\"2020-03-25T13:13:53+00:00\",\"dateModified\":\"2022-07-31T09:30:45+00:00\",\"description\":\"Auf dem Weg zwischen Hamadan und Kermanschah im Westen des Landes, liegt der Ort Bisutun. In einem Felsmassiv sind Keilschriften und Abbildungen aus der Ach\u00e4menidenzeit eingemei\u00dfelt.\",\"breadcrumb\":{\"@id\":\"https:\/\/irangashttour.com\/bisotun\/#breadcrumb\"},\"inLanguage\":\"de\",\"potentialAction\":[{\"@type\":\"ReadAction\",\"target\":[\"https:\/\/irangashttour.com\/bisotun\/\"]}]},{\"@type\":\"BreadcrumbList\",\"@id\":\"https:\/\/irangashttour.com\/bisotun\/#breadcrumb\",\"itemListElement\":[{\"@type\":\"ListItem\",\"position\":1,\"name\":\"Home\",\"item\":\"https:\/\/irangashttour.com\/de\/iran-reisen\/\"},{\"@type\":\"ListItem\",\"position\":2,\"name\":\"DIE KEILSCHRIFTEN VON BISUTUN\"}]},{\"@type\":\"WebSite\",\"@id\":\"https:\/\/irangashttour.com\/#website\",\"url\":\"https:\/\/irangashttour.com\/\",\"name\":\"Best Iran Tour Packages 2025\",\"description\":\"Discover Iran with Gashttour Travel Agency\",\"publisher\":{\"@id\":\"https:\/\/irangashttour.com\/#organization\"},\"potentialAction\":[{\"@type\":\"SearchAction\",\"target\":{\"@type\":\"EntryPoint\",\"urlTemplate\":\"https:\/\/irangashttour.com\/?s={search_term_string}\"},\"query-input\":\"required name=search_term_string\"}],\"inLanguage\":\"de\"},{\"@type\":\"Organization\",\"@id\":\"https:\/\/irangashttour.com\/#organization\",\"name\":\"GASHTTOUR TRAVEL & TOUR AGENCY\",\"url\":\"https:\/\/irangashttour.com\/\",\"logo\":{\"@type\":\"ImageObject\",\"inLanguage\":\"de\",\"@id\":\"https:\/\/irangashttour.com\/#\/schema\/logo\/image\/\",\"url\":\"https:\/\/irangashttour.com\/wp-content\/uploads\/2020\/03\/irangashttour.jpg\",\"contentUrl\":\"https:\/\/irangashttour.com\/wp-content\/uploads\/2020\/03\/irangashttour.jpg\",\"width\":230,\"height\":230,\"caption\":\"GASHTTOUR TRAVEL & TOUR AGENCY\"},\"image\":{\"@id\":\"https:\/\/irangashttour.com\/#\/schema\/logo\/image\/\"},\"sameAs\":[\"https:\/\/www.facebook.com\/gashttour.shiraz.5\",\"https:\/\/twitter.com\/irangashttour\",\"https:\/\/www.instagram.com\/irangashttour\/\",\"https:\/\/www.linkedin.com\/in\/irangashttour\/\"]}]}<\/script>\n<!-- \/ Yoast SEO Premium plugin. -->","yoast_head_json":{"title":"DIE KEILSCHRIFTEN VON BISUTUN - Best Iran Tours &amp; Travel Packages 2026\/2027","description":"Auf dem Weg zwischen Hamadan und Kermanschah im Westen des Landes, liegt der Ort Bisutun. In einem Felsmassiv sind Keilschriften und Abbildungen aus der Ach\u00e4menidenzeit eingemei\u00dfelt.","robots":{"index":"index","follow":"follow","max-snippet":"max-snippet:-1","max-image-preview":"max-image-preview:large","max-video-preview":"max-video-preview:-1"},"canonical":"https:\/\/irangashttour.com\/bisotun\/","og_locale":"de_DE","og_type":"article","og_title":"DIE KEILSCHRIFTEN VON BISUTUN","og_description":"Auf dem Weg zwischen Hamadan und Kermanschah im Westen des Landes, liegt der Ort Bisutun. In einem Felsmassiv sind Keilschriften und Abbildungen aus der Ach\u00e4menidenzeit eingemei\u00dfelt.","og_url":"https:\/\/irangashttour.com\/bisotun\/","og_site_name":"Best Iran Tours &amp; Travel Packages 2026\/2027","article_publisher":"https:\/\/www.facebook.com\/gashttour.shiraz.5","article_modified_time":"2022-07-31T09:30:45+00:00","og_image":[{"url":"https:\/\/irangashttour.com\/wp-content\/uploads\/2022\/07\/Die-Keilschriften-von-Bisutun.jpg"}],"twitter_card":"summary_large_image","twitter_site":"@irangashttour","twitter_misc":{"Gesch\u00e4tzte Lesezeit":"1\u00a0Minute"},"schema":{"@context":"https:\/\/schema.org","@graph":[{"@type":"WebPage","@id":"https:\/\/irangashttour.com\/bisotun\/","url":"https:\/\/irangashttour.com\/bisotun\/","name":"DIE KEILSCHRIFTEN VON BISUTUN - Best Iran Tours &amp; Travel Packages 2026\/2027","isPartOf":{"@id":"https:\/\/irangashttour.com\/#website"},"datePublished":"2020-03-25T13:13:53+00:00","dateModified":"2022-07-31T09:30:45+00:00","description":"Auf dem Weg zwischen Hamadan und Kermanschah im Westen des Landes, liegt der Ort Bisutun. In einem Felsmassiv sind Keilschriften und Abbildungen aus der Ach\u00e4menidenzeit eingemei\u00dfelt.","breadcrumb":{"@id":"https:\/\/irangashttour.com\/bisotun\/#breadcrumb"},"inLanguage":"de","potentialAction":[{"@type":"ReadAction","target":["https:\/\/irangashttour.com\/bisotun\/"]}]},{"@type":"BreadcrumbList","@id":"https:\/\/irangashttour.com\/bisotun\/#breadcrumb","itemListElement":[{"@type":"ListItem","position":1,"name":"Home","item":"https:\/\/irangashttour.com\/de\/iran-reisen\/"},{"@type":"ListItem","position":2,"name":"DIE KEILSCHRIFTEN VON BISUTUN"}]},{"@type":"WebSite","@id":"https:\/\/irangashttour.com\/#website","url":"https:\/\/irangashttour.com\/","name":"Best Iran Tour Packages 2025","description":"Discover Iran with Gashttour Travel Agency","publisher":{"@id":"https:\/\/irangashttour.com\/#organization"},"potentialAction":[{"@type":"SearchAction","target":{"@type":"EntryPoint","urlTemplate":"https:\/\/irangashttour.com\/?s={search_term_string}"},"query-input":"required name=search_term_string"}],"inLanguage":"de"},{"@type":"Organization","@id":"https:\/\/irangashttour.com\/#organization","name":"GASHTTOUR TRAVEL & TOUR AGENCY","url":"https:\/\/irangashttour.com\/","logo":{"@type":"ImageObject","inLanguage":"de","@id":"https:\/\/irangashttour.com\/#\/schema\/logo\/image\/","url":"https:\/\/irangashttour.com\/wp-content\/uploads\/2020\/03\/irangashttour.jpg","contentUrl":"https:\/\/irangashttour.com\/wp-content\/uploads\/2020\/03\/irangashttour.jpg","width":230,"height":230,"caption":"GASHTTOUR TRAVEL & TOUR AGENCY"},"image":{"@id":"https:\/\/irangashttour.com\/#\/schema\/logo\/image\/"},"sameAs":["https:\/\/www.facebook.com\/gashttour.shiraz.5","https:\/\/twitter.com\/irangashttour","https:\/\/www.instagram.com\/irangashttour\/","https:\/\/www.linkedin.com\/in\/irangashttour\/"]}]}},"_links":{"self":[{"href":"https:\/\/irangashttour.com\/de\/wp-json\/wp\/v2\/pages\/8997"}],"collection":[{"href":"https:\/\/irangashttour.com\/de\/wp-json\/wp\/v2\/pages"}],"about":[{"href":"https:\/\/irangashttour.com\/de\/wp-json\/wp\/v2\/types\/page"}],"author":[{"embeddable":true,"href":"https:\/\/irangashttour.com\/de\/wp-json\/wp\/v2\/users\/1"}],"replies":[{"embeddable":true,"href":"https:\/\/irangashttour.com\/de\/wp-json\/wp\/v2\/comments?post=8997"}],"version-history":[{"count":8,"href":"https:\/\/irangashttour.com\/de\/wp-json\/wp\/v2\/pages\/8997\/revisions"}],"predecessor-version":[{"id":27865,"href":"https:\/\/irangashttour.com\/de\/wp-json\/wp\/v2\/pages\/8997\/revisions\/27865"}],"wp:attachment":[{"href":"https:\/\/irangashttour.com\/de\/wp-json\/wp\/v2\/media?parent=8997"}],"curies":[{"name":"wp","href":"https:\/\/api.w.org\/{rel}","templated":true}]}}