{"id":9550,"date":"2020-04-13T22:20:23","date_gmt":"2020-04-13T22:20:23","guid":{"rendered":"https:\/\/irangashttour.com\/tehran\/"},"modified":"2020-04-13T22:25:43","modified_gmt":"2020-04-13T22:25:43","slug":"tehran","status":"publish","type":"page","link":"https:\/\/irangashttour.com\/de\/tehran\/","title":{"rendered":"TEHRAN"},"content":{"rendered":"\n<style type=\"text\/css\" data-created_by=\"avia_inline_auto\" id=\"style-css-av-2ww6vm-2707f09c4b80d015815a1fd641c36f31\">\n.flex_column.av-2ww6vm-2707f09c4b80d015815a1fd641c36f31{\nborder-radius:0px 0px 0px 0px;\n-webkit-border-radius:0px 0px 0px 0px;\n-moz-border-radius:0px 0px 0px 0px;\n}\n<\/style>\n<div class='flex_column av-2ww6vm-2707f09c4b80d015815a1fd641c36f31 av_one_full  avia-builder-el-0  avia-builder-el-no-sibling  first flex_column_div av-zero-column-padding '   ><section  class='av_textblock_section av-jsugtrky-14288b8ca69f574e0d605f99e4d1cbd4'  itemscope=\"itemscope\" itemtype=\"https:\/\/schema.org\/CreativeWork\" ><div class='avia_textblock'  itemprop=\"text\" ><p style=\"text-align: justify;\">Die Landeshauptstadt Tehran ist die gr\u00f6\u00dfte Stadt des Landes. Mit der Machtergreifung der Qajaren (Kadscharen) wurde sie 1788 zur Hauptstadt erw\u00e4hlt. Typisch f\u00fcr einen Zentralstaat, konzentriert sich die Wirtschaft und Verwaltung des Landes in dieser Stadt. In der Stadt befinden sich Palastanlagen aus der Herrschaft der Qajaren und der Pahlawi.<\/p>\n<p style=\"text-align: justify;\">\n<strong>Niavaran Palastkomplex<\/strong><br \/>\nDer Niavaran Palast liegt im Norden der Stadt und geh\u00f6rt sowohl zur \u00c4ra der Qajaren als auch der Pahlawi. Es beinhaltet mehrere Geb\u00e4ude. Der Hauptpalast Niavaran jedoch, stammt aus der Zeit der Pahlawi Dynastie (1925-1979).<\/p>\n<p style=\"text-align: justify;\"><strong>Saadabad-Palastkomplex<\/strong><br \/>\nAuf einem 410ha gro\u00dfen Gel\u00e4nde befinden sich rund 18 Pal\u00e4ste aus der Zeit der Qajaren und Pahlawi. Den Grundstein legten die Qajaren im 19. Jh. . Unter der Herrschaft der Pahlawi Dynastie wurde der Palastkomplex erweitert. Heute sind viele Bereiche des Komplexes als Museum f\u00fcr das Publikum zug\u00e4nglich.<\/p>\n<p style=\"text-align: justify;\"><strong>Golestan Palast (UNESCO Weltkulturerbe)<\/strong><br \/>\nDer Golestan-Palast geht auf die \u00c4ra der Zand und Qajaren Dynastie zur\u00fcck und ist 440 Jahre als. Es liegt im s\u00fcdlichen Zentrum von Tehran. Die Qajaren lie\u00dfen das Geb\u00e4ude zu ihrem Stadtpalast ausbauen.<\/p>\n<p style=\"text-align: justify;\"><strong>Nationales Juwelenmuseum<\/strong><br \/>\nDas Museum befindet sic him Untergeschoss der Iranischen Zentralbank. Es beinhaltet eine F\u00fclle von einzigartigem Schmuck und Edelsteinen aus der Zeit verschiedener Dynastien, der Safawieden, Afschariden, Qajaren und Pahlawi.<\/p>\n<p style=\"text-align: justify;\"><strong>Arch\u00e4ologie-Museum (Iran-e Bastan Museum)<\/strong><br \/>\nDas erste iranische Museum wurde 1938 vom franz\u00f6sischen Architekten Andre Godard erbaut.<br \/>\nDas Museum hat zwei Bereiche, die Exponate aus der vorislamischen und islamischen Zeit beinhalten.<\/p>\n<p style=\"text-align: justify;\"><strong>Azadi-Monument<\/strong><br \/>\nDas im Jahre 1971 erbaute Azadi Monument gilt als Wahrzeichen Tehrans. Es ist 45m hoch und 63m breit. Das Zentrum des dreistckigen Turms wird durch einen 20m hohen Bogen, im Stil der sassanidischen Architektur, durchbrochen. Der Bogen ist nach dem Vorbild von Moschee mit farbigen Steinen ausgelegt. Im Erdgeschoss des Baus befindet sich ein kleines Museum.<\/p>\n<p style=\"text-align: justify;\"><strong>Milad Turm<\/strong><br \/>\nMit 435 m H\u00f6he geh\u00f6rt der Milad Turm zu den h\u00f6chsten T\u00fcrmen der Welt. Zu den Hauptattraktionen des Turm geh\u00f6rt eine Aussichtplattform und ein Drehrestaurant.<\/p>\n<\/div><\/section><\/div>\n","protected":false},"excerpt":{"rendered":"","protected":false},"author":1,"featured_media":0,"parent":0,"menu_order":0,"comment_status":"closed","ping_status":"closed","template":"","meta":{"ngg_post_thumbnail":0,"footnotes":""},"yoast_head":"<!-- This site is optimized with the Yoast SEO Premium plugin v22.0 (Yoast SEO v22.0) - https:\/\/yoast.com\/wordpress\/plugins\/seo\/ -->\n<title>TEHRAN - Best Iran Tours &amp; Travel Packages 2026\/2027<\/title>\n<meta name=\"description\" content=\"Die Landeshauptstadt Tehran ist die gr\u00f6\u00dfte Stadt des Landes. Mit der Machtergreifung der Qajaren (Kadscharen) wurde sie 1788 zur Hauptstadt erw\u00e4hlt.\" \/>\n<meta name=\"robots\" content=\"index, follow, max-snippet:-1, max-image-preview:large, max-video-preview:-1\" \/>\n<link rel=\"canonical\" href=\"https:\/\/irangashttour.com\/tehran\/\" \/>\n<meta property=\"og:locale\" content=\"de_DE\" \/>\n<meta property=\"og:type\" content=\"article\" \/>\n<meta property=\"og:title\" content=\"TEHRAN\" \/>\n<meta property=\"og:description\" content=\"Die Landeshauptstadt Tehran ist die gr\u00f6\u00dfte Stadt des Landes. Mit der Machtergreifung der Qajaren (Kadscharen) wurde sie 1788 zur Hauptstadt erw\u00e4hlt.\" \/>\n<meta property=\"og:url\" content=\"https:\/\/irangashttour.com\/tehran\/\" \/>\n<meta property=\"og:site_name\" content=\"Best Iran Tours &amp; Travel Packages 2026\/2027\" \/>\n<meta property=\"article:publisher\" content=\"https:\/\/www.facebook.com\/gashttour.shiraz.5\" \/>\n<meta property=\"article:modified_time\" content=\"2020-04-13T22:25:43+00:00\" \/>\n<meta name=\"twitter:card\" content=\"summary_large_image\" \/>\n<meta name=\"twitter:site\" content=\"@irangashttour\" \/>\n<meta name=\"twitter:label1\" content=\"Gesch\u00e4tzte Lesezeit\" \/>\n\t<meta name=\"twitter:data1\" content=\"2\u00a0Minuten\" \/>\n<script type=\"application\/ld+json\" class=\"yoast-schema-graph\">{\"@context\":\"https:\/\/schema.org\",\"@graph\":[{\"@type\":\"WebPage\",\"@id\":\"https:\/\/irangashttour.com\/tehran\/\",\"url\":\"https:\/\/irangashttour.com\/tehran\/\",\"name\":\"TEHRAN - Best Iran Tours &amp; Travel Packages 2026\/2027\",\"isPartOf\":{\"@id\":\"https:\/\/irangashttour.com\/#website\"},\"datePublished\":\"2020-04-13T22:20:23+00:00\",\"dateModified\":\"2020-04-13T22:25:43+00:00\",\"description\":\"Die Landeshauptstadt Tehran ist die gr\u00f6\u00dfte Stadt des Landes. Mit der Machtergreifung der Qajaren (Kadscharen) wurde sie 1788 zur Hauptstadt erw\u00e4hlt.\",\"breadcrumb\":{\"@id\":\"https:\/\/irangashttour.com\/tehran\/#breadcrumb\"},\"inLanguage\":\"de\",\"potentialAction\":[{\"@type\":\"ReadAction\",\"target\":[\"https:\/\/irangashttour.com\/tehran\/\"]}]},{\"@type\":\"BreadcrumbList\",\"@id\":\"https:\/\/irangashttour.com\/tehran\/#breadcrumb\",\"itemListElement\":[{\"@type\":\"ListItem\",\"position\":1,\"name\":\"Home\",\"item\":\"https:\/\/irangashttour.com\/de\/iran-reisen\/\"},{\"@type\":\"ListItem\",\"position\":2,\"name\":\"TEHRAN\"}]},{\"@type\":\"WebSite\",\"@id\":\"https:\/\/irangashttour.com\/#website\",\"url\":\"https:\/\/irangashttour.com\/\",\"name\":\"Best Iran Tour Packages 2025\",\"description\":\"Discover Iran with Gashttour Travel Agency\",\"publisher\":{\"@id\":\"https:\/\/irangashttour.com\/#organization\"},\"potentialAction\":[{\"@type\":\"SearchAction\",\"target\":{\"@type\":\"EntryPoint\",\"urlTemplate\":\"https:\/\/irangashttour.com\/?s={search_term_string}\"},\"query-input\":\"required name=search_term_string\"}],\"inLanguage\":\"de\"},{\"@type\":\"Organization\",\"@id\":\"https:\/\/irangashttour.com\/#organization\",\"name\":\"GASHTTOUR TRAVEL & TOUR AGENCY\",\"url\":\"https:\/\/irangashttour.com\/\",\"logo\":{\"@type\":\"ImageObject\",\"inLanguage\":\"de\",\"@id\":\"https:\/\/irangashttour.com\/#\/schema\/logo\/image\/\",\"url\":\"https:\/\/irangashttour.com\/wp-content\/uploads\/2020\/03\/irangashttour.jpg\",\"contentUrl\":\"https:\/\/irangashttour.com\/wp-content\/uploads\/2020\/03\/irangashttour.jpg\",\"width\":230,\"height\":230,\"caption\":\"GASHTTOUR TRAVEL & TOUR AGENCY\"},\"image\":{\"@id\":\"https:\/\/irangashttour.com\/#\/schema\/logo\/image\/\"},\"sameAs\":[\"https:\/\/www.facebook.com\/gashttour.shiraz.5\",\"https:\/\/twitter.com\/irangashttour\",\"https:\/\/www.instagram.com\/irangashttour\/\",\"https:\/\/www.linkedin.com\/in\/irangashttour\/\"]}]}<\/script>\n<!-- \/ Yoast SEO Premium plugin. -->","yoast_head_json":{"title":"TEHRAN - Best Iran Tours &amp; Travel Packages 2026\/2027","description":"Die Landeshauptstadt Tehran ist die gr\u00f6\u00dfte Stadt des Landes. Mit der Machtergreifung der Qajaren (Kadscharen) wurde sie 1788 zur Hauptstadt erw\u00e4hlt.","robots":{"index":"index","follow":"follow","max-snippet":"max-snippet:-1","max-image-preview":"max-image-preview:large","max-video-preview":"max-video-preview:-1"},"canonical":"https:\/\/irangashttour.com\/tehran\/","og_locale":"de_DE","og_type":"article","og_title":"TEHRAN","og_description":"Die Landeshauptstadt Tehran ist die gr\u00f6\u00dfte Stadt des Landes. Mit der Machtergreifung der Qajaren (Kadscharen) wurde sie 1788 zur Hauptstadt erw\u00e4hlt.","og_url":"https:\/\/irangashttour.com\/tehran\/","og_site_name":"Best Iran Tours &amp; Travel Packages 2026\/2027","article_publisher":"https:\/\/www.facebook.com\/gashttour.shiraz.5","article_modified_time":"2020-04-13T22:25:43+00:00","twitter_card":"summary_large_image","twitter_site":"@irangashttour","twitter_misc":{"Gesch\u00e4tzte Lesezeit":"2\u00a0Minuten"},"schema":{"@context":"https:\/\/schema.org","@graph":[{"@type":"WebPage","@id":"https:\/\/irangashttour.com\/tehran\/","url":"https:\/\/irangashttour.com\/tehran\/","name":"TEHRAN - Best Iran Tours &amp; Travel Packages 2026\/2027","isPartOf":{"@id":"https:\/\/irangashttour.com\/#website"},"datePublished":"2020-04-13T22:20:23+00:00","dateModified":"2020-04-13T22:25:43+00:00","description":"Die Landeshauptstadt Tehran ist die gr\u00f6\u00dfte Stadt des Landes. Mit der Machtergreifung der Qajaren (Kadscharen) wurde sie 1788 zur Hauptstadt erw\u00e4hlt.","breadcrumb":{"@id":"https:\/\/irangashttour.com\/tehran\/#breadcrumb"},"inLanguage":"de","potentialAction":[{"@type":"ReadAction","target":["https:\/\/irangashttour.com\/tehran\/"]}]},{"@type":"BreadcrumbList","@id":"https:\/\/irangashttour.com\/tehran\/#breadcrumb","itemListElement":[{"@type":"ListItem","position":1,"name":"Home","item":"https:\/\/irangashttour.com\/de\/iran-reisen\/"},{"@type":"ListItem","position":2,"name":"TEHRAN"}]},{"@type":"WebSite","@id":"https:\/\/irangashttour.com\/#website","url":"https:\/\/irangashttour.com\/","name":"Best Iran Tour Packages 2025","description":"Discover Iran with Gashttour Travel Agency","publisher":{"@id":"https:\/\/irangashttour.com\/#organization"},"potentialAction":[{"@type":"SearchAction","target":{"@type":"EntryPoint","urlTemplate":"https:\/\/irangashttour.com\/?s={search_term_string}"},"query-input":"required name=search_term_string"}],"inLanguage":"de"},{"@type":"Organization","@id":"https:\/\/irangashttour.com\/#organization","name":"GASHTTOUR TRAVEL & TOUR AGENCY","url":"https:\/\/irangashttour.com\/","logo":{"@type":"ImageObject","inLanguage":"de","@id":"https:\/\/irangashttour.com\/#\/schema\/logo\/image\/","url":"https:\/\/irangashttour.com\/wp-content\/uploads\/2020\/03\/irangashttour.jpg","contentUrl":"https:\/\/irangashttour.com\/wp-content\/uploads\/2020\/03\/irangashttour.jpg","width":230,"height":230,"caption":"GASHTTOUR TRAVEL & TOUR AGENCY"},"image":{"@id":"https:\/\/irangashttour.com\/#\/schema\/logo\/image\/"},"sameAs":["https:\/\/www.facebook.com\/gashttour.shiraz.5","https:\/\/twitter.com\/irangashttour","https:\/\/www.instagram.com\/irangashttour\/","https:\/\/www.linkedin.com\/in\/irangashttour\/"]}]}},"_links":{"self":[{"href":"https:\/\/irangashttour.com\/de\/wp-json\/wp\/v2\/pages\/9550"}],"collection":[{"href":"https:\/\/irangashttour.com\/de\/wp-json\/wp\/v2\/pages"}],"about":[{"href":"https:\/\/irangashttour.com\/de\/wp-json\/wp\/v2\/types\/page"}],"author":[{"embeddable":true,"href":"https:\/\/irangashttour.com\/de\/wp-json\/wp\/v2\/users\/1"}],"replies":[{"embeddable":true,"href":"https:\/\/irangashttour.com\/de\/wp-json\/wp\/v2\/comments?post=9550"}],"version-history":[{"count":2,"href":"https:\/\/irangashttour.com\/de\/wp-json\/wp\/v2\/pages\/9550\/revisions"}],"predecessor-version":[{"id":9553,"href":"https:\/\/irangashttour.com\/de\/wp-json\/wp\/v2\/pages\/9550\/revisions\/9553"}],"wp:attachment":[{"href":"https:\/\/irangashttour.com\/de\/wp-json\/wp\/v2\/media?parent=9550"}],"curies":[{"name":"wp","href":"https:\/\/api.w.org\/{rel}","templated":true}]}}