{"id":9563,"date":"2020-04-14T06:36:03","date_gmt":"2020-04-14T06:36:03","guid":{"rendered":"https:\/\/irangashttour.com\/isfahan\/"},"modified":"2020-04-14T06:41:27","modified_gmt":"2020-04-14T06:41:27","slug":"isfahan","status":"publish","type":"page","link":"https:\/\/irangashttour.com\/de\/isfahan\/","title":{"rendered":"ISFAHAN"},"content":{"rendered":"\n<style type=\"text\/css\" data-created_by=\"avia_inline_auto\" id=\"style-css-av-2ydzlz-2301b7b7d88270f93ff2bc356d17b090\">\n.flex_column.av-2ydzlz-2301b7b7d88270f93ff2bc356d17b090{\nborder-radius:0px 0px 0px 0px;\n-webkit-border-radius:0px 0px 0px 0px;\n-moz-border-radius:0px 0px 0px 0px;\n}\n<\/style>\n<div class='flex_column av-2ydzlz-2301b7b7d88270f93ff2bc356d17b090 av_one_full  avia-builder-el-0  avia-builder-el-no-sibling  first flex_column_div av-zero-column-padding '   ><section  class='av_textblock_section av-jsuh6bo1-237fbfb5fa87d304bf38a3544fa78ba4'  itemscope=\"itemscope\" itemtype=\"https:\/\/schema.org\/CreativeWork\" ><div class='avia_textblock'  itemprop=\"text\" ><p style=\"text-align: justify;\">Die Stadt Isfahan genoss w\u00e4hrend der Herrschaft der Safawiden (16 u. 17 Jh.) die Privilegien einer Hauptstadt. Der Imam Platz, einer der gr\u00f6\u00dften Pl\u00e4tze der Welt, deutet heute noch vom Reichtum und Pracht der damaligen Zeit. Mehrere Sehensw\u00fcrdigkeiten der Stadt geh\u00f6ren zum UNESCO Weltkulturerbe.<\/p>\n<p style=\"text-align: justify;\">\n<strong>Die schwingenden Minaretten\/Monar Jonban<\/strong><br \/>\nDas Grabmal des Sufisten Amu Abdollah stammt aus dem 14. Jh.. Das Geb\u00e4ude hat zwei Stummelminaretten, die aus Ziegeln gebaut wurden. Zum Schwankungsausgleich wurden Holzbalken eingesetzt, mit denen die beiden Minaretten miteinander verbunden sind. Versetzt man die eine Minarette in Schwingungen, bewegt sich auch die andere Minarette. Die Architektur der schwingenden Minaretten, Monar Jonban, ist bis heute noch ein R\u00e4tsel.<\/p>\n<p style=\"text-align: justify;\"><strong>Allah-Verdi-Khan Br\u00fccke\/33-Bogenbr\u00fccke<\/strong><br \/>\nDie Br\u00fccke wurde auf Befehl des Safawidenk\u00f6nigs Schah-Abbas der Gro\u00dfe errichtet. Wegen ihrer 33-B\u00f6gen wird es auch die 33-Bogenbr\u00fccke, si-o-seh pol, benannt.<\/p>\n<p style=\"text-align: justify;\"><strong>Tschehel-Setun Garten\/Vierzigs\u00e4ulen-Garten<\/strong><br \/>\nDas Hotel liegt im Osten der Tschahar-Bagh-Abbasi Alleee, westlich des Imam Platzes. Dieser Palast-Garten wurde in der Safawiden Dynastie gebaut. Das Geb\u00e4ude hat 20 S\u00e4ulen die sich im gro\u00dfen Wasserbecken vor dem Geb\u00e4ude spiegeln. Daher auch der Name Vierzigs\u00e4ulen Garten. Die Reflexion von zwanzig S\u00e4ulen des Geb\u00e4udes im Brunnen verursachte das Geb\u00e4ude mit dem Namen vierzig S\u00e4ulen.<\/p>\n<p style=\"text-align: justify;\"><strong>Isfahan Basar<\/strong><br \/>\nDer Basar von Isfahan liegt am Imam Platz. Teile des Basars gehen auf die Herrschaftszeit der Seldschuken zur\u00fcck. Der Haupteingang des Basar (Gheisarieh) stammt aus dem 11 Jh. n Ch. Der Gheisarieh Bereich ist ca. 180 m breit. Die restlichen Geb\u00e4udebereiche stammen \u00fcberwiegend aus der safawidischen Zeit.<\/p>\n<p style=\"text-align: justify;\"><strong>Imam Platz (Naghscheh Jahan)<\/strong><br \/>\nDer Imam Platz, einer der gr\u00f6\u00dften Pl\u00e4tze der Welt, deutet heute noch vom Reichtum und Pracht der damaligen Zeit. Es liegt im Zentrum von Isfahan und wurde zwischen 1598 und 1629 gebaut. Es geh\u00f6rt zum UNESCO Weltkulturerbe. Der Platz ist umgeben von Bauten aus der Zeit der safawiedischen Herrschaft.<\/p>\n<p style=\"text-align: justify;\"><strong>Die Khaju-Br\u00fccke<\/strong><br \/>\nDie Khaju-Br\u00fccke ist eine der \u00e4ltesten Br\u00fccken Isfahans, das auf Befehl von Schah-Abbas II. gegen 1650 errichtet wurde. Die Br\u00fccke fungierte auch als Damm.<\/p>\n<p style=\"text-align: justify;\"><strong>Der Aliqapu Palast<\/strong><br \/>\nDer Aliqapu Palast stammt aus der Zeit der Safawieden-Herrschaft und wurde auf Befehl des K\u00f6nigs Schah-Abbas I. errichtet. Der Palast besteht aus 5 Stockwerken.<\/p>\n<p style=\"text-align: justify;\"><strong>Die armenische Vank Catherdrale<\/strong><br \/>\nIm armenische Viertel &#8222;Djolfa&#8220; in Isfahan liegt die Vank Katherdrale die 1606 errichtet wurde.<\/p>\n<p style=\"text-align: justify;\"><strong>Der Vogelgarten von Isfahan<\/strong><br \/>\nDer Vogelgarten von Isfahan liegt im Stadtzentrum und beherbergt mehr als 5.000 verschiedene Vogelarten.<\/p>\n<p style=\"text-align: justify;\"><strong>Der Feuertempel<\/strong><br \/>\nDer Feuertempel von Isfahan ist ein \u00dcberbleibsel aus der Antike. Es liegt westlich der Stadt nahe am Zayandeh-Fluss an einem Berghang.<\/p>\n<p style=\"text-align: justify;\"><strong>Die Saadatabad Br\u00fccke<\/strong><br \/>\nDie Br\u00fccke wird auch Pol-e Tschubie (Holzbr\u00fccke) oder Jouei genannt. Die Br\u00fccke mit einer kurzen Breite und 147 m L\u00e4nge befindet sich zwischen der Allahverdi-Khan und der Khaju-Br\u00fccke.<\/p>\n<p style=\"text-align: justify;\"><strong>Hascht-Behescht Garten (Garten der acht Pardiese)<\/strong><br \/>\nIn der Tschahar-Bagh Allee von Isfahan, liegt Paradiesgarten von Hascht-Behescht. Dieser Garten der acht Paradiese wurde im Jahr 1669 w\u00e4hrend der Herrschaft der Safawieden errichtet.<\/p>\n<\/div><\/section><\/div>\n","protected":false},"excerpt":{"rendered":"","protected":false},"author":1,"featured_media":0,"parent":0,"menu_order":0,"comment_status":"closed","ping_status":"closed","template":"","meta":{"ngg_post_thumbnail":0,"footnotes":""},"yoast_head":"<!-- This site is optimized with the Yoast SEO Premium plugin v22.0 (Yoast SEO v22.0) - https:\/\/yoast.com\/wordpress\/plugins\/seo\/ -->\n<title>ISFAHAN - Best Iran Tours &amp; Travel Packages 2026\/2027<\/title>\n<meta name=\"description\" content=\"Die Stadt Isfahan genoss w\u00e4hrend der Herrschaft der Safawiden (16 u. 17 Jh.) die Privilegien einer Hauptstadt. Der Imam Platz, einer der gr\u00f6\u00dften Pl\u00e4tze der Welt, deutet heute noch vom Reichtum und Pracht der damaligen Zeit.\" \/>\n<meta name=\"robots\" content=\"index, follow, max-snippet:-1, max-image-preview:large, max-video-preview:-1\" \/>\n<link rel=\"canonical\" href=\"https:\/\/irangashttour.com\/isfahan\/\" \/>\n<meta property=\"og:locale\" content=\"de_DE\" \/>\n<meta property=\"og:type\" content=\"article\" \/>\n<meta property=\"og:title\" content=\"ISFAHAN\" \/>\n<meta property=\"og:description\" content=\"Die Stadt Isfahan genoss w\u00e4hrend der Herrschaft der Safawiden (16 u. 17 Jh.) die Privilegien einer Hauptstadt. Der Imam Platz, einer der gr\u00f6\u00dften Pl\u00e4tze der Welt, deutet heute noch vom Reichtum und Pracht der damaligen Zeit.\" \/>\n<meta property=\"og:url\" content=\"https:\/\/irangashttour.com\/isfahan\/\" \/>\n<meta property=\"og:site_name\" content=\"Best Iran Tours &amp; Travel Packages 2026\/2027\" \/>\n<meta property=\"article:publisher\" content=\"https:\/\/www.facebook.com\/gashttour.shiraz.5\" \/>\n<meta property=\"article:modified_time\" content=\"2020-04-14T06:41:27+00:00\" \/>\n<meta name=\"twitter:card\" content=\"summary_large_image\" \/>\n<meta name=\"twitter:site\" content=\"@irangashttour\" \/>\n<meta name=\"twitter:label1\" content=\"Gesch\u00e4tzte Lesezeit\" \/>\n\t<meta name=\"twitter:data1\" content=\"3\u00a0Minuten\" \/>\n<script type=\"application\/ld+json\" class=\"yoast-schema-graph\">{\"@context\":\"https:\/\/schema.org\",\"@graph\":[{\"@type\":\"WebPage\",\"@id\":\"https:\/\/irangashttour.com\/isfahan\/\",\"url\":\"https:\/\/irangashttour.com\/isfahan\/\",\"name\":\"ISFAHAN - Best Iran Tours &amp; Travel Packages 2026\/2027\",\"isPartOf\":{\"@id\":\"https:\/\/irangashttour.com\/#website\"},\"datePublished\":\"2020-04-14T06:36:03+00:00\",\"dateModified\":\"2020-04-14T06:41:27+00:00\",\"description\":\"Die Stadt Isfahan genoss w\u00e4hrend der Herrschaft der Safawiden (16 u. 17 Jh.) die Privilegien einer Hauptstadt. Der Imam Platz, einer der gr\u00f6\u00dften Pl\u00e4tze der Welt, deutet heute noch vom Reichtum und Pracht der damaligen Zeit.\",\"breadcrumb\":{\"@id\":\"https:\/\/irangashttour.com\/isfahan\/#breadcrumb\"},\"inLanguage\":\"de\",\"potentialAction\":[{\"@type\":\"ReadAction\",\"target\":[\"https:\/\/irangashttour.com\/isfahan\/\"]}]},{\"@type\":\"BreadcrumbList\",\"@id\":\"https:\/\/irangashttour.com\/isfahan\/#breadcrumb\",\"itemListElement\":[{\"@type\":\"ListItem\",\"position\":1,\"name\":\"Home\",\"item\":\"https:\/\/irangashttour.com\/de\/iran-reisen\/\"},{\"@type\":\"ListItem\",\"position\":2,\"name\":\"ISFAHAN\"}]},{\"@type\":\"WebSite\",\"@id\":\"https:\/\/irangashttour.com\/#website\",\"url\":\"https:\/\/irangashttour.com\/\",\"name\":\"Best Iran Tour Packages 2025\",\"description\":\"Discover Iran with Gashttour Travel Agency\",\"publisher\":{\"@id\":\"https:\/\/irangashttour.com\/#organization\"},\"potentialAction\":[{\"@type\":\"SearchAction\",\"target\":{\"@type\":\"EntryPoint\",\"urlTemplate\":\"https:\/\/irangashttour.com\/?s={search_term_string}\"},\"query-input\":\"required name=search_term_string\"}],\"inLanguage\":\"de\"},{\"@type\":\"Organization\",\"@id\":\"https:\/\/irangashttour.com\/#organization\",\"name\":\"GASHTTOUR TRAVEL & TOUR AGENCY\",\"url\":\"https:\/\/irangashttour.com\/\",\"logo\":{\"@type\":\"ImageObject\",\"inLanguage\":\"de\",\"@id\":\"https:\/\/irangashttour.com\/#\/schema\/logo\/image\/\",\"url\":\"https:\/\/irangashttour.com\/wp-content\/uploads\/2020\/03\/irangashttour.jpg\",\"contentUrl\":\"https:\/\/irangashttour.com\/wp-content\/uploads\/2020\/03\/irangashttour.jpg\",\"width\":230,\"height\":230,\"caption\":\"GASHTTOUR TRAVEL & TOUR AGENCY\"},\"image\":{\"@id\":\"https:\/\/irangashttour.com\/#\/schema\/logo\/image\/\"},\"sameAs\":[\"https:\/\/www.facebook.com\/gashttour.shiraz.5\",\"https:\/\/twitter.com\/irangashttour\",\"https:\/\/www.instagram.com\/irangashttour\/\",\"https:\/\/www.linkedin.com\/in\/irangashttour\/\"]}]}<\/script>\n<!-- \/ Yoast SEO Premium plugin. -->","yoast_head_json":{"title":"ISFAHAN - Best Iran Tours &amp; Travel Packages 2026\/2027","description":"Die Stadt Isfahan genoss w\u00e4hrend der Herrschaft der Safawiden (16 u. 17 Jh.) die Privilegien einer Hauptstadt. Der Imam Platz, einer der gr\u00f6\u00dften Pl\u00e4tze der Welt, deutet heute noch vom Reichtum und Pracht der damaligen Zeit.","robots":{"index":"index","follow":"follow","max-snippet":"max-snippet:-1","max-image-preview":"max-image-preview:large","max-video-preview":"max-video-preview:-1"},"canonical":"https:\/\/irangashttour.com\/isfahan\/","og_locale":"de_DE","og_type":"article","og_title":"ISFAHAN","og_description":"Die Stadt Isfahan genoss w\u00e4hrend der Herrschaft der Safawiden (16 u. 17 Jh.) die Privilegien einer Hauptstadt. Der Imam Platz, einer der gr\u00f6\u00dften Pl\u00e4tze der Welt, deutet heute noch vom Reichtum und Pracht der damaligen Zeit.","og_url":"https:\/\/irangashttour.com\/isfahan\/","og_site_name":"Best Iran Tours &amp; Travel Packages 2026\/2027","article_publisher":"https:\/\/www.facebook.com\/gashttour.shiraz.5","article_modified_time":"2020-04-14T06:41:27+00:00","twitter_card":"summary_large_image","twitter_site":"@irangashttour","twitter_misc":{"Gesch\u00e4tzte Lesezeit":"3\u00a0Minuten"},"schema":{"@context":"https:\/\/schema.org","@graph":[{"@type":"WebPage","@id":"https:\/\/irangashttour.com\/isfahan\/","url":"https:\/\/irangashttour.com\/isfahan\/","name":"ISFAHAN - Best Iran Tours &amp; Travel Packages 2026\/2027","isPartOf":{"@id":"https:\/\/irangashttour.com\/#website"},"datePublished":"2020-04-14T06:36:03+00:00","dateModified":"2020-04-14T06:41:27+00:00","description":"Die Stadt Isfahan genoss w\u00e4hrend der Herrschaft der Safawiden (16 u. 17 Jh.) die Privilegien einer Hauptstadt. Der Imam Platz, einer der gr\u00f6\u00dften Pl\u00e4tze der Welt, deutet heute noch vom Reichtum und Pracht der damaligen Zeit.","breadcrumb":{"@id":"https:\/\/irangashttour.com\/isfahan\/#breadcrumb"},"inLanguage":"de","potentialAction":[{"@type":"ReadAction","target":["https:\/\/irangashttour.com\/isfahan\/"]}]},{"@type":"BreadcrumbList","@id":"https:\/\/irangashttour.com\/isfahan\/#breadcrumb","itemListElement":[{"@type":"ListItem","position":1,"name":"Home","item":"https:\/\/irangashttour.com\/de\/iran-reisen\/"},{"@type":"ListItem","position":2,"name":"ISFAHAN"}]},{"@type":"WebSite","@id":"https:\/\/irangashttour.com\/#website","url":"https:\/\/irangashttour.com\/","name":"Best Iran Tour Packages 2025","description":"Discover Iran with Gashttour Travel Agency","publisher":{"@id":"https:\/\/irangashttour.com\/#organization"},"potentialAction":[{"@type":"SearchAction","target":{"@type":"EntryPoint","urlTemplate":"https:\/\/irangashttour.com\/?s={search_term_string}"},"query-input":"required name=search_term_string"}],"inLanguage":"de"},{"@type":"Organization","@id":"https:\/\/irangashttour.com\/#organization","name":"GASHTTOUR TRAVEL & TOUR AGENCY","url":"https:\/\/irangashttour.com\/","logo":{"@type":"ImageObject","inLanguage":"de","@id":"https:\/\/irangashttour.com\/#\/schema\/logo\/image\/","url":"https:\/\/irangashttour.com\/wp-content\/uploads\/2020\/03\/irangashttour.jpg","contentUrl":"https:\/\/irangashttour.com\/wp-content\/uploads\/2020\/03\/irangashttour.jpg","width":230,"height":230,"caption":"GASHTTOUR TRAVEL & TOUR AGENCY"},"image":{"@id":"https:\/\/irangashttour.com\/#\/schema\/logo\/image\/"},"sameAs":["https:\/\/www.facebook.com\/gashttour.shiraz.5","https:\/\/twitter.com\/irangashttour","https:\/\/www.instagram.com\/irangashttour\/","https:\/\/www.linkedin.com\/in\/irangashttour\/"]}]}},"_links":{"self":[{"href":"https:\/\/irangashttour.com\/de\/wp-json\/wp\/v2\/pages\/9563"}],"collection":[{"href":"https:\/\/irangashttour.com\/de\/wp-json\/wp\/v2\/pages"}],"about":[{"href":"https:\/\/irangashttour.com\/de\/wp-json\/wp\/v2\/types\/page"}],"author":[{"embeddable":true,"href":"https:\/\/irangashttour.com\/de\/wp-json\/wp\/v2\/users\/1"}],"replies":[{"embeddable":true,"href":"https:\/\/irangashttour.com\/de\/wp-json\/wp\/v2\/comments?post=9563"}],"version-history":[{"count":3,"href":"https:\/\/irangashttour.com\/de\/wp-json\/wp\/v2\/pages\/9563\/revisions"}],"predecessor-version":[{"id":9566,"href":"https:\/\/irangashttour.com\/de\/wp-json\/wp\/v2\/pages\/9563\/revisions\/9566"}],"wp:attachment":[{"href":"https:\/\/irangashttour.com\/de\/wp-json\/wp\/v2\/media?parent=9563"}],"curies":[{"name":"wp","href":"https:\/\/api.w.org\/{rel}","templated":true}]}}