{"id":9568,"date":"2020-04-14T10:57:23","date_gmt":"2020-04-14T10:57:23","guid":{"rendered":"https:\/\/irangashttour.com\/yazd\/"},"modified":"2022-08-03T09:46:21","modified_gmt":"2022-08-03T09:46:21","slug":"yazd","status":"publish","type":"page","link":"https:\/\/irangashttour.com\/de\/yazd\/","title":{"rendered":"YAZD"},"content":{"rendered":"\n<style type=\"text\/css\" data-created_by=\"avia_inline_auto\" id=\"style-css-av-2nceci-3087af6e732e65164cdca12912afdac8\">\n.flex_column.av-2nceci-3087af6e732e65164cdca12912afdac8{\nborder-radius:0px 0px 0px 0px;\n-webkit-border-radius:0px 0px 0px 0px;\n-moz-border-radius:0px 0px 0px 0px;\n}\n<\/style>\n<div class='flex_column av-2nceci-3087af6e732e65164cdca12912afdac8 av_one_full  avia-builder-el-0  avia-builder-el-no-sibling  first flex_column_div av-zero-column-padding '   ><section  class='av_textblock_section av-jsuheo23-53d3c88a99585958811fa82ff608f26d'  itemscope=\"itemscope\" itemtype=\"https:\/\/schema.org\/CreativeWork\" ><div class='avia_textblock'  itemprop=\"text\" ><h2>YAZD<\/h2>\n<p style=\"text-align: justify;\">Die Stadt Yazd ist die Hauptstadt der Provinz Yazd und liegt 270 s\u00fcd\u00f6stlich von Isfahan. \u00dcber die Etymologie von Yazd l\u00e4sst sich spekulieren. Der Name soll von dem Sassanidenk\u00f6nig Yazdgerd I. abgeleitet worden sein. Nach Tehran weist Yazd die h\u00f6chste Zahl an Zarathustriern auf (Anh\u00e4nger des altpersischen Glauben von Zarathuschtra). Die Landschaft ist trocken und w\u00fcstenhaft. Das Stadtbild der Altstadt ist von Windfangt\u00fcrmen, Kuppen und Zisternen gepr\u00e4gt und geh\u00f6rt zum UNESCO-Weltkulturerbe.<\/p>\n<h3 style=\"text-align: justify;\"><strong>Jame Moschee<\/strong><\/h3>\n<p style=\"text-align: justify;\">Die Jame Moschee, auch Freitagsmoschee genannt, stammt aus dem fr\u00fchen 14. Jh.. Der Eingangsiwan ist mit zwei 48m langen Minaretten beschm\u00fcckt, die es zum landesweit h\u00f6chsten Portaliwan machen. Die Fassade des Portals ist mit schillernden blauen Kacheln dekoriert und bietet ein Meisterwerk der islamischen Architektur dar.<\/p>\n<p style=\"text-align: justify;\">&nbsp;<\/p>\n<h3 style=\"text-align: justify;\"><strong>Schrein der zw\u00f6lf Imame<\/strong><\/h3>\n<p style=\"text-align: justify;\">Der Schrein stammt aus dem 11. Jh.. Im Geb\u00e4udeinneren befindet sich eine seldschukische Fresko-Inschriftbank mit den Namen der einzelnen schiitischen Imame. Der Mihrab ist mit Stuckarbeiten verziert.<\/p>\n<p style=\"text-align: justify;\"><strong>&nbsp;<\/strong><\/p>\n<h3 style=\"text-align: justify;\"><strong>Das Alexandergef\u00e4ngnis (Zendan-e Eskandar)\/ Ziaieh Schule<\/strong><\/h3>\n<p style=\"text-align: justify;\">In unmittelbarer N\u00e4he des Schreins des zw\u00f6lf Imame liegt das Alexandergef\u00e4nis auch Ziaieh Schule genannt.<\/p>\n<p style=\"text-align: justify;\">Der Legende nach geht der Bau auf Alexander den Gro\u00dfen zur\u00fcck, und war seinerzeit ein Gef\u00e4ngnis in dem ach\u00e4menidische W\u00fcrdentr\u00e4ger gefangen gehalten wurden. Sp\u00e4ter, im 10 Jh. soll das Geb\u00e4ude zu einer Schule (Madreseh) umgebaut worden sein.<\/p>\n<p style=\"text-align: justify;\"><strong>&nbsp;<\/strong><\/p>\n<h3 style=\"text-align: justify;\"><strong>Amir Tschaghmagh Moschee<\/strong><\/h3>\n<p style=\"text-align: justify;\">Die Moschee wurde im 15 Jh. errichtet. Der Name der Moschee geht auf ihren Stifter Amir Jalal-ad-Din Tschaghmagh zur\u00fcck. Die Moschee weist die traditionelle Architektur mit Vier-Iwanen auf und verf\u00fcgt \u00fcber einen Innenhof. Das Geb\u00e4udekomplex umfasst zudem eine Karawanserei, ein Badehaus und eine Qanatanlage. Unweit befindet sich die Tekieh Mir Tschaghmagh aus dem 19. Jh..<\/p>\n<p><img fetchpriority=\"high\" decoding=\"async\" class=\"wp-image-28112 size-full aligncenter\" src=\"https:\/\/irangashttour.com\/wp-content\/uploads\/2022\/08\/yazd-01.jpg\" alt=\"Yazd\" width=\"800\" height=\"500\" srcset=\"https:\/\/irangashttour.com\/wp-content\/uploads\/2022\/08\/yazd-01.jpg 800w, https:\/\/irangashttour.com\/wp-content\/uploads\/2022\/08\/yazd-01-300x188.jpg 300w, https:\/\/irangashttour.com\/wp-content\/uploads\/2022\/08\/yazd-01-768x480.jpg 768w, https:\/\/irangashttour.com\/wp-content\/uploads\/2022\/08\/yazd-01-705x441.jpg 705w, https:\/\/irangashttour.com\/wp-content\/uploads\/2022\/08\/yazd-01-400x250.jpg 400w\" sizes=\"(max-width: 800px) 100vw, 800px\" \/><\/p>\n<p style=\"text-align: justify;\">&nbsp;<\/p>\n<h3 style=\"text-align: justify;\"><strong>Zarathustrischer Feuertempel (Ataschkadeh)<\/strong><\/h3>\n<p style=\"text-align: justify;\">Das unterhaltene Feuer im Tempel brennt sein 470 n. Ch. und stammt wohl aus einer Flamme&nbsp; aus Karian im heutigen Larestan in der Provinz Fars. Das Geb\u00e4ude des Feuertempels jedoch wurde 1934 durch Spenden von Zarathustriern aus Indien errichtet.<\/p>\n<p style=\"text-align: justify;\"><strong>&nbsp;<\/strong><\/p>\n<h3 style=\"text-align: justify;\"><strong>T\u00fcrme des Schweigens<\/strong><\/h3>\n<p style=\"text-align: justify;\">Nicht weit vom Feuertempels liegen die T\u00fcrme des Schweigens (Begr\u00e4bgnist\u00fcrme). Fr\u00fcher haben die Zarathustrier ihre Verstorbenen in diesen auf zwei H\u00fcgel liegenden T\u00fcrme ausgesetzt.<\/p>\n<p style=\"text-align: justify;\">&nbsp;<\/p>\n<h3 style=\"text-align: justify;\"><strong>Chack-Chack<\/strong><\/h3>\n<p style=\"text-align: justify;\">Chack-Chack ist ein Wallfahrtsort der Zarathustier. \u00dcbersetzt bedeutet Chack-Chack \u201eTropf-Tropf\u201c, den Name hat der Ort auf Grund des Ger\u00e4usches des von einem Felsen tropfenden Wassers. Die Wasserquelle sowie ein heliger Baum vor Ort werden verehrt. Der Feuertempel von Chack-Chack liegt am Eingang einer Felsh\u00f6hle in einer Schlucht, 52km nord\u00f6stlich von Yazd. Der Weg zur H\u00f6hle ist mit Auto nicht befahrbar.<\/p>\n<p style=\"text-align: justify;\">&nbsp;<\/p>\n<h3 style=\"text-align: justify;\"><strong>Dolatabad Garten<\/strong><\/h3>\n<p style=\"text-align: justify;\">Der Bau der Gartenanlage erfolgte um 1750, auf Befehl von Mohammad Taqi Khan Bafghi, der ab 1747 Statthalter von Yazd war. Der Garten beinhaltet ein Pavillion mit einem 33,80m hohen Windturm, der weltweit der h\u00f6chste Windturm ist.<\/p>\n<p><img decoding=\"async\" class=\"size-full wp-image-28118 aligncenter\" src=\"https:\/\/irangashttour.com\/wp-content\/uploads\/2022\/08\/yazd-03.jpg\" alt=\"Yazd\" width=\"800\" height=\"500\" srcset=\"https:\/\/irangashttour.com\/wp-content\/uploads\/2022\/08\/yazd-03.jpg 800w, https:\/\/irangashttour.com\/wp-content\/uploads\/2022\/08\/yazd-03-300x188.jpg 300w, https:\/\/irangashttour.com\/wp-content\/uploads\/2022\/08\/yazd-03-768x480.jpg 768w, https:\/\/irangashttour.com\/wp-content\/uploads\/2022\/08\/yazd-03-705x441.jpg 705w, https:\/\/irangashttour.com\/wp-content\/uploads\/2022\/08\/yazd-03-400x250.jpg 400w\" sizes=\"(max-width: 800px) 100vw, 800px\" \/><\/p>\n<p style=\"text-align: justify;\"><img decoding=\"async\" class=\"size-full wp-image-28115 aligncenter\" src=\"https:\/\/irangashttour.com\/wp-content\/uploads\/2022\/08\/yazd-02.jpg\" alt=\"Yazd\" width=\"800\" height=\"500\" srcset=\"https:\/\/irangashttour.com\/wp-content\/uploads\/2022\/08\/yazd-02.jpg 800w, https:\/\/irangashttour.com\/wp-content\/uploads\/2022\/08\/yazd-02-300x188.jpg 300w, https:\/\/irangashttour.com\/wp-content\/uploads\/2022\/08\/yazd-02-768x480.jpg 768w, https:\/\/irangashttour.com\/wp-content\/uploads\/2022\/08\/yazd-02-705x441.jpg 705w, https:\/\/irangashttour.com\/wp-content\/uploads\/2022\/08\/yazd-02-400x250.jpg 400w\" sizes=\"(max-width: 800px) 100vw, 800px\" \/><\/p>\n<\/div><\/section><\/div>\n","protected":false},"excerpt":{"rendered":"","protected":false},"author":1,"featured_media":0,"parent":0,"menu_order":0,"comment_status":"closed","ping_status":"closed","template":"","meta":{"ngg_post_thumbnail":0,"footnotes":""},"yoast_head":"<!-- This site is optimized with the Yoast SEO Premium plugin v22.0 (Yoast SEO v22.0) - https:\/\/yoast.com\/wordpress\/plugins\/seo\/ -->\n<title>YAZD - Best Iran Tours &amp; Travel Packages 2026\/2027<\/title>\n<meta name=\"description\" content=\"Die Stadt Yazd ist die Hauptstadt der Provinz Yazd und liegt 270 s\u00fcd\u00f6stlich von Isfahan. \u00dcber die Etymologie von Yazd l\u00e4sst sich spekulieren.\" \/>\n<meta name=\"robots\" content=\"index, follow, max-snippet:-1, max-image-preview:large, max-video-preview:-1\" \/>\n<link rel=\"canonical\" href=\"https:\/\/irangashttour.com\/yazd\/\" \/>\n<meta property=\"og:locale\" content=\"de_DE\" \/>\n<meta property=\"og:type\" content=\"article\" \/>\n<meta property=\"og:title\" content=\"YAZD\" \/>\n<meta property=\"og:description\" content=\"Die Stadt Yazd ist die Hauptstadt der Provinz Yazd und liegt 270 s\u00fcd\u00f6stlich von Isfahan. \u00dcber die Etymologie von Yazd l\u00e4sst sich spekulieren.\" \/>\n<meta property=\"og:url\" content=\"https:\/\/irangashttour.com\/yazd\/\" \/>\n<meta property=\"og:site_name\" content=\"Best Iran Tours &amp; Travel Packages 2026\/2027\" \/>\n<meta property=\"article:publisher\" content=\"https:\/\/www.facebook.com\/gashttour.shiraz.5\" \/>\n<meta property=\"article:modified_time\" content=\"2022-08-03T09:46:21+00:00\" \/>\n<meta property=\"og:image\" content=\"https:\/\/irangashttour.com\/wp-content\/uploads\/2022\/08\/yazd-01.jpg\" \/>\n<meta name=\"twitter:card\" content=\"summary_large_image\" \/>\n<meta name=\"twitter:site\" content=\"@irangashttour\" \/>\n<meta name=\"twitter:label1\" content=\"Gesch\u00e4tzte Lesezeit\" \/>\n\t<meta name=\"twitter:data1\" content=\"3\u00a0Minuten\" \/>\n<script type=\"application\/ld+json\" class=\"yoast-schema-graph\">{\"@context\":\"https:\/\/schema.org\",\"@graph\":[{\"@type\":\"WebPage\",\"@id\":\"https:\/\/irangashttour.com\/yazd\/\",\"url\":\"https:\/\/irangashttour.com\/yazd\/\",\"name\":\"YAZD - Best Iran Tours &amp; Travel Packages 2026\/2027\",\"isPartOf\":{\"@id\":\"https:\/\/irangashttour.com\/#website\"},\"datePublished\":\"2020-04-14T10:57:23+00:00\",\"dateModified\":\"2022-08-03T09:46:21+00:00\",\"description\":\"Die Stadt Yazd ist die Hauptstadt der Provinz Yazd und liegt 270 s\u00fcd\u00f6stlich von Isfahan. \u00dcber die Etymologie von Yazd l\u00e4sst sich spekulieren.\",\"breadcrumb\":{\"@id\":\"https:\/\/irangashttour.com\/yazd\/#breadcrumb\"},\"inLanguage\":\"de\",\"potentialAction\":[{\"@type\":\"ReadAction\",\"target\":[\"https:\/\/irangashttour.com\/yazd\/\"]}]},{\"@type\":\"BreadcrumbList\",\"@id\":\"https:\/\/irangashttour.com\/yazd\/#breadcrumb\",\"itemListElement\":[{\"@type\":\"ListItem\",\"position\":1,\"name\":\"Home\",\"item\":\"https:\/\/irangashttour.com\/de\/iran-reisen\/\"},{\"@type\":\"ListItem\",\"position\":2,\"name\":\"YAZD\"}]},{\"@type\":\"WebSite\",\"@id\":\"https:\/\/irangashttour.com\/#website\",\"url\":\"https:\/\/irangashttour.com\/\",\"name\":\"Best Iran Tour Packages 2025\",\"description\":\"Discover Iran with Gashttour Travel Agency\",\"publisher\":{\"@id\":\"https:\/\/irangashttour.com\/#organization\"},\"potentialAction\":[{\"@type\":\"SearchAction\",\"target\":{\"@type\":\"EntryPoint\",\"urlTemplate\":\"https:\/\/irangashttour.com\/?s={search_term_string}\"},\"query-input\":\"required name=search_term_string\"}],\"inLanguage\":\"de\"},{\"@type\":\"Organization\",\"@id\":\"https:\/\/irangashttour.com\/#organization\",\"name\":\"GASHTTOUR TRAVEL & TOUR AGENCY\",\"url\":\"https:\/\/irangashttour.com\/\",\"logo\":{\"@type\":\"ImageObject\",\"inLanguage\":\"de\",\"@id\":\"https:\/\/irangashttour.com\/#\/schema\/logo\/image\/\",\"url\":\"https:\/\/irangashttour.com\/wp-content\/uploads\/2020\/03\/irangashttour.jpg\",\"contentUrl\":\"https:\/\/irangashttour.com\/wp-content\/uploads\/2020\/03\/irangashttour.jpg\",\"width\":230,\"height\":230,\"caption\":\"GASHTTOUR TRAVEL & TOUR AGENCY\"},\"image\":{\"@id\":\"https:\/\/irangashttour.com\/#\/schema\/logo\/image\/\"},\"sameAs\":[\"https:\/\/www.facebook.com\/gashttour.shiraz.5\",\"https:\/\/twitter.com\/irangashttour\",\"https:\/\/www.instagram.com\/irangashttour\/\",\"https:\/\/www.linkedin.com\/in\/irangashttour\/\"]}]}<\/script>\n<!-- \/ Yoast SEO Premium plugin. -->","yoast_head_json":{"title":"YAZD - Best Iran Tours &amp; Travel Packages 2026\/2027","description":"Die Stadt Yazd ist die Hauptstadt der Provinz Yazd und liegt 270 s\u00fcd\u00f6stlich von Isfahan. \u00dcber die Etymologie von Yazd l\u00e4sst sich spekulieren.","robots":{"index":"index","follow":"follow","max-snippet":"max-snippet:-1","max-image-preview":"max-image-preview:large","max-video-preview":"max-video-preview:-1"},"canonical":"https:\/\/irangashttour.com\/yazd\/","og_locale":"de_DE","og_type":"article","og_title":"YAZD","og_description":"Die Stadt Yazd ist die Hauptstadt der Provinz Yazd und liegt 270 s\u00fcd\u00f6stlich von Isfahan. \u00dcber die Etymologie von Yazd l\u00e4sst sich spekulieren.","og_url":"https:\/\/irangashttour.com\/yazd\/","og_site_name":"Best Iran Tours &amp; Travel Packages 2026\/2027","article_publisher":"https:\/\/www.facebook.com\/gashttour.shiraz.5","article_modified_time":"2022-08-03T09:46:21+00:00","og_image":[{"url":"https:\/\/irangashttour.com\/wp-content\/uploads\/2022\/08\/yazd-01.jpg"}],"twitter_card":"summary_large_image","twitter_site":"@irangashttour","twitter_misc":{"Gesch\u00e4tzte Lesezeit":"3\u00a0Minuten"},"schema":{"@context":"https:\/\/schema.org","@graph":[{"@type":"WebPage","@id":"https:\/\/irangashttour.com\/yazd\/","url":"https:\/\/irangashttour.com\/yazd\/","name":"YAZD - Best Iran Tours &amp; Travel Packages 2026\/2027","isPartOf":{"@id":"https:\/\/irangashttour.com\/#website"},"datePublished":"2020-04-14T10:57:23+00:00","dateModified":"2022-08-03T09:46:21+00:00","description":"Die Stadt Yazd ist die Hauptstadt der Provinz Yazd und liegt 270 s\u00fcd\u00f6stlich von Isfahan. \u00dcber die Etymologie von Yazd l\u00e4sst sich spekulieren.","breadcrumb":{"@id":"https:\/\/irangashttour.com\/yazd\/#breadcrumb"},"inLanguage":"de","potentialAction":[{"@type":"ReadAction","target":["https:\/\/irangashttour.com\/yazd\/"]}]},{"@type":"BreadcrumbList","@id":"https:\/\/irangashttour.com\/yazd\/#breadcrumb","itemListElement":[{"@type":"ListItem","position":1,"name":"Home","item":"https:\/\/irangashttour.com\/de\/iran-reisen\/"},{"@type":"ListItem","position":2,"name":"YAZD"}]},{"@type":"WebSite","@id":"https:\/\/irangashttour.com\/#website","url":"https:\/\/irangashttour.com\/","name":"Best Iran Tour Packages 2025","description":"Discover Iran with Gashttour Travel Agency","publisher":{"@id":"https:\/\/irangashttour.com\/#organization"},"potentialAction":[{"@type":"SearchAction","target":{"@type":"EntryPoint","urlTemplate":"https:\/\/irangashttour.com\/?s={search_term_string}"},"query-input":"required name=search_term_string"}],"inLanguage":"de"},{"@type":"Organization","@id":"https:\/\/irangashttour.com\/#organization","name":"GASHTTOUR TRAVEL & TOUR AGENCY","url":"https:\/\/irangashttour.com\/","logo":{"@type":"ImageObject","inLanguage":"de","@id":"https:\/\/irangashttour.com\/#\/schema\/logo\/image\/","url":"https:\/\/irangashttour.com\/wp-content\/uploads\/2020\/03\/irangashttour.jpg","contentUrl":"https:\/\/irangashttour.com\/wp-content\/uploads\/2020\/03\/irangashttour.jpg","width":230,"height":230,"caption":"GASHTTOUR TRAVEL & TOUR AGENCY"},"image":{"@id":"https:\/\/irangashttour.com\/#\/schema\/logo\/image\/"},"sameAs":["https:\/\/www.facebook.com\/gashttour.shiraz.5","https:\/\/twitter.com\/irangashttour","https:\/\/www.instagram.com\/irangashttour\/","https:\/\/www.linkedin.com\/in\/irangashttour\/"]}]}},"_links":{"self":[{"href":"https:\/\/irangashttour.com\/de\/wp-json\/wp\/v2\/pages\/9568"}],"collection":[{"href":"https:\/\/irangashttour.com\/de\/wp-json\/wp\/v2\/pages"}],"about":[{"href":"https:\/\/irangashttour.com\/de\/wp-json\/wp\/v2\/types\/page"}],"author":[{"embeddable":true,"href":"https:\/\/irangashttour.com\/de\/wp-json\/wp\/v2\/users\/1"}],"replies":[{"embeddable":true,"href":"https:\/\/irangashttour.com\/de\/wp-json\/wp\/v2\/comments?post=9568"}],"version-history":[{"count":3,"href":"https:\/\/irangashttour.com\/de\/wp-json\/wp\/v2\/pages\/9568\/revisions"}],"predecessor-version":[{"id":28121,"href":"https:\/\/irangashttour.com\/de\/wp-json\/wp\/v2\/pages\/9568\/revisions\/28121"}],"wp:attachment":[{"href":"https:\/\/irangashttour.com\/de\/wp-json\/wp\/v2\/media?parent=9568"}],"curies":[{"name":"wp","href":"https:\/\/api.w.org\/{rel}","templated":true}]}}