{"id":9573,"date":"2020-04-14T11:26:18","date_gmt":"2020-04-14T11:26:18","guid":{"rendered":"https:\/\/irangashttour.com\/kerman\/"},"modified":"2020-04-14T11:30:57","modified_gmt":"2020-04-14T11:30:57","slug":"kerman","status":"publish","type":"page","link":"https:\/\/irangashttour.com\/de\/kerman\/","title":{"rendered":"KERMAN"},"content":{"rendered":"\n<style type=\"text\/css\" data-created_by=\"avia_inline_auto\" id=\"style-css-av-2ocu31-5e1156056b2b3e475ce86050aa74adca\">\n.flex_column.av-2ocu31-5e1156056b2b3e475ce86050aa74adca{\nborder-radius:0px 0px 0px 0px;\n-webkit-border-radius:0px 0px 0px 0px;\n-moz-border-radius:0px 0px 0px 0px;\n}\n<\/style>\n<div class='flex_column av-2ocu31-5e1156056b2b3e475ce86050aa74adca av_one_full  avia-builder-el-0  avia-builder-el-no-sibling  first flex_column_div av-zero-column-padding '   ><section  class='av_textblock_section av-jsuhid3t-a62752702989257c215be5f36a8c65ce'  itemscope=\"itemscope\" itemtype=\"https:\/\/schema.org\/CreativeWork\" ><div class='avia_textblock'  itemprop=\"text\" ><p style=\"text-align: justify;\">Die Stadt Kerman ist die Hauptstadt der gleichnamigen Provinz im s\u00fcdosten Iran, ca. 984km von Tehran entfernt. Die Stadt liegt am Rande der Lut W\u00fcste und expandierte in w\u00e4hrend der Herrschaft der Safawiden im 16. Und 17 Jh. . Die Pistazien von Rafsanjan sind ein beliebste Mitbringsel und landesweit bekannt.<\/p>\n<p style=\"text-align: justify;\"><strong>Ganj-Ali-Khan Baukomplex<\/strong><br \/>\nDer Geb\u00e4udekomplex beinhaltet Moschee, Badehaus, Zisterne, Basar, Karavanserei und eine M\u00fcnzpr\u00e4geanstalt aus der safawidischen Zeit. Es umfasst eine Fl\u00e4che von 100m L\u00e4nge und 54m Breite.<\/p>\n<p style=\"text-align: justify;\"><strong>Ganj-Ali-Khan Badehaus<\/strong><br \/>\nDieses historische Badehaus liegt im Basar und stammt aus der Safawidenzeit. In dem Badehaus sind Wachsfiguren mit Kleidung aus der damaligen Zeit aufgestellt um die Atmosph\u00f6re n\u00e4her zu bringen.<\/p>\n<p style=\"text-align: justify;\"><strong>Basar (Wakil-Basar)<\/strong><br \/>\nDer Basar ist auf Befehl des Statthalters von Kerman Mohammad Islail Khan Vakil-ol-Molk zwischen den Jahren 1859 bis 1866 gebaut worden. Das Konstrukt besteht aus Zigelsteinen und grenzt an der gleichnamigen Karavanserei.<\/p>\n<p style=\"text-align: justify;\"><strong>Jabalieh Kuppelbau (Gonbadeh Jabbalieh)<\/strong><br \/>\nDer achteckige Kuppelbau Jabalieh, auch bekannt unter dem Namen Gonbad-e Gabri, stammt aus dem 2. Jhr nach Christus und war wom\u00f6glich eine zoroastrische Predigst\u00e4tte. Es besteht aus Stein und beherbergt heute das st\u00e4dtische Steinmuseum von Kerman.<\/p>\n<p style=\"text-align: justify;\"><strong>Die Zitadelle von Bam\/ Arg-e Bam (UNESCO Weltkulturerbe)<\/strong><br \/>\nDie Lehmzitadelle vom Bam war mit einer L\u00e4nge von 300m und 200m Breite das weltweit gr\u00f6\u00dfte Lehmgeb\u00e4ude. Gro\u00dfe Teile der Zitadelle wurden durch ein Erdbeben im Jahr 2003 zerst\u00f6rt. Die Zitadelle ist heute zum Gro\u00dfteil rekunstruiert worden. Es beinhaltet eine Moschee, Karavanserei und weitere Geb\u00e4ude. Der Bau geht auf die Zeit des ach\u00e4menidischen Imperiums zur\u00fcck.<br \/>\nDas Mausoleum von Schah Nematollah Wali (Mahan)<br \/>\nDas Mausoleum des Sufimeisters Schah Nemotallah Wali in Mahan lockt nicht nur die Anh\u00e4nger des Sufismus zu sich, sondern auch viele normale Besucher. Schah Nematollah Wali lebte im 13. und 14. Jhr. Und war Gr\u00fcnder eines Sufiordens.<\/p>\n<p style=\"text-align: justify;\"><strong>Der Schasdeh Garteh\/ Prinzengarten (Mahan)<\/strong><br \/>\nDer Schasdeh Garten ist wohl eines der sch\u00f6nsten G\u00e4rten Irans. Es liegt ca. 4km von Mahan entfernt und hat eine Fl\u00e4che von 5,5 ha. Es wurde 1850, w\u00e4hrend der Qajaren-Herrschaft gebaut.<\/p>\n<p style=\"text-align: justify;\"><strong>Die Schahdad W\u00fcste<\/strong><br \/>\nDas Dorf Schahdad liegt 100km von Kerman entfernt und gilt als Ausgangspunkt f\u00fcr Expeditionen in die Schahdad W\u00fcste. Die Kaluts, riesige eigent\u00fcmliche Sandsteingebilde, die die W\u00fcste von Schahdad durchlaufen, Machen sie einzigartig.<\/p>\n<\/div><\/section><\/div>\n","protected":false},"excerpt":{"rendered":"","protected":false},"author":1,"featured_media":0,"parent":0,"menu_order":0,"comment_status":"closed","ping_status":"closed","template":"","meta":{"ngg_post_thumbnail":0,"footnotes":""},"yoast_head":"<!-- This site is optimized with the Yoast SEO Premium plugin v22.0 (Yoast SEO v22.0) - https:\/\/yoast.com\/wordpress\/plugins\/seo\/ -->\n<title>KERMAN - Best Iran Tours &amp; Travel Packages 2026\/2027<\/title>\n<meta name=\"description\" content=\"Die Stadt Kerman ist die Hauptstadt der gleichnamigen Provinz im s\u00fcdosten Iran, ca. 984km von Tehran entfernt. Die Stadt liegt am Rande der Lut W\u00fcste und expandierte in w\u00e4hrend der Herrschaft der Safawiden im 16. Und 17 Jh. .\" \/>\n<meta name=\"robots\" content=\"index, follow, max-snippet:-1, max-image-preview:large, max-video-preview:-1\" \/>\n<link rel=\"canonical\" href=\"https:\/\/irangashttour.com\/kerman\/\" \/>\n<meta property=\"og:locale\" content=\"de_DE\" \/>\n<meta property=\"og:type\" content=\"article\" \/>\n<meta property=\"og:title\" content=\"KERMAN\" \/>\n<meta property=\"og:description\" content=\"Die Stadt Kerman ist die Hauptstadt der gleichnamigen Provinz im s\u00fcdosten Iran, ca. 984km von Tehran entfernt. Die Stadt liegt am Rande der Lut W\u00fcste und expandierte in w\u00e4hrend der Herrschaft der Safawiden im 16. Und 17 Jh. .\" \/>\n<meta property=\"og:url\" content=\"https:\/\/irangashttour.com\/kerman\/\" \/>\n<meta property=\"og:site_name\" content=\"Best Iran Tours &amp; Travel Packages 2026\/2027\" \/>\n<meta property=\"article:publisher\" content=\"https:\/\/www.facebook.com\/gashttour.shiraz.5\" \/>\n<meta property=\"article:modified_time\" content=\"2020-04-14T11:30:57+00:00\" \/>\n<meta name=\"twitter:card\" content=\"summary_large_image\" \/>\n<meta name=\"twitter:site\" content=\"@irangashttour\" \/>\n<meta name=\"twitter:label1\" content=\"Gesch\u00e4tzte Lesezeit\" \/>\n\t<meta name=\"twitter:data1\" content=\"3\u00a0Minuten\" \/>\n<script type=\"application\/ld+json\" class=\"yoast-schema-graph\">{\"@context\":\"https:\/\/schema.org\",\"@graph\":[{\"@type\":\"WebPage\",\"@id\":\"https:\/\/irangashttour.com\/kerman\/\",\"url\":\"https:\/\/irangashttour.com\/kerman\/\",\"name\":\"KERMAN - Best Iran Tours &amp; Travel Packages 2026\/2027\",\"isPartOf\":{\"@id\":\"https:\/\/irangashttour.com\/#website\"},\"datePublished\":\"2020-04-14T11:26:18+00:00\",\"dateModified\":\"2020-04-14T11:30:57+00:00\",\"description\":\"Die Stadt Kerman ist die Hauptstadt der gleichnamigen Provinz im s\u00fcdosten Iran, ca. 984km von Tehran entfernt. Die Stadt liegt am Rande der Lut W\u00fcste und expandierte in w\u00e4hrend der Herrschaft der Safawiden im 16. Und 17 Jh. .\",\"breadcrumb\":{\"@id\":\"https:\/\/irangashttour.com\/kerman\/#breadcrumb\"},\"inLanguage\":\"de\",\"potentialAction\":[{\"@type\":\"ReadAction\",\"target\":[\"https:\/\/irangashttour.com\/kerman\/\"]}]},{\"@type\":\"BreadcrumbList\",\"@id\":\"https:\/\/irangashttour.com\/kerman\/#breadcrumb\",\"itemListElement\":[{\"@type\":\"ListItem\",\"position\":1,\"name\":\"Home\",\"item\":\"https:\/\/irangashttour.com\/de\/iran-reisen\/\"},{\"@type\":\"ListItem\",\"position\":2,\"name\":\"KERMAN\"}]},{\"@type\":\"WebSite\",\"@id\":\"https:\/\/irangashttour.com\/#website\",\"url\":\"https:\/\/irangashttour.com\/\",\"name\":\"Best Iran Tour Packages 2025\",\"description\":\"Discover Iran with Gashttour Travel Agency\",\"publisher\":{\"@id\":\"https:\/\/irangashttour.com\/#organization\"},\"potentialAction\":[{\"@type\":\"SearchAction\",\"target\":{\"@type\":\"EntryPoint\",\"urlTemplate\":\"https:\/\/irangashttour.com\/?s={search_term_string}\"},\"query-input\":\"required name=search_term_string\"}],\"inLanguage\":\"de\"},{\"@type\":\"Organization\",\"@id\":\"https:\/\/irangashttour.com\/#organization\",\"name\":\"GASHTTOUR TRAVEL & TOUR AGENCY\",\"url\":\"https:\/\/irangashttour.com\/\",\"logo\":{\"@type\":\"ImageObject\",\"inLanguage\":\"de\",\"@id\":\"https:\/\/irangashttour.com\/#\/schema\/logo\/image\/\",\"url\":\"https:\/\/irangashttour.com\/wp-content\/uploads\/2020\/03\/irangashttour.jpg\",\"contentUrl\":\"https:\/\/irangashttour.com\/wp-content\/uploads\/2020\/03\/irangashttour.jpg\",\"width\":230,\"height\":230,\"caption\":\"GASHTTOUR TRAVEL & TOUR AGENCY\"},\"image\":{\"@id\":\"https:\/\/irangashttour.com\/#\/schema\/logo\/image\/\"},\"sameAs\":[\"https:\/\/www.facebook.com\/gashttour.shiraz.5\",\"https:\/\/twitter.com\/irangashttour\",\"https:\/\/www.instagram.com\/irangashttour\/\",\"https:\/\/www.linkedin.com\/in\/irangashttour\/\"]}]}<\/script>\n<!-- \/ Yoast SEO Premium plugin. -->","yoast_head_json":{"title":"KERMAN - Best Iran Tours &amp; Travel Packages 2026\/2027","description":"Die Stadt Kerman ist die Hauptstadt der gleichnamigen Provinz im s\u00fcdosten Iran, ca. 984km von Tehran entfernt. Die Stadt liegt am Rande der Lut W\u00fcste und expandierte in w\u00e4hrend der Herrschaft der Safawiden im 16. Und 17 Jh. .","robots":{"index":"index","follow":"follow","max-snippet":"max-snippet:-1","max-image-preview":"max-image-preview:large","max-video-preview":"max-video-preview:-1"},"canonical":"https:\/\/irangashttour.com\/kerman\/","og_locale":"de_DE","og_type":"article","og_title":"KERMAN","og_description":"Die Stadt Kerman ist die Hauptstadt der gleichnamigen Provinz im s\u00fcdosten Iran, ca. 984km von Tehran entfernt. Die Stadt liegt am Rande der Lut W\u00fcste und expandierte in w\u00e4hrend der Herrschaft der Safawiden im 16. Und 17 Jh. .","og_url":"https:\/\/irangashttour.com\/kerman\/","og_site_name":"Best Iran Tours &amp; Travel Packages 2026\/2027","article_publisher":"https:\/\/www.facebook.com\/gashttour.shiraz.5","article_modified_time":"2020-04-14T11:30:57+00:00","twitter_card":"summary_large_image","twitter_site":"@irangashttour","twitter_misc":{"Gesch\u00e4tzte Lesezeit":"3\u00a0Minuten"},"schema":{"@context":"https:\/\/schema.org","@graph":[{"@type":"WebPage","@id":"https:\/\/irangashttour.com\/kerman\/","url":"https:\/\/irangashttour.com\/kerman\/","name":"KERMAN - Best Iran Tours &amp; Travel Packages 2026\/2027","isPartOf":{"@id":"https:\/\/irangashttour.com\/#website"},"datePublished":"2020-04-14T11:26:18+00:00","dateModified":"2020-04-14T11:30:57+00:00","description":"Die Stadt Kerman ist die Hauptstadt der gleichnamigen Provinz im s\u00fcdosten Iran, ca. 984km von Tehran entfernt. Die Stadt liegt am Rande der Lut W\u00fcste und expandierte in w\u00e4hrend der Herrschaft der Safawiden im 16. Und 17 Jh. .","breadcrumb":{"@id":"https:\/\/irangashttour.com\/kerman\/#breadcrumb"},"inLanguage":"de","potentialAction":[{"@type":"ReadAction","target":["https:\/\/irangashttour.com\/kerman\/"]}]},{"@type":"BreadcrumbList","@id":"https:\/\/irangashttour.com\/kerman\/#breadcrumb","itemListElement":[{"@type":"ListItem","position":1,"name":"Home","item":"https:\/\/irangashttour.com\/de\/iran-reisen\/"},{"@type":"ListItem","position":2,"name":"KERMAN"}]},{"@type":"WebSite","@id":"https:\/\/irangashttour.com\/#website","url":"https:\/\/irangashttour.com\/","name":"Best Iran Tour Packages 2025","description":"Discover Iran with Gashttour Travel Agency","publisher":{"@id":"https:\/\/irangashttour.com\/#organization"},"potentialAction":[{"@type":"SearchAction","target":{"@type":"EntryPoint","urlTemplate":"https:\/\/irangashttour.com\/?s={search_term_string}"},"query-input":"required name=search_term_string"}],"inLanguage":"de"},{"@type":"Organization","@id":"https:\/\/irangashttour.com\/#organization","name":"GASHTTOUR TRAVEL & TOUR AGENCY","url":"https:\/\/irangashttour.com\/","logo":{"@type":"ImageObject","inLanguage":"de","@id":"https:\/\/irangashttour.com\/#\/schema\/logo\/image\/","url":"https:\/\/irangashttour.com\/wp-content\/uploads\/2020\/03\/irangashttour.jpg","contentUrl":"https:\/\/irangashttour.com\/wp-content\/uploads\/2020\/03\/irangashttour.jpg","width":230,"height":230,"caption":"GASHTTOUR TRAVEL & TOUR AGENCY"},"image":{"@id":"https:\/\/irangashttour.com\/#\/schema\/logo\/image\/"},"sameAs":["https:\/\/www.facebook.com\/gashttour.shiraz.5","https:\/\/twitter.com\/irangashttour","https:\/\/www.instagram.com\/irangashttour\/","https:\/\/www.linkedin.com\/in\/irangashttour\/"]}]}},"_links":{"self":[{"href":"https:\/\/irangashttour.com\/de\/wp-json\/wp\/v2\/pages\/9573"}],"collection":[{"href":"https:\/\/irangashttour.com\/de\/wp-json\/wp\/v2\/pages"}],"about":[{"href":"https:\/\/irangashttour.com\/de\/wp-json\/wp\/v2\/types\/page"}],"author":[{"embeddable":true,"href":"https:\/\/irangashttour.com\/de\/wp-json\/wp\/v2\/users\/1"}],"replies":[{"embeddable":true,"href":"https:\/\/irangashttour.com\/de\/wp-json\/wp\/v2\/comments?post=9573"}],"version-history":[{"count":3,"href":"https:\/\/irangashttour.com\/de\/wp-json\/wp\/v2\/pages\/9573\/revisions"}],"predecessor-version":[{"id":9576,"href":"https:\/\/irangashttour.com\/de\/wp-json\/wp\/v2\/pages\/9573\/revisions\/9576"}],"wp:attachment":[{"href":"https:\/\/irangashttour.com\/de\/wp-json\/wp\/v2\/media?parent=9573"}],"curies":[{"name":"wp","href":"https:\/\/api.w.org\/{rel}","templated":true}]}}