{"id":9619,"date":"2020-04-15T15:36:06","date_gmt":"2020-04-15T15:36:06","guid":{"rendered":"https:\/\/irangashttour.com\/hormoz-island\/"},"modified":"2020-04-19T17:13:12","modified_gmt":"2020-04-19T17:13:12","slug":"hormos-insel","status":"publish","type":"page","link":"https:\/\/irangashttour.com\/de\/hormos-insel\/","title":{"rendered":"HORMOS INSEL IM PERSISCHEN GOLF"},"content":{"rendered":"\n<style type=\"text\/css\" data-created_by=\"avia_inline_auto\" id=\"style-css-av-38qju4-b7fb2b59e0fd5bfa79cad65f0410d175\">\n.flex_column.av-38qju4-b7fb2b59e0fd5bfa79cad65f0410d175{\nborder-radius:0px 0px 0px 0px;\n-webkit-border-radius:0px 0px 0px 0px;\n-moz-border-radius:0px 0px 0px 0px;\n}\n<\/style>\n<div class='flex_column av-38qju4-b7fb2b59e0fd5bfa79cad65f0410d175 av_one_full  avia-builder-el-0  avia-builder-el-no-sibling  first flex_column_div av-zero-column-padding '   ><section  class='av_textblock_section av-jukyg6ce-6dd4ee477e6fd213ae205c237e55d9df'  itemscope=\"itemscope\" itemtype=\"https:\/\/schema.org\/CreativeWork\" ><div class='avia_textblock'  itemprop=\"text\" ><p style=\"text-align: justify;\"><strong>Hormos Insel im Persischen Golf<\/strong><\/p>\n<p style=\"text-align: justify;\"><strong>Tal der Stille (Dareh-e Sokoot)<\/strong><\/p>\n<p style=\"text-align: justify;\">In der Umk\u00e4mpften Meerenge von Hormos, liegt die Insel Hormos. Sehr sehenswert ist der Tal der Stille mit seiner vielfarbigen felsigen Landschaft, bestehend aus Roteisenoxid und Salz. In der Vergangenheit haben die Einheimischen das Salz mit dem Beil und der Axt aus dem Tal gewonnen, darum nennt man das Tal auch \u201eTabarzan\u201c (H\u00e4mmer). Eine Attraktion des Tals ist die Saltzstatue der Salzg\u00f6ttin.<\/p>\n<p style=\"text-align: justify;\">\n<strong>Tal der Statuen<\/strong><\/p>\n<p style=\"text-align: justify;\">Der Tal der Statuen ist eine weitere nat\u00fcrliche Sehensw\u00fcrdigkeit, mit hohen Mauern, die verschiedenen Erosionen ausgesetzt waren. Dadurch entstanden auf nat\u00fcrliche Weise verschiedene Gesteinformationen .<\/p>\n<p style=\"text-align: justify;\">\n<strong>Sandteppich <\/strong><\/p>\n<p style=\"text-align: justify;\">Jedes Jahr versammeln sich K\u00fcnstler und Maler auf der Insel Hormus und gestalten aus den verschiedenen Sandfarben der Insel, nicht weit vom Strand, einen gro\u00dfen bunten Teppich. Die Farbschattierungen werden aus den verschiedenen Sandfarben der vorhandenen Erde auf der Insel geschafft. Symbole lokaler Legenden, Fischerboote, Hirsche und Baumst\u00e4mme geh\u00f6ren zu den Muster dieses Teppichs.<\/p>\n<p style=\"text-align: justify;\">&nbsp;<\/p>\n<p style=\"text-align: justify;\"><strong>Museum von Dr. Nadalian<\/strong><\/p>\n<p style=\"text-align: justify;\">Nahe der protugiesischen Festung liegt das Museum von Dr. Nadalian. Dr. Nadalian hatte ein Interesse an der indigenen Kunst. Die vielf\u00e4ltige k\u00fcnstlerische Handwerkskunst der Inselbewohner und die Dokumentation des Lebens von Dr. Nadalian bilden das Museum.<\/p>\n<p style=\"text-align: justify;\">\n<strong>Portugiesische Festung<\/strong><br \/>\nDie Insel Hormos wurde ab 1507 von den Portugiesen beherrscht, bis es 1622 durch den Safaviden K\u00f6nig Schah-Abbas mit Hilfe der britischen Marine zur\u00fcckerobert wurde. Aus der zeit der portugiesischen Herrschaft sind Ruinen einer Festung zu sehen.<\/p>\n<p style=\"text-align: justify;\">&nbsp;<\/p>\n<\/div><\/section><\/div>\n","protected":false},"excerpt":{"rendered":"","protected":false},"author":1,"featured_media":0,"parent":0,"menu_order":0,"comment_status":"closed","ping_status":"closed","template":"","meta":{"ngg_post_thumbnail":0,"footnotes":""},"yoast_head":"<!-- This site is optimized with the Yoast SEO Premium plugin v22.0 (Yoast SEO v22.0) - https:\/\/yoast.com\/wordpress\/plugins\/seo\/ -->\n<title>HORMOS INSEL IM PERSISCHEN GOLF - Best Iran Tours &amp; Travel Packages 2026\/2027<\/title>\n<meta name=\"description\" content=\"Hormos liegt 16 Kilometer s\u00fcdlich der iranischen K\u00fcste (nahe Bandar Abbas) und ist beinahe kreisrund. Die Oberfl\u00e4che der Insel betr\u00e4gt etwa 42 Quadratkilometer und besteht haupts\u00e4chlich aus Sedimentgesteinen.\" \/>\n<meta name=\"robots\" content=\"index, follow, max-snippet:-1, max-image-preview:large, max-video-preview:-1\" \/>\n<link rel=\"canonical\" href=\"https:\/\/irangashttour.com\/hormuz-island\/\" \/>\n<meta property=\"og:locale\" content=\"de_DE\" \/>\n<meta property=\"og:type\" content=\"article\" \/>\n<meta property=\"og:title\" content=\"HORMOS INSEL IM PERSISCHEN GOLF\" \/>\n<meta property=\"og:description\" content=\"Hormos liegt 16 Kilometer s\u00fcdlich der iranischen K\u00fcste (nahe Bandar Abbas) und ist beinahe kreisrund. Die Oberfl\u00e4che der Insel betr\u00e4gt etwa 42 Quadratkilometer und besteht haupts\u00e4chlich aus Sedimentgesteinen.\" \/>\n<meta property=\"og:url\" content=\"https:\/\/irangashttour.com\/hormuz-island\/\" \/>\n<meta property=\"og:site_name\" content=\"Best Iran Tours &amp; Travel Packages 2026\/2027\" \/>\n<meta property=\"article:publisher\" content=\"https:\/\/www.facebook.com\/gashttour.shiraz.5\" \/>\n<meta property=\"article:modified_time\" content=\"2020-04-19T17:13:12+00:00\" \/>\n<meta name=\"twitter:card\" content=\"summary_large_image\" \/>\n<meta name=\"twitter:site\" content=\"@irangashttour\" \/>\n<meta name=\"twitter:label1\" content=\"Gesch\u00e4tzte Lesezeit\" \/>\n\t<meta name=\"twitter:data1\" content=\"2\u00a0Minuten\" \/>\n<script type=\"application\/ld+json\" class=\"yoast-schema-graph\">{\"@context\":\"https:\/\/schema.org\",\"@graph\":[{\"@type\":\"WebPage\",\"@id\":\"https:\/\/irangashttour.com\/hormuz-island\/\",\"url\":\"https:\/\/irangashttour.com\/hormuz-island\/\",\"name\":\"HORMOS INSEL IM PERSISCHEN GOLF - Best Iran Tours &amp; Travel Packages 2026\/2027\",\"isPartOf\":{\"@id\":\"https:\/\/irangashttour.com\/#website\"},\"datePublished\":\"2020-04-15T15:36:06+00:00\",\"dateModified\":\"2020-04-19T17:13:12+00:00\",\"description\":\"Hormos liegt 16 Kilometer s\u00fcdlich der iranischen K\u00fcste (nahe Bandar Abbas) und ist beinahe kreisrund. Die Oberfl\u00e4che der Insel betr\u00e4gt etwa 42 Quadratkilometer und besteht haupts\u00e4chlich aus Sedimentgesteinen.\",\"breadcrumb\":{\"@id\":\"https:\/\/irangashttour.com\/hormuz-island\/#breadcrumb\"},\"inLanguage\":\"de\",\"potentialAction\":[{\"@type\":\"ReadAction\",\"target\":[\"https:\/\/irangashttour.com\/hormuz-island\/\"]}]},{\"@type\":\"BreadcrumbList\",\"@id\":\"https:\/\/irangashttour.com\/hormuz-island\/#breadcrumb\",\"itemListElement\":[{\"@type\":\"ListItem\",\"position\":1,\"name\":\"Home\",\"item\":\"https:\/\/irangashttour.com\/de\/iran-reisen\/\"},{\"@type\":\"ListItem\",\"position\":2,\"name\":\"HORMOS INSEL IM PERSISCHEN GOLF\"}]},{\"@type\":\"WebSite\",\"@id\":\"https:\/\/irangashttour.com\/#website\",\"url\":\"https:\/\/irangashttour.com\/\",\"name\":\"Best Iran Tour Packages 2025\",\"description\":\"Discover Iran with Gashttour Travel Agency\",\"publisher\":{\"@id\":\"https:\/\/irangashttour.com\/#organization\"},\"potentialAction\":[{\"@type\":\"SearchAction\",\"target\":{\"@type\":\"EntryPoint\",\"urlTemplate\":\"https:\/\/irangashttour.com\/?s={search_term_string}\"},\"query-input\":\"required name=search_term_string\"}],\"inLanguage\":\"de\"},{\"@type\":\"Organization\",\"@id\":\"https:\/\/irangashttour.com\/#organization\",\"name\":\"GASHTTOUR TRAVEL & TOUR AGENCY\",\"url\":\"https:\/\/irangashttour.com\/\",\"logo\":{\"@type\":\"ImageObject\",\"inLanguage\":\"de\",\"@id\":\"https:\/\/irangashttour.com\/#\/schema\/logo\/image\/\",\"url\":\"https:\/\/irangashttour.com\/wp-content\/uploads\/2020\/03\/irangashttour.jpg\",\"contentUrl\":\"https:\/\/irangashttour.com\/wp-content\/uploads\/2020\/03\/irangashttour.jpg\",\"width\":230,\"height\":230,\"caption\":\"GASHTTOUR TRAVEL & TOUR AGENCY\"},\"image\":{\"@id\":\"https:\/\/irangashttour.com\/#\/schema\/logo\/image\/\"},\"sameAs\":[\"https:\/\/www.facebook.com\/gashttour.shiraz.5\",\"https:\/\/twitter.com\/irangashttour\",\"https:\/\/www.instagram.com\/irangashttour\/\",\"https:\/\/www.linkedin.com\/in\/irangashttour\/\"]}]}<\/script>\n<!-- \/ Yoast SEO Premium plugin. -->","yoast_head_json":{"title":"HORMOS INSEL IM PERSISCHEN GOLF - Best Iran Tours &amp; Travel Packages 2026\/2027","description":"Hormos liegt 16 Kilometer s\u00fcdlich der iranischen K\u00fcste (nahe Bandar Abbas) und ist beinahe kreisrund. Die Oberfl\u00e4che der Insel betr\u00e4gt etwa 42 Quadratkilometer und besteht haupts\u00e4chlich aus Sedimentgesteinen.","robots":{"index":"index","follow":"follow","max-snippet":"max-snippet:-1","max-image-preview":"max-image-preview:large","max-video-preview":"max-video-preview:-1"},"canonical":"https:\/\/irangashttour.com\/hormuz-island\/","og_locale":"de_DE","og_type":"article","og_title":"HORMOS INSEL IM PERSISCHEN GOLF","og_description":"Hormos liegt 16 Kilometer s\u00fcdlich der iranischen K\u00fcste (nahe Bandar Abbas) und ist beinahe kreisrund. Die Oberfl\u00e4che der Insel betr\u00e4gt etwa 42 Quadratkilometer und besteht haupts\u00e4chlich aus Sedimentgesteinen.","og_url":"https:\/\/irangashttour.com\/hormuz-island\/","og_site_name":"Best Iran Tours &amp; Travel Packages 2026\/2027","article_publisher":"https:\/\/www.facebook.com\/gashttour.shiraz.5","article_modified_time":"2020-04-19T17:13:12+00:00","twitter_card":"summary_large_image","twitter_site":"@irangashttour","twitter_misc":{"Gesch\u00e4tzte Lesezeit":"2\u00a0Minuten"},"schema":{"@context":"https:\/\/schema.org","@graph":[{"@type":"WebPage","@id":"https:\/\/irangashttour.com\/hormuz-island\/","url":"https:\/\/irangashttour.com\/hormuz-island\/","name":"HORMOS INSEL IM PERSISCHEN GOLF - Best Iran Tours &amp; Travel Packages 2026\/2027","isPartOf":{"@id":"https:\/\/irangashttour.com\/#website"},"datePublished":"2020-04-15T15:36:06+00:00","dateModified":"2020-04-19T17:13:12+00:00","description":"Hormos liegt 16 Kilometer s\u00fcdlich der iranischen K\u00fcste (nahe Bandar Abbas) und ist beinahe kreisrund. Die Oberfl\u00e4che der Insel betr\u00e4gt etwa 42 Quadratkilometer und besteht haupts\u00e4chlich aus Sedimentgesteinen.","breadcrumb":{"@id":"https:\/\/irangashttour.com\/hormuz-island\/#breadcrumb"},"inLanguage":"de","potentialAction":[{"@type":"ReadAction","target":["https:\/\/irangashttour.com\/hormuz-island\/"]}]},{"@type":"BreadcrumbList","@id":"https:\/\/irangashttour.com\/hormuz-island\/#breadcrumb","itemListElement":[{"@type":"ListItem","position":1,"name":"Home","item":"https:\/\/irangashttour.com\/de\/iran-reisen\/"},{"@type":"ListItem","position":2,"name":"HORMOS INSEL IM PERSISCHEN GOLF"}]},{"@type":"WebSite","@id":"https:\/\/irangashttour.com\/#website","url":"https:\/\/irangashttour.com\/","name":"Best Iran Tour Packages 2025","description":"Discover Iran with Gashttour Travel Agency","publisher":{"@id":"https:\/\/irangashttour.com\/#organization"},"potentialAction":[{"@type":"SearchAction","target":{"@type":"EntryPoint","urlTemplate":"https:\/\/irangashttour.com\/?s={search_term_string}"},"query-input":"required name=search_term_string"}],"inLanguage":"de"},{"@type":"Organization","@id":"https:\/\/irangashttour.com\/#organization","name":"GASHTTOUR TRAVEL & TOUR AGENCY","url":"https:\/\/irangashttour.com\/","logo":{"@type":"ImageObject","inLanguage":"de","@id":"https:\/\/irangashttour.com\/#\/schema\/logo\/image\/","url":"https:\/\/irangashttour.com\/wp-content\/uploads\/2020\/03\/irangashttour.jpg","contentUrl":"https:\/\/irangashttour.com\/wp-content\/uploads\/2020\/03\/irangashttour.jpg","width":230,"height":230,"caption":"GASHTTOUR TRAVEL & TOUR AGENCY"},"image":{"@id":"https:\/\/irangashttour.com\/#\/schema\/logo\/image\/"},"sameAs":["https:\/\/www.facebook.com\/gashttour.shiraz.5","https:\/\/twitter.com\/irangashttour","https:\/\/www.instagram.com\/irangashttour\/","https:\/\/www.linkedin.com\/in\/irangashttour\/"]}]}},"_links":{"self":[{"href":"https:\/\/irangashttour.com\/de\/wp-json\/wp\/v2\/pages\/9619"}],"collection":[{"href":"https:\/\/irangashttour.com\/de\/wp-json\/wp\/v2\/pages"}],"about":[{"href":"https:\/\/irangashttour.com\/de\/wp-json\/wp\/v2\/types\/page"}],"author":[{"embeddable":true,"href":"https:\/\/irangashttour.com\/de\/wp-json\/wp\/v2\/users\/1"}],"replies":[{"embeddable":true,"href":"https:\/\/irangashttour.com\/de\/wp-json\/wp\/v2\/comments?post=9619"}],"version-history":[{"count":3,"href":"https:\/\/irangashttour.com\/de\/wp-json\/wp\/v2\/pages\/9619\/revisions"}],"predecessor-version":[{"id":9746,"href":"https:\/\/irangashttour.com\/de\/wp-json\/wp\/v2\/pages\/9619\/revisions\/9746"}],"wp:attachment":[{"href":"https:\/\/irangashttour.com\/de\/wp-json\/wp\/v2\/media?parent=9619"}],"curies":[{"name":"wp","href":"https:\/\/api.w.org\/{rel}","templated":true}]}}