{"id":9631,"date":"2020-04-16T03:36:20","date_gmt":"2020-04-16T03:36:20","guid":{"rendered":"https:\/\/irangashttour.com\/tabriz\/"},"modified":"2020-04-16T03:45:19","modified_gmt":"2020-04-16T03:45:19","slug":"tabriz","status":"publish","type":"page","link":"https:\/\/irangashttour.com\/de\/tabriz\/","title":{"rendered":"TABRIZ"},"content":{"rendered":"\n<style type=\"text\/css\" data-created_by=\"avia_inline_auto\" id=\"style-css-av-2dd7ya-69466af9b75154787b75162449f9faee\">\n.flex_column.av-2dd7ya-69466af9b75154787b75162449f9faee{\nborder-radius:0px 0px 0px 0px;\n-webkit-border-radius:0px 0px 0px 0px;\n-moz-border-radius:0px 0px 0px 0px;\n}\n<\/style>\n<div class='flex_column av-2dd7ya-69466af9b75154787b75162449f9faee av_one_full  avia-builder-el-0  avia-builder-el-no-sibling  first flex_column_div av-zero-column-padding '   ><section  class='av_textblock_section av-jukvsxjz-fc75fa480ab18596b6ea82715778b2ac'  itemscope=\"itemscope\" itemtype=\"https:\/\/schema.org\/CreativeWork\" ><div class='avia_textblock'  itemprop=\"text\" ><p style=\"text-align: justify;\">Die Stadt Tabriz ist die Hauptstadt der Provinz Ost-Azerbaijan und liegt im Nordwesten des Landes. Im Sommer hat es ein angenehmes Klima, die Winter jedoch sind kalt und schneebedeckt.<\/p>\n<p style=\"text-align: justify;\"><strong>Blaue Moschee (Masjed-e Kabud)<\/strong><br \/>\nDie Blaue Moschee liegt im Stadtzentrum von Tabriz. Die Moschee wurde 1465 errichtet (unter der Herrschaft der Qara Qoyunlu, eine turkmenischer Stammesbund). 1776 wurde es durch ein Erdbeben stark besch\u00e4digt und detailtreu restauriert.<\/p>\n<p style=\"text-align: justify;\"><strong>Haus der Verfassung (Khaneh Maschruteh)<\/strong><br \/>\nNahe des Basars von Tabriz, liegt ein B\u00fcrgerhaus aus der Qajarenzeit (1868), die einst Treffpunkt der Anh\u00e4nger der konstitutionellen Revolution (1905-1911) war. Heute dient das Haus als Gedenkst\u00e4tte f\u00fcr die Anf\u00fchrer der konstituionellen Revolution Sattarkhan und Bagherkhan.<\/p>\n<p style=\"text-align: justify;\"><strong>Der Basar von Tabriz (UNESCO-Weltkulturerbe)<\/strong><br \/>\nTeile des Basarkomplexes stammen aus Zeit der Safawidenherrscher im 16. Jh. . W\u00e4hrend der Herrschaft der Qajaren (1779-1925) wurde der Basar weiter ausgebaut.<\/p>\n<p style=\"text-align: justify;\"><strong>Jame Moschee<\/strong><br \/>\nWestlich des Basars liegt die Jame Moschee, die aus der Zeit der Seldschuken im 11. Jh. stammt.<\/p>\n<p style=\"text-align: justify;\"><strong>Grabmal der Dichter (Maghbareh Schoara)<\/strong><br \/>\nAuf diesem Friedhof befinden sich die Gr\u00e4ber von rund 400 Dichters, Mystikern und Tehologen.<br \/>\nAuch das Grabmal des zeitgen\u00f6ssischen Dichters aus Tabriz Schahriar liegt dort. Das Geb\u00e4udekomplex wurde 1971 gebaut.<\/p>\n<p style=\"text-align: justify;\"><strong>Das Geb\u00e4ude der Architekturfakult\u00e4t<\/strong><br \/>\nDas Geb\u00e4udekomplex der Architekturfakult\u00e4t der Universit\u00e4t f\u00fcr islamische Kunst besteht aus drei beeindruckenden 230 Jahre alten Geb\u00e4uden mit zweist\u00f6ckigen Kolonnaden, Innenh\u00f6fen und dekorativen Teichen. Bei etwas Gl\u00fcck und der Bereitschaft f\u00fcr ein Trinkgeld findet sich eventuell jemand f\u00fcr eine kurze Rumf\u00fchrung.<\/p>\n<p style=\"text-align: justify;\"><strong>Uhrturm<\/strong><br \/>\nVor dem Rathaus der Stadt stet ein Uhrturm, der im Jahr 1935 errichtet wurde. Es l\u00e4utet im Viertelstundentakt.<\/p>\n<p style=\"text-align: justify;\"><strong>Ali-Schah Festung<\/strong><br \/>\nBei der heutigen Ali-Schah Festung handelt es sich um die \u00dcberreste der einst gro\u00dfen Ali-Schah Moschee aus der mongolischen Herrschaftszeit der Ilchanen (Ilkhaniden) im 14. Jh. .<br \/>\nIm Laufe der Zeit verfiel das Geb\u00e4ude infolge von Erdbeben und Gefechten, sodass es zeitweilen als Festung benutzt wurde.<\/p>\n<p style=\"text-align: justify;\"><strong>Saheb-ol-Amr Moschee<\/strong><br \/>\nDer Name der Moschee bedeutet \u201eBefehlshaber\u201c und weist auf den Titel des letzten schiitischen Imams hin, dessen Erscheinung die Schiiten seit Jahrhunderten erwarten. Der Bau der Moschee begann im Jahr 1636 auf Befehl des Safawidenk\u00f6nigs Tahmasb. Im Laufe der Zeit wurde die Moschee mehrfach zerst\u00f6rt und neuerrichtet.<\/p>\n<p style=\"text-align: justify;\"><strong>Khalaat Puschan Turm<\/strong><br \/>\nDer Khalaat Puschan Turm ist ein weiteres Bauwerk aus der Safawidenherrschaft (1501-1722) und liegt 10km \u00f6stlich von Tabriz. Der Ziegelturm ist dreistockig und diente w\u00e4hrend der Qajarenzeit als Ort der Amtseinweisung und Investitur hochrangiger Beamte von Tabriz, daher auch der Name \u201eKhalaat\u201c der auf die \u00dcbergabe des Mantels hindeutet.<\/p>\n<p style=\"text-align: justify;\"><strong>El-Goli Park<\/strong><br \/>\nDer El-Goli Freizeitpark befindet sic him S\u00fcdosten der Stadt Tabriz. Mitten im Park liegt ein k\u00fcnstlicher See, um diesen herum befinden sich Sitzb\u00e4nke, Imbisse und Teestuben. Zudem gibt es einen Treetbootverleih. Im Zentrum des Sees befindet sich ein hexogenales Geb\u00e4ude. Das Geb\u00e4ude stammte urspr\u00fcnglich aus der Zeit der Herrschaft des mongolischen Stammes Agh Qojunlu, die in den Jahren 1378-1501 \u00fcber Teile des Landes regierten, und wird dem K\u00f6nig Schah Golu zugeschrieben.<\/p>\n<p style=\"text-align: justify;\"><strong>Felsendorf Kandovan<\/strong><br \/>\nDas Felsendorf liegt am nordwestlichen Abhang des Sahand Gebirges, 62 s\u00fcdlich von Tabriz und 22km s\u00fcd\u00f6stlich von der Kleinstadt Osku entfernt. Die Behausungen des 800 Jahre alten Dorfes sind zum Teil in den Tuffsteinen gegraben, weitere Wohnh\u00f6hlen sind terrassenweise \u00fcbereinander errichtet.<\/p>\n<p style=\"text-align: justify;\"><strong>St. Stephanos Kloster\/Schwarze Kirche (UNESCO Weltkulturerbe)<\/strong><br \/>\nUnweit der iranisch-armenischen Grenze liegt das Kloster von St. Stephanos. Das Kloster soll den \u00dcberlieferungen nach durch den heiligen Bartholomus im 1. Jahrhundert nach Christus gegr\u00fcndet worden sein. Der Legende nach sollen die Gebeine des Apostels Thadd\u00e4us hier \u00fcberf\u00fchrt worden sein.<\/p>\n<\/div><\/section><\/div>\n","protected":false},"excerpt":{"rendered":"","protected":false},"author":1,"featured_media":0,"parent":0,"menu_order":0,"comment_status":"closed","ping_status":"closed","template":"","meta":{"ngg_post_thumbnail":0,"footnotes":""},"yoast_head":"<!-- This site is optimized with the Yoast SEO Premium plugin v22.0 (Yoast SEO v22.0) - https:\/\/yoast.com\/wordpress\/plugins\/seo\/ -->\n<title>TABRIZ - Best Iran Tours &amp; Travel Packages 2026\/2027<\/title>\n<meta name=\"description\" content=\"Die Stadt Tabriz ist die Hauptstadt der Provinz Ost-Azerbaijan und liegt im Nordwesten des Landes. Im Sommer hat es ein angenehmes Klima, die Winter jedoch sind kalt und schneebedeckt.\" \/>\n<meta name=\"robots\" content=\"index, follow, max-snippet:-1, max-image-preview:large, max-video-preview:-1\" \/>\n<link rel=\"canonical\" href=\"https:\/\/irangashttour.com\/tabriz\/\" \/>\n<meta property=\"og:locale\" content=\"de_DE\" \/>\n<meta property=\"og:type\" content=\"article\" \/>\n<meta property=\"og:title\" content=\"TABRIZ\" \/>\n<meta property=\"og:description\" content=\"Die Stadt Tabriz ist die Hauptstadt der Provinz Ost-Azerbaijan und liegt im Nordwesten des Landes. Im Sommer hat es ein angenehmes Klima, die Winter jedoch sind kalt und schneebedeckt.\" \/>\n<meta property=\"og:url\" content=\"https:\/\/irangashttour.com\/tabriz\/\" \/>\n<meta property=\"og:site_name\" content=\"Best Iran Tours &amp; Travel Packages 2026\/2027\" \/>\n<meta property=\"article:publisher\" content=\"https:\/\/www.facebook.com\/gashttour.shiraz.5\" \/>\n<meta property=\"article:modified_time\" content=\"2020-04-16T03:45:19+00:00\" \/>\n<meta name=\"twitter:card\" content=\"summary_large_image\" \/>\n<meta name=\"twitter:site\" content=\"@irangashttour\" \/>\n<meta name=\"twitter:label1\" content=\"Gesch\u00e4tzte Lesezeit\" \/>\n\t<meta name=\"twitter:data1\" content=\"4\u00a0Minuten\" \/>\n<script type=\"application\/ld+json\" class=\"yoast-schema-graph\">{\"@context\":\"https:\/\/schema.org\",\"@graph\":[{\"@type\":\"WebPage\",\"@id\":\"https:\/\/irangashttour.com\/tabriz\/\",\"url\":\"https:\/\/irangashttour.com\/tabriz\/\",\"name\":\"TABRIZ - Best Iran Tours &amp; Travel Packages 2026\/2027\",\"isPartOf\":{\"@id\":\"https:\/\/irangashttour.com\/#website\"},\"datePublished\":\"2020-04-16T03:36:20+00:00\",\"dateModified\":\"2020-04-16T03:45:19+00:00\",\"description\":\"Die Stadt Tabriz ist die Hauptstadt der Provinz Ost-Azerbaijan und liegt im Nordwesten des Landes. Im Sommer hat es ein angenehmes Klima, die Winter jedoch sind kalt und schneebedeckt.\",\"breadcrumb\":{\"@id\":\"https:\/\/irangashttour.com\/tabriz\/#breadcrumb\"},\"inLanguage\":\"de\",\"potentialAction\":[{\"@type\":\"ReadAction\",\"target\":[\"https:\/\/irangashttour.com\/tabriz\/\"]}]},{\"@type\":\"BreadcrumbList\",\"@id\":\"https:\/\/irangashttour.com\/tabriz\/#breadcrumb\",\"itemListElement\":[{\"@type\":\"ListItem\",\"position\":1,\"name\":\"Home\",\"item\":\"https:\/\/irangashttour.com\/de\/iran-reisen\/\"},{\"@type\":\"ListItem\",\"position\":2,\"name\":\"TABRIZ\"}]},{\"@type\":\"WebSite\",\"@id\":\"https:\/\/irangashttour.com\/#website\",\"url\":\"https:\/\/irangashttour.com\/\",\"name\":\"Best Iran Tour Packages 2025\",\"description\":\"Discover Iran with Gashttour Travel Agency\",\"publisher\":{\"@id\":\"https:\/\/irangashttour.com\/#organization\"},\"potentialAction\":[{\"@type\":\"SearchAction\",\"target\":{\"@type\":\"EntryPoint\",\"urlTemplate\":\"https:\/\/irangashttour.com\/?s={search_term_string}\"},\"query-input\":\"required name=search_term_string\"}],\"inLanguage\":\"de\"},{\"@type\":\"Organization\",\"@id\":\"https:\/\/irangashttour.com\/#organization\",\"name\":\"GASHTTOUR TRAVEL & TOUR AGENCY\",\"url\":\"https:\/\/irangashttour.com\/\",\"logo\":{\"@type\":\"ImageObject\",\"inLanguage\":\"de\",\"@id\":\"https:\/\/irangashttour.com\/#\/schema\/logo\/image\/\",\"url\":\"https:\/\/irangashttour.com\/wp-content\/uploads\/2020\/03\/irangashttour.jpg\",\"contentUrl\":\"https:\/\/irangashttour.com\/wp-content\/uploads\/2020\/03\/irangashttour.jpg\",\"width\":230,\"height\":230,\"caption\":\"GASHTTOUR TRAVEL & TOUR AGENCY\"},\"image\":{\"@id\":\"https:\/\/irangashttour.com\/#\/schema\/logo\/image\/\"},\"sameAs\":[\"https:\/\/www.facebook.com\/gashttour.shiraz.5\",\"https:\/\/twitter.com\/irangashttour\",\"https:\/\/www.instagram.com\/irangashttour\/\",\"https:\/\/www.linkedin.com\/in\/irangashttour\/\"]}]}<\/script>\n<!-- \/ Yoast SEO Premium plugin. -->","yoast_head_json":{"title":"TABRIZ - Best Iran Tours &amp; Travel Packages 2026\/2027","description":"Die Stadt Tabriz ist die Hauptstadt der Provinz Ost-Azerbaijan und liegt im Nordwesten des Landes. Im Sommer hat es ein angenehmes Klima, die Winter jedoch sind kalt und schneebedeckt.","robots":{"index":"index","follow":"follow","max-snippet":"max-snippet:-1","max-image-preview":"max-image-preview:large","max-video-preview":"max-video-preview:-1"},"canonical":"https:\/\/irangashttour.com\/tabriz\/","og_locale":"de_DE","og_type":"article","og_title":"TABRIZ","og_description":"Die Stadt Tabriz ist die Hauptstadt der Provinz Ost-Azerbaijan und liegt im Nordwesten des Landes. Im Sommer hat es ein angenehmes Klima, die Winter jedoch sind kalt und schneebedeckt.","og_url":"https:\/\/irangashttour.com\/tabriz\/","og_site_name":"Best Iran Tours &amp; Travel Packages 2026\/2027","article_publisher":"https:\/\/www.facebook.com\/gashttour.shiraz.5","article_modified_time":"2020-04-16T03:45:19+00:00","twitter_card":"summary_large_image","twitter_site":"@irangashttour","twitter_misc":{"Gesch\u00e4tzte Lesezeit":"4\u00a0Minuten"},"schema":{"@context":"https:\/\/schema.org","@graph":[{"@type":"WebPage","@id":"https:\/\/irangashttour.com\/tabriz\/","url":"https:\/\/irangashttour.com\/tabriz\/","name":"TABRIZ - Best Iran Tours &amp; Travel Packages 2026\/2027","isPartOf":{"@id":"https:\/\/irangashttour.com\/#website"},"datePublished":"2020-04-16T03:36:20+00:00","dateModified":"2020-04-16T03:45:19+00:00","description":"Die Stadt Tabriz ist die Hauptstadt der Provinz Ost-Azerbaijan und liegt im Nordwesten des Landes. Im Sommer hat es ein angenehmes Klima, die Winter jedoch sind kalt und schneebedeckt.","breadcrumb":{"@id":"https:\/\/irangashttour.com\/tabriz\/#breadcrumb"},"inLanguage":"de","potentialAction":[{"@type":"ReadAction","target":["https:\/\/irangashttour.com\/tabriz\/"]}]},{"@type":"BreadcrumbList","@id":"https:\/\/irangashttour.com\/tabriz\/#breadcrumb","itemListElement":[{"@type":"ListItem","position":1,"name":"Home","item":"https:\/\/irangashttour.com\/de\/iran-reisen\/"},{"@type":"ListItem","position":2,"name":"TABRIZ"}]},{"@type":"WebSite","@id":"https:\/\/irangashttour.com\/#website","url":"https:\/\/irangashttour.com\/","name":"Best Iran Tour Packages 2025","description":"Discover Iran with Gashttour Travel Agency","publisher":{"@id":"https:\/\/irangashttour.com\/#organization"},"potentialAction":[{"@type":"SearchAction","target":{"@type":"EntryPoint","urlTemplate":"https:\/\/irangashttour.com\/?s={search_term_string}"},"query-input":"required name=search_term_string"}],"inLanguage":"de"},{"@type":"Organization","@id":"https:\/\/irangashttour.com\/#organization","name":"GASHTTOUR TRAVEL & TOUR AGENCY","url":"https:\/\/irangashttour.com\/","logo":{"@type":"ImageObject","inLanguage":"de","@id":"https:\/\/irangashttour.com\/#\/schema\/logo\/image\/","url":"https:\/\/irangashttour.com\/wp-content\/uploads\/2020\/03\/irangashttour.jpg","contentUrl":"https:\/\/irangashttour.com\/wp-content\/uploads\/2020\/03\/irangashttour.jpg","width":230,"height":230,"caption":"GASHTTOUR TRAVEL & TOUR AGENCY"},"image":{"@id":"https:\/\/irangashttour.com\/#\/schema\/logo\/image\/"},"sameAs":["https:\/\/www.facebook.com\/gashttour.shiraz.5","https:\/\/twitter.com\/irangashttour","https:\/\/www.instagram.com\/irangashttour\/","https:\/\/www.linkedin.com\/in\/irangashttour\/"]}]}},"_links":{"self":[{"href":"https:\/\/irangashttour.com\/de\/wp-json\/wp\/v2\/pages\/9631"}],"collection":[{"href":"https:\/\/irangashttour.com\/de\/wp-json\/wp\/v2\/pages"}],"about":[{"href":"https:\/\/irangashttour.com\/de\/wp-json\/wp\/v2\/types\/page"}],"author":[{"embeddable":true,"href":"https:\/\/irangashttour.com\/de\/wp-json\/wp\/v2\/users\/1"}],"replies":[{"embeddable":true,"href":"https:\/\/irangashttour.com\/de\/wp-json\/wp\/v2\/comments?post=9631"}],"version-history":[{"count":2,"href":"https:\/\/irangashttour.com\/de\/wp-json\/wp\/v2\/pages\/9631\/revisions"}],"predecessor-version":[{"id":9634,"href":"https:\/\/irangashttour.com\/de\/wp-json\/wp\/v2\/pages\/9631\/revisions\/9634"}],"wp:attachment":[{"href":"https:\/\/irangashttour.com\/de\/wp-json\/wp\/v2\/media?parent=9631"}],"curies":[{"name":"wp","href":"https:\/\/api.w.org\/{rel}","templated":true}]}}