{"id":9661,"date":"2020-04-16T04:25:45","date_gmt":"2020-04-16T04:25:45","guid":{"rendered":"https:\/\/irangashttour.com\/qazvin\/"},"modified":"2020-04-16T04:30:50","modified_gmt":"2020-04-16T04:30:50","slug":"qasvin","status":"publish","type":"page","link":"https:\/\/irangashttour.com\/de\/qasvin\/","title":{"rendered":"QASVIN"},"content":{"rendered":"\n<style type=\"text\/css\" data-created_by=\"avia_inline_auto\" id=\"style-css-av-2jbk0g-3d5a4744f7a98144b95d76b5e5ac0551\">\n.flex_column.av-2jbk0g-3d5a4744f7a98144b95d76b5e5ac0551{\nborder-radius:0px 0px 0px 0px;\n-webkit-border-radius:0px 0px 0px 0px;\n-moz-border-radius:0px 0px 0px 0px;\n}\n<\/style>\n<div class='flex_column av-2jbk0g-3d5a4744f7a98144b95d76b5e5ac0551 av_one_full  avia-builder-el-0  avia-builder-el-no-sibling  first flex_column_div av-zero-column-padding '   ><section  class='av_textblock_section av-jukxpltz-f231e0621f485e47809918c33d0b7c6e'  itemscope=\"itemscope\" itemtype=\"https:\/\/schema.org\/CreativeWork\" ><div class='avia_textblock'  itemprop=\"text\" ><p style=\"text-align: justify;\">Die Stadt Qasvin ist die Hauptstadt der gleichnamigen Provinz. Es war die erste Residenz der Safawidendynastie im 16. Jh. und f\u00fcr eine kurze Zeit die Hauptstadt Irans. Der Safawidenk\u00f6nig Schah Tahmasb lie\u00df die Stadt als Residenz der Safawiden in den Jahren 1548 bis 1598 errichten. Jedoch war die Stadt schon in der vorislamischen Zeit der Sassaniden besiedelt. Qasvin gilt als Zentrum der Kalligraphie im Land.<\/p>\n<p style=\"text-align: justify;\"><strong>Die Jame Moschee von Qasvin<\/strong><br \/>\nDie Moschee ist eines der \u00e4ltesten und gr\u00f6\u00dften Moscheen Irans, das auf einem zoroastrischen Feuertempel aus der sassanidischen Herrschaftszeit errichtet wurde. Die Architektur der Moschee befolgt das Vier-Iwan-Schema und wurde auf Befehl des Kalifen von Baghdad Harun Al-Raschid errichtet.<\/p>\n<p style=\"text-align: justify;\"><strong>Die Alamut Festung (Assassinenfestung)<\/strong><br \/>\nDas Wort Alamut bedeutet \u201cAdlernest\u201d. Die Festung liegt auf knapp 2100 m H\u00f6he auf einem Berg. Sie wurde im 9. Jh. errichtet und beherbergte der Assassinen, deren Anf\u00fchrer Hassan Sabbah war..<\/p>\n<p style=\"text-align: justify;\"><strong>Der Schrein von Imamzadeh Hossein<\/strong><br \/>\nWie in vielen Orten Irans, findet sich auch in Qasvin ein Schrein eines der zahlreichen Kinder des 8. Schiitischen Imams. Der Schreib verf\u00fcgt \u00fcber 6 Minaratten und einer blauen Kuppel.<\/p>\n<p style=\"text-align: justify;\"><strong>Peighambariyeh\/ Prophetengr\u00e4ber<\/strong><br \/>\nDer Bau stammt aus der Zeit der Safawiden-Dynastie. Der Legende nach sollen vier Propheten des Alten Testaments mit den Namen Sauwli, Salam Alquia und Selum an dem Ort begraben liegen. Darum ist der Ort auch unter dem Namen \u201eVier Propheten\u201c bekannt. Diese vier Propheten sollen die Ankunft Jesus vorausgesagt haben.<\/p>\n<p style=\"text-align: justify;\"><strong>Vierzig-S\u00e4ulen Palast<\/strong><br \/>\nDer Vierzig-S\u00e4ulen Palast liegt mitten in einer Gartenanlage. Der Bau ist zweist\u00f6ckig und wurde auf Befehl des Safawidenk\u00f6nis Schah Tahmasb im 16. Jh. errichtet.<\/p>\n<p style=\"text-align: justify;\"><strong>Cantor Kirche (Orthodoxenkirche)<\/strong><br \/>\nDie russische Cantor Kirche wurde im Jahr 1905 errichtet. Die Kapelle der Kirche hat \u2013wie f\u00fcr Orthodoxenkirchen \u00fcblich- einen kreuzf\u00f6rmigen Grundriss. Der Altar zeigt nach Osten.<\/p>\n<\/div><\/section><\/div>\n","protected":false},"excerpt":{"rendered":"","protected":false},"author":1,"featured_media":0,"parent":0,"menu_order":0,"comment_status":"closed","ping_status":"closed","template":"","meta":{"ngg_post_thumbnail":0,"footnotes":""},"yoast_head":"<!-- This site is optimized with the Yoast SEO Premium plugin v22.0 (Yoast SEO v22.0) - https:\/\/yoast.com\/wordpress\/plugins\/seo\/ -->\n<title>QASVIN - Best Iran Tours &amp; Travel Packages 2026\/2027<\/title>\n<meta name=\"description\" content=\"Die Stadt Qasvin ist die Hauptstadt der gleichnamigen Provinz. Es war die erste Residenz der Safawidendynastie im 16. Jh. und f\u00fcr eine kurze Zeit die Hauptstadt Irans.\" \/>\n<meta name=\"robots\" content=\"index, follow, max-snippet:-1, max-image-preview:large, max-video-preview:-1\" \/>\n<link rel=\"canonical\" href=\"https:\/\/irangashttour.com\/qazvin\/\" \/>\n<meta property=\"og:locale\" content=\"de_DE\" \/>\n<meta property=\"og:type\" content=\"article\" \/>\n<meta property=\"og:title\" content=\"QASVIN\" \/>\n<meta property=\"og:description\" content=\"Die Stadt Qasvin ist die Hauptstadt der gleichnamigen Provinz. Es war die erste Residenz der Safawidendynastie im 16. Jh. und f\u00fcr eine kurze Zeit die Hauptstadt Irans.\" \/>\n<meta property=\"og:url\" content=\"https:\/\/irangashttour.com\/qazvin\/\" \/>\n<meta property=\"og:site_name\" content=\"Best Iran Tours &amp; Travel Packages 2026\/2027\" \/>\n<meta property=\"article:publisher\" content=\"https:\/\/www.facebook.com\/gashttour.shiraz.5\" \/>\n<meta property=\"article:modified_time\" content=\"2020-04-16T04:30:50+00:00\" \/>\n<meta name=\"twitter:card\" content=\"summary_large_image\" \/>\n<meta name=\"twitter:site\" content=\"@irangashttour\" \/>\n<meta name=\"twitter:label1\" content=\"Gesch\u00e4tzte Lesezeit\" \/>\n\t<meta name=\"twitter:data1\" content=\"2\u00a0Minuten\" \/>\n<script type=\"application\/ld+json\" class=\"yoast-schema-graph\">{\"@context\":\"https:\/\/schema.org\",\"@graph\":[{\"@type\":\"WebPage\",\"@id\":\"https:\/\/irangashttour.com\/qazvin\/\",\"url\":\"https:\/\/irangashttour.com\/qazvin\/\",\"name\":\"QASVIN - Best Iran Tours &amp; Travel Packages 2026\/2027\",\"isPartOf\":{\"@id\":\"https:\/\/irangashttour.com\/#website\"},\"datePublished\":\"2020-04-16T04:25:45+00:00\",\"dateModified\":\"2020-04-16T04:30:50+00:00\",\"description\":\"Die Stadt Qasvin ist die Hauptstadt der gleichnamigen Provinz. Es war die erste Residenz der Safawidendynastie im 16. Jh. und f\u00fcr eine kurze Zeit die Hauptstadt Irans.\",\"breadcrumb\":{\"@id\":\"https:\/\/irangashttour.com\/qazvin\/#breadcrumb\"},\"inLanguage\":\"de\",\"potentialAction\":[{\"@type\":\"ReadAction\",\"target\":[\"https:\/\/irangashttour.com\/qazvin\/\"]}]},{\"@type\":\"BreadcrumbList\",\"@id\":\"https:\/\/irangashttour.com\/qazvin\/#breadcrumb\",\"itemListElement\":[{\"@type\":\"ListItem\",\"position\":1,\"name\":\"Home\",\"item\":\"https:\/\/irangashttour.com\/de\/iran-reisen\/\"},{\"@type\":\"ListItem\",\"position\":2,\"name\":\"QASVIN\"}]},{\"@type\":\"WebSite\",\"@id\":\"https:\/\/irangashttour.com\/#website\",\"url\":\"https:\/\/irangashttour.com\/\",\"name\":\"Best Iran Tour Packages 2025\",\"description\":\"Discover Iran with Gashttour Travel Agency\",\"publisher\":{\"@id\":\"https:\/\/irangashttour.com\/#organization\"},\"potentialAction\":[{\"@type\":\"SearchAction\",\"target\":{\"@type\":\"EntryPoint\",\"urlTemplate\":\"https:\/\/irangashttour.com\/?s={search_term_string}\"},\"query-input\":\"required name=search_term_string\"}],\"inLanguage\":\"de\"},{\"@type\":\"Organization\",\"@id\":\"https:\/\/irangashttour.com\/#organization\",\"name\":\"GASHTTOUR TRAVEL & TOUR AGENCY\",\"url\":\"https:\/\/irangashttour.com\/\",\"logo\":{\"@type\":\"ImageObject\",\"inLanguage\":\"de\",\"@id\":\"https:\/\/irangashttour.com\/#\/schema\/logo\/image\/\",\"url\":\"https:\/\/irangashttour.com\/wp-content\/uploads\/2020\/03\/irangashttour.jpg\",\"contentUrl\":\"https:\/\/irangashttour.com\/wp-content\/uploads\/2020\/03\/irangashttour.jpg\",\"width\":230,\"height\":230,\"caption\":\"GASHTTOUR TRAVEL & TOUR AGENCY\"},\"image\":{\"@id\":\"https:\/\/irangashttour.com\/#\/schema\/logo\/image\/\"},\"sameAs\":[\"https:\/\/www.facebook.com\/gashttour.shiraz.5\",\"https:\/\/twitter.com\/irangashttour\",\"https:\/\/www.instagram.com\/irangashttour\/\",\"https:\/\/www.linkedin.com\/in\/irangashttour\/\"]}]}<\/script>\n<!-- \/ Yoast SEO Premium plugin. -->","yoast_head_json":{"title":"QASVIN - Best Iran Tours &amp; Travel Packages 2026\/2027","description":"Die Stadt Qasvin ist die Hauptstadt der gleichnamigen Provinz. Es war die erste Residenz der Safawidendynastie im 16. Jh. und f\u00fcr eine kurze Zeit die Hauptstadt Irans.","robots":{"index":"index","follow":"follow","max-snippet":"max-snippet:-1","max-image-preview":"max-image-preview:large","max-video-preview":"max-video-preview:-1"},"canonical":"https:\/\/irangashttour.com\/qazvin\/","og_locale":"de_DE","og_type":"article","og_title":"QASVIN","og_description":"Die Stadt Qasvin ist die Hauptstadt der gleichnamigen Provinz. Es war die erste Residenz der Safawidendynastie im 16. Jh. und f\u00fcr eine kurze Zeit die Hauptstadt Irans.","og_url":"https:\/\/irangashttour.com\/qazvin\/","og_site_name":"Best Iran Tours &amp; Travel Packages 2026\/2027","article_publisher":"https:\/\/www.facebook.com\/gashttour.shiraz.5","article_modified_time":"2020-04-16T04:30:50+00:00","twitter_card":"summary_large_image","twitter_site":"@irangashttour","twitter_misc":{"Gesch\u00e4tzte Lesezeit":"2\u00a0Minuten"},"schema":{"@context":"https:\/\/schema.org","@graph":[{"@type":"WebPage","@id":"https:\/\/irangashttour.com\/qazvin\/","url":"https:\/\/irangashttour.com\/qazvin\/","name":"QASVIN - Best Iran Tours &amp; Travel Packages 2026\/2027","isPartOf":{"@id":"https:\/\/irangashttour.com\/#website"},"datePublished":"2020-04-16T04:25:45+00:00","dateModified":"2020-04-16T04:30:50+00:00","description":"Die Stadt Qasvin ist die Hauptstadt der gleichnamigen Provinz. Es war die erste Residenz der Safawidendynastie im 16. Jh. und f\u00fcr eine kurze Zeit die Hauptstadt Irans.","breadcrumb":{"@id":"https:\/\/irangashttour.com\/qazvin\/#breadcrumb"},"inLanguage":"de","potentialAction":[{"@type":"ReadAction","target":["https:\/\/irangashttour.com\/qazvin\/"]}]},{"@type":"BreadcrumbList","@id":"https:\/\/irangashttour.com\/qazvin\/#breadcrumb","itemListElement":[{"@type":"ListItem","position":1,"name":"Home","item":"https:\/\/irangashttour.com\/de\/iran-reisen\/"},{"@type":"ListItem","position":2,"name":"QASVIN"}]},{"@type":"WebSite","@id":"https:\/\/irangashttour.com\/#website","url":"https:\/\/irangashttour.com\/","name":"Best Iran Tour Packages 2025","description":"Discover Iran with Gashttour Travel Agency","publisher":{"@id":"https:\/\/irangashttour.com\/#organization"},"potentialAction":[{"@type":"SearchAction","target":{"@type":"EntryPoint","urlTemplate":"https:\/\/irangashttour.com\/?s={search_term_string}"},"query-input":"required name=search_term_string"}],"inLanguage":"de"},{"@type":"Organization","@id":"https:\/\/irangashttour.com\/#organization","name":"GASHTTOUR TRAVEL & TOUR AGENCY","url":"https:\/\/irangashttour.com\/","logo":{"@type":"ImageObject","inLanguage":"de","@id":"https:\/\/irangashttour.com\/#\/schema\/logo\/image\/","url":"https:\/\/irangashttour.com\/wp-content\/uploads\/2020\/03\/irangashttour.jpg","contentUrl":"https:\/\/irangashttour.com\/wp-content\/uploads\/2020\/03\/irangashttour.jpg","width":230,"height":230,"caption":"GASHTTOUR TRAVEL & TOUR AGENCY"},"image":{"@id":"https:\/\/irangashttour.com\/#\/schema\/logo\/image\/"},"sameAs":["https:\/\/www.facebook.com\/gashttour.shiraz.5","https:\/\/twitter.com\/irangashttour","https:\/\/www.instagram.com\/irangashttour\/","https:\/\/www.linkedin.com\/in\/irangashttour\/"]}]}},"_links":{"self":[{"href":"https:\/\/irangashttour.com\/de\/wp-json\/wp\/v2\/pages\/9661"}],"collection":[{"href":"https:\/\/irangashttour.com\/de\/wp-json\/wp\/v2\/pages"}],"about":[{"href":"https:\/\/irangashttour.com\/de\/wp-json\/wp\/v2\/types\/page"}],"author":[{"embeddable":true,"href":"https:\/\/irangashttour.com\/de\/wp-json\/wp\/v2\/users\/1"}],"replies":[{"embeddable":true,"href":"https:\/\/irangashttour.com\/de\/wp-json\/wp\/v2\/comments?post=9661"}],"version-history":[{"count":3,"href":"https:\/\/irangashttour.com\/de\/wp-json\/wp\/v2\/pages\/9661\/revisions"}],"predecessor-version":[{"id":9664,"href":"https:\/\/irangashttour.com\/de\/wp-json\/wp\/v2\/pages\/9661\/revisions\/9664"}],"wp:attachment":[{"href":"https:\/\/irangashttour.com\/de\/wp-json\/wp\/v2\/media?parent=9661"}],"curies":[{"name":"wp","href":"https:\/\/api.w.org\/{rel}","templated":true}]}}