{"id":9672,"date":"2020-04-16T05:35:23","date_gmt":"2020-04-16T05:35:23","guid":{"rendered":"https:\/\/irangashttour.com\/kish\/"},"modified":"2020-04-18T19:31:45","modified_gmt":"2020-04-18T19:31:45","slug":"kisch","status":"publish","type":"page","link":"https:\/\/irangashttour.com\/de\/kisch\/","title":{"rendered":"KISCH"},"content":{"rendered":"\n<style type=\"text\/css\" data-created_by=\"avia_inline_auto\" id=\"style-css-av-2yiyt5-925198c9b847ff62a86193bee3559c76\">\n.flex_column.av-2yiyt5-925198c9b847ff62a86193bee3559c76{\nborder-radius:0px 0px 0px 0px;\n-webkit-border-radius:0px 0px 0px 0px;\n-moz-border-radius:0px 0px 0px 0px;\n}\n<\/style>\n<div class='flex_column av-2yiyt5-925198c9b847ff62a86193bee3559c76 av_one_full  avia-builder-el-0  avia-builder-el-no-sibling  first flex_column_div av-zero-column-padding '   ><section  class='av_textblock_section av-juky5xcw-d5947aba47948a65d9ecfc107c9f4b2d'  itemscope=\"itemscope\" itemtype=\"https:\/\/schema.org\/CreativeWork\" ><div class='avia_textblock'  itemprop=\"text\" ><p style=\"text-align: justify;\">Die Insel Kisch liegt im Persischen Golf. F\u00fcr die Einheimischen ist es eine Art Luxusinsel mit gro\u00dfen Einkaufszentren, aber die Insel hat mehr zu bieten.<\/p>\n<p style=\"text-align: justify;\"><strong>Der Wasserspeicher von Kisch<\/strong><br \/>\nUm das Trinkwasser zu speichern, wurden fr\u00fcher Wasserspeicher auf der Insel gebaut. Um das Oberfl\u00e4chenwasser zu sammlen, wurde 1993 an Stell der alten Wasserspeicher in der Stadt Harire ein Doppelwasserspreicher mit f\u00fcnf traditionellen Windkraftanlagen im Stil von Yazd installiert.<\/p>\n<p style=\"text-align: justify;\"><strong>Freizeitzentrum von Kisch<\/strong><br \/>\nDer Freizeitpark bzw. Freizeizentrum von Kisch bietet Radwege, Glasbodenboote, Beachvolleyball, Freizeitfischen, Jetski, Reiten und Wassersport sowie Tauchen an.<\/p>\n<p style=\"text-align: justify;\"><strong>Der Ahuan Tiergarten<\/strong><br \/>\nDer zwei Hektar gro\u00dfe Ahuan Tiergarten befindet sich am Ende der Ferdowsi Stra\u00dfe. In dem Tiergarten befinden sich Hirsche, F\u00fcchse und verschiedene Vogelarten.<\/p>\n<p style=\"text-align: justify;\"><strong>Griechischer Schiffswrack<\/strong><br \/>\nAn der S\u00fcdwestk\u00fcste der Insel liegt der Wrack eines im Jahr 1966 gestrandeter griechischer Frachtdampfer.<\/p>\n<p style=\"text-align: justify;\"><strong>Delphinarium<\/strong><br \/>\nDie Insel Kisch hat das erste Delphinarium des Landes. Der Park ist 100 ha gro\u00df und liegt im osten der Insel. Es beherbergt verschiedene seltene Vogelarten.<\/p>\n<p style=\"text-align: justify;\"><strong>Harireh, der historische Stadtteil von Kisch<\/strong><br \/>\nDie Ruinen der fr\u00fchislamischen Hafenstadt Harireh, ist eine der Attraktionen der Insel. Vor rund 800 Jahren war es ein wichtiger Hafen f\u00fct den Handel mit China und Indien.<\/p>\n<p style=\"text-align: justify;\"><strong>Die unterirdischen Wasserkan\u00e4le (Kariz)<\/strong><br \/>\nIm Nordwesten der Insel liegen die unterirdischen Wasserkan\u00e4le von Kisch (Kariz), die zu den Hauptattraktionen der Insel geh\u00f6ren.<\/p>\n<p style=\"text-align: justify;\"><strong>Die Korralenriffe (Kolbeh-e Hur)<\/strong><br \/>\nAn der westlichen K\u00fcste der Insel liegt der Hur Kap. Das Wasser ist in diesem Bereich sehr klar und eignet sich zum Schnorcheln. Die Korallenriffe sind gesch\u00fctzt.<\/p>\n<p style=\"text-align: justify;\"><strong>Der gro\u00dfe Freizeitort Grand Pier Kisch (Steganlage)<\/strong><br \/>\nEin schooner und ruhiger Erholungsort ist der Freizeitort Grand Pier. Es verf\u00fcgt \u00fcber eine nachhaltig, durch iranische Architekten errichtete holzernen Steganlage. Das Areal ist 10.000 qm gro\u00df. Das Wasser ist derma\u00dfen klar und trasparent, dass der Besucher die Lebewesen direkt im Wasser vom Steg aus beobaten kann.<\/p>\n<p style=\"text-align: justify;\"><strong>Die Feigenb\u00e4ume der Insel Kisch<\/strong><br \/>\nDie Pappelfeigenb\u00e4ume (Heiliger Feigenbaum) der Insel Kisch sind 500 bis 600 Jahre alt und von pr\u00e4chtiger Gestalt. Die B\u00e4ume befinden sich an verschiedenen Standorten auf der Insel. Der bekannteste Baum ist der Loor-Baum (Heiliger Feigenbaum).<\/p>\n<\/div><\/section><\/div>\n","protected":false},"excerpt":{"rendered":"","protected":false},"author":1,"featured_media":0,"parent":0,"menu_order":0,"comment_status":"closed","ping_status":"closed","template":"","meta":{"ngg_post_thumbnail":0,"footnotes":""},"yoast_head":"<!-- This site is optimized with the Yoast SEO Premium plugin v22.0 (Yoast SEO v22.0) - https:\/\/yoast.com\/wordpress\/plugins\/seo\/ -->\n<title>KISCH - Best Iran Tours &amp; Travel Packages 2026\/2027<\/title>\n<meta name=\"description\" content=\"Die Insel Kisch liegt im Persischen Golf. F\u00fcr die Einheimischen ist es eine Art Luxusinsel mit gro\u00dfen Einkaufszentren, aber die Insel hat mehr zu bieten.\" \/>\n<meta name=\"robots\" content=\"index, follow, max-snippet:-1, max-image-preview:large, max-video-preview:-1\" \/>\n<link rel=\"canonical\" href=\"https:\/\/irangashttour.com\/kish\/\" \/>\n<meta property=\"og:locale\" content=\"de_DE\" \/>\n<meta property=\"og:type\" content=\"article\" \/>\n<meta property=\"og:title\" content=\"KISCH\" \/>\n<meta property=\"og:description\" content=\"Die Insel Kisch liegt im Persischen Golf. F\u00fcr die Einheimischen ist es eine Art Luxusinsel mit gro\u00dfen Einkaufszentren, aber die Insel hat mehr zu bieten.\" \/>\n<meta property=\"og:url\" content=\"https:\/\/irangashttour.com\/kish\/\" \/>\n<meta property=\"og:site_name\" content=\"Best Iran Tours &amp; Travel Packages 2026\/2027\" \/>\n<meta property=\"article:publisher\" content=\"https:\/\/www.facebook.com\/gashttour.shiraz.5\" \/>\n<meta property=\"article:modified_time\" content=\"2020-04-18T19:31:45+00:00\" \/>\n<meta name=\"twitter:card\" content=\"summary_large_image\" \/>\n<meta name=\"twitter:site\" content=\"@irangashttour\" \/>\n<meta name=\"twitter:label1\" content=\"Gesch\u00e4tzte Lesezeit\" \/>\n\t<meta name=\"twitter:data1\" content=\"2\u00a0Minuten\" \/>\n<script type=\"application\/ld+json\" class=\"yoast-schema-graph\">{\"@context\":\"https:\/\/schema.org\",\"@graph\":[{\"@type\":\"WebPage\",\"@id\":\"https:\/\/irangashttour.com\/kish\/\",\"url\":\"https:\/\/irangashttour.com\/kish\/\",\"name\":\"KISCH - Best Iran Tours &amp; Travel Packages 2026\/2027\",\"isPartOf\":{\"@id\":\"https:\/\/irangashttour.com\/#website\"},\"datePublished\":\"2020-04-16T05:35:23+00:00\",\"dateModified\":\"2020-04-18T19:31:45+00:00\",\"description\":\"Die Insel Kisch liegt im Persischen Golf. F\u00fcr die Einheimischen ist es eine Art Luxusinsel mit gro\u00dfen Einkaufszentren, aber die Insel hat mehr zu bieten.\",\"breadcrumb\":{\"@id\":\"https:\/\/irangashttour.com\/kish\/#breadcrumb\"},\"inLanguage\":\"de\",\"potentialAction\":[{\"@type\":\"ReadAction\",\"target\":[\"https:\/\/irangashttour.com\/kish\/\"]}]},{\"@type\":\"BreadcrumbList\",\"@id\":\"https:\/\/irangashttour.com\/kish\/#breadcrumb\",\"itemListElement\":[{\"@type\":\"ListItem\",\"position\":1,\"name\":\"Home\",\"item\":\"https:\/\/irangashttour.com\/de\/iran-reisen\/\"},{\"@type\":\"ListItem\",\"position\":2,\"name\":\"KISCH\"}]},{\"@type\":\"WebSite\",\"@id\":\"https:\/\/irangashttour.com\/#website\",\"url\":\"https:\/\/irangashttour.com\/\",\"name\":\"Best Iran Tour Packages 2025\",\"description\":\"Discover Iran with Gashttour Travel Agency\",\"publisher\":{\"@id\":\"https:\/\/irangashttour.com\/#organization\"},\"potentialAction\":[{\"@type\":\"SearchAction\",\"target\":{\"@type\":\"EntryPoint\",\"urlTemplate\":\"https:\/\/irangashttour.com\/?s={search_term_string}\"},\"query-input\":\"required name=search_term_string\"}],\"inLanguage\":\"de\"},{\"@type\":\"Organization\",\"@id\":\"https:\/\/irangashttour.com\/#organization\",\"name\":\"GASHTTOUR TRAVEL & TOUR AGENCY\",\"url\":\"https:\/\/irangashttour.com\/\",\"logo\":{\"@type\":\"ImageObject\",\"inLanguage\":\"de\",\"@id\":\"https:\/\/irangashttour.com\/#\/schema\/logo\/image\/\",\"url\":\"https:\/\/irangashttour.com\/wp-content\/uploads\/2020\/03\/irangashttour.jpg\",\"contentUrl\":\"https:\/\/irangashttour.com\/wp-content\/uploads\/2020\/03\/irangashttour.jpg\",\"width\":230,\"height\":230,\"caption\":\"GASHTTOUR TRAVEL & TOUR AGENCY\"},\"image\":{\"@id\":\"https:\/\/irangashttour.com\/#\/schema\/logo\/image\/\"},\"sameAs\":[\"https:\/\/www.facebook.com\/gashttour.shiraz.5\",\"https:\/\/twitter.com\/irangashttour\",\"https:\/\/www.instagram.com\/irangashttour\/\",\"https:\/\/www.linkedin.com\/in\/irangashttour\/\"]}]}<\/script>\n<!-- \/ Yoast SEO Premium plugin. -->","yoast_head_json":{"title":"KISCH - Best Iran Tours &amp; Travel Packages 2026\/2027","description":"Die Insel Kisch liegt im Persischen Golf. F\u00fcr die Einheimischen ist es eine Art Luxusinsel mit gro\u00dfen Einkaufszentren, aber die Insel hat mehr zu bieten.","robots":{"index":"index","follow":"follow","max-snippet":"max-snippet:-1","max-image-preview":"max-image-preview:large","max-video-preview":"max-video-preview:-1"},"canonical":"https:\/\/irangashttour.com\/kish\/","og_locale":"de_DE","og_type":"article","og_title":"KISCH","og_description":"Die Insel Kisch liegt im Persischen Golf. F\u00fcr die Einheimischen ist es eine Art Luxusinsel mit gro\u00dfen Einkaufszentren, aber die Insel hat mehr zu bieten.","og_url":"https:\/\/irangashttour.com\/kish\/","og_site_name":"Best Iran Tours &amp; Travel Packages 2026\/2027","article_publisher":"https:\/\/www.facebook.com\/gashttour.shiraz.5","article_modified_time":"2020-04-18T19:31:45+00:00","twitter_card":"summary_large_image","twitter_site":"@irangashttour","twitter_misc":{"Gesch\u00e4tzte Lesezeit":"2\u00a0Minuten"},"schema":{"@context":"https:\/\/schema.org","@graph":[{"@type":"WebPage","@id":"https:\/\/irangashttour.com\/kish\/","url":"https:\/\/irangashttour.com\/kish\/","name":"KISCH - Best Iran Tours &amp; Travel Packages 2026\/2027","isPartOf":{"@id":"https:\/\/irangashttour.com\/#website"},"datePublished":"2020-04-16T05:35:23+00:00","dateModified":"2020-04-18T19:31:45+00:00","description":"Die Insel Kisch liegt im Persischen Golf. F\u00fcr die Einheimischen ist es eine Art Luxusinsel mit gro\u00dfen Einkaufszentren, aber die Insel hat mehr zu bieten.","breadcrumb":{"@id":"https:\/\/irangashttour.com\/kish\/#breadcrumb"},"inLanguage":"de","potentialAction":[{"@type":"ReadAction","target":["https:\/\/irangashttour.com\/kish\/"]}]},{"@type":"BreadcrumbList","@id":"https:\/\/irangashttour.com\/kish\/#breadcrumb","itemListElement":[{"@type":"ListItem","position":1,"name":"Home","item":"https:\/\/irangashttour.com\/de\/iran-reisen\/"},{"@type":"ListItem","position":2,"name":"KISCH"}]},{"@type":"WebSite","@id":"https:\/\/irangashttour.com\/#website","url":"https:\/\/irangashttour.com\/","name":"Best Iran Tour Packages 2025","description":"Discover Iran with Gashttour Travel Agency","publisher":{"@id":"https:\/\/irangashttour.com\/#organization"},"potentialAction":[{"@type":"SearchAction","target":{"@type":"EntryPoint","urlTemplate":"https:\/\/irangashttour.com\/?s={search_term_string}"},"query-input":"required name=search_term_string"}],"inLanguage":"de"},{"@type":"Organization","@id":"https:\/\/irangashttour.com\/#organization","name":"GASHTTOUR TRAVEL & TOUR AGENCY","url":"https:\/\/irangashttour.com\/","logo":{"@type":"ImageObject","inLanguage":"de","@id":"https:\/\/irangashttour.com\/#\/schema\/logo\/image\/","url":"https:\/\/irangashttour.com\/wp-content\/uploads\/2020\/03\/irangashttour.jpg","contentUrl":"https:\/\/irangashttour.com\/wp-content\/uploads\/2020\/03\/irangashttour.jpg","width":230,"height":230,"caption":"GASHTTOUR TRAVEL & TOUR AGENCY"},"image":{"@id":"https:\/\/irangashttour.com\/#\/schema\/logo\/image\/"},"sameAs":["https:\/\/www.facebook.com\/gashttour.shiraz.5","https:\/\/twitter.com\/irangashttour","https:\/\/www.instagram.com\/irangashttour\/","https:\/\/www.linkedin.com\/in\/irangashttour\/"]}]}},"_links":{"self":[{"href":"https:\/\/irangashttour.com\/de\/wp-json\/wp\/v2\/pages\/9672"}],"collection":[{"href":"https:\/\/irangashttour.com\/de\/wp-json\/wp\/v2\/pages"}],"about":[{"href":"https:\/\/irangashttour.com\/de\/wp-json\/wp\/v2\/types\/page"}],"author":[{"embeddable":true,"href":"https:\/\/irangashttour.com\/de\/wp-json\/wp\/v2\/users\/1"}],"replies":[{"embeddable":true,"href":"https:\/\/irangashttour.com\/de\/wp-json\/wp\/v2\/comments?post=9672"}],"version-history":[{"count":3,"href":"https:\/\/irangashttour.com\/de\/wp-json\/wp\/v2\/pages\/9672\/revisions"}],"predecessor-version":[{"id":9698,"href":"https:\/\/irangashttour.com\/de\/wp-json\/wp\/v2\/pages\/9672\/revisions\/9698"}],"wp:attachment":[{"href":"https:\/\/irangashttour.com\/de\/wp-json\/wp\/v2\/media?parent=9672"}],"curies":[{"name":"wp","href":"https:\/\/api.w.org\/{rel}","templated":true}]}}